{"id":22255,"date":"2017-07-06T14:24:15","date_gmt":"2017-07-06T12:24:15","guid":{"rendered":"http:\/\/lesaffre-algerie.com\/nos-levures\/"},"modified":"2022-11-09T10:51:00","modified_gmt":"2022-11-09T09:51:00","slug":"%d8%ae%d9%85%d8%a7%d8%a6%d8%b1%d9%86%d8%a7","status":"publish","type":"page","link":"https:\/\/lesaffre-algerie.com\/ar\/%d9%85%d9%86%d8%aa%d9%88%d8%ac%d8%a7%d8%aa%d9%86%d8%a7\/%d8%ae%d9%85%d8%a7%d8%a6%d8%b1%d9%86%d8%a7\/","title":{"rendered":"\u062e\u0645\u0627\u0626\u0631\u0646\u0627"},"content":{"rendered":"<div class=\"wpb-content-wrapper\"><p>[vc_row row_type=&#8221;parallax&#8221; parallax_content_width=&#8221;in_grid&#8221; text_align=&#8221;left&#8221; background_image=&#8221;20757&#8243; full_screen_section_height=&#8221;no&#8221; css=&#8221;.vc_custom_1498653042172{padding-top: 0px !important;padding-bottom: 0px !important;}&#8221;][vc_column][vc_separator type=&#8221;transparent&#8221; up=&#8221;200&#8243; down=&#8221;200&#8243;][\/vc_column][\/vc_row][vc_row css_animation=&#8221;&#8221; row_type=&#8221;row&#8221; use_row_as_full_screen_section=&#8221;yes&#8221; type=&#8221;grid&#8221; angled_section=&#8221;no&#8221; text_align=&#8221;left&#8221; background_image_as_pattern=&#8221;without_pattern&#8221; css=&#8221;.vc_custom_1498739643080{background-color: #ffffff !important;}&#8221; el_class=&#8221;paddingOn&#8221;][vc_column width=&#8221;2\/3&#8243;][vc_column_text]<\/p>\n<h2 style=\"text-align: right;\">\u0642\u064a\u0645\u0629 \u0645\u0636\u0627\u0641\u0629 \u0644\u062e\u0628\u0632\u0643\u0645<\/h2>\n<p>[\/vc_column_text][vc_separator type=&#8221;transparent&#8221; up=&#8221;20&#8243;][vc_column_text]<\/p>\n<p style=\"text-align: right;\">\u062a\u0642\u062f\u0651\u0645 \u0634\u0631\u0643\u0629 Lesaffre \u0627\u0644\u062c\u0632\u0627\u0626\u0631 \u0645\u062c\u0645\u0648\u0639\u0629 \u0643\u0627\u0645\u0644\u0629 \u0645\u0646 \u0627\u0644\u062d\u0644\u0648\u0644 \u0644\u062e\u0628\u0631\u0627\u0621 \u0635\u0646\u0627\u0639\u0629 \u0627\u0644\u062e\u0628\u0632 \u0648 \u0627\u0644\u0645\u064f\u0635\u0646\u0650\u0651\u0639\u064a\u0646. \u0637\u0627\u0632\u062c\u0629 \u0623\u0648 \u0633\u0627\u0626\u0644\u0629\u060c \u062e\u0645\u0627\u0626\u0631\u0646\u0627 \u062b\u0645\u0631\u0629 \u062e\u0628\u0631\u062a\u0646\u0627 \u0627\u0644\u0635\u0646\u0627\u0639\u064a\u0629\u060c \u0627\u0644\u062a\u0642\u0646\u064a\u0629 \u0648\u0627\u0644\u0639\u0644\u0645\u064a\u0629 \u0627\u0644\u063a\u0646\u064a\u0629 \u0628\u0641\u0636\u0644 \u062a\u0628\u0627\u062f\u0644 \u0627\u0644\u0645\u0639\u0631\u0641\u0629 \u0645\u0646 \u062e\u0628\u0627\u0632 \u0625\u0644\u0649 \u062e\u0628\u0627\u0632.<\/p>\n<ul>\n<li style=\"text-align: right;\">Saf-instant<\/li>\n<li style=\"text-align: right;\">Nevada<\/li>\n<li style=\"text-align: right;\">Victoria<\/li>\n<\/ul>\n<p>[\/vc_column_text][\/vc_column][vc_column width=&#8221;1\/3&#8243;][vc_separator type=&#8221;normal&#8221; color=&#8221;#ffffff&#8221;][qode_circles columns=&#8221;three_columns&#8221; circle_line=&#8221;no_line&#8221;][qode_circle type=&#8221;image_type&#8221; image=&#8221;24420&#8243;][\/qode_circles][\/vc_column][\/vc_row][vc_row css_animation=&#8221;&#8221; row_type=&#8221;row&#8221; use_row_as_full_screen_section=&#8221;yes&#8221; type=&#8221;grid&#8221; angled_section=&#8221;no&#8221; text_align=&#8221;left&#8221; background_image_as_pattern=&#8221;without_pattern&#8221; el_class=&#8221;paddingOn&#8221; css=&#8221;.vc_custom_1498739755499{background-color: #00a9af !important;}&#8221;][vc_column][vc_column_text]<\/p>\n<h2 style=\"color: #ffffff; text-align: center;\">\u0627\u0643\u062a\u0634\u0641\u0648\u0627 \u062e\u0645\u0627\u0626\u0631\u0646\u0627 \u0644\u0644\u062e\u0628\u0627\u0632\u064a\u0646 \u0627\u0644\u062d\u0631\u0641\u064a\u064a\u0646<\/h2>\n<p>[\/vc_column_text][\/vc_column][\/vc_row][vc_row css_animation=&#8221;&#8221; row_type=&#8221;row&#8221; use_row_as_full_screen_section=&#8221;no&#8221; type=&#8221;grid&#8221; anchor=&#8221;hirondelle&#8221; angled_section=&#8221;no&#8221; text_align=&#8221;left&#8221; background_image_as_pattern=&#8221;without_pattern&#8221; background_color=&#8221;#f6f6f6&#8243; css=&#8221;.vc_custom_1556780810637{padding-top: 70px !important;padding-bottom: 70px !important;background-color: #ffffff !important;}&#8221; z_index=&#8221;&#8221;][vc_column width=&#8221;1\/3&#8243;][vc_single_image image=&#8221;23254&#8243; img_size=&#8221;full&#8221; alignment=&#8221;center&#8221; onclick=&#8221;custom_link&#8221; qode_css_animation=&#8221;&#8221; qode_hover_animation=&#8221;zoom_in&#8221; link=&#8221;\/ar\/\u0645\u0646\u062a\u0648\u062c\u0627\u062a\u0646\u0627\/\u062e\u0645\u0627\u0626\u0631\u0646\u0627\/saf-instant\/&#8221;][\/vc_column][vc_column width=&#8221;1\/3&#8243;][vc_single_image image=&#8221;23563&#8243; img_size=&#8221;full&#8221; alignment=&#8221;center&#8221; onclick=&#8221;custom_link&#8221; qode_css_animation=&#8221;&#8221; qode_hover_animation=&#8221;zoom_in&#8221; link=&#8221;\/ar\/\u0645\u0646\u062a\u0648\u062c\u0627\u062a\u0646\u0627\/\u062e\u0645\u0627\u0626\u0631\u0646\u0627\/nevada\/&#8221;][\/vc_column][vc_column width=&#8221;1\/3&#8243;][vc_single_image image=&#8221;21883&#8243; img_size=&#8221;full&#8221; alignment=&#8221;center&#8221; onclick=&#8221;custom_link&#8221; qode_css_animation=&#8221;&#8221; qode_hover_animation=&#8221;zoom_in&#8221; link=&#8221;\/ar\/\u0645\u0646\u062a\u0648\u062c\u0627\u062a\u0646\u0627\/\u062e\u0645\u0627\u0626\u0631\u0646\u0627\/victoria\/&#8221;][\/vc_column][\/vc_row][vc_row row_type=&#8221;parallax&#8221; parallax_content_width=&#8221;in_grid&#8221; text_align=&#8221;left&#8221; background_image=&#8221;20772&#8243; full_screen_section_height=&#8221;no&#8221; css=&#8221;.vc_custom_1498658947816{padding-top: 0px !important;padding-bottom: 0px !important;}&#8221;][vc_column][vc_separator type=&#8221;transparent&#8221; up=&#8221;150&#8243; down=&#8221;150&#8243;][\/vc_column][\/vc_row]<\/p>\n<\/div>","protected":false},"excerpt":{"rendered":"<p>[vc_row row_type=&#8221;parallax&#8221; parallax_content_width=&#8221;in_grid&#8221; text_align=&#8221;left&#8221; background_image=&#8221;20757&#8243; full_screen_section_height=&#8221;no&#8221; css=&#8221;.vc_custom_1498653042172{padding-top: 0px !important;padding-bottom: 0px !important;}&#8221;][vc_column][vc_separator type=&#8221;transparent&#8221; up=&#8221;200&#8243; down=&#8221;200&#8243;][\/vc_column][\/vc_row][vc_row css_animation=&#8221;&#8221; row_type=&#8221;row&#8221; use_row_as_full_screen_section=&#8221;yes&#8221; type=&#8221;grid&#8221; angled_section=&#8221;no&#8221; text_align=&#8221;left&#8221; background_image_as_pattern=&#8221;without_pattern&#8221; css=&#8221;.vc_custom_1498739643080{background-color: #ffffff !important;}&#8221; el_class=&#8221;paddingOn&#8221;][vc_column width=&#8221;2\/3&#8243;][vc_column_text] \u0642\u064a\u0645\u0629 \u0645\u0636\u0627\u0641\u0629 \u0644\u062e\u0628\u0632\u0643\u0645 [\/vc_column_text][vc_separator type=&#8221;transparent&#8221; up=&#8221;20&#8243;][vc_column_text] \u062a\u0642\u062f\u0651\u0645 \u0634\u0631\u0643\u0629 Lesaffre \u0627\u0644\u062c\u0632\u0627\u0626\u0631 \u0645\u062c\u0645\u0648\u0639\u0629 \u0643\u0627\u0645\u0644\u0629 \u0645\u0646 \u0627\u0644\u062d\u0644\u0648\u0644 \u0644\u062e\u0628\u0631\u0627\u0621 \u0635\u0646\u0627\u0639\u0629 \u0627\u0644\u062e\u0628\u0632 \u0648 \u0627\u0644\u0645\u064f\u0635\u0646\u0650\u0651\u0639\u064a\u0646&#8230;.<\/p>\n","protected":false},"author":1,"featured_media":0,"parent":22761,"menu_order":0,"comment_status":"open","ping_status":"closed","template":"full_width.php","meta":{"footnotes":""},"class_list":["post-22255","page","type-page","status-publish","hentry"],"yoast_head":"<!-- This site is optimized with the Yoast SEO Premium plugin v22.3 (Yoast SEO v27.4) - https:\/\/yoast.com\/product\/yoast-seo-premium-wordpress\/ -->\n<title>\u062e\u0645\u0627\u0626\u0631\u0646\u0627 - Lesaffre \u0641\u064a \u0627\u0644\u062c\u0632\u0627\u0626\u0631<\/title>\n<meta name=\"description\" content=\"\u062a\u0642\u062f\u0651\u0645 \u0634\u0631\u0643\u0629 Lesaffre \u0627\u0644\u062c\u0632\u0627\u0626\u0631 \u0645\u062c\u0645\u0648\u0639\u0629 \u0643\u0627\u0645\u0644\u0629 \u0645\u0646 \u0627\u0644\u062d\u0644\u0648\u0644 \u0644\u062e\u0628\u0631\u0627\u0621 \u0635\u0646\u0627\u0639\u0629 \u0627\u0644\u062e\u0628\u0632 \u0648 \u0627\u0644\u0645\u064f\u0635\u0646\u0650\u0651\u0639\u064a\u0646. \u0637\u0627\u0632\u062c\u0629 \u0623\u0648 \u0633\u0627\u0626\u0644\u0629\u060c \u062e\u0645\u0627\u0626\u0631\u0646\u0627 \u062b\u0645\u0631\u0629 \u062e\u0628\u0631\u062a\u0646\u0627 \u0627\u0644\u0635\u0646\u0627\u0639\u064a\u0629\u060c \u0627\u0644\u062a\u0642\u0646\u064a\u0629 \u0648\u0627\u0644\u0639\u0644\u0645\u064a\u0629 \u0627\u0644\u063a\u0646\u064a\u0629 \u0628\u0641\u0636\u0644 \u062a\u0628\u0627\u062f\u0644 \u0627\u0644\u0645\u0639\u0631\u0641\u0629 \u0645\u0646 \u062e\u0628\u0627\u0632 \u0625\u0644\u0649 \u062e\u0628\u0627\u0632.\" \/>\n<meta name=\"robots\" content=\"index, follow, max-snippet:-1, max-image-preview:large, max-video-preview:-1\" \/>\n<link rel=\"canonical\" href=\"https:\/\/lesaffre-algerie.com\/fr\/nos-solutions\/nos-levures\/\" \/>\n<meta property=\"og:locale\" content=\"ar_AR\" \/>\n<meta property=\"og:type\" content=\"article\" \/>\n<meta property=\"og:title\" content=\"\u062e\u0645\u0627\u0626\u0631\u0646\u0627\" \/>\n<meta property=\"og:description\" content=\"\u062a\u0642\u062f\u0651\u0645 \u0634\u0631\u0643\u0629 Lesaffre \u0627\u0644\u062c\u0632\u0627\u0626\u0631 \u0645\u062c\u0645\u0648\u0639\u0629 \u0643\u0627\u0645\u0644\u0629 \u0645\u0646 \u0627\u0644\u062d\u0644\u0648\u0644 \u0644\u062e\u0628\u0631\u0627\u0621 \u0635\u0646\u0627\u0639\u0629 \u0627\u0644\u062e\u0628\u0632 \u0648 \u0627\u0644\u0645\u064f\u0635\u0646\u0650\u0651\u0639\u064a\u0646. \u0637\u0627\u0632\u062c\u0629 \u0623\u0648 \u0633\u0627\u0626\u0644\u0629\u060c \u062e\u0645\u0627\u0626\u0631\u0646\u0627 \u062b\u0645\u0631\u0629 \u062e\u0628\u0631\u062a\u0646\u0627 \u0627\u0644\u0635\u0646\u0627\u0639\u064a\u0629\u060c \u0627\u0644\u062a\u0642\u0646\u064a\u0629 \u0648\u0627\u0644\u0639\u0644\u0645\u064a\u0629 \u0627\u0644\u063a\u0646\u064a\u0629 \u0628\u0641\u0636\u0644 \u062a\u0628\u0627\u062f\u0644 \u0627\u0644\u0645\u0639\u0631\u0641\u0629 \u0645\u0646 \u062e\u0628\u0627\u0632 \u0625\u0644\u0649 \u062e\u0628\u0627\u0632.\" \/>\n<meta property=\"og:url\" content=\"https:\/\/lesaffre-algerie.com\/fr\/nos-solutions\/nos-levures\/\" \/>\n<meta property=\"og:site_name\" content=\"LESAFFRE Alg\u00e9rie\" \/>\n<meta property=\"article:modified_time\" content=\"2022-11-09T09:51:00+00:00\" \/>\n<meta name=\"twitter:card\" content=\"summary_large_image\" \/>\n<meta name=\"twitter:label1\" content=\"\u0648\u0642\u062a \u0627\u0644\u0642\u0631\u0627\u0621\u0629 \u0627\u0644\u0645\u064f\u0642\u062f\u0651\u0631\" \/>\n\t<meta name=\"twitter:data1\" content=\"\u062f\u0642\u064a\u0642\u062a\u0627\u0646\" \/>\n<script type=\"application\/ld+json\" class=\"yoast-schema-graph\">{\"@context\":\"https:\\\/\\\/schema.org\",\"@graph\":[{\"@type\":\"WebPage\",\"@id\":\"https:\\\/\\\/lesaffre-algerie.com\\\/fr\\\/nos-solutions\\\/nos-levures\\\/\",\"url\":\"https:\\\/\\\/lesaffre-algerie.com\\\/fr\\\/nos-solutions\\\/nos-levures\\\/\",\"name\":\"\u062e\u0645\u0627\u0626\u0631\u0646\u0627 - Lesaffre \u0641\u064a \u0627\u0644\u062c\u0632\u0627\u0626\u0631\",\"isPartOf\":{\"@id\":\"https:\\\/\\\/lesaffre-algerie.com\\\/fr\\\/#website\"},\"datePublished\":\"2017-07-06T12:24:15+00:00\",\"dateModified\":\"2022-11-09T09:51:00+00:00\",\"description\":\"\u062a\u0642\u062f\u0651\u0645 \u0634\u0631\u0643\u0629 Lesaffre \u0627\u0644\u062c\u0632\u0627\u0626\u0631 \u0645\u062c\u0645\u0648\u0639\u0629 \u0643\u0627\u0645\u0644\u0629 \u0645\u0646 \u0627\u0644\u062d\u0644\u0648\u0644 \u0644\u062e\u0628\u0631\u0627\u0621 \u0635\u0646\u0627\u0639\u0629 \u0627\u0644\u062e\u0628\u0632 \u0648 \u0627\u0644\u0645\u064f\u0635\u0646\u0650\u0651\u0639\u064a\u0646. \u0637\u0627\u0632\u062c\u0629 \u0623\u0648 \u0633\u0627\u0626\u0644\u0629\u060c \u062e\u0645\u0627\u0626\u0631\u0646\u0627 \u062b\u0645\u0631\u0629 \u062e\u0628\u0631\u062a\u0646\u0627 \u0627\u0644\u0635\u0646\u0627\u0639\u064a\u0629\u060c \u0627\u0644\u062a\u0642\u0646\u064a\u0629 \u0648\u0627\u0644\u0639\u0644\u0645\u064a\u0629 \u0627\u0644\u063a\u0646\u064a\u0629 \u0628\u0641\u0636\u0644 \u062a\u0628\u0627\u062f\u0644 \u0627\u0644\u0645\u0639\u0631\u0641\u0629 \u0645\u0646 \u062e\u0628\u0627\u0632 \u0625\u0644\u0649 \u062e\u0628\u0627\u0632.\",\"breadcrumb\":{\"@id\":\"https:\\\/\\\/lesaffre-algerie.com\\\/fr\\\/nos-solutions\\\/nos-levures\\\/#breadcrumb\"},\"inLanguage\":\"ar\",\"potentialAction\":[{\"@type\":\"ReadAction\",\"target\":[\"https:\\\/\\\/lesaffre-algerie.com\\\/fr\\\/nos-solutions\\\/nos-levures\\\/\"]}]},{\"@type\":\"BreadcrumbList\",\"@id\":\"https:\\\/\\\/lesaffre-algerie.com\\\/fr\\\/nos-solutions\\\/nos-levures\\\/#breadcrumb\",\"itemListElement\":[{\"@type\":\"ListItem\",\"position\":1,\"name\":\"Accueil\",\"item\":\"https:\\\/\\\/lesaffre-algerie.com\\\/ar\\\/\"},{\"@type\":\"ListItem\",\"position\":2,\"name\":\"\u0645\u0646\u062a\u0648\u062c\u0627\u062a\u0646\u0627\",\"item\":\"https:\\\/\\\/lesaffre-algerie.com\\\/ar\\\/%d9%85%d9%86%d8%aa%d9%88%d8%ac%d8%a7%d8%aa%d9%86%d8%a7\\\/\"},{\"@type\":\"ListItem\",\"position\":3,\"name\":\"\u062e\u0645\u0627\u0626\u0631\u0646\u0627\"}]},{\"@type\":\"WebSite\",\"@id\":\"https:\\\/\\\/lesaffre-algerie.com\\\/fr\\\/#website\",\"url\":\"https:\\\/\\\/lesaffre-algerie.com\\\/fr\\\/\",\"name\":\"LESAFFRE Alg\u00e9rie\",\"description\":\"Levures de cuisson, am\u00e9liorants pour le pain et sant\u00e9\",\"potentialAction\":[{\"@type\":\"SearchAction\",\"target\":{\"@type\":\"EntryPoint\",\"urlTemplate\":\"https:\\\/\\\/lesaffre-algerie.com\\\/fr\\\/?s={search_term_string}\"},\"query-input\":{\"@type\":\"PropertyValueSpecification\",\"valueRequired\":true,\"valueName\":\"search_term_string\"}}],\"inLanguage\":\"ar\"}]}<\/script>\n<!-- \/ Yoast SEO Premium plugin. -->","yoast_head_json":{"title":"\u062e\u0645\u0627\u0626\u0631\u0646\u0627 - Lesaffre \u0641\u064a \u0627\u0644\u062c\u0632\u0627\u0626\u0631","description":"\u062a\u0642\u062f\u0651\u0645 \u0634\u0631\u0643\u0629 Lesaffre \u0627\u0644\u062c\u0632\u0627\u0626\u0631 \u0645\u062c\u0645\u0648\u0639\u0629 \u0643\u0627\u0645\u0644\u0629 \u0645\u0646 \u0627\u0644\u062d\u0644\u0648\u0644 \u0644\u062e\u0628\u0631\u0627\u0621 \u0635\u0646\u0627\u0639\u0629 \u0627\u0644\u062e\u0628\u0632 \u0648 \u0627\u0644\u0645\u064f\u0635\u0646\u0650\u0651\u0639\u064a\u0646. \u0637\u0627\u0632\u062c\u0629 \u0623\u0648 \u0633\u0627\u0626\u0644\u0629\u060c \u062e\u0645\u0627\u0626\u0631\u0646\u0627 \u062b\u0645\u0631\u0629 \u062e\u0628\u0631\u062a\u0646\u0627 \u0627\u0644\u0635\u0646\u0627\u0639\u064a\u0629\u060c \u0627\u0644\u062a\u0642\u0646\u064a\u0629 \u0648\u0627\u0644\u0639\u0644\u0645\u064a\u0629 \u0627\u0644\u063a\u0646\u064a\u0629 \u0628\u0641\u0636\u0644 \u062a\u0628\u0627\u062f\u0644 \u0627\u0644\u0645\u0639\u0631\u0641\u0629 \u0645\u0646 \u062e\u0628\u0627\u0632 \u0625\u0644\u0649 \u062e\u0628\u0627\u0632.","robots":{"index":"index","follow":"follow","max-snippet":"max-snippet:-1","max-image-preview":"max-image-preview:large","max-video-preview":"max-video-preview:-1"},"canonical":"https:\/\/lesaffre-algerie.com\/fr\/nos-solutions\/nos-levures\/","og_locale":"ar_AR","og_type":"article","og_title":"\u062e\u0645\u0627\u0626\u0631\u0646\u0627","og_description":"\u062a\u0642\u062f\u0651\u0645 \u0634\u0631\u0643\u0629 Lesaffre \u0627\u0644\u062c\u0632\u0627\u0626\u0631 \u0645\u062c\u0645\u0648\u0639\u0629 \u0643\u0627\u0645\u0644\u0629 \u0645\u0646 \u0627\u0644\u062d\u0644\u0648\u0644 \u0644\u062e\u0628\u0631\u0627\u0621 \u0635\u0646\u0627\u0639\u0629 \u0627\u0644\u062e\u0628\u0632 \u0648 \u0627\u0644\u0645\u064f\u0635\u0646\u0650\u0651\u0639\u064a\u0646. \u0637\u0627\u0632\u062c\u0629 \u0623\u0648 \u0633\u0627\u0626\u0644\u0629\u060c \u062e\u0645\u0627\u0626\u0631\u0646\u0627 \u062b\u0645\u0631\u0629 \u062e\u0628\u0631\u062a\u0646\u0627 \u0627\u0644\u0635\u0646\u0627\u0639\u064a\u0629\u060c \u0627\u0644\u062a\u0642\u0646\u064a\u0629 \u0648\u0627\u0644\u0639\u0644\u0645\u064a\u0629 \u0627\u0644\u063a\u0646\u064a\u0629 \u0628\u0641\u0636\u0644 \u062a\u0628\u0627\u062f\u0644 \u0627\u0644\u0645\u0639\u0631\u0641\u0629 \u0645\u0646 \u062e\u0628\u0627\u0632 \u0625\u0644\u0649 \u062e\u0628\u0627\u0632.","og_url":"https:\/\/lesaffre-algerie.com\/fr\/nos-solutions\/nos-levures\/","og_site_name":"LESAFFRE Alg\u00e9rie","article_modified_time":"2022-11-09T09:51:00+00:00","twitter_card":"summary_large_image","twitter_misc":{"\u0648\u0642\u062a \u0627\u0644\u0642\u0631\u0627\u0621\u0629 \u0627\u0644\u0645\u064f\u0642\u062f\u0651\u0631":"\u062f\u0642\u064a\u0642\u062a\u0627\u0646"},"schema":{"@context":"https:\/\/schema.org","@graph":[{"@type":"WebPage","@id":"https:\/\/lesaffre-algerie.com\/fr\/nos-solutions\/nos-levures\/","url":"https:\/\/lesaffre-algerie.com\/fr\/nos-solutions\/nos-levures\/","name":"\u062e\u0645\u0627\u0626\u0631\u0646\u0627 - Lesaffre \u0641\u064a \u0627\u0644\u062c\u0632\u0627\u0626\u0631","isPartOf":{"@id":"https:\/\/lesaffre-algerie.com\/fr\/#website"},"datePublished":"2017-07-06T12:24:15+00:00","dateModified":"2022-11-09T09:51:00+00:00","description":"\u062a\u0642\u062f\u0651\u0645 \u0634\u0631\u0643\u0629 Lesaffre \u0627\u0644\u062c\u0632\u0627\u0626\u0631 \u0645\u062c\u0645\u0648\u0639\u0629 \u0643\u0627\u0645\u0644\u0629 \u0645\u0646 \u0627\u0644\u062d\u0644\u0648\u0644 \u0644\u062e\u0628\u0631\u0627\u0621 \u0635\u0646\u0627\u0639\u0629 \u0627\u0644\u062e\u0628\u0632 \u0648 \u0627\u0644\u0645\u064f\u0635\u0646\u0650\u0651\u0639\u064a\u0646. \u0637\u0627\u0632\u062c\u0629 \u0623\u0648 \u0633\u0627\u0626\u0644\u0629\u060c \u062e\u0645\u0627\u0626\u0631\u0646\u0627 \u062b\u0645\u0631\u0629 \u062e\u0628\u0631\u062a\u0646\u0627 \u0627\u0644\u0635\u0646\u0627\u0639\u064a\u0629\u060c \u0627\u0644\u062a\u0642\u0646\u064a\u0629 \u0648\u0627\u0644\u0639\u0644\u0645\u064a\u0629 \u0627\u0644\u063a\u0646\u064a\u0629 \u0628\u0641\u0636\u0644 \u062a\u0628\u0627\u062f\u0644 \u0627\u0644\u0645\u0639\u0631\u0641\u0629 \u0645\u0646 \u062e\u0628\u0627\u0632 \u0625\u0644\u0649 \u062e\u0628\u0627\u0632.","breadcrumb":{"@id":"https:\/\/lesaffre-algerie.com\/fr\/nos-solutions\/nos-levures\/#breadcrumb"},"inLanguage":"ar","potentialAction":[{"@type":"ReadAction","target":["https:\/\/lesaffre-algerie.com\/fr\/nos-solutions\/nos-levures\/"]}]},{"@type":"BreadcrumbList","@id":"https:\/\/lesaffre-algerie.com\/fr\/nos-solutions\/nos-levures\/#breadcrumb","itemListElement":[{"@type":"ListItem","position":1,"name":"Accueil","item":"https:\/\/lesaffre-algerie.com\/ar\/"},{"@type":"ListItem","position":2,"name":"\u0645\u0646\u062a\u0648\u062c\u0627\u062a\u0646\u0627","item":"https:\/\/lesaffre-algerie.com\/ar\/%d9%85%d9%86%d8%aa%d9%88%d8%ac%d8%a7%d8%aa%d9%86%d8%a7\/"},{"@type":"ListItem","position":3,"name":"\u062e\u0645\u0627\u0626\u0631\u0646\u0627"}]},{"@type":"WebSite","@id":"https:\/\/lesaffre-algerie.com\/fr\/#website","url":"https:\/\/lesaffre-algerie.com\/fr\/","name":"LESAFFRE Alg\u00e9rie","description":"Levures de cuisson, am\u00e9liorants pour le pain et sant\u00e9","potentialAction":[{"@type":"SearchAction","target":{"@type":"EntryPoint","urlTemplate":"https:\/\/lesaffre-algerie.com\/fr\/?s={search_term_string}"},"query-input":{"@type":"PropertyValueSpecification","valueRequired":true,"valueName":"search_term_string"}}],"inLanguage":"ar"}]}},"_links":{"self":[{"href":"https:\/\/lesaffre-algerie.com\/ar\/wp-json\/wp\/v2\/pages\/22255","targetHints":{"allow":["GET"]}}],"collection":[{"href":"https:\/\/lesaffre-algerie.com\/ar\/wp-json\/wp\/v2\/pages"}],"about":[{"href":"https:\/\/lesaffre-algerie.com\/ar\/wp-json\/wp\/v2\/types\/page"}],"author":[{"embeddable":true,"href":"https:\/\/lesaffre-algerie.com\/ar\/wp-json\/wp\/v2\/users\/1"}],"replies":[{"embeddable":true,"href":"https:\/\/lesaffre-algerie.com\/ar\/wp-json\/wp\/v2\/comments?post=22255"}],"version-history":[{"count":1,"href":"https:\/\/lesaffre-algerie.com\/ar\/wp-json\/wp\/v2\/pages\/22255\/revisions"}],"predecessor-version":[{"id":24472,"href":"https:\/\/lesaffre-algerie.com\/ar\/wp-json\/wp\/v2\/pages\/22255\/revisions\/24472"}],"up":[{"embeddable":true,"href":"https:\/\/lesaffre-algerie.com\/ar\/wp-json\/wp\/v2\/pages\/22761"}],"wp:attachment":[{"href":"https:\/\/lesaffre-algerie.com\/ar\/wp-json\/wp\/v2\/media?parent=22255"}],"curies":[{"name":"wp","href":"https:\/\/api.w.org\/{rel}","templated":true}]}}