{"id":22490,"date":"2016-11-05T19:38:39","date_gmt":"2016-11-05T18:38:39","guid":{"rendered":"http:\/\/lesaffre-algerie.com\/artisan-boulanger\/"},"modified":"2020-11-10T06:59:18","modified_gmt":"2020-11-10T05:59:18","slug":"%d8%ae%d8%a8%d8%a7%d8%b2-%d8%ad%d8%b1%d9%81%d9%8a","status":"publish","type":"page","link":"https:\/\/lesaffre-algerie.com\/ar\/%d9%88%d8%b8%d9%8a%d9%81%d8%aa%d9%83%d9%85\/%d8%ae%d8%a8%d8%a7%d8%b2-%d8%ad%d8%b1%d9%81%d9%8a\/","title":{"rendered":"\u062e\u0628\u0627\u0632 \u062d\u0631\u0641\u064a"},"content":{"rendered":"<div class=\"wpb-content-wrapper\"><p>[vc_row row_type=&#8221;parallax&#8221; parallax_content_width=&#8221;in_grid&#8221; text_align=&#8221;left&#8221; background_image=&#8221;22742&#8243; full_screen_section_height=&#8221;no&#8221; css=&#8221;.vc_custom_1548317174383{padding-top: 0px !important;padding-bottom: 0px !important;}&#8221;][vc_column][vc_separator type=&#8221;transparent&#8221; up=&#8221;200&#8243; down=&#8221;200&#8243;][\/vc_column][\/vc_row][vc_row css_animation=&#8221;&#8221; row_type=&#8221;row&#8221; use_row_as_full_screen_section=&#8221;no&#8221; type=&#8221;grid&#8221; angled_section=&#8221;no&#8221; text_align=&#8221;center&#8221; background_image_as_pattern=&#8221;without_pattern&#8221; el_class=&#8221;paddingOn&#8221; z_index=&#8221;&#8221;][vc_column css=&#8221;.vc_custom_1462809083421{padding-top: 0px !important; padding-bottom: 35px !important;}&#8221;][vc_column_text]<\/p>\n<p style=\"color: #000080; font-size: 31px; font-weight: 900; text-transform: none; line-height: 1.25em; text-align: center;\">\u0646\u062c\u0627\u062d\u0643\u0645 \u0647\u0648 \u0646\u062c\u0627\u062d\u0646\u0627 \u0645\u0646\u0630 40 \u0633\u0646\u0629<\/p>\n<p>[vc_separator type=&#8217;transparent&#8217; position=&#8217;center&#8217; color=&#8221; thickness=&#8221; up=&#8217;5&#8242; down=&#8217;5&#8242;][\/vc_column_text][\/vc_column][vc_column width=&#8221;1\/2&#8243;][vc_single_image image=&#8221;22744&#8243; img_size=&#8221;full&#8221; qode_css_animation=&#8221;&#8221;][\/vc_column][vc_column width=&#8221;1\/2&#8243;][vc_column_text]<\/p>\n<p style=\"text-align: right;\">\u062a\u0631\u0627\u0641\u0642 \u0634\u0631\u0643\u0629 Lesaffre \u0641\u064a \u0627\u0644\u062c\u0632\u0627\u0626\u0631 \u0627\u0644\u062e\u0628\u0627\u0632\u064a\u0646 \u0627\u0644\u062d\u0631\u0641\u064a\u064a\u0646 \u0628\u0645\u0643\u0648\u0646\u0627\u062a \u0644\u0635\u0646\u0639 \u0627\u0644\u062e\u0628\u0632 \u0630\u0627\u062a \u0623\u062f\u0627\u0621\u060c \u0646\u0642\u0627\u0648\u0629\u060c \u0627\u0633\u062a\u0642\u0631\u0627\u0631 \u0648\u062c\u0648\u062f\u0629 \u0639\u0627\u0644\u064a\u0629. \u062e\u0645\u0627\u0626\u0631 \u0648\u0645\u062d\u0633\u0646\u0627\u062a LESAFFRE \u062a\u0633\u0645\u062d \u0644\u0644\u062e\u0628\u0627\u0632\u064a\u0646 \u0628\u0625\u0646\u062a\u0627\u062c \u0623\u0641\u0636\u0644 \u0648\u0623\u0633\u0647\u0644 \u0648\u0642\u0628\u0644 \u0643\u0644 \u0634\u064a\u0621\u060c \u0628\u0625\u0643\u0645\u0627\u0644 \u0645\u0647\u0645\u062a\u0647\u0645 \u0627\u0644\u0623\u0648\u0644\u0649: \u0623\u0646 \u064a\u0642\u062f\u0645\u0648\u0627 \u0644\u0644\u0645\u0633\u062a\u0647\u0644\u0643\u064a\u0646 \u0623\u0643\u062b\u0631 \u0646\u0643\u0647\u0629\u060c \u0635\u062d\u0629 \u0648\u0645\u0646\u062a\u0648\u062c \u064a\u0644\u0628\u064a \u062a\u0648\u0642\u0639\u0627\u062a\u0647\u0645.<\/p>\n<p>[\/vc_column_text][\/vc_column][\/vc_row][vc_row css_animation=&#8221;element_from_left&#8221; row_type=&#8221;row&#8221; use_row_as_full_screen_section=&#8221;yes&#8221; type=&#8221;grid&#8221; angled_section=&#8221;no&#8221; text_align=&#8221;center&#8221; background_image_as_pattern=&#8221;without_pattern&#8221; el_class=&#8221;paddingOn&#8221; css=&#8221;.vc_custom_1546377033689{background-color: #00a9af !important;}&#8221;][vc_column][vc_column_text]<\/p>\n<h2 style=\"color: #000080; font-size: 51px; font-weight: 900; text-transform: none; line-height: 1.25em; text-align: center;\">\u0627\u0644\u062e\u0645\u0627\u0626\u0631<\/h2>\n<p>[\/vc_column_text][vc_separator type=&#8221;transparent&#8221; up=&#8221;20&#8243;][vc_column_text]<\/p>\n<p style=\"text-align: center;\"><span style=\"color: #ffffff;\">\u0645\u0646 \u062e\u0644\u0627\u0644 \u0627\u0644\u062e\u0645\u0627\u0626\u0631\u060c \u062a\u0642\u062f\u0645 \u0644\u0643\u0645 Lesaffre \u062d\u0644\u0648\u0644 \u062a\u0635\u0646\u064a\u0639 \u0645\u0643\u064a\u0641\u0629 \u0648\u062c\u0627\u0647\u0632\u0629:<\/span><\/p>\n<p>[\/vc_column_text][vc_row_inner row_type=&#8221;row&#8221; type=&#8221;full_width&#8221; text_align=&#8221;left&#8221; css_animation=&#8221;&#8221;][vc_column_inner width=&#8221;1\/3&#8243;][\/vc_column_inner][vc_column_inner width=&#8221;1\/3&#8243;][vc_single_image image=&#8221;22355&#8243; img_size=&#8221;full&#8221; alignment=&#8221;center&#8221; style=&#8221;vc_box_rounded&#8221; qode_css_animation=&#8221;&#8221;][vc_separator type=&#8221;transparent&#8221; up=&#8221;10&#8243; down=&#8221;10&#8243;][vc_column_text]<\/p>\n<h3 style=\"text-align: center;\"><strong><span style=\"color: #ffffff;\">\u0627\u0644\u062e\u0645\u064a\u0631\u0629 \u0627\u0644\u062c\u0627\u0641\u0629<\/span><\/strong><\/h3>\n<p style=\"text-align: center;\"><span style=\"color: #ffffff;\">\u0645\u0642\u0627\u0648\u0645\u0629\u060c \u0642\u0648\u064a\u0629\u060c \u0628\u0633\u064a\u0637\u0629 \u0648\u0641\u0639\u0627\u0644\u0629 \u0628\u0646\u0633\u0628\u0629 100 \u066a \u0641\u064a \u062c\u0645\u064a\u0639 \u0627\u0644\u0638\u0631\u0648\u0641.<\/span><\/p>\n<p>[\/vc_column_text][\/vc_column_inner][vc_column_inner width=&#8221;1\/3&#8243;][\/vc_column_inner][\/vc_row_inner][vc_separator type=&#8221;transparent&#8221; up=&#8221;20&#8243;]<a  itemprop=\"url\" href=\"\/ar\/\u0645\u0646\u062a\u0648\u062c\u0627\u062a\u0646\u0627\/\u062e\u0645\u0627\u0626\u0631\u0646\u0627\/\" target=\"_self\" data-hover-border-color=#ffffff  class=\"qbutton  default\" style=\"color: #ffffff; border-color: #010078; background-color: #010078;\">\u0627\u0642\u0631\u0623 \u0627\u0644\u0645\u0632\u064a\u062f<\/a>[\/vc_column][\/vc_row][vc_row css_animation=&#8221;&#8221; row_type=&#8221;row&#8221; use_row_as_full_screen_section=&#8221;yes&#8221; type=&#8221;grid&#8221; angled_section=&#8221;no&#8221; text_align=&#8221;center&#8221; background_image_as_pattern=&#8221;without_pattern&#8221; css=&#8221;.vc_custom_1546377253217{background-color: #8f2746 !important;}&#8221; el_class=&#8221;paddingOn&#8221;][vc_column][vc_column_text]<\/p>\n<h2 style=\"color: #ffffff; font-size: 51px; font-weight: 900; text-transform: none; line-height: 1.25em; text-align: center;\">\u0645\u0643\u0648\u0646\u0627\u062a \u0627\u0644\u062e\u0628\u0632<\/h2>\n<p>[\/vc_column_text][vc_separator type=&#8221;transparent&#8221; up=&#8221;20&#8243;][vc_column_text]<\/p>\n<p style=\"text-align: center;\"><span style=\"color: #ffffff;\">\u062a\u0642\u062f\u0645 Lesaffre \u0627\u0644\u062c\u0632\u0627\u0626\u0631 \u0644\u0639\u0645\u0644\u0627\u0626\u0647\u0627 \u0645\u062c\u0645\u0648\u0639\u0629 \u0648\u0627\u0633\u0639\u0629 \u0645\u0646 \u0627\u0644\u0645\u0643\u0648\u0646\u0627\u062a \u0627\u0644\u062a\u064a \u062a\u0623\u062e\u0630 \u0628\u0627\u0644\u0627\u0639\u062a\u0628\u0627\u0631 \u062e\u0635\u0648\u0635\u064a\u0627\u062a \u0627\u0644\u062e\u0628\u0632 \u0627\u0644\u062c\u0632\u0627\u0626\u0631\u064a \u0645\u0646 \u0623\u062c\u0644:<\/span><\/p>\n<p>[\/vc_column_text][vc_row_inner row_type=&#8221;row&#8221; type=&#8221;full_width&#8221; text_align=&#8221;left&#8221; css_animation=&#8221;&#8221;][vc_column_inner width=&#8221;1\/4&#8243;][\/vc_column_inner][vc_column_inner width=&#8221;1\/4&#8243;][vc_single_image image=&#8221;22082&#8243; img_size=&#8221;full&#8221; alignment=&#8221;center&#8221; style=&#8221;vc_box_rounded&#8221; qode_css_animation=&#8221;&#8221;][vc_separator type=&#8221;transparent&#8221; up=&#8221;10&#8243; down=&#8221;10&#8243;][vc_column_text]<\/p>\n<p style=\"text-align: center;\"><span style=\"color: #ffffff;\">\u062a\u0633\u0647\u064a\u0644 \u0639\u0645\u0644 \u0627\u0644\u062e\u0628\u0627\u0632\u064a\u0646 \u0627\u0644\u062d\u0631\u0641\u064a\u064a\u0646 \u0645\u0646 \u062e\u0644\u0627\u0644 \u0627\u0644\u062a\u0623\u062b\u064a\u0631 \u0628\u0634\u0643\u0644 \u0643\u0628\u064a\u0631 \u0639\u0644\u0649 \u0633\u0644\u0648\u0643 \u0627\u0644\u0639\u062c\u064a\u0646 \u0623\u062b\u0646\u0627\u0621 \u0627\u0644\u062e\u0628\u0632.<\/span><\/p>\n<p>[\/vc_column_text][\/vc_column_inner][vc_column_inner width=&#8221;1\/4&#8243;][vc_single_image image=&#8221;22084&#8243; img_size=&#8221;full&#8221; alignment=&#8221;center&#8221; style=&#8221;vc_box_rounded&#8221; qode_css_animation=&#8221;&#8221;][vc_separator type=&#8221;transparent&#8221; up=&#8221;10&#8243; down=&#8221;10&#8243;][vc_column_text]<\/p>\n<p style=\"text-align: center;\"><span style=\"color: #ffffff;\">\u0627\u0644\u062d\u0635\u0648\u0644 \u0639\u0644\u0649 \u0627\u0644\u0646\u062a\u064a\u062c\u0629 \u0627\u0644\u0645\u0631\u062c\u0648\u0629 \u0645\u0646 \u0642\u0628\u0644 \u0627\u0644\u062e\u0628\u0627\u0632\u064a\u0646 \u0648\u0627\u0644\u0645\u0633\u062a\u0647\u0644\u0643\u064a\u0646.<\/span><\/p>\n<p>[\/vc_column_text][\/vc_column_inner][vc_column_inner width=&#8221;1\/4&#8243;][\/vc_column_inner][\/vc_row_inner][vc_separator type=&#8221;transparent&#8221; up=&#8221;20&#8243;]<a  itemprop=\"url\" href=\"\/ar\/\u0645\u0646\u062a\u0648\u062c\u0627\u062a\u0646\u0627\/\u0645\u062d\u0633\u0651\u0646\u0627\u062a\u0646\u0627\/\" target=\"_self\" data-hover-color=#000000 class=\"qbutton  white default\" style=\"\">\u0627\u0642\u0631\u0623 \u0627\u0644\u0645\u0632\u064a\u062f<\/a>[\/vc_column][\/vc_row][vc_row css_animation=&#8221;element_from_left&#8221; row_type=&#8221;row&#8221; use_row_as_full_screen_section=&#8221;yes&#8221; type=&#8221;grid&#8221; angled_section=&#8221;no&#8221; text_align=&#8221;left&#8221; background_image_as_pattern=&#8221;without_pattern&#8221; el_class=&#8221;paddingOn&#8221;][vc_column][vc_column_text]<\/p>\n<h2 style=\"color: #000080; font-size: 51px; font-weight: 900; text-transform: none; line-height: 1.25em; text-align: center;\">\u0645\u0646 \u062e\u0628\u0627\u0632 \u0625\u0644\u0649 \u062e\u0628\u0627\u0632<\/h2>\n<p>[\/vc_column_text][vc_separator type=&#8221;transparent&#8221; up=&#8221;20&#8243;][vc_column_text]<\/p>\n<p style=\"text-align: center;\">\u0646\u0642\u062f\u0645 \u0627\u0644\u062f\u0639\u0645 \u0627\u0644\u064a\u0648\u0645\u064a \u0645\u0639 \u062a\u0643\u0648\u064a\u0646 \u062a\u0642\u0646\u064a \u062e\u0627\u0635 \u0641\u064a \u0645\u0631\u0643\u0632 Baking Center \u2122 \u0627\u0644\u0645\u0648\u062c\u0648\u062f \u0628\u0627\u0644\u062c\u0632\u0627\u0626\u0631 \u0627\u0644\u0639\u0627\u0635\u0645\u0629.<\/p>\n<p>[\/vc_column_text][vc_separator type=&#8221;transparent&#8221; up=&#8221;20&#8243;][vc_single_image image=&#8221;22015&#8243; img_size=&#8221;full&#8221; alignment=&#8221;center&#8221; qode_css_animation=&#8221;&#8221;][\/vc_column][\/vc_row][vc_row css_animation=&#8221;&#8221; row_type=&#8221;row&#8221; use_row_as_full_screen_section=&#8221;no&#8221; type=&#8221;full_width&#8221; angled_section=&#8221;no&#8221; text_align=&#8221;left&#8221; background_image_as_pattern=&#8221;without_pattern&#8221; css=&#8221;.vc_custom_1461300994012{background-color: #e0e0e0 !important;}&#8221;][vc_column][vc_row_inner row_type=&#8221;row&#8221; type=&#8221;grid&#8221; text_align=&#8221;center&#8221; css_animation=&#8221;element_from_fade&#8221;][vc_column_inner][vc_column_text]<\/p>\n<h2 style=\"color: #4d4d4c; font-size: 51px; font-weight: 900; text-transform: none; line-height: 1.25em; text-align: center;\">\u0627\u0644\u0627\u062a\u0635\u0627\u0644<\/h2>\n<p>[\/vc_column_text][vc_column_text]<\/p>\n<p style=\"text-align: center;\">\u062a\u0631\u064a\u062f\u0648\u0646 \u0623\u0646 \u062a\u0639\u0631\u0641\u0648\u0627 \u0627\u0644\u0645\u0632\u064a\u062f \u0639\u0646 \u0645\u0646\u062a\u062c\u0627\u062a\u0646\u0627 \u0644\u0644\u062e\u0628\u0627\u0632\u064a\u0646\u061f \u0627\u062a\u0635\u0644 \u0628\u0646\u0627!<\/p>\n<p>[\/vc_column_text][vc_separator type=&#8221;transparent&#8221; up=&#8221;10&#8243; down=&#8221;10&#8243;]<a  itemprop=\"url\" href=\"\/ar\/\u0627\u062a\u0635\u0627\u0644\/\" target=\"_self\" data-hover-background-color=#ffffff data-hover-border-color=#000000 data-hover-color=#000000 class=\"qbutton  center default\" style=\"color: #ffffff; border-color: #164189; margin: auto 0px auto 0px; border-radius: 0px;-moz-border-radius: 0px;-webkit-border-radius: 0px; background-color: #164189;\">\u0627\u062a\u0635\u0644\u0648\u0627 \u0628\u0646\u0627<\/a>[\/vc_column_inner][\/vc_row_inner][\/vc_column][\/vc_row]<\/p>\n<\/div>","protected":false},"excerpt":{"rendered":"<p>[vc_row row_type=&#8221;parallax&#8221; parallax_content_width=&#8221;in_grid&#8221; text_align=&#8221;left&#8221; background_image=&#8221;22742&#8243; full_screen_section_height=&#8221;no&#8221; css=&#8221;.vc_custom_1548317174383{padding-top: 0px !important;padding-bottom: 0px !important;}&#8221;][vc_column][vc_separator type=&#8221;transparent&#8221; up=&#8221;200&#8243; down=&#8221;200&#8243;][\/vc_column][\/vc_row][vc_row css_animation=&#8221;&#8221; row_type=&#8221;row&#8221; use_row_as_full_screen_section=&#8221;no&#8221; type=&#8221;grid&#8221; angled_section=&#8221;no&#8221; text_align=&#8221;center&#8221; background_image_as_pattern=&#8221;without_pattern&#8221; el_class=&#8221;paddingOn&#8221; z_index=&#8221;&#8221;][vc_column css=&#8221;.vc_custom_1462809083421{padding-top: 0px !important; padding-bottom: 35px !important;}&#8221;][vc_column_text] \u0646\u062c\u0627\u062d\u0643\u0645 \u0647\u0648 \u0646\u062c\u0627\u062d\u0646\u0627 \u0645\u0646\u0630 40 \u0633\u0646\u0629 [vc_separator type=&#8217;transparent&#8217; position=&#8217;center&#8217; color=&#8221; thickness=&#8221; up=&#8217;5&#8242; down=&#8217;5&#8242;][\/vc_column_text][\/vc_column][vc_column width=&#8221;1\/2&#8243;][vc_single_image image=&#8221;22744&#8243; img_size=&#8221;full&#8221;&#8230;<\/p>\n","protected":false},"author":1,"featured_media":0,"parent":22771,"menu_order":0,"comment_status":"closed","ping_status":"closed","template":"full_width.php","meta":{"footnotes":""},"class_list":["post-22490","page","type-page","status-publish","hentry"],"yoast_head":"<!-- This site is optimized with the Yoast SEO Premium plugin v22.3 (Yoast SEO v27.4) - https:\/\/yoast.com\/product\/yoast-seo-premium-wordpress\/ -->\n<title>\u062e\u0628\u0627\u0632 \u062d\u0631\u0641\u064a - Lesaffre \u0641\u064a \u0627\u0644\u062c\u0632\u0627\u0626\u0631<\/title>\n<meta name=\"description\" content=\"Produisez mieux et plus facilement des produits pleins de saveurs gr\u00e2ce aux levures et am\u00e9liorants Lesaffre, distribu\u00e9s dans toute l&#039;Alg\u00e9rie\" \/>\n<meta name=\"robots\" content=\"index, follow, max-snippet:-1, max-image-preview:large, max-video-preview:-1\" \/>\n<link rel=\"canonical\" href=\"https:\/\/lesaffre-algerie.com\/ar\/\u0648\u0638\u064a\u0641\u062a\u0643\u0645\/\u062e\u0628\u0627\u0632-\u062d\u0631\u0641\u064a\/\" \/>\n<meta property=\"og:locale\" content=\"ar_AR\" \/>\n<meta property=\"og:type\" content=\"article\" \/>\n<meta property=\"og:title\" content=\"\u062e\u0628\u0627\u0632 \u062d\u0631\u0641\u064a\" \/>\n<meta property=\"og:description\" content=\"Produisez mieux et plus facilement des produits pleins de saveurs gr\u00e2ce aux levures et am\u00e9liorants Lesaffre, distribu\u00e9s dans toute l&#039;Alg\u00e9rie\" \/>\n<meta property=\"og:url\" content=\"https:\/\/lesaffre-algerie.com\/ar\/\u0648\u0638\u064a\u0641\u062a\u0643\u0645\/\u062e\u0628\u0627\u0632-\u062d\u0631\u0641\u064a\/\" \/>\n<meta property=\"og:site_name\" content=\"LESAFFRE Alg\u00e9rie\" \/>\n<meta property=\"article:modified_time\" content=\"2020-11-10T05:59:18+00:00\" \/>\n<meta name=\"twitter:card\" content=\"summary_large_image\" \/>\n<meta name=\"twitter:label1\" content=\"\u0648\u0642\u062a \u0627\u0644\u0642\u0631\u0627\u0621\u0629 \u0627\u0644\u0645\u064f\u0642\u062f\u0651\u0631\" \/>\n\t<meta name=\"twitter:data1\" content=\"3 \u062f\u0642\u0627\u0626\u0642\" \/>\n<script type=\"application\/ld+json\" class=\"yoast-schema-graph\">{\"@context\":\"https:\\\/\\\/schema.org\",\"@graph\":[{\"@type\":\"WebPage\",\"@id\":\"https:\\\/\\\/lesaffre-algerie.com\\\/ar\\\/%d9%88%d8%b8%d9%8a%d9%81%d8%aa%d9%83%d9%85\\\/%d8%ae%d8%a8%d8%a7%d8%b2-%d8%ad%d8%b1%d9%81%d9%8a\\\/\",\"url\":\"https:\\\/\\\/lesaffre-algerie.com\\\/ar\\\/%d9%88%d8%b8%d9%8a%d9%81%d8%aa%d9%83%d9%85\\\/%d8%ae%d8%a8%d8%a7%d8%b2-%d8%ad%d8%b1%d9%81%d9%8a\\\/\",\"name\":\"\u062e\u0628\u0627\u0632 \u062d\u0631\u0641\u064a - Lesaffre \u0641\u064a \u0627\u0644\u062c\u0632\u0627\u0626\u0631\",\"isPartOf\":{\"@id\":\"https:\\\/\\\/lesaffre-algerie.com\\\/fr\\\/#website\"},\"datePublished\":\"2016-11-05T18:38:39+00:00\",\"dateModified\":\"2020-11-10T05:59:18+00:00\",\"description\":\"Produisez mieux et plus facilement des produits pleins de saveurs gr\u00e2ce aux levures et am\u00e9liorants Lesaffre, distribu\u00e9s dans toute l'Alg\u00e9rie\",\"breadcrumb\":{\"@id\":\"https:\\\/\\\/lesaffre-algerie.com\\\/ar\\\/%d9%88%d8%b8%d9%8a%d9%81%d8%aa%d9%83%d9%85\\\/%d8%ae%d8%a8%d8%a7%d8%b2-%d8%ad%d8%b1%d9%81%d9%8a\\\/#breadcrumb\"},\"inLanguage\":\"ar\",\"potentialAction\":[{\"@type\":\"ReadAction\",\"target\":[\"https:\\\/\\\/lesaffre-algerie.com\\\/ar\\\/%d9%88%d8%b8%d9%8a%d9%81%d8%aa%d9%83%d9%85\\\/%d8%ae%d8%a8%d8%a7%d8%b2-%d8%ad%d8%b1%d9%81%d9%8a\\\/\"]}]},{\"@type\":\"BreadcrumbList\",\"@id\":\"https:\\\/\\\/lesaffre-algerie.com\\\/ar\\\/%d9%88%d8%b8%d9%8a%d9%81%d8%aa%d9%83%d9%85\\\/%d8%ae%d8%a8%d8%a7%d8%b2-%d8%ad%d8%b1%d9%81%d9%8a\\\/#breadcrumb\",\"itemListElement\":[{\"@type\":\"ListItem\",\"position\":1,\"name\":\"Accueil\",\"item\":\"https:\\\/\\\/lesaffre-algerie.com\\\/ar\\\/\"},{\"@type\":\"ListItem\",\"position\":2,\"name\":\"\u0648\u0638\u064a\u0641\u062a\u0643\u0645\",\"item\":\"https:\\\/\\\/lesaffre-algerie.com\\\/ar\\\/%d9%88%d8%b8%d9%8a%d9%81%d8%aa%d9%83%d9%85\\\/\"},{\"@type\":\"ListItem\",\"position\":3,\"name\":\"\u062e\u0628\u0627\u0632 \u062d\u0631\u0641\u064a\"}]},{\"@type\":\"WebSite\",\"@id\":\"https:\\\/\\\/lesaffre-algerie.com\\\/fr\\\/#website\",\"url\":\"https:\\\/\\\/lesaffre-algerie.com\\\/fr\\\/\",\"name\":\"LESAFFRE Alg\u00e9rie\",\"description\":\"Levures de cuisson, am\u00e9liorants pour le pain et sant\u00e9\",\"potentialAction\":[{\"@type\":\"SearchAction\",\"target\":{\"@type\":\"EntryPoint\",\"urlTemplate\":\"https:\\\/\\\/lesaffre-algerie.com\\\/fr\\\/?s={search_term_string}\"},\"query-input\":{\"@type\":\"PropertyValueSpecification\",\"valueRequired\":true,\"valueName\":\"search_term_string\"}}],\"inLanguage\":\"ar\"}]}<\/script>\n<!-- \/ Yoast SEO Premium plugin. -->","yoast_head_json":{"title":"\u062e\u0628\u0627\u0632 \u062d\u0631\u0641\u064a - Lesaffre \u0641\u064a \u0627\u0644\u062c\u0632\u0627\u0626\u0631","description":"Produisez mieux et plus facilement des produits pleins de saveurs gr\u00e2ce aux levures et am\u00e9liorants Lesaffre, distribu\u00e9s dans toute l'Alg\u00e9rie","robots":{"index":"index","follow":"follow","max-snippet":"max-snippet:-1","max-image-preview":"max-image-preview:large","max-video-preview":"max-video-preview:-1"},"canonical":"https:\/\/lesaffre-algerie.com\/ar\/\u0648\u0638\u064a\u0641\u062a\u0643\u0645\/\u062e\u0628\u0627\u0632-\u062d\u0631\u0641\u064a\/","og_locale":"ar_AR","og_type":"article","og_title":"\u062e\u0628\u0627\u0632 \u062d\u0631\u0641\u064a","og_description":"Produisez mieux et plus facilement des produits pleins de saveurs gr\u00e2ce aux levures et am\u00e9liorants Lesaffre, distribu\u00e9s dans toute l'Alg\u00e9rie","og_url":"https:\/\/lesaffre-algerie.com\/ar\/\u0648\u0638\u064a\u0641\u062a\u0643\u0645\/\u062e\u0628\u0627\u0632-\u062d\u0631\u0641\u064a\/","og_site_name":"LESAFFRE Alg\u00e9rie","article_modified_time":"2020-11-10T05:59:18+00:00","twitter_card":"summary_large_image","twitter_misc":{"\u0648\u0642\u062a \u0627\u0644\u0642\u0631\u0627\u0621\u0629 \u0627\u0644\u0645\u064f\u0642\u062f\u0651\u0631":"3 \u062f\u0642\u0627\u0626\u0642"},"schema":{"@context":"https:\/\/schema.org","@graph":[{"@type":"WebPage","@id":"https:\/\/lesaffre-algerie.com\/ar\/%d9%88%d8%b8%d9%8a%d9%81%d8%aa%d9%83%d9%85\/%d8%ae%d8%a8%d8%a7%d8%b2-%d8%ad%d8%b1%d9%81%d9%8a\/","url":"https:\/\/lesaffre-algerie.com\/ar\/%d9%88%d8%b8%d9%8a%d9%81%d8%aa%d9%83%d9%85\/%d8%ae%d8%a8%d8%a7%d8%b2-%d8%ad%d8%b1%d9%81%d9%8a\/","name":"\u062e\u0628\u0627\u0632 \u062d\u0631\u0641\u064a - Lesaffre \u0641\u064a \u0627\u0644\u062c\u0632\u0627\u0626\u0631","isPartOf":{"@id":"https:\/\/lesaffre-algerie.com\/fr\/#website"},"datePublished":"2016-11-05T18:38:39+00:00","dateModified":"2020-11-10T05:59:18+00:00","description":"Produisez mieux et plus facilement des produits pleins de saveurs gr\u00e2ce aux levures et am\u00e9liorants Lesaffre, distribu\u00e9s dans toute l'Alg\u00e9rie","breadcrumb":{"@id":"https:\/\/lesaffre-algerie.com\/ar\/%d9%88%d8%b8%d9%8a%d9%81%d8%aa%d9%83%d9%85\/%d8%ae%d8%a8%d8%a7%d8%b2-%d8%ad%d8%b1%d9%81%d9%8a\/#breadcrumb"},"inLanguage":"ar","potentialAction":[{"@type":"ReadAction","target":["https:\/\/lesaffre-algerie.com\/ar\/%d9%88%d8%b8%d9%8a%d9%81%d8%aa%d9%83%d9%85\/%d8%ae%d8%a8%d8%a7%d8%b2-%d8%ad%d8%b1%d9%81%d9%8a\/"]}]},{"@type":"BreadcrumbList","@id":"https:\/\/lesaffre-algerie.com\/ar\/%d9%88%d8%b8%d9%8a%d9%81%d8%aa%d9%83%d9%85\/%d8%ae%d8%a8%d8%a7%d8%b2-%d8%ad%d8%b1%d9%81%d9%8a\/#breadcrumb","itemListElement":[{"@type":"ListItem","position":1,"name":"Accueil","item":"https:\/\/lesaffre-algerie.com\/ar\/"},{"@type":"ListItem","position":2,"name":"\u0648\u0638\u064a\u0641\u062a\u0643\u0645","item":"https:\/\/lesaffre-algerie.com\/ar\/%d9%88%d8%b8%d9%8a%d9%81%d8%aa%d9%83%d9%85\/"},{"@type":"ListItem","position":3,"name":"\u062e\u0628\u0627\u0632 \u062d\u0631\u0641\u064a"}]},{"@type":"WebSite","@id":"https:\/\/lesaffre-algerie.com\/fr\/#website","url":"https:\/\/lesaffre-algerie.com\/fr\/","name":"LESAFFRE Alg\u00e9rie","description":"Levures de cuisson, am\u00e9liorants pour le pain et sant\u00e9","potentialAction":[{"@type":"SearchAction","target":{"@type":"EntryPoint","urlTemplate":"https:\/\/lesaffre-algerie.com\/fr\/?s={search_term_string}"},"query-input":{"@type":"PropertyValueSpecification","valueRequired":true,"valueName":"search_term_string"}}],"inLanguage":"ar"}]}},"_links":{"self":[{"href":"https:\/\/lesaffre-algerie.com\/ar\/wp-json\/wp\/v2\/pages\/22490","targetHints":{"allow":["GET"]}}],"collection":[{"href":"https:\/\/lesaffre-algerie.com\/ar\/wp-json\/wp\/v2\/pages"}],"about":[{"href":"https:\/\/lesaffre-algerie.com\/ar\/wp-json\/wp\/v2\/types\/page"}],"author":[{"embeddable":true,"href":"https:\/\/lesaffre-algerie.com\/ar\/wp-json\/wp\/v2\/users\/1"}],"replies":[{"embeddable":true,"href":"https:\/\/lesaffre-algerie.com\/ar\/wp-json\/wp\/v2\/comments?post=22490"}],"version-history":[{"count":0,"href":"https:\/\/lesaffre-algerie.com\/ar\/wp-json\/wp\/v2\/pages\/22490\/revisions"}],"up":[{"embeddable":true,"href":"https:\/\/lesaffre-algerie.com\/ar\/wp-json\/wp\/v2\/pages\/22771"}],"wp:attachment":[{"href":"https:\/\/lesaffre-algerie.com\/ar\/wp-json\/wp\/v2\/media?parent=22490"}],"curies":[{"name":"wp","href":"https:\/\/api.w.org\/{rel}","templated":true}]}}