{"id":22512,"date":"2016-11-05T18:51:36","date_gmt":"2016-11-05T17:51:36","guid":{"rendered":"http:\/\/lesaffre-algerie.com\/industrie\/"},"modified":"2019-01-21T14:27:56","modified_gmt":"2019-01-21T13:27:56","slug":"%d8%a7%d9%84%d9%85%d8%b5%d9%86%d9%90%d9%91%d8%b9","status":"publish","type":"page","link":"https:\/\/lesaffre-algerie.com\/ar\/%d9%88%d8%b8%d9%8a%d9%81%d8%aa%d9%83%d9%85\/%d8%a7%d9%84%d9%85%d8%b5%d9%86%d9%90%d9%91%d8%b9\/","title":{"rendered":"\u0627\u0644\u0645\u0635\u0646\u0650\u0651\u0639"},"content":{"rendered":"<div class=\"wpb-content-wrapper\"><p>[vc_row row_type=&#8221;parallax&#8221; parallax_content_width=&#8221;in_grid&#8221; text_align=&#8221;left&#8221; background_image=&#8221;22018&#8243; full_screen_section_height=&#8221;no&#8221; css=&#8221;.vc_custom_1546847782207{padding-top: 0px !important;padding-bottom: 0px !important;}&#8221;][vc_column][vc_separator type=&#8221;transparent&#8221; up=&#8221;200&#8243; down=&#8221;200&#8243;][\/vc_column][\/vc_row][vc_row css_animation=&#8221;&#8221; row_type=&#8221;row&#8221; use_row_as_full_screen_section=&#8221;no&#8221; type=&#8221;grid&#8221; angled_section=&#8221;no&#8221; text_align=&#8221;left&#8221; background_image_as_pattern=&#8221;without_pattern&#8221; el_class=&#8221;paddingOn paddingovm&#8221; z_index=&#8221;&#8221;][vc_column css=&#8221;.vc_custom_1462809083421{margin-top: 90px !important;}&#8221;][vc_column_text]<\/p>\n<h2 style=\"text-align: right;\">\u062f\u0639\u0645 \u0634\u062e\u0635\u064a \u0648\u0645\u0646\u062a\u062c\u0627\u062a \u0645\u0635\u0645\u0645\u0629 \u062e\u0635\u064a\u0635\u064b\u0627 \u0644\u0643\u0645<\/h2>\n<p style=\"text-align: right;\">\u062a\u0642\u062f\u0645 \u0634\u0631\u0643\u0629 Lesaffre \u0641\u064a \u0627\u0644\u062c\u0632\u0627\u0626\u0631 \u0645\u0646\u062a\u0648\u062c\u0627\u062a \u0634\u0627\u0645\u0644\u0629 \u0644\u0645\u0635\u0646\u0639\u064a \u0627\u0644\u0645\u062e\u0628\u0648\u0632\u0627\u062a. \u062a\u0639\u062a\u0645\u062f \u062e\u0628\u0631\u062a\u0646\u0627 \u0627\u0644\u0635\u0646\u0627\u0639\u064a\u0629 \u0639\u0644\u0649 \u0646\u0642\u0644 \u0627\u0644\u0645\u0639\u0631\u0641\u0629 \u0645\u0646 \u062e\u0628\u0627\u0632 \u0625\u0644\u0649 \u062e\u0628\u0627\u0632. \u0645\u0646 \u062e\u0644\u0627\u0644 \u0627\u0644\u062f\u0639\u0645 \u0627\u0644\u062a\u0642\u0646\u064a \u0627\u0644\u0645\u0642\u062f\u0645 \u0641\u064a \u0645\u0631\u0643\u0632 Baking Center \u2122\u060c \u062a\u0644\u062a\u0632\u0645 Lesaffre \u0625\u0644\u0649 \u062c\u0627\u0646\u0628 \u0645\u062e\u062a\u0635\u064a\u0646 \u0641\u064a \u0645\u064a\u062f\u0627\u0646 \u0627\u0644\u062e\u0628\u0632 \u0628\u062a\u0644\u0628\u064a\u0629 \u0627\u0644\u0627\u062d\u062a\u064a\u0627\u062c\u0627\u062a \u0627\u0644\u062c\u062f\u064a\u062f\u0629 \u0644\u0644\u0633\u0648\u0642 \u0627\u0644\u062c\u0632\u0627\u0626\u0631\u064a.<\/p>\n<p>[\/vc_column_text][\/vc_column][\/vc_row][vc_row css_animation=&#8221;&#8221; row_type=&#8221;row&#8221; use_row_as_full_screen_section=&#8221;yes&#8221; type=&#8221;grid&#8221; angled_section=&#8221;no&#8221; text_align=&#8221;left&#8221; background_image_as_pattern=&#8221;without_pattern&#8221; css=&#8221;.vc_custom_1499093745433{background-color: #00a9af !important;}&#8221; el_class=&#8221;paddingOn&#8221;][vc_column][vc_column_text]<\/p>\n<h2 style=\"color: #ffffff; font-size: 51px; font-weight: 900; text-transform: none; text-align: center; line-height: 1.25em;\">\u0627\u0644\u062a\u0632\u0627\u0645\u0627\u062a\u0646\u0627<\/h2>\n<p>[\/vc_column_text][\/vc_column][vc_column width=&#8221;1\/4&#8243; css=&#8221;.vc_custom_1478369387216{padding-top: 30px !important;padding-bottom: 30px !important;}&#8221;][vc_single_image image=&#8221;22092&#8243; img_size=&#8221;150&#215;150&#8243; alignment=&#8221;center&#8221; qode_css_animation=&#8221;&#8221;][vc_separator type=&#8221;transparent&#8221; up=&#8221;10&#8243; down=&#8221;10&#8243;][vc_column_text]<\/p>\n<h3 style=\"text-align: center;\"><span style=\"color: #ffffff;\"> \u0627\u0644\u062e\u0628\u0631\u0629 <\/span><\/h3>\n<p>[\/vc_column_text][vc_separator type=&#8221;transparent&#8221; up=&#8221;10&#8243; down=&#8221;10&#8243;][vc_column_text]<\/p>\n<p style=\"text-align: right;\"><span style=\"color: #ffffff;\"> \u062a\u0645\u0644\u0643 Lesaffre \u0641\u064a \u0627\u0644\u062c\u0632\u0627\u0626\u0631 \u0645\u0631\u0643\u0632 Baking Center\u2122 \u0645\u062e\u0635\u0635 \u0644\u0644\u062a\u0637\u0648\u064a\u0631\u060c \u0627\u0644\u062a\u062f\u0631\u064a\u0628\u060c \u0627\u0644\u0645\u0633\u0627\u0639\u062f\u0629 \u0627\u0644\u062a\u0642\u0646\u064a\u0629 \u0648\u0627\u0644\u062a\u0631\u0648\u064a\u062c \u0644\u0644\u0645\u0646\u062a\u062c\u0627\u062a \u0627\u0644\u062c\u062f\u064a\u062f\u0629. \u0646\u0636\u0639 \u0641\u064a \u062e\u062f\u0645\u0629 \u0627\u0644\u0645\u0647\u0646\u064a\u064a\u0646 \u062e\u0628\u0631\u062a\u0646\u0627 \u0644\u062a\u062d\u062f\u064a\u062f \u0627\u0644\u0627\u062d\u062a\u064a\u0627\u062c\u0627\u062a \u0627\u0644\u0641\u0631\u064a\u062f\u0629 \u0648\u062a\u0637\u0648\u064a\u0631 \u062d\u0644\u0648\u0644 \u0645\u062a\u0646\u0627\u0633\u0628\u0629 \u0645\u0639 \u062e\u0635\u0648\u0635\u064a\u0627\u062a \u0643\u0644 \u0632\u0628\u0648\u0646.<\/span><\/p>\n<p>[\/vc_column_text][\/vc_column][vc_column width=&#8221;1\/4&#8243; css=&#8221;.vc_custom_1478369395532{padding-top: 30px !important;padding-bottom: 30px !important;}&#8221;][vc_single_image image=&#8221;22090&#8243; img_size=&#8221;150&#215;150&#8243; alignment=&#8221;center&#8221; qode_css_animation=&#8221;&#8221;][vc_separator type=&#8221;transparent&#8221; up=&#8221;10&#8243; down=&#8221;10&#8243;][vc_column_text]<\/p>\n<h3 style=\"text-align: center;\"><span style=\"color: #ffffff;\">\u0627\u0644\u062c\u0648\u062f\u0629<\/span><\/h3>\n<p>[\/vc_column_text][vc_separator type=&#8221;transparent&#8221; up=&#8221;10&#8243; down=&#8221;10&#8243;][vc_column_text]<\/p>\n<p style=\"text-align: right;\"><span style=\"color: #ffffff;\">\u064a\u0639\u0645\u0644 \u062e\u0628\u0631\u0627\u0621 Lesaffre \u0628\u0634\u0643\u0644 \u064a\u0648\u0645\u064a \u0639\u0644\u0649 \u062a\u0644\u0628\u064a\u0629 \u0627\u0644\u0627\u062d\u062a\u064a\u0627\u062c\u0627\u062a \u0627\u0644\u0635\u0646\u0627\u0639\u064a\u0629 \u0627\u0644\u062a\u064a \u062a\u0636\u0645\u0646 \u0627\u0644\u062c\u0648\u062f\u0629 \u0627\u0644\u0641\u0627\u0626\u0642\u0629 \u0648\u0627\u0633\u062a\u0642\u0631\u0627\u0631 \u0627\u0644\u062e\u0645\u0627\u0626\u0631 \u0648\u0645\u0643\u0648\u0646\u0627\u062a \u0627\u0644\u062e\u0628\u0632.<\/span><\/p>\n<p>[\/vc_column_text][\/vc_column][vc_column width=&#8221;1\/4&#8243; css=&#8221;.vc_custom_1478369403226{padding-top: 30px !important;padding-bottom: 30px !important;}&#8221;][vc_single_image image=&#8221;22096&#8243; img_size=&#8221;150&#215;150&#8243; alignment=&#8221;center&#8221; qode_css_animation=&#8221;&#8221;][vc_separator type=&#8221;transparent&#8221; up=&#8221;10&#8243; down=&#8221;10&#8243;][vc_column_text]<\/p>\n<h3 style=\"text-align: center;\"><span style=\"color: #ffffff;\">\u0625\u0645\u0643\u0627\u0646\u064a\u0629 \u0627\u0644\u062a\u062a\u0628\u0639<\/span><\/h3>\n<p>[\/vc_column_text][vc_separator type=&#8221;transparent&#8221; up=&#8221;10&#8243; down=&#8221;10&#8243;][vc_column_text]<\/p>\n<p style=\"text-align: right;\"><span style=\"color: #ffffff;\"> \u0627\u0644\u062a\u062d\u0643\u0645 \u0641\u064a \u0633\u0644\u0633\u0644\u0629 \u0627\u0644\u0625\u0646\u062a\u0627\u062c \u0628\u0623\u0643\u0645\u0644\u0647\u0627\u061b \u0645\u0646 \u0634\u0631\u0627\u0621 \u0627\u0644\u0645\u0648\u0627\u062f \u0627\u0644\u062e\u0627\u0645 \u0625\u0644\u0649 \u062a\u0633\u0644\u064a\u0645 \u0627\u0644\u0645\u0646\u062a\u062c \u0627\u0644\u0646\u0647\u0627\u0626\u064a\u060c \u0623\u064a\u0646\u0645\u0627 \u0643\u0627\u0646 \u0627\u0644\u0645\u062d\u062a\u0631\u0641 \u0641\u064a \u0627\u0644\u062c\u0632\u0627\u0626\u0631. \u064a\u062a\u064a\u062d \u0644\u0646\u0627 \u0647\u0630\u0627 \u0627\u0644\u062e\u064a\u0627\u0631 \u0627\u0644\u0635\u0646\u0627\u0639\u064a \u0627\u0644\u0639\u0645\u0644 \u0639\u0644\u0649 \u0645\u0642\u0631\u0628\u0629 \u0645\u0646 \u0632\u0628\u0627\u0626\u0646\u0646\u0627 \u0648\u0627\u0644\u0627\u0633\u062a\u062c\u0627\u0628\u0629 \u0623\u0643\u062b\u0631 \u0644\u062a\u0648\u0642\u0639\u0627\u062a \u0635\u0646\u0627\u0639\u0629 \u0627\u0644\u062e\u0628\u0632 \u0627\u0644\u062c\u0632\u0627\u0626\u0631\u064a\u0629.<\/span><\/p>\n<p>[\/vc_column_text][\/vc_column][vc_column width=&#8221;1\/4&#8243; css=&#8221;.vc_custom_1478369411304{padding-top: 30px !important;padding-bottom: 30px !important;}&#8221;][vc_single_image image=&#8221;22094&#8243; img_size=&#8221;150&#215;150&#8243; alignment=&#8221;center&#8221; qode_css_animation=&#8221;&#8221;][vc_separator type=&#8221;transparent&#8221; up=&#8221;10&#8243; down=&#8221;10&#8243;][vc_column_text]<\/p>\n<h3 style=\"text-align: center;\"><span style=\"color: #ffffff;\">\u0627\u0644\u0623\u0645\u0627\u0646<\/span><\/h3>\n<p>[\/vc_column_text][vc_separator type=&#8221;transparent&#8221; up=&#8221;10&#8243; down=&#8221;10&#8243;][vc_column_text]<\/p>\n<p style=\"text-align: right;\"><span style=\"color: #ffffff;\"> \u0645\u0646\u0630 \u0625\u0646\u0634\u0627\u0626\u0647\u0627\u060c \u062a\u0648\u0644\u064a Lesaffre \u0627\u0644\u062c\u0632\u0627\u0626\u0631 \u0627\u0647\u062a\u0645\u0627\u0645\u0627 \u0643\u0628\u064a\u0631\u0627\u064b \u0644\u0633\u0644\u0627\u0645\u0629 \u0627\u0644\u0645\u0633\u062a\u0647\u0644\u0643. \u0627\u0644\u062e\u0645\u064a\u0631\u0629 \u0648\u0645\u0643\u0648\u0646\u0627\u062a \u0627\u0644\u062e\u0628\u0632 \u062d\u0627\u0626\u0632\u0629 \u0639\u0644\u0649 \u0634\u0647\u0627\u062f\u0629 \u062d\u0644\u0627\u0644 \u0648\u0644\u0647\u0627 \u0636\u0648\u0627\u0628\u0637 \u0635\u0627\u0631\u0645\u0629 \u0644\u0644\u063a\u0627\u064a\u0629 \u0641\u064a \u062c\u0645\u064a\u0639 \u0645\u0631\u0627\u062d\u0644 \u0627\u0644\u0625\u0646\u062a\u0627\u062c.<\/span><\/p>\n<p>[\/vc_column_text][\/vc_column][\/vc_row][vc_row css_animation=&#8221;&#8221; row_type=&#8221;row&#8221; use_row_as_full_screen_section=&#8221;no&#8221; type=&#8221;full_width&#8221; angled_section=&#8221;no&#8221; text_align=&#8221;left&#8221; background_image_as_pattern=&#8221;without_pattern&#8221; css=&#8221;.vc_custom_1461300994012{background-color: #e0e0e0 !important;}&#8221;][vc_column][vc_row_inner row_type=&#8221;row&#8221; type=&#8221;grid&#8221; text_align=&#8221;center&#8221; css_animation=&#8221;element_from_fade&#8221;][vc_column_inner][vc_column_text]<\/p>\n<h2 style=\"color: #4d4d4c; font-size: 51px; font-weight: 900; text-transform: none; text-align: center; line-height: 1.25em;\">\u0627\u062a\u0635\u0627\u0644<\/h2>\n<p>[\/vc_column_text][vc_column_text]<\/p>\n<p style=\"text-align: center;\">\u062a\u0631\u064a\u062f\u0648\u0646 \u0623\u0646 \u062a\u0639\u0631\u0641\u0648\u0627\u00a0\u0627\u0644\u0645\u0632\u064a\u062f \u0639\u0646 \u0645\u0646\u062a\u062c\u0627\u062a\u0646\u0627 \u0627\u0644\u0635\u0646\u0627\u0639\u064a\u0629\u061f \u0627\u062a\u0635\u0644\u0648\u0627 \u0628\u0646\u0627!<\/p>\n<p>[\/vc_column_text][vc_separator type=&#8221;transparent&#8221; up=&#8221;10&#8243; down=&#8221;10&#8243;]<a  itemprop=\"url\" href=\"\/ar\/\u0627\u062a\u0635\u0627\u0644\/\" target=\"_self\" data-hover-background-color=#ffffff data-hover-border-color=#000000 data-hover-color=#000000 class=\"qbutton  center default\" style=\"color: #ffffff; border-color: #164189; margin: auto 0px auto 0px; border-radius: 0px;-moz-border-radius: 0px;-webkit-border-radius: 0px; background-color: #164189;\">\u0627\u062a\u0635\u0644\u0648\u0627 \u0628\u0646\u0627<\/a>[\/vc_column_inner][\/vc_row_inner][\/vc_column][\/vc_row]<\/p>\n<\/div>","protected":false},"excerpt":{"rendered":"<p>[vc_row row_type=&#8221;parallax&#8221; parallax_content_width=&#8221;in_grid&#8221; text_align=&#8221;left&#8221; background_image=&#8221;22018&#8243; full_screen_section_height=&#8221;no&#8221; css=&#8221;.vc_custom_1546847782207{padding-top: 0px !important;padding-bottom: 0px !important;}&#8221;][vc_column][vc_separator type=&#8221;transparent&#8221; up=&#8221;200&#8243; down=&#8221;200&#8243;][\/vc_column][\/vc_row][vc_row css_animation=&#8221;&#8221; row_type=&#8221;row&#8221; use_row_as_full_screen_section=&#8221;no&#8221; type=&#8221;grid&#8221; angled_section=&#8221;no&#8221; text_align=&#8221;left&#8221; background_image_as_pattern=&#8221;without_pattern&#8221; el_class=&#8221;paddingOn paddingovm&#8221; z_index=&#8221;&#8221;][vc_column css=&#8221;.vc_custom_1462809083421{margin-top: 90px !important;}&#8221;][vc_column_text] \u062f\u0639\u0645 \u0634\u062e\u0635\u064a \u0648\u0645\u0646\u062a\u062c\u0627\u062a \u0645\u0635\u0645\u0645\u0629 \u062e\u0635\u064a\u0635\u064b\u0627 \u0644\u0643\u0645 \u062a\u0642\u062f\u0645 \u0634\u0631\u0643\u0629 Lesaffre \u0641\u064a \u0627\u0644\u062c\u0632\u0627\u0626\u0631 \u0645\u0646\u062a\u0648\u062c\u0627\u062a \u0634\u0627\u0645\u0644\u0629 \u0644\u0645\u0635\u0646\u0639\u064a \u0627\u0644\u0645\u062e\u0628\u0648\u0632\u0627\u062a. \u062a\u0639\u062a\u0645\u062f \u062e\u0628\u0631\u062a\u0646\u0627 \u0627\u0644\u0635\u0646\u0627\u0639\u064a\u0629&#8230;<\/p>\n","protected":false},"author":1,"featured_media":0,"parent":22771,"menu_order":0,"comment_status":"closed","ping_status":"closed","template":"full_width.php","meta":{"footnotes":""},"class_list":["post-22512","page","type-page","status-publish","hentry"],"yoast_head":"<!-- This site is optimized with the Yoast SEO Premium plugin v22.3 (Yoast SEO v27.4) - https:\/\/yoast.com\/product\/yoast-seo-premium-wordpress\/ -->\n<title>\u0627\u0644\u0645\u0635\u0646\u0650\u0651\u0639 - Lesaffre \u0641\u064a \u0627\u0644\u062c\u0632\u0627\u0626\u0631<\/title>\n<meta name=\"description\" content=\"Pour r\u00e9pondre \u00e0 vos process uniques, nos \u00e9quipes con\u00e7oivent et \u00e9laborent des levures et autres solutions de fermentation adapt\u00e9es sp\u00e9cialement \u00e0 vos proc\u00e9d\u00e9s.\" \/>\n<meta name=\"robots\" content=\"index, follow, max-snippet:-1, max-image-preview:large, max-video-preview:-1\" \/>\n<link rel=\"canonical\" href=\"https:\/\/lesaffre-algerie.com\/ar\/\u0648\u0638\u064a\u0641\u062a\u0643\u0645\/\u0627\u0644\u0645\u0635\u0646\u0650\u0651\u0639\/\" \/>\n<meta property=\"og:locale\" content=\"ar_AR\" \/>\n<meta property=\"og:type\" content=\"article\" \/>\n<meta property=\"og:title\" content=\"\u0627\u0644\u0645\u0635\u0646\u0650\u0651\u0639\" \/>\n<meta property=\"og:description\" content=\"Pour r\u00e9pondre \u00e0 vos process uniques, nos \u00e9quipes con\u00e7oivent et \u00e9laborent des levures et autres solutions de fermentation adapt\u00e9es sp\u00e9cialement \u00e0 vos proc\u00e9d\u00e9s.\" \/>\n<meta property=\"og:url\" content=\"https:\/\/lesaffre-algerie.com\/ar\/\u0648\u0638\u064a\u0641\u062a\u0643\u0645\/\u0627\u0644\u0645\u0635\u0646\u0650\u0651\u0639\/\" \/>\n<meta property=\"og:site_name\" content=\"LESAFFRE Alg\u00e9rie\" \/>\n<meta property=\"article:modified_time\" content=\"2019-01-21T13:27:56+00:00\" \/>\n<meta name=\"twitter:card\" content=\"summary_large_image\" \/>\n<meta name=\"twitter:label1\" content=\"\u0648\u0642\u062a \u0627\u0644\u0642\u0631\u0627\u0621\u0629 \u0627\u0644\u0645\u064f\u0642\u062f\u0651\u0631\" \/>\n\t<meta name=\"twitter:data1\" content=\"\u062f\u0642\u064a\u0642\u062a\u0627\u0646\" \/>\n<script type=\"application\/ld+json\" class=\"yoast-schema-graph\">{\"@context\":\"https:\\\/\\\/schema.org\",\"@graph\":[{\"@type\":\"WebPage\",\"@id\":\"https:\\\/\\\/lesaffre-algerie.com\\\/ar\\\/%d9%88%d8%b8%d9%8a%d9%81%d8%aa%d9%83%d9%85\\\/%d8%a7%d9%84%d9%85%d8%b5%d9%86%d9%90%d9%91%d8%b9\\\/\",\"url\":\"https:\\\/\\\/lesaffre-algerie.com\\\/ar\\\/%d9%88%d8%b8%d9%8a%d9%81%d8%aa%d9%83%d9%85\\\/%d8%a7%d9%84%d9%85%d8%b5%d9%86%d9%90%d9%91%d8%b9\\\/\",\"name\":\"\u0627\u0644\u0645\u0635\u0646\u0650\u0651\u0639 - Lesaffre \u0641\u064a \u0627\u0644\u062c\u0632\u0627\u0626\u0631\",\"isPartOf\":{\"@id\":\"https:\\\/\\\/lesaffre-algerie.com\\\/fr\\\/#website\"},\"datePublished\":\"2016-11-05T17:51:36+00:00\",\"dateModified\":\"2019-01-21T13:27:56+00:00\",\"description\":\"Pour r\u00e9pondre \u00e0 vos process uniques, nos \u00e9quipes con\u00e7oivent et \u00e9laborent des levures et autres solutions de fermentation adapt\u00e9es sp\u00e9cialement \u00e0 vos proc\u00e9d\u00e9s.\",\"breadcrumb\":{\"@id\":\"https:\\\/\\\/lesaffre-algerie.com\\\/ar\\\/%d9%88%d8%b8%d9%8a%d9%81%d8%aa%d9%83%d9%85\\\/%d8%a7%d9%84%d9%85%d8%b5%d9%86%d9%90%d9%91%d8%b9\\\/#breadcrumb\"},\"inLanguage\":\"ar\",\"potentialAction\":[{\"@type\":\"ReadAction\",\"target\":[\"https:\\\/\\\/lesaffre-algerie.com\\\/ar\\\/%d9%88%d8%b8%d9%8a%d9%81%d8%aa%d9%83%d9%85\\\/%d8%a7%d9%84%d9%85%d8%b5%d9%86%d9%90%d9%91%d8%b9\\\/\"]}]},{\"@type\":\"BreadcrumbList\",\"@id\":\"https:\\\/\\\/lesaffre-algerie.com\\\/ar\\\/%d9%88%d8%b8%d9%8a%d9%81%d8%aa%d9%83%d9%85\\\/%d8%a7%d9%84%d9%85%d8%b5%d9%86%d9%90%d9%91%d8%b9\\\/#breadcrumb\",\"itemListElement\":[{\"@type\":\"ListItem\",\"position\":1,\"name\":\"Accueil\",\"item\":\"https:\\\/\\\/lesaffre-algerie.com\\\/ar\\\/\"},{\"@type\":\"ListItem\",\"position\":2,\"name\":\"\u0648\u0638\u064a\u0641\u062a\u0643\u0645\",\"item\":\"https:\\\/\\\/lesaffre-algerie.com\\\/ar\\\/%d9%88%d8%b8%d9%8a%d9%81%d8%aa%d9%83%d9%85\\\/\"},{\"@type\":\"ListItem\",\"position\":3,\"name\":\"\u0627\u0644\u0645\u0635\u0646\u0650\u0651\u0639\"}]},{\"@type\":\"WebSite\",\"@id\":\"https:\\\/\\\/lesaffre-algerie.com\\\/fr\\\/#website\",\"url\":\"https:\\\/\\\/lesaffre-algerie.com\\\/fr\\\/\",\"name\":\"LESAFFRE Alg\u00e9rie\",\"description\":\"Levures de cuisson, am\u00e9liorants pour le pain et sant\u00e9\",\"potentialAction\":[{\"@type\":\"SearchAction\",\"target\":{\"@type\":\"EntryPoint\",\"urlTemplate\":\"https:\\\/\\\/lesaffre-algerie.com\\\/fr\\\/?s={search_term_string}\"},\"query-input\":{\"@type\":\"PropertyValueSpecification\",\"valueRequired\":true,\"valueName\":\"search_term_string\"}}],\"inLanguage\":\"ar\"}]}<\/script>\n<!-- \/ Yoast SEO Premium plugin. -->","yoast_head_json":{"title":"\u0627\u0644\u0645\u0635\u0646\u0650\u0651\u0639 - Lesaffre \u0641\u064a \u0627\u0644\u062c\u0632\u0627\u0626\u0631","description":"Pour r\u00e9pondre \u00e0 vos process uniques, nos \u00e9quipes con\u00e7oivent et \u00e9laborent des levures et autres solutions de fermentation adapt\u00e9es sp\u00e9cialement \u00e0 vos proc\u00e9d\u00e9s.","robots":{"index":"index","follow":"follow","max-snippet":"max-snippet:-1","max-image-preview":"max-image-preview:large","max-video-preview":"max-video-preview:-1"},"canonical":"https:\/\/lesaffre-algerie.com\/ar\/\u0648\u0638\u064a\u0641\u062a\u0643\u0645\/\u0627\u0644\u0645\u0635\u0646\u0650\u0651\u0639\/","og_locale":"ar_AR","og_type":"article","og_title":"\u0627\u0644\u0645\u0635\u0646\u0650\u0651\u0639","og_description":"Pour r\u00e9pondre \u00e0 vos process uniques, nos \u00e9quipes con\u00e7oivent et \u00e9laborent des levures et autres solutions de fermentation adapt\u00e9es sp\u00e9cialement \u00e0 vos proc\u00e9d\u00e9s.","og_url":"https:\/\/lesaffre-algerie.com\/ar\/\u0648\u0638\u064a\u0641\u062a\u0643\u0645\/\u0627\u0644\u0645\u0635\u0646\u0650\u0651\u0639\/","og_site_name":"LESAFFRE Alg\u00e9rie","article_modified_time":"2019-01-21T13:27:56+00:00","twitter_card":"summary_large_image","twitter_misc":{"\u0648\u0642\u062a \u0627\u0644\u0642\u0631\u0627\u0621\u0629 \u0627\u0644\u0645\u064f\u0642\u062f\u0651\u0631":"\u062f\u0642\u064a\u0642\u062a\u0627\u0646"},"schema":{"@context":"https:\/\/schema.org","@graph":[{"@type":"WebPage","@id":"https:\/\/lesaffre-algerie.com\/ar\/%d9%88%d8%b8%d9%8a%d9%81%d8%aa%d9%83%d9%85\/%d8%a7%d9%84%d9%85%d8%b5%d9%86%d9%90%d9%91%d8%b9\/","url":"https:\/\/lesaffre-algerie.com\/ar\/%d9%88%d8%b8%d9%8a%d9%81%d8%aa%d9%83%d9%85\/%d8%a7%d9%84%d9%85%d8%b5%d9%86%d9%90%d9%91%d8%b9\/","name":"\u0627\u0644\u0645\u0635\u0646\u0650\u0651\u0639 - Lesaffre \u0641\u064a \u0627\u0644\u062c\u0632\u0627\u0626\u0631","isPartOf":{"@id":"https:\/\/lesaffre-algerie.com\/fr\/#website"},"datePublished":"2016-11-05T17:51:36+00:00","dateModified":"2019-01-21T13:27:56+00:00","description":"Pour r\u00e9pondre \u00e0 vos process uniques, nos \u00e9quipes con\u00e7oivent et \u00e9laborent des levures et autres solutions de fermentation adapt\u00e9es sp\u00e9cialement \u00e0 vos proc\u00e9d\u00e9s.","breadcrumb":{"@id":"https:\/\/lesaffre-algerie.com\/ar\/%d9%88%d8%b8%d9%8a%d9%81%d8%aa%d9%83%d9%85\/%d8%a7%d9%84%d9%85%d8%b5%d9%86%d9%90%d9%91%d8%b9\/#breadcrumb"},"inLanguage":"ar","potentialAction":[{"@type":"ReadAction","target":["https:\/\/lesaffre-algerie.com\/ar\/%d9%88%d8%b8%d9%8a%d9%81%d8%aa%d9%83%d9%85\/%d8%a7%d9%84%d9%85%d8%b5%d9%86%d9%90%d9%91%d8%b9\/"]}]},{"@type":"BreadcrumbList","@id":"https:\/\/lesaffre-algerie.com\/ar\/%d9%88%d8%b8%d9%8a%d9%81%d8%aa%d9%83%d9%85\/%d8%a7%d9%84%d9%85%d8%b5%d9%86%d9%90%d9%91%d8%b9\/#breadcrumb","itemListElement":[{"@type":"ListItem","position":1,"name":"Accueil","item":"https:\/\/lesaffre-algerie.com\/ar\/"},{"@type":"ListItem","position":2,"name":"\u0648\u0638\u064a\u0641\u062a\u0643\u0645","item":"https:\/\/lesaffre-algerie.com\/ar\/%d9%88%d8%b8%d9%8a%d9%81%d8%aa%d9%83%d9%85\/"},{"@type":"ListItem","position":3,"name":"\u0627\u0644\u0645\u0635\u0646\u0650\u0651\u0639"}]},{"@type":"WebSite","@id":"https:\/\/lesaffre-algerie.com\/fr\/#website","url":"https:\/\/lesaffre-algerie.com\/fr\/","name":"LESAFFRE Alg\u00e9rie","description":"Levures de cuisson, am\u00e9liorants pour le pain et sant\u00e9","potentialAction":[{"@type":"SearchAction","target":{"@type":"EntryPoint","urlTemplate":"https:\/\/lesaffre-algerie.com\/fr\/?s={search_term_string}"},"query-input":{"@type":"PropertyValueSpecification","valueRequired":true,"valueName":"search_term_string"}}],"inLanguage":"ar"}]}},"_links":{"self":[{"href":"https:\/\/lesaffre-algerie.com\/ar\/wp-json\/wp\/v2\/pages\/22512","targetHints":{"allow":["GET"]}}],"collection":[{"href":"https:\/\/lesaffre-algerie.com\/ar\/wp-json\/wp\/v2\/pages"}],"about":[{"href":"https:\/\/lesaffre-algerie.com\/ar\/wp-json\/wp\/v2\/types\/page"}],"author":[{"embeddable":true,"href":"https:\/\/lesaffre-algerie.com\/ar\/wp-json\/wp\/v2\/users\/1"}],"replies":[{"embeddable":true,"href":"https:\/\/lesaffre-algerie.com\/ar\/wp-json\/wp\/v2\/comments?post=22512"}],"version-history":[{"count":0,"href":"https:\/\/lesaffre-algerie.com\/ar\/wp-json\/wp\/v2\/pages\/22512\/revisions"}],"up":[{"embeddable":true,"href":"https:\/\/lesaffre-algerie.com\/ar\/wp-json\/wp\/v2\/pages\/22771"}],"wp:attachment":[{"href":"https:\/\/lesaffre-algerie.com\/ar\/wp-json\/wp\/v2\/media?parent=22512"}],"curies":[{"name":"wp","href":"https:\/\/api.w.org\/{rel}","templated":true}]}}