{"id":22535,"date":"2017-05-16T17:55:02","date_gmt":"2017-05-16T15:55:02","guid":{"rendered":"http:\/\/lesaffre-algerie.com\/fabricant-de-pizza\/"},"modified":"2019-05-14T22:54:24","modified_gmt":"2019-05-14T20:54:24","slug":"%d9%85%d9%8f%d8%b5%d9%86%d9%90%d9%91%d8%b9-%d8%a7%d9%84%d8%a8%d9%8a%d8%aa%d8%b2%d8%a7","status":"publish","type":"page","link":"https:\/\/lesaffre-algerie.com\/ar\/%d9%88%d8%b8%d9%8a%d9%81%d8%aa%d9%83%d9%85\/%d9%85%d9%8f%d8%b5%d9%86%d9%90%d9%91%d8%b9-%d8%a7%d9%84%d8%a8%d9%8a%d8%aa%d8%b2%d8%a7\/","title":{"rendered":"\u0645\u064f\u0635\u0646\u0650\u0651\u0639 \u0627\u0644\u0628\u064a\u062a\u0632\u0627"},"content":{"rendered":"<div class=\"wpb-content-wrapper\"><p>[vc_row row_type=&#8221;parallax&#8221; parallax_content_width=&#8221;in_grid&#8221; text_align=&#8221;left&#8221; background_image=&#8221;21962&#8243; full_screen_section_height=&#8221;no&#8221; css=&#8221;.vc_custom_1544433862293{padding-top: 0px !important;padding-bottom: 0px !important;}&#8221;][vc_column][vc_separator type=&#8221;transparent&#8221; up=&#8221;200&#8243; down=&#8221;200&#8243;][\/vc_column][\/vc_row][vc_row css_animation=&#8221;&#8221; row_type=&#8221;row&#8221; use_row_as_full_screen_section=&#8221;no&#8221; type=&#8221;grid&#8221; angled_section=&#8221;no&#8221; text_align=&#8221;left&#8221; background_image_as_pattern=&#8221;without_pattern&#8221; el_class=&#8221;paddingOn&#8221;][vc_column width=&#8221;1\/2&#8243;][vc_single_image image=&#8221;22474&#8243; img_size=&#8221;full&#8221; qode_css_animation=&#8221;&#8221;][\/vc_column][vc_column width=&#8221;1\/2&#8243;][vc_column_text]<\/p>\n<h2 style=\"text-align: right;\">\u0646\u0631\u0627\u0641\u0642\u0643\u0645 \u0641\u064a \u0645\u0634\u0627\u0631\u064a\u0639\u0643\u0645<\/h2>\n<p style=\"text-align: right;\">\u0647\u062f\u0641 Lesaffre \u0627\u0644\u062c\u0632\u0627\u0626\u0631 \u0628\u0633\u064a\u0637: \u0645\u0633\u0627\u0639\u062f\u062a\u0643\u0645 \u0639\u0644\u0649 \u0625\u0639\u062f\u0627\u062f \u0623\u064a \u0639\u062c\u064a\u0646 \u0628\u064a\u062a\u0632\u0627 \u0628\u0646\u062c\u0627\u062d \u0645\u0639 \u0627\u0643\u062a\u0633\u0627\u0628 \u0627\u0644\u0643\u0641\u0627\u0621\u0629. \u0644\u0645\u0648\u0627\u0643\u0628\u0629 \u0645\u062a\u0637\u0644\u0628\u0627\u062a \u0627\u0644\u0645\u0633\u062a\u0647\u0644\u0643\u064a\u0646\u060c \u0646\u062d\u0646 \u0646\u062a\u0643\u064a\u0641 \u0628\u0627\u0633\u062a\u0645\u0631\u0627\u0631 \u0648\u0646\u0637\u0648\u0631 \u0645\u0646\u062a\u062c\u0627\u062a\u0646\u0627 \u0648\u0641\u0642 \u0645\u062a\u0637\u0644\u0628\u0627\u062a \u0627\u0644\u0633\u0648\u0642 \u0648\u0625\u0628\u062f\u0627\u0639 \u0627\u0644\u0645\u0647\u0646\u064a\u064a\u0646.<\/p>\n<p>[\/vc_column_text][\/vc_column][\/vc_row][vc_row css_animation=&#8221;&#8221; row_type=&#8221;row&#8221; use_row_as_full_screen_section=&#8221;no&#8221; type=&#8221;grid&#8221; angled_section=&#8221;no&#8221; text_align=&#8221;left&#8221; background_image_as_pattern=&#8221;without_pattern&#8221; el_class=&#8221;paddingOn&#8221;][vc_column width=&#8221;1\/2&#8243;][vc_column_text]<\/p>\n<h2 style=\"text-align: right;\">\u0646\u0633\u0627\u0639\u062f\u0643\u0645 \u0639\u0644\u0649 \u0627\u0644\u062a\u062d\u0643\u0645 \u0641\u064a \u0639\u062c\u064a\u0646\u0629 \u0627\u0644\u0628\u064a\u062a\u0632\u0627<\/h2>\n<p style=\"text-align: right;\">\u064a\u0631\u0627\u0641\u0642 Lesaffre \u0641\u064a \u0627\u0644\u062c\u0632\u0627\u0626\u0631 \u0645\u0635\u0646\u0639\u064a \u0627\u0644\u0628\u064a\u062a\u0632\u0627 \u0628\u0645\u0646\u062a\u062c\u0627\u062a \u0639\u0627\u0644\u064a\u0629 \u0627\u0644\u062c\u0648\u062f\u0629 \u0644\u0628\u064a\u062a\u0632\u0627 \u0644\u0630\u064a\u0630\u0629. \u0633\u0648\u0627\u0621 \u0643\u0627\u0646\u062a \u0627\u0644\u0639\u062c\u064a\u0646\u0629 \u0631\u0642\u064a\u0642\u0629 \u0623\u0648 \u0633\u0645\u064a\u0643\u0629 \u0623\u0648 \u0643\u0644\u0627\u0633\u064a\u0643\u064a\u0629 \u0623\u0648 \u0628\u0631\u064a\u0648\u0634 &#8230; \u0646\u062d\u0646 \u0646\u0642\u062f\u0645 \u062d\u0644\u0648\u0644\u0627\u064b \u0644\u062a\u0644\u0628\u064a\u0629 \u0623\u0630\u0648\u0627\u0642 \u0627\u0644\u0645\u0633\u062a\u0647\u0644\u0643\u064a\u0646.<\/p>\n<p>[\/vc_column_text][\/vc_column][vc_column width=&#8221;1\/2&#8243;][vc_single_image image=&#8221;22349&#8243; img_size=&#8221;full&#8221; qode_css_animation=&#8221;&#8221;][\/vc_column][\/vc_row][vc_row css_animation=&#8221;&#8221; row_type=&#8221;row&#8221; use_row_as_full_screen_section=&#8221;no&#8221; type=&#8221;grid&#8221; angled_section=&#8221;no&#8221; text_align=&#8221;left&#8221; background_image_as_pattern=&#8221;without_pattern&#8221; el_class=&#8221;paddingOn&#8221;][vc_column width=&#8221;1\/2&#8243;][vc_single_image image=&#8221;23018&#8243; img_size=&#8221;full&#8221; qode_css_animation=&#8221;&#8221;][\/vc_column][vc_column width=&#8221;1\/2&#8243;][vc_column_text]<\/p>\n<h2 style=\"text-align: right;\">\u062a\u062d\u0641\u064a\u0632 \u0625\u0644\u0647\u0627\u0645\u0643\u0645 \u0644\u064a\u0635\u0628\u062d \u0625\u0628\u062f\u0627\u0639\u0643\u0645 \u062d\u0642\u064a\u0642\u0629<\/h2>\n<p style=\"text-align: right;\">\u064a\u0642\u062f\u0645 \u0644\u0643\u0645 \u0645\u0631\u0643\u0632 Baking Center \u2122 \u0645\u062c\u0645\u0648\u0639\u0629 \u0645\u0646 \u0627\u0644\u062e\u062f\u0645\u0627\u062a \u0630\u0627\u062a \u0627\u0644\u0642\u064a\u0645\u0629 \u0627\u0644\u0645\u0636\u0627\u0641\u0629 \u0648\u0627\u0644\u0625\u0646\u062c\u0627\u0632\u0627\u062a \u0627\u0644\u062a\u064a \u062a\u0645\u064a\u0632\u0643\u0645 \u0641\u064a \u0633\u0648\u0642 \u0627\u0644\u0628\u064a\u062a\u0632\u0627:<\/p>\n<p style=\"text-align: right;\">\u2022 \u062a\u0643\u0648\u064a\u0646 \u0634\u062e\u0635\u064a \u0641\u064a \u2122 Baking Center \u0623\u0648 \u0641\u064a \u0623\u0645\u0627\u0643\u0646 \u0639\u0645\u0644\u0643\u0645<br \/>\n\u2022 \u062a\u062d\u0644\u064a\u0644 \u062d\u0633\u064a \u0644\u062a\u0644\u0628\u064a\u0629 \u062a\u0648\u0642\u0639\u0627\u062a \u0627\u0644\u0645\u0633\u062a\u0647\u0644\u0643<br \/>\n\u2022 \u0627\u0644\u0645\u0633\u0627\u0639\u062f\u0629 \u0627\u0644\u062a\u0642\u0646\u064a\u0629 \u0644\u062a\u062d\u0633\u064a\u0646 \u0627\u0646\u062a\u0627\u062c\u0643\u0645 \u0648\u0643\u0641\u0627\u0621\u062a\u0643\u0645<\/p>\n<p>[\/vc_column_text][\/vc_column][\/vc_row][vc_row css_animation=&#8221;&#8221; row_type=&#8221;row&#8221; use_row_as_full_screen_section=&#8221;no&#8221; type=&#8221;full_width&#8221; angled_section=&#8221;no&#8221; text_align=&#8221;left&#8221; background_image_as_pattern=&#8221;without_pattern&#8221; css=&#8221;.vc_custom_1461300994012{background-color: #e0e0e0 !important;}&#8221;][vc_column][vc_row_inner row_type=&#8221;row&#8221; type=&#8221;grid&#8221; text_align=&#8221;center&#8221; css_animation=&#8221;element_from_fade&#8221;][vc_column_inner][vc_column_text]<\/p>\n<h2 style=\"color: #4d4d4c; font-size: 51px; font-weight: 900; text-transform: none; text-align: center; line-height: 1.25em;\">\u0627\u062a\u0635\u0627\u0644<\/h2>\n<p>[\/vc_column_text][vc_column_text]<\/p>\n<p style=\"text-align: center;\">\u0647\u0644 \u062a\u0631\u064a\u062f \u0645\u0639\u0631\u0641\u0629 \u0627\u0644\u0645\u0632\u064a\u062f \u0639\u0646 \u062d\u0644\u0648\u0644\u0646\u0627 \u0644\u0635\u0646\u0639 \u0627\u0644\u062e\u0628\u0632\u061f<\/p>\n<p>[\/vc_column_text][vc_separator type=&#8221;transparent&#8221; up=&#8221;10&#8243; down=&#8221;10&#8243;]<a  itemprop=\"url\" href=\"\/ar\/\u0627\u062a\u0635\u0627\u0644\/\" target=\"_self\" data-hover-background-color=#ffffff data-hover-border-color=#000000 data-hover-color=#000000 class=\"qbutton  center default\" style=\"color: #ffffff; border-color: #164189; margin: auto 0px auto 0px; border-radius: 0px;-moz-border-radius: 0px;-webkit-border-radius: 0px; background-color: #164189;\">\u0627\u062a\u0635\u0644\u0648\u0627 \u0628\u0646\u0627<\/a>[\/vc_column_inner][\/vc_row_inner][\/vc_column][\/vc_row]<\/p>\n<\/div>","protected":false},"excerpt":{"rendered":"<p>[vc_row row_type=&#8221;parallax&#8221; parallax_content_width=&#8221;in_grid&#8221; text_align=&#8221;left&#8221; background_image=&#8221;21962&#8243; full_screen_section_height=&#8221;no&#8221; css=&#8221;.vc_custom_1544433862293{padding-top: 0px !important;padding-bottom: 0px !important;}&#8221;][vc_column][vc_separator type=&#8221;transparent&#8221; up=&#8221;200&#8243; down=&#8221;200&#8243;][\/vc_column][\/vc_row][vc_row css_animation=&#8221;&#8221; row_type=&#8221;row&#8221; use_row_as_full_screen_section=&#8221;no&#8221; type=&#8221;grid&#8221; angled_section=&#8221;no&#8221; text_align=&#8221;left&#8221; background_image_as_pattern=&#8221;without_pattern&#8221; el_class=&#8221;paddingOn&#8221;][vc_column width=&#8221;1\/2&#8243;][vc_single_image image=&#8221;22474&#8243; img_size=&#8221;full&#8221; qode_css_animation=&#8221;&#8221;][\/vc_column][vc_column width=&#8221;1\/2&#8243;][vc_column_text] \u0646\u0631\u0627\u0641\u0642\u0643\u0645 \u0641\u064a \u0645\u0634\u0627\u0631\u064a\u0639\u0643\u0645 \u0647\u062f\u0641 Lesaffre \u0627\u0644\u062c\u0632\u0627\u0626\u0631 \u0628\u0633\u064a\u0637: \u0645\u0633\u0627\u0639\u062f\u062a\u0643\u0645 \u0639\u0644\u0649 \u0625\u0639\u062f\u0627\u062f \u0623\u064a \u0639\u062c\u064a\u0646 \u0628\u064a\u062a\u0632\u0627 \u0628\u0646\u062c\u0627\u062d \u0645\u0639 \u0627\u0643\u062a\u0633\u0627\u0628 \u0627\u0644\u0643\u0641\u0627\u0621\u0629. \u0644\u0645\u0648\u0627\u0643\u0628\u0629&#8230;<\/p>\n","protected":false},"author":1,"featured_media":0,"parent":22771,"menu_order":0,"comment_status":"closed","ping_status":"closed","template":"full_width.php","meta":{"footnotes":""},"class_list":["post-22535","page","type-page","status-publish","hentry"],"yoast_head":"<!-- This site is optimized with the Yoast SEO Premium plugin v22.3 (Yoast SEO v27.5) - https:\/\/yoast.com\/product\/yoast-seo-premium-wordpress\/ -->\n<title>\u0645\u064f\u0635\u0646\u0650\u0651\u0639 \u0627\u0644\u0628\u064a\u062a\u0632\u0627 - Lesaffre \u0641\u064a \u0627\u0644\u062c\u0632\u0627\u0626\u0631<\/title>\n<meta name=\"description\" content=\"Pr\u00e9parez avec succ\u00e8s n&#039;importe quelle p\u00e2te \u00e0 pizza gr\u00e2ce aux produits Lesaffre et \u00e0 notre accompagnement\" \/>\n<meta name=\"robots\" content=\"index, follow, max-snippet:-1, max-image-preview:large, max-video-preview:-1\" \/>\n<link rel=\"canonical\" href=\"https:\/\/lesaffre-algerie.com\/ar\/\u0648\u0638\u064a\u0641\u062a\u0643\u0645\/\u0645\u064f\u0635\u0646\u0650\u0651\u0639-\u0627\u0644\u0628\u064a\u062a\u0632\u0627\/\" \/>\n<meta property=\"og:locale\" content=\"ar_AR\" \/>\n<meta property=\"og:type\" content=\"article\" \/>\n<meta property=\"og:title\" content=\"\u0645\u064f\u0635\u0646\u0650\u0651\u0639 \u0627\u0644\u0628\u064a\u062a\u0632\u0627\" \/>\n<meta property=\"og:description\" content=\"Pr\u00e9parez avec succ\u00e8s n&#039;importe quelle p\u00e2te \u00e0 pizza gr\u00e2ce aux produits Lesaffre et \u00e0 notre accompagnement\" \/>\n<meta property=\"og:url\" content=\"https:\/\/lesaffre-algerie.com\/ar\/\u0648\u0638\u064a\u0641\u062a\u0643\u0645\/\u0645\u064f\u0635\u0646\u0650\u0651\u0639-\u0627\u0644\u0628\u064a\u062a\u0632\u0627\/\" \/>\n<meta property=\"og:site_name\" content=\"LESAFFRE Alg\u00e9rie\" \/>\n<meta property=\"article:modified_time\" content=\"2019-05-14T20:54:24+00:00\" \/>\n<meta name=\"twitter:card\" content=\"summary_large_image\" \/>\n<meta name=\"twitter:label1\" content=\"\u0648\u0642\u062a \u0627\u0644\u0642\u0631\u0627\u0621\u0629 \u0627\u0644\u0645\u064f\u0642\u062f\u0651\u0631\" \/>\n\t<meta name=\"twitter:data1\" content=\"\u062f\u0642\u064a\u0642\u062a\u0627\u0646\" \/>\n<script type=\"application\/ld+json\" class=\"yoast-schema-graph\">{\"@context\":\"https:\\\/\\\/schema.org\",\"@graph\":[{\"@type\":\"WebPage\",\"@id\":\"https:\\\/\\\/lesaffre-algerie.com\\\/ar\\\/%d9%88%d8%b8%d9%8a%d9%81%d8%aa%d9%83%d9%85\\\/%d9%85%d9%8f%d8%b5%d9%86%d9%90%d9%91%d8%b9-%d8%a7%d9%84%d8%a8%d9%8a%d8%aa%d8%b2%d8%a7\\\/\",\"url\":\"https:\\\/\\\/lesaffre-algerie.com\\\/ar\\\/%d9%88%d8%b8%d9%8a%d9%81%d8%aa%d9%83%d9%85\\\/%d9%85%d9%8f%d8%b5%d9%86%d9%90%d9%91%d8%b9-%d8%a7%d9%84%d8%a8%d9%8a%d8%aa%d8%b2%d8%a7\\\/\",\"name\":\"\u0645\u064f\u0635\u0646\u0650\u0651\u0639 \u0627\u0644\u0628\u064a\u062a\u0632\u0627 - Lesaffre \u0641\u064a \u0627\u0644\u062c\u0632\u0627\u0626\u0631\",\"isPartOf\":{\"@id\":\"https:\\\/\\\/lesaffre-algerie.com\\\/fr\\\/#website\"},\"datePublished\":\"2017-05-16T15:55:02+00:00\",\"dateModified\":\"2019-05-14T20:54:24+00:00\",\"description\":\"Pr\u00e9parez avec succ\u00e8s n'importe quelle p\u00e2te \u00e0 pizza gr\u00e2ce aux produits Lesaffre et \u00e0 notre accompagnement\",\"breadcrumb\":{\"@id\":\"https:\\\/\\\/lesaffre-algerie.com\\\/ar\\\/%d9%88%d8%b8%d9%8a%d9%81%d8%aa%d9%83%d9%85\\\/%d9%85%d9%8f%d8%b5%d9%86%d9%90%d9%91%d8%b9-%d8%a7%d9%84%d8%a8%d9%8a%d8%aa%d8%b2%d8%a7\\\/#breadcrumb\"},\"inLanguage\":\"ar\",\"potentialAction\":[{\"@type\":\"ReadAction\",\"target\":[\"https:\\\/\\\/lesaffre-algerie.com\\\/ar\\\/%d9%88%d8%b8%d9%8a%d9%81%d8%aa%d9%83%d9%85\\\/%d9%85%d9%8f%d8%b5%d9%86%d9%90%d9%91%d8%b9-%d8%a7%d9%84%d8%a8%d9%8a%d8%aa%d8%b2%d8%a7\\\/\"]}]},{\"@type\":\"BreadcrumbList\",\"@id\":\"https:\\\/\\\/lesaffre-algerie.com\\\/ar\\\/%d9%88%d8%b8%d9%8a%d9%81%d8%aa%d9%83%d9%85\\\/%d9%85%d9%8f%d8%b5%d9%86%d9%90%d9%91%d8%b9-%d8%a7%d9%84%d8%a8%d9%8a%d8%aa%d8%b2%d8%a7\\\/#breadcrumb\",\"itemListElement\":[{\"@type\":\"ListItem\",\"position\":1,\"name\":\"Accueil\",\"item\":\"https:\\\/\\\/lesaffre-algerie.com\\\/ar\\\/\"},{\"@type\":\"ListItem\",\"position\":2,\"name\":\"\u0648\u0638\u064a\u0641\u062a\u0643\u0645\",\"item\":\"https:\\\/\\\/lesaffre-algerie.com\\\/ar\\\/%d9%88%d8%b8%d9%8a%d9%81%d8%aa%d9%83%d9%85\\\/\"},{\"@type\":\"ListItem\",\"position\":3,\"name\":\"\u0645\u064f\u0635\u0646\u0650\u0651\u0639 \u0627\u0644\u0628\u064a\u062a\u0632\u0627\"}]},{\"@type\":\"WebSite\",\"@id\":\"https:\\\/\\\/lesaffre-algerie.com\\\/fr\\\/#website\",\"url\":\"https:\\\/\\\/lesaffre-algerie.com\\\/fr\\\/\",\"name\":\"LESAFFRE Alg\u00e9rie\",\"description\":\"Levures de cuisson, am\u00e9liorants pour le pain et sant\u00e9\",\"potentialAction\":[{\"@type\":\"SearchAction\",\"target\":{\"@type\":\"EntryPoint\",\"urlTemplate\":\"https:\\\/\\\/lesaffre-algerie.com\\\/fr\\\/?s={search_term_string}\"},\"query-input\":{\"@type\":\"PropertyValueSpecification\",\"valueRequired\":true,\"valueName\":\"search_term_string\"}}],\"inLanguage\":\"ar\"}]}<\/script>\n<!-- \/ Yoast SEO Premium plugin. -->","yoast_head_json":{"title":"\u0645\u064f\u0635\u0646\u0650\u0651\u0639 \u0627\u0644\u0628\u064a\u062a\u0632\u0627 - Lesaffre \u0641\u064a \u0627\u0644\u062c\u0632\u0627\u0626\u0631","description":"Pr\u00e9parez avec succ\u00e8s n'importe quelle p\u00e2te \u00e0 pizza gr\u00e2ce aux produits Lesaffre et \u00e0 notre accompagnement","robots":{"index":"index","follow":"follow","max-snippet":"max-snippet:-1","max-image-preview":"max-image-preview:large","max-video-preview":"max-video-preview:-1"},"canonical":"https:\/\/lesaffre-algerie.com\/ar\/\u0648\u0638\u064a\u0641\u062a\u0643\u0645\/\u0645\u064f\u0635\u0646\u0650\u0651\u0639-\u0627\u0644\u0628\u064a\u062a\u0632\u0627\/","og_locale":"ar_AR","og_type":"article","og_title":"\u0645\u064f\u0635\u0646\u0650\u0651\u0639 \u0627\u0644\u0628\u064a\u062a\u0632\u0627","og_description":"Pr\u00e9parez avec succ\u00e8s n'importe quelle p\u00e2te \u00e0 pizza gr\u00e2ce aux produits Lesaffre et \u00e0 notre accompagnement","og_url":"https:\/\/lesaffre-algerie.com\/ar\/\u0648\u0638\u064a\u0641\u062a\u0643\u0645\/\u0645\u064f\u0635\u0646\u0650\u0651\u0639-\u0627\u0644\u0628\u064a\u062a\u0632\u0627\/","og_site_name":"LESAFFRE Alg\u00e9rie","article_modified_time":"2019-05-14T20:54:24+00:00","twitter_card":"summary_large_image","twitter_misc":{"\u0648\u0642\u062a \u0627\u0644\u0642\u0631\u0627\u0621\u0629 \u0627\u0644\u0645\u064f\u0642\u062f\u0651\u0631":"\u062f\u0642\u064a\u0642\u062a\u0627\u0646"},"schema":{"@context":"https:\/\/schema.org","@graph":[{"@type":"WebPage","@id":"https:\/\/lesaffre-algerie.com\/ar\/%d9%88%d8%b8%d9%8a%d9%81%d8%aa%d9%83%d9%85\/%d9%85%d9%8f%d8%b5%d9%86%d9%90%d9%91%d8%b9-%d8%a7%d9%84%d8%a8%d9%8a%d8%aa%d8%b2%d8%a7\/","url":"https:\/\/lesaffre-algerie.com\/ar\/%d9%88%d8%b8%d9%8a%d9%81%d8%aa%d9%83%d9%85\/%d9%85%d9%8f%d8%b5%d9%86%d9%90%d9%91%d8%b9-%d8%a7%d9%84%d8%a8%d9%8a%d8%aa%d8%b2%d8%a7\/","name":"\u0645\u064f\u0635\u0646\u0650\u0651\u0639 \u0627\u0644\u0628\u064a\u062a\u0632\u0627 - Lesaffre \u0641\u064a \u0627\u0644\u062c\u0632\u0627\u0626\u0631","isPartOf":{"@id":"https:\/\/lesaffre-algerie.com\/fr\/#website"},"datePublished":"2017-05-16T15:55:02+00:00","dateModified":"2019-05-14T20:54:24+00:00","description":"Pr\u00e9parez avec succ\u00e8s n'importe quelle p\u00e2te \u00e0 pizza gr\u00e2ce aux produits Lesaffre et \u00e0 notre accompagnement","breadcrumb":{"@id":"https:\/\/lesaffre-algerie.com\/ar\/%d9%88%d8%b8%d9%8a%d9%81%d8%aa%d9%83%d9%85\/%d9%85%d9%8f%d8%b5%d9%86%d9%90%d9%91%d8%b9-%d8%a7%d9%84%d8%a8%d9%8a%d8%aa%d8%b2%d8%a7\/#breadcrumb"},"inLanguage":"ar","potentialAction":[{"@type":"ReadAction","target":["https:\/\/lesaffre-algerie.com\/ar\/%d9%88%d8%b8%d9%8a%d9%81%d8%aa%d9%83%d9%85\/%d9%85%d9%8f%d8%b5%d9%86%d9%90%d9%91%d8%b9-%d8%a7%d9%84%d8%a8%d9%8a%d8%aa%d8%b2%d8%a7\/"]}]},{"@type":"BreadcrumbList","@id":"https:\/\/lesaffre-algerie.com\/ar\/%d9%88%d8%b8%d9%8a%d9%81%d8%aa%d9%83%d9%85\/%d9%85%d9%8f%d8%b5%d9%86%d9%90%d9%91%d8%b9-%d8%a7%d9%84%d8%a8%d9%8a%d8%aa%d8%b2%d8%a7\/#breadcrumb","itemListElement":[{"@type":"ListItem","position":1,"name":"Accueil","item":"https:\/\/lesaffre-algerie.com\/ar\/"},{"@type":"ListItem","position":2,"name":"\u0648\u0638\u064a\u0641\u062a\u0643\u0645","item":"https:\/\/lesaffre-algerie.com\/ar\/%d9%88%d8%b8%d9%8a%d9%81%d8%aa%d9%83%d9%85\/"},{"@type":"ListItem","position":3,"name":"\u0645\u064f\u0635\u0646\u0650\u0651\u0639 \u0627\u0644\u0628\u064a\u062a\u0632\u0627"}]},{"@type":"WebSite","@id":"https:\/\/lesaffre-algerie.com\/fr\/#website","url":"https:\/\/lesaffre-algerie.com\/fr\/","name":"LESAFFRE Alg\u00e9rie","description":"Levures de cuisson, am\u00e9liorants pour le pain et sant\u00e9","potentialAction":[{"@type":"SearchAction","target":{"@type":"EntryPoint","urlTemplate":"https:\/\/lesaffre-algerie.com\/fr\/?s={search_term_string}"},"query-input":{"@type":"PropertyValueSpecification","valueRequired":true,"valueName":"search_term_string"}}],"inLanguage":"ar"}]}},"_links":{"self":[{"href":"https:\/\/lesaffre-algerie.com\/ar\/wp-json\/wp\/v2\/pages\/22535","targetHints":{"allow":["GET"]}}],"collection":[{"href":"https:\/\/lesaffre-algerie.com\/ar\/wp-json\/wp\/v2\/pages"}],"about":[{"href":"https:\/\/lesaffre-algerie.com\/ar\/wp-json\/wp\/v2\/types\/page"}],"author":[{"embeddable":true,"href":"https:\/\/lesaffre-algerie.com\/ar\/wp-json\/wp\/v2\/users\/1"}],"replies":[{"embeddable":true,"href":"https:\/\/lesaffre-algerie.com\/ar\/wp-json\/wp\/v2\/comments?post=22535"}],"version-history":[{"count":0,"href":"https:\/\/lesaffre-algerie.com\/ar\/wp-json\/wp\/v2\/pages\/22535\/revisions"}],"up":[{"embeddable":true,"href":"https:\/\/lesaffre-algerie.com\/ar\/wp-json\/wp\/v2\/pages\/22771"}],"wp:attachment":[{"href":"https:\/\/lesaffre-algerie.com\/ar\/wp-json\/wp\/v2\/media?parent=22535"}],"curies":[{"name":"wp","href":"https:\/\/api.w.org\/{rel}","templated":true}]}}