{"id":22547,"date":"2018-11-22T17:18:09","date_gmt":"2018-11-22T16:18:09","guid":{"rendered":"http:\/\/lesaffre-algerie.com\/carrieres\/"},"modified":"2019-07-31T12:16:43","modified_gmt":"2019-07-31T10:16:43","slug":"%d9%85%d9%87%d9%86","status":"publish","type":"page","link":"https:\/\/lesaffre-algerie.com\/ar\/%d9%85%d9%87%d9%86\/","title":{"rendered":"\u0645\u0647\u0646"},"content":{"rendered":"<div class=\"wpb-content-wrapper\"><p>[vc_row row_type=&#8221;parallax&#8221; parallax_content_width=&#8221;in_grid&#8221; text_align=&#8221;left&#8221; background_image=&#8221;20793&#8243; full_screen_section_height=&#8221;no&#8221; css=&#8221;.vc_custom_1542903970728{padding-top: 0px !important;padding-bottom: 0px !important;}&#8221; el_class=&#8221;nopadding&#8221;][vc_column][vc_separator type=&#8221;transparent&#8221; up=&#8221;100&#8243; down=&#8221;100&#8243;][\/vc_column][\/vc_row][vc_row css_animation=&#8221;&#8221; row_type=&#8221;row&#8221; use_row_as_full_screen_section=&#8221;no&#8221; type=&#8221;grid&#8221; angled_section=&#8221;no&#8221; text_align=&#8221;center&#8221; background_image_as_pattern=&#8221;without_pattern&#8221; z_index=&#8221;&#8221;][vc_column css=&#8221;.vc_custom_1462809083421{padding-top: 87px !important; padding-bottom: 56px !important;}&#8221;][vc_column_text]<\/p>\n<h2>\u0641\u0631\u0635 \u0648\u0638\u064a\u0641\u064a\u0629<\/h2>\n<p>[vc_separator type=&#8217;transparent&#8217; position=&#8217;center&#8217; color=&#8221; thickness=&#8221; up=&#8217;15&#8217; down=&#8217;15&#8217;][\/vc_column_text][vc_raw_js]JTNDc2NyaXB0JTIwdHlwZSUzRCUyN3RleHQlMkZqYXZhc2NyaXB0JTI3JTIwc3JjJTNEJTI3aHR0cHMlM0ElMkYlMkZzdGF0aWMuc21hcnRyZWNydWl0ZXJzLmNvbSUyRmpvYi13aWRnZXQlMkYxLjMuOCUyRnNjcmlwdCUyRnNtYXJ0X3dpZGdldC5qcyUyNyUzRSUzQyUyRnNjcmlwdCUzRSUwQSUzQ3NjcmlwdCUyMHR5cGUlM0QlMjd0ZXh0JTJGamF2YXNjcmlwdCUyNyUyMGNsYXNzJTNEJTI3am9iX3dpZGdldCUyNyUzRSUwQXdpZGdldCUyOCU3QiUwQSUyMCUyMCUyMCUyMCUyMmNvbXBhbnlfY29kZSUyMiUzQSUyMCUyMkxlc2FmZnJlJTIyJTJDJTBBJTIwJTIwJTIwJTIwJTIyYmdfY29sb3Jfd2lkZ2V0JTIyJTNBJTIwJTIyJTIzZmZmZmZmJTIyJTJDJTBBJTIwJTIwJTIwJTIwJTIyYmdfY29sb3JfaGVhZGVycyUyMiUzQSUyMCUyMiUyMzBhM2E4ZSUyMiUyQyUwQSUyMCUyMCUyMCUyMCUyMmJnX2NvbG9yX2xpbmtzJTIyJTNBJTIwJTIyJTIzMDA5ZmVlJTIyJTJDJTBBJTIwJTIwJTIwJTIwJTIydHh0X2NvbG9yX2hlYWRlcnMlMjIlM0ElMjAlMjIlMjNmZmZmZmYlMjIlMkMlMEElMjAlMjAlMjAlMjAlMjJ0eHRfY29sb3Jfam9iJTIyJTNBJTIwJTIyJTIzM2QzZDNkJTIyJTJDJTBBJTIwJTIwJTIwJTIwJTIyYmdfY29sb3JfZXZlbl9yb3clMjIlM0ElMjAlMjIlMjNmY2ZjZmMlMjIlMkMlMEElMjAlMjAlMjAlMjAlMjJiZ19jb2xvcl9vZGRfcm93JTIyJTNBJTIwJTIyJTIzZjdmN2Y3JTIyJTJDJTBBJTIwJTIwJTIwJTIwJTIyYXV0b193aWR0aCUyMiUzQSUyMCUyMmF1dG8lMjIlMkMlMEElMjAlMjAlMjAlMjAlMjJhdXRvX2hlaWdodCUyMiUzQSUyMCUyMmF1dG8lMjIlMkMlMEElMjAlMjAlMjAlMjAlMjJudW1iZXIlMjIlM0ElMjAlMjJvbiUyMiUyQyUwQSUyMCUyMCUyMCUyMCUyMmpvYl90aXRsZSUyMiUzQSUyMCUyMnRydWUlMjIlMkMlMEElMjAlMjAlMjAlMjAlMjJsb2NhdGlvbiUyMiUzQSUyMCUyMnRydWUlMjIlMkMlMEElMjAlMjAlMjAlMjAlMjJhZGRfc2VhcmNoJTIyJTNBJTIwJTIydHJ1ZSUyMiUyQyUwQSUyMCUyMCUyMCUyMCUyMmZpbHRlcl9sb2NhdGlvbnMlMjIlM0ElMjAlNUIlMEElMjAlMjAlMjAlMjAlMjAlMjAlMjAlMjAlMjJKZW5kb3ViYSUyMiUyQyUwQSUyMCUyMCUyMCUyMCUyMCUyMCUyMCUyMCUyMktoYXJ0b3VtJTIyJTJDJTBBJTIwJTIwJTIwJTIwJTIwJTIwJTIwJTIwJTIyVHVuaXMlMjIlMEElMjAlMjAlMjAlMjAlNUQlMkMlMEElMjAlMjAlMjAlMjAlMjJmaWx0ZXJfbGFuZ3VhZ2VzJTIyJTNBJTIwJTVCJTBBJTIwJTIwJTIwJTIwJTIwJTIwJTIwJTIwJTIyYXIlMjIlMkMlMEElMjAlMjAlMjAlMjAlMjAlMjAlMjAlMjAlMjJlbiUyMiUyQyUwQSUyMCUyMCUyMCUyMCUyMCUyMCUyMCUyMCUyMmZyJTIyJTBBJTIwJTIwJTIwJTIwJTVEJTJDJTBBJTIwJTIwJTIwJTIwJTIyam9iQWRUeXBlJTIyJTNBJTIwJTIyUFVCTElDJTIyJTJDJTBBJTIwJTIwJTIwJTIwJTIydHJpZCUyMiUzQSUyMCUyMiUyMiUyQyUwQSUyMCUyMCUyMCUyMCUyMmFwaV91cmwlMjIlM0ElMjAlMjJodHRwcyUzQSUyRiUyRnd3dy5zbWFydHJlY3J1aXRlcnMuY29tJTIyJTJDJTBBJTIwJTIwJTIwJTIwJTIyY3VzdG9tX2Nzc191cmwlMjIlM0ElMjAlMjJodHRwcyUzQSUyRiUyRnN0YXRpYy5zbWFydHJlY3J1aXRlcnMuY29tJTJGam9iLXdpZGdldCUyRjEuMy44JTJGY3NzJTJGc21hcnRfd2lkZ2V0LmNzcyUyMiUwQSU3RCUyOSUzQiUwQSUzQyUyRnNjcmlwdCUzRQ==[\/vc_raw_js][\/vc_column][\/vc_row][vc_row css_animation=&#8221;&#8221; row_type=&#8221;row&#8221; use_row_as_full_screen_section=&#8221;yes&#8221; type=&#8221;grid&#8221; angled_section=&#8221;no&#8221; text_align=&#8221;center&#8221; background_image_as_pattern=&#8221;without_pattern&#8221; z_index=&#8221;&#8221; el_class=&#8221;paddingOn&#8221; css=&#8221;.vc_custom_1546860029925{background-color: #e7e7e7 !important;}&#8221;][vc_column][vc_column_text]<\/p>\n<h3>\u0627\u062a\u0635\u0627\u0644<\/h3>\n<p>[\/vc_column_text][vc_separator type=&#8221;transparent&#8221; up=&#8221;10&#8243; down=&#8221;10&#8243;][vc_column_text]<\/p>\n<h4>\u062a\u0631\u064a\u062f \u0627\u0644\u062a\u0648\u0627\u0635\u0644 \u0645\u0639 \u0641\u0631\u0642\u0646\u0627\u061f<\/h4>\n<p>[\/vc_column_text][vc_separator type=&#8221;transparent&#8221; up=&#8221;10&#8243; down=&#8221;10&#8243;]<a  itemprop=\"url\" href=\"\/ar\/\u0627\u062a\u0635\u0627\u0644\/\" target=\"_self\" data-hover-background-color=#ffffff data-hover-border-color=#000000 data-hover-color=#000000 class=\"qbutton  center default\" style=\"color: #ffffff; border-color: #164189; margin: auto 0px auto 0px; border-radius: 0px;-moz-border-radius: 0px;-webkit-border-radius: 0px; background-color: #164189;\">\u0627\u0644\u0627\u062a\u0635\u0627\u0644 \u0628\u0646\u0627<\/a>[\/vc_column][\/vc_row]<\/p>\n<\/div>","protected":false},"excerpt":{"rendered":"<p>[vc_row row_type=&#8221;parallax&#8221; parallax_content_width=&#8221;in_grid&#8221; text_align=&#8221;left&#8221; background_image=&#8221;20793&#8243; full_screen_section_height=&#8221;no&#8221; css=&#8221;.vc_custom_1542903970728{padding-top: 0px !important;padding-bottom: 0px !important;}&#8221; el_class=&#8221;nopadding&#8221;][vc_column][vc_separator type=&#8221;transparent&#8221; up=&#8221;100&#8243; down=&#8221;100&#8243;][\/vc_column][\/vc_row][vc_row css_animation=&#8221;&#8221; row_type=&#8221;row&#8221; use_row_as_full_screen_section=&#8221;no&#8221; type=&#8221;grid&#8221; angled_section=&#8221;no&#8221; text_align=&#8221;center&#8221; background_image_as_pattern=&#8221;without_pattern&#8221; z_index=&#8221;&#8221;][vc_column css=&#8221;.vc_custom_1462809083421{padding-top: 87px !important; padding-bottom: 56px !important;}&#8221;][vc_column_text] \u0641\u0631\u0635 \u0648\u0638\u064a\u0641\u064a\u0629 [vc_separator type=&#8217;transparent&#8217; position=&#8217;center&#8217; color=&#8221; thickness=&#8221; up=&#8217;15&#8217; down=&#8217;15&#8217;][\/vc_column_text][vc_raw_js]JTNDc2NyaXB0JTIwdHlwZSUzRCUyN3RleHQlMkZqYXZhc2NyaXB0JTI3JTIwc3JjJTNEJTI3aHR0cHMlM0ElMkYlMkZzdGF0aWMuc21hcnRyZWNydWl0ZXJzLmNvbSUyRmpvYi13aWRnZXQlMkYxLjMuOCUyRnNjcmlwdCUyRnNtYXJ0X3dpZGdldC5qcyUyNyUzRSUzQyUyRnNjcmlwdCUzRSUwQSUzQ3NjcmlwdCUyMHR5cGUlM0QlMjd0ZXh0JTJGamF2YXNjcmlwdCUyNyUyMGNsYXNzJTNEJTI3am9iX3dpZGdldCUyNyUzRSUwQXdpZGdldCUyOCU3QiUwQSUyMCUyMCUyMCUyMCUyMmNvbXBhbnlfY29kZSUyMiUzQSUyMCUyMkxlc2FmZnJlJTIyJTJDJTBBJTIwJTIwJTIwJTIwJTIyYmdfY29sb3Jfd2lkZ2V0JTIyJTNBJTIwJTIyJTIzZmZmZmZmJTIyJTJDJTBBJTIwJTIwJTIwJTIwJTIyYmdfY29sb3JfaGVhZGVycyUyMiUzQSUyMCUyMiUyMzBhM2E4ZSUyMiUyQyUwQSUyMCUyMCUyMCUyMCUyMmJnX2NvbG9yX2xpbmtzJTIyJTNBJTIwJTIyJTIzMDA5ZmVlJTIyJTJDJTBBJTIwJTIwJTIwJTIwJTIydHh0X2NvbG9yX2hlYWRlcnMlMjIlM0ElMjAlMjIlMjNmZmZmZmYlMjIlMkMlMEElMjAlMjAlMjAlMjAlMjJ0eHRfY29sb3Jfam9iJTIyJTNBJTIwJTIyJTIzM2QzZDNkJTIyJTJDJTBBJTIwJTIwJTIwJTIwJTIyYmdfY29sb3JfZXZlbl9yb3clMjIlM0ElMjAlMjIlMjNmY2ZjZmMlMjIlMkMlMEElMjAlMjAlMjAlMjAlMjJiZ19jb2xvcl9vZGRfcm93JTIyJTNBJTIwJTIyJTIzZjdmN2Y3JTIyJTJDJTBBJTIwJTIwJTIwJTIwJTIyYXV0b193aWR0aCUyMiUzQSUyMCUyMmF1dG8lMjIlMkMlMEElMjAlMjAlMjAlMjAlMjJhdXRvX2hlaWdodCUyMiUzQSUyMCUyMmF1dG8lMjIlMkMlMEElMjAlMjAlMjAlMjAlMjJudW1iZXIlMjIlM0ElMjAlMjJvbiUyMiUyQyUwQSUyMCUyMCUyMCUyMCUyMmpvYl90aXRsZSUyMiUzQSUyMCUyMnRydWUlMjIlMkMlMEElMjAlMjAlMjAlMjAlMjJsb2NhdGlvbiUyMiUzQSUyMCUyMnRydWUlMjIlMkMlMEElMjAlMjAlMjAlMjAlMjJhZGRfc2VhcmNoJTIyJTNBJTIwJTIydHJ1ZSUyMiUyQyUwQSUyMCUyMCUyMCUyMCUyMmZpbHRlcl9sb2NhdGlvbnMlMjIlM0ElMjAlNUIlMEElMjAlMjAlMjAlMjAlMjAlMjAlMjAlMjAlMjJKZW5kb3ViYSUyMiUyQyUwQSUyMCUyMCUyMCUyMCUyMCUyMCUyMCUyMCUyMktoYXJ0b3VtJTIyJTJDJTBBJTIwJTIwJTIwJTIwJTIwJTIwJTIwJTIwJTIyVHVuaXMlMjIlMEElMjAlMjAlMjAlMjAlNUQlMkMlMEElMjAlMjAlMjAlMjAlMjJmaWx0ZXJfbGFuZ3VhZ2VzJTIyJTNBJTIwJTVCJTBBJTIwJTIwJTIwJTIwJTIwJTIwJTIwJTIwJTIyYXIlMjIlMkMlMEElMjAlMjAlMjAlMjAlMjAlMjAlMjAlMjAlMjJlbiUyMiUyQyUwQSUyMCUyMCUyMCUyMCUyMCUyMCUyMCUyMCUyMmZyJTIyJTBBJTIwJTIwJTIwJTIwJTVEJTJDJTBBJTIwJTIwJTIwJTIwJTIyam9iQWRUeXBlJTIyJTNBJTIwJTIyUFVCTElDJTIyJTJDJTBBJTIwJTIwJTIwJTIwJTIydHJpZCUyMiUzQSUyMCUyMiUyMiUyQyUwQSUyMCUyMCUyMCUyMCUyMmFwaV91cmwlMjIlM0ElMjAlMjJodHRwcyUzQSUyRiUyRnd3dy5zbWFydHJlY3J1aXRlcnMuY29tJTIyJTJDJTBBJTIwJTIwJTIwJTIwJTIyY3VzdG9tX2Nzc191cmwlMjIlM0ElMjAlMjJodHRwcyUzQSUyRiUyRnN0YXRpYy5zbWFydHJlY3J1aXRlcnMuY29tJTJGam9iLXdpZGdldCUyRjEuMy44JTJGY3NzJTJGc21hcnRfd2lkZ2V0LmNzcyUyMiUwQSU3RCUyOSUzQiUwQSUzQyUyRnNjcmlwdCUzRQ==[\/vc_raw_js][\/vc_column][\/vc_row][vc_row css_animation=&#8221;&#8221; row_type=&#8221;row&#8221; use_row_as_full_screen_section=&#8221;yes&#8221; type=&#8221;grid&#8221; angled_section=&#8221;no&#8221; text_align=&#8221;center&#8221; background_image_as_pattern=&#8221;without_pattern&#8221;&#8230;<\/p>\n","protected":false},"author":1,"featured_media":0,"parent":0,"menu_order":0,"comment_status":"closed","ping_status":"closed","template":"full_width.php","meta":{"footnotes":""},"class_list":["post-22547","page","type-page","status-publish","hentry"],"yoast_head":"<!-- This site is optimized with the Yoast SEO Premium plugin v22.3 (Yoast SEO v27.4) - https:\/\/yoast.com\/product\/yoast-seo-premium-wordpress\/ -->\n<title>\u0645\u0647\u0646\u0629 Lesaffre<\/title>\n<meta name=\"description\" content=\"Rejoignez un acteur mondial de r\u00e9f\u00e9rence dans le domaine des levures : d\u00e9couvrez nos offres d&#039;emploi en Afrique\" \/>\n<meta name=\"robots\" content=\"index, follow, max-snippet:-1, max-image-preview:large, max-video-preview:-1\" \/>\n<link rel=\"canonical\" href=\"https:\/\/lesaffre-algerie.com\/ar\/\u0645\u0647\u0646\/\" \/>\n<meta property=\"og:locale\" content=\"ar_AR\" \/>\n<meta property=\"og:type\" content=\"article\" \/>\n<meta property=\"og:title\" content=\"\u0645\u0647\u0646\" \/>\n<meta property=\"og:description\" content=\"Rejoignez un acteur mondial de r\u00e9f\u00e9rence dans le domaine des levures : d\u00e9couvrez nos offres d&#039;emploi en Afrique\" \/>\n<meta property=\"og:url\" content=\"https:\/\/lesaffre-algerie.com\/ar\/\u0645\u0647\u0646\/\" \/>\n<meta property=\"og:site_name\" content=\"LESAFFRE Alg\u00e9rie\" \/>\n<meta property=\"article:modified_time\" content=\"2019-07-31T10:16:43+00:00\" \/>\n<meta name=\"twitter:card\" content=\"summary_large_image\" \/>\n<meta name=\"twitter:label1\" content=\"\u0648\u0642\u062a \u0627\u0644\u0642\u0631\u0627\u0621\u0629 \u0627\u0644\u0645\u064f\u0642\u062f\u0651\u0631\" \/>\n\t<meta name=\"twitter:data1\" content=\"\u062f\u0642\u064a\u0642\u062a\u0627\u0646\" \/>\n<script type=\"application\/ld+json\" class=\"yoast-schema-graph\">{\"@context\":\"https:\\\/\\\/schema.org\",\"@graph\":[{\"@type\":\"WebPage\",\"@id\":\"https:\\\/\\\/lesaffre-algerie.com\\\/ar\\\/%d9%85%d9%87%d9%86\\\/\",\"url\":\"https:\\\/\\\/lesaffre-algerie.com\\\/ar\\\/%d9%85%d9%87%d9%86\\\/\",\"name\":\"\u0645\u0647\u0646\u0629 Lesaffre\",\"isPartOf\":{\"@id\":\"https:\\\/\\\/lesaffre-algerie.com\\\/fr\\\/#website\"},\"datePublished\":\"2018-11-22T16:18:09+00:00\",\"dateModified\":\"2019-07-31T10:16:43+00:00\",\"description\":\"Rejoignez un acteur mondial de r\u00e9f\u00e9rence dans le domaine des levures : d\u00e9couvrez nos offres d'emploi en Afrique\",\"breadcrumb\":{\"@id\":\"https:\\\/\\\/lesaffre-algerie.com\\\/ar\\\/%d9%85%d9%87%d9%86\\\/#breadcrumb\"},\"inLanguage\":\"ar\",\"potentialAction\":[{\"@type\":\"ReadAction\",\"target\":[\"https:\\\/\\\/lesaffre-algerie.com\\\/ar\\\/%d9%85%d9%87%d9%86\\\/\"]}]},{\"@type\":\"BreadcrumbList\",\"@id\":\"https:\\\/\\\/lesaffre-algerie.com\\\/ar\\\/%d9%85%d9%87%d9%86\\\/#breadcrumb\",\"itemListElement\":[{\"@type\":\"ListItem\",\"position\":1,\"name\":\"Accueil\",\"item\":\"https:\\\/\\\/lesaffre-algerie.com\\\/ar\\\/\"},{\"@type\":\"ListItem\",\"position\":2,\"name\":\"\u0645\u0647\u0646\"}]},{\"@type\":\"WebSite\",\"@id\":\"https:\\\/\\\/lesaffre-algerie.com\\\/fr\\\/#website\",\"url\":\"https:\\\/\\\/lesaffre-algerie.com\\\/fr\\\/\",\"name\":\"LESAFFRE Alg\u00e9rie\",\"description\":\"Levures de cuisson, am\u00e9liorants pour le pain et sant\u00e9\",\"potentialAction\":[{\"@type\":\"SearchAction\",\"target\":{\"@type\":\"EntryPoint\",\"urlTemplate\":\"https:\\\/\\\/lesaffre-algerie.com\\\/fr\\\/?s={search_term_string}\"},\"query-input\":{\"@type\":\"PropertyValueSpecification\",\"valueRequired\":true,\"valueName\":\"search_term_string\"}}],\"inLanguage\":\"ar\"}]}<\/script>\n<!-- \/ Yoast SEO Premium plugin. -->","yoast_head_json":{"title":"\u0645\u0647\u0646\u0629 Lesaffre","description":"Rejoignez un acteur mondial de r\u00e9f\u00e9rence dans le domaine des levures : d\u00e9couvrez nos offres d'emploi en Afrique","robots":{"index":"index","follow":"follow","max-snippet":"max-snippet:-1","max-image-preview":"max-image-preview:large","max-video-preview":"max-video-preview:-1"},"canonical":"https:\/\/lesaffre-algerie.com\/ar\/\u0645\u0647\u0646\/","og_locale":"ar_AR","og_type":"article","og_title":"\u0645\u0647\u0646","og_description":"Rejoignez un acteur mondial de r\u00e9f\u00e9rence dans le domaine des levures : d\u00e9couvrez nos offres d'emploi en Afrique","og_url":"https:\/\/lesaffre-algerie.com\/ar\/\u0645\u0647\u0646\/","og_site_name":"LESAFFRE Alg\u00e9rie","article_modified_time":"2019-07-31T10:16:43+00:00","twitter_card":"summary_large_image","twitter_misc":{"\u0648\u0642\u062a \u0627\u0644\u0642\u0631\u0627\u0621\u0629 \u0627\u0644\u0645\u064f\u0642\u062f\u0651\u0631":"\u062f\u0642\u064a\u0642\u062a\u0627\u0646"},"schema":{"@context":"https:\/\/schema.org","@graph":[{"@type":"WebPage","@id":"https:\/\/lesaffre-algerie.com\/ar\/%d9%85%d9%87%d9%86\/","url":"https:\/\/lesaffre-algerie.com\/ar\/%d9%85%d9%87%d9%86\/","name":"\u0645\u0647\u0646\u0629 Lesaffre","isPartOf":{"@id":"https:\/\/lesaffre-algerie.com\/fr\/#website"},"datePublished":"2018-11-22T16:18:09+00:00","dateModified":"2019-07-31T10:16:43+00:00","description":"Rejoignez un acteur mondial de r\u00e9f\u00e9rence dans le domaine des levures : d\u00e9couvrez nos offres d'emploi en Afrique","breadcrumb":{"@id":"https:\/\/lesaffre-algerie.com\/ar\/%d9%85%d9%87%d9%86\/#breadcrumb"},"inLanguage":"ar","potentialAction":[{"@type":"ReadAction","target":["https:\/\/lesaffre-algerie.com\/ar\/%d9%85%d9%87%d9%86\/"]}]},{"@type":"BreadcrumbList","@id":"https:\/\/lesaffre-algerie.com\/ar\/%d9%85%d9%87%d9%86\/#breadcrumb","itemListElement":[{"@type":"ListItem","position":1,"name":"Accueil","item":"https:\/\/lesaffre-algerie.com\/ar\/"},{"@type":"ListItem","position":2,"name":"\u0645\u0647\u0646"}]},{"@type":"WebSite","@id":"https:\/\/lesaffre-algerie.com\/fr\/#website","url":"https:\/\/lesaffre-algerie.com\/fr\/","name":"LESAFFRE Alg\u00e9rie","description":"Levures de cuisson, am\u00e9liorants pour le pain et sant\u00e9","potentialAction":[{"@type":"SearchAction","target":{"@type":"EntryPoint","urlTemplate":"https:\/\/lesaffre-algerie.com\/fr\/?s={search_term_string}"},"query-input":{"@type":"PropertyValueSpecification","valueRequired":true,"valueName":"search_term_string"}}],"inLanguage":"ar"}]}},"_links":{"self":[{"href":"https:\/\/lesaffre-algerie.com\/ar\/wp-json\/wp\/v2\/pages\/22547","targetHints":{"allow":["GET"]}}],"collection":[{"href":"https:\/\/lesaffre-algerie.com\/ar\/wp-json\/wp\/v2\/pages"}],"about":[{"href":"https:\/\/lesaffre-algerie.com\/ar\/wp-json\/wp\/v2\/types\/page"}],"author":[{"embeddable":true,"href":"https:\/\/lesaffre-algerie.com\/ar\/wp-json\/wp\/v2\/users\/1"}],"replies":[{"embeddable":true,"href":"https:\/\/lesaffre-algerie.com\/ar\/wp-json\/wp\/v2\/comments?post=22547"}],"version-history":[{"count":0,"href":"https:\/\/lesaffre-algerie.com\/ar\/wp-json\/wp\/v2\/pages\/22547\/revisions"}],"wp:attachment":[{"href":"https:\/\/lesaffre-algerie.com\/ar\/wp-json\/wp\/v2\/media?parent=22547"}],"curies":[{"name":"wp","href":"https:\/\/api.w.org\/{rel}","templated":true}]}}