{"id":22761,"date":"2016-11-05T18:51:01","date_gmt":"2016-11-05T17:51:01","guid":{"rendered":"http:\/\/lesaffre-algerie.com\/nos-solutions\/"},"modified":"2022-04-11T10:51:26","modified_gmt":"2022-04-11T09:51:26","slug":"%d9%85%d9%86%d8%aa%d9%88%d8%ac%d8%a7%d8%aa%d9%86%d8%a7","status":"publish","type":"page","link":"https:\/\/lesaffre-algerie.com\/ar\/%d9%85%d9%86%d8%aa%d9%88%d8%ac%d8%a7%d8%aa%d9%86%d8%a7\/","title":{"rendered":"\u0645\u0646\u062a\u0648\u062c\u0627\u062a\u0646\u0627"},"content":{"rendered":"<div class=\"wpb-content-wrapper\"><p>[vc_row css_animation=&#8221;element_from_left&#8221; row_type=&#8221;row&#8221; use_row_as_full_screen_section=&#8221;no&#8221; type=&#8221;full_width&#8221; angled_section=&#8221;no&#8221; text_align=&#8221;left&#8221; background_image_as_pattern=&#8221;without_pattern&#8221; el_class=&#8221;paddingOn&#8221;][vc_column][vc_row_inner row_type=&#8221;row&#8221; type=&#8221;grid&#8221; text_align=&#8221;left&#8221; css_animation=&#8221;&#8221;][vc_column_inner width=&#8221;3\/4&#8243;][vc_column_text]<\/p>\n<h2 style=\"color: #000080; font-size: 51px; font-weight: 900; text-transform: none; line-height: 1.25em; text-align: right;\">\u0627\u0644\u062e\u0645\u0627\u0626\u0631<\/h2>\n<p>[\/vc_column_text][vc_column_text css=&#8221;.vc_custom_1548351353565{margin-bottom: 15px !important;}&#8221;]<\/p>\n<h3 style=\"color: #000000; font-size: 31px; font-weight: 900; text-transform: none; line-height: 1.25em; text-align: right;\">\u0642\u064a\u0645\u0629 \u0645\u0636\u0627\u0641\u0629 \u0644\u062e\u0628\u0632\u0643\u0645<\/h3>\n<p>[\/vc_column_text][vc_column_text css=&#8221;.vc_custom_1548351501497{margin-bottom: 15px !important;}&#8221;]<\/p>\n<p style=\"text-align: right;\">Lesaffre \u0627\u0644\u062c\u0632\u0627\u0626\u0631 \u062a\u0642\u062f\u0651\u0645 \u0645\u062c\u0645\u0648\u0639\u0629 \u0643\u0627\u0645\u0644\u0629 \u0645\u0646 \u0627\u0644\u062d\u0644\u0648\u0644 \u0644\u062e\u0628\u0631\u0627\u0621 \u0635\u0646\u0627\u0639\u0629 \u0627\u0644\u062e\u0628\u0632 \u0648 \u0627\u0644\u0645\u064f\u0635\u0646\u0651\u0650\u0639\u064a\u0646.<\/p>\n<p>[\/vc_column_text][vc_separator type=&#8221;transparent&#8221; up=&#8221;5&#8243; down=&#8221;5&#8243;]<a  itemprop=\"url\" href=\"\/ar\/\u0645\u0646\u062a\u0648\u062c\u0627\u062a\u0646\u0627\/\u062e\u0645\u0627\u0626\u0631\u0646\u0627\/\" target=\"_self\"  class=\"qbutton  right default\" style=\"\">\u0627\u0642\u0631\u0623 \u0627\u0644\u0645\u0632\u064a\u062f<i class=\"qode_icon_font_awesome fa fa-arrow-circle-o-left qode_button_icon_element\" style=\"\" ><\/i><\/a>[\/vc_column_inner][vc_column_inner width=&#8221;1\/4&#8243;][vc_single_image image=&#8221;22707&#8243; img_size=&#8221;full&#8221; alignment=&#8221;right&#8221; qode_css_animation=&#8221;&#8221;][\/vc_column_inner][\/vc_row_inner][\/vc_column][\/vc_row][vc_row css_animation=&#8221;&#8221; row_type=&#8221;row&#8221; use_row_as_full_screen_section=&#8221;no&#8221; type=&#8221;full_width&#8221; angled_section=&#8221;no&#8221; text_align=&#8221;left&#8221; background_image_as_pattern=&#8221;without_pattern&#8221; css=&#8221;.vc_custom_1493996774738{background-color: #a69576 !important;}&#8221; el_class=&#8221;paddingOn&#8221;][vc_column][vc_row_inner row_type=&#8221;row&#8221; type=&#8221;grid&#8221; text_align=&#8221;left&#8221; css_animation=&#8221;element_from_right&#8221;][vc_column_inner width=&#8221;3\/4&#8243;][vc_column_text]<\/p>\n<h2 style=\"color: #ffffff; font-size: 51px; font-weight: 900; text-transform: none; line-height: 1.25em; text-align: right;\">\u0645\u062d\u0633\u0646\u0627\u062a \u0627\u0644\u062e\u0628\u0632<\/h2>\n<p>[\/vc_column_text][vc_column_text css=&#8221;.vc_custom_1548352002425{margin-bottom: 15px !important;}&#8221;]<\/p>\n<h3 style=\"color: #ffffff; font-size: 31px; font-weight: 900; text-transform: none; line-height: 1.25em; text-align: right;\">\u0627\u0644\u062d\u0644\u0648\u0644 \u0627\u0644\u062a\u064a \u062a\u0646\u0627\u0633\u0628 \u0643\u0644 \u0627\u0644\u0627\u062d\u062a\u064a\u0627\u062c\u0627\u062a!<\/h3>\n<p>[\/vc_column_text][vc_column_text css=&#8221;.vc_custom_1548352131972{margin-bottom: 15px !important;}&#8221;]<\/p>\n<p style=\"color: #ffffff; text-align: right;\">\u0645\u0646\u0630 \u0639\u0627\u0645 2006\u060c \u062a\u0646\u062a\u062c Lessafre \u0627\u0644\u062c\u0632\u0627\u0626\u0631\u060c \u0645\u0646 \u0642\u0644\u0628 \u0627\u0644\u0639\u0627\u0635\u0645\u0629\u060c \u0645\u062d\u0633\u0651\u0646\u0627\u062a \u0645\u062e\u0635\u0635\u0629 \u0644\u0644\u0645\u062e\u0627\u0628\u0632 \u0627\u0644\u062c\u0632\u0627\u0626\u0631\u064a\u0629.<\/p>\n<p>[\/vc_column_text][vc_separator type=&#8221;transparent&#8221; up=&#8221;5&#8243; down=&#8221;5&#8243;]<a  itemprop=\"url\" href=\"\/ar\/\u0645\u0646\u062a\u0648\u062c\u0627\u062a\u0646\u0627\/\u0645\u062d\u0633\u0651\u0646\u0627\u062a\u0646\u0627\/\" target=\"_self\"  class=\"qbutton  right default\" style=\"\">\u0627\u0642\u0631\u0623 \u0627\u0644\u0645\u0632\u064a\u062f<i class=\"qode_icon_font_awesome fa fa-arrow-circle-o-left qode_button_icon_element\" style=\"\" ><\/i><\/a>[\/vc_column_inner][vc_column_inner width=&#8221;1\/4&#8243;][vc_single_image image=&#8221;22709&#8243; img_size=&#8221;full&#8221; alignment=&#8221;center&#8221; qode_css_animation=&#8221;&#8221;][\/vc_column_inner][\/vc_row_inner][\/vc_column][\/vc_row][vc_row css_animation=&#8221;element_from_left&#8221; row_type=&#8221;row&#8221; use_row_as_full_screen_section=&#8221;no&#8221; type=&#8221;full_width&#8221; angled_section=&#8221;no&#8221; text_align=&#8221;left&#8221; background_image_as_pattern=&#8221;without_pattern&#8221; el_class=&#8221;paddingOn&#8221;][vc_column][vc_row_inner row_type=&#8221;row&#8221; type=&#8221;grid&#8221; text_align=&#8221;left&#8221; css_animation=&#8221;&#8221;][vc_column_inner width=&#8221;3\/4&#8243;][vc_column_text]<\/p>\n<h2 style=\"color: #000080; font-size: 51px; font-weight: 900; text-transform: none; line-height: 1.25em; text-align: right;\">\u0627\u0644\u062e\u0644\u0637\u0627\u062a<\/h2>\n<p>[\/vc_column_text][vc_column_text css=&#8221;.vc_custom_1649670518589{margin-bottom: 15px !important;}&#8221;]<\/p>\n<h3 style=\"color: #000000; font-size: 31px; font-weight: 900; text-transform: none; line-height: 1.25em; text-align: right;\">\u062a\u0645 \u062a\u0637\u0648\u064a\u0631 \u0627\u0644\u0645\u0646\u062a\u062c\u0627\u062a \u0644\u062a\u0646\u0648\u064a\u0639 \u0646\u0637\u0627\u0642\u0627\u062a \u0627\u0644\u062e\u0628\u0632 \u0627\u0644\u062e\u0627\u0635\u0629 \u0628\u0643.<\/h3>\n<p>[\/vc_column_text][vc_column_text css=&#8221;.vc_custom_1649670528066{margin-bottom: 15px !important;}&#8221;]<\/p>\n<p style=\"text-align: right;\">\u062a\u0645 \u062a\u0637\u0648\u064a\u0631 \u0645\u062c\u0645\u0648\u0639\u0629 \u062c\u062f\u064a\u062f\u0629 \u0645\u0646 \u0627\u0644\u062e\u0644\u0637\u0627\u062a \u062e\u0635\u064a\u0635\u064b\u0627 \u0644\u0644\u062e\u0628\u0627\u0632\u064a\u0646 \u0627\u0644\u0628\u0627\u062d\u062b\u064a\u0646 \u0639\u0646 \u0627\u0644\u0627\u0628\u062a\u0643\u0627\u0631 \u0648\u062a\u0646\u0648\u064a\u0639 \u0639\u0631\u0648\u0636\u0647\u0645 \u0641\u064a \u0627\u0644\u0645\u062a\u062c\u0631<\/p>\n<p>[\/vc_column_text][vc_separator type=&#8221;transparent&#8221; up=&#8221;5&#8243; down=&#8221;5&#8243;]<a  itemprop=\"url\" href=\"\/ar\/\u0645\u0646\u062a\u0648\u062c\u0627\u062a\u0646\u0627\/\u0627\u0644\u062e\u0644\u0637\u0627\u062a\/\" target=\"_self\"  class=\"qbutton  right default\" style=\"\">\u0627\u0642\u0631\u0623 \u0627\u0644\u0645\u0632\u064a\u062f<i class=\"qode_icon_font_awesome fa fa-arrow-circle-o-left qode_button_icon_element\" style=\"\" ><\/i><\/a>[\/vc_column_inner][vc_column_inner width=&#8221;1\/4&#8243;][vc_single_image image=&#8221;23915&#8243; img_size=&#8221;full&#8221; alignment=&#8221;right&#8221; qode_css_animation=&#8221;&#8221;][\/vc_column_inner][\/vc_row_inner][\/vc_column][\/vc_row][vc_row css_animation=&#8221;&#8221; row_type=&#8221;row&#8221; use_row_as_full_screen_section=&#8221;no&#8221; type=&#8221;full_width&#8221; angled_section=&#8221;no&#8221; text_align=&#8221;left&#8221; background_image_as_pattern=&#8221;without_pattern&#8221; css=&#8221;.vc_custom_1493996774738{background-color: #a69576 !important;}&#8221; el_class=&#8221;paddingOn&#8221;][vc_column][vc_row_inner row_type=&#8221;row&#8221; type=&#8221;grid&#8221; text_align=&#8221;left&#8221; css_animation=&#8221;element_from_right&#8221;][vc_column_inner width=&#8221;3\/4&#8243;][vc_column_text]<\/p>\n<h2 style=\"color: #ffffff; font-size: 51px; font-weight: 900; text-transform: none; line-height: 1.25em; text-align: right;\">\u0645\u062d\u0633\u0646\u0627\u062a \u0627\u0644\u062a\u062e\u0628\u064a\u0632 \u0644\u0625\u0646\u062a\u0627\u062c \u0627\u0644\u0645\u0639\u062c\u0646\u0627\u062a<\/h2>\n<p>[\/vc_column_text][vc_column_text css=&#8221;.vc_custom_1649670650799{margin-bottom: 15px !important;}&#8221;]<\/p>\n<h3 style=\"color: #ffffff; font-size: 31px; font-weight: 900; text-transform: none; line-height: 1.25em; text-align: right;\">\u0645\u0643\u0648\u0646\u0627\u062a \u0639\u0627\u0644\u064a\u0629 \u0627\u0644\u062c\u0648\u062f\u0629 \u0644\u0646\u062a\u064a\u062c\u0629 \u062a\u0641\u0648\u0642 \u0627\u0644\u062a\u0648\u0642\u0639\u0627\u062a.<\/h3>\n<p>[\/vc_column_text][vc_column_text css=&#8221;.vc_custom_1649670665140{margin-bottom: 15px !important;}&#8221;]<\/p>\n<p style=\"color: #ffffff; text-align: right;\">\u0628\u0641\u0636\u0644 \u0645\u062d\u0633\u0646\u0627\u062a \u0627\u0644\u0645\u0639\u062c\u0646\u0627\u062a \u0645\u0646 \u0644\u0648\u0633\u0627\u0641\u0631 \u060c \u0625\u0636\u0645\u0646 \u0644\u0632\u0628\u0627\u0626\u0646\u0643 \u0645\u0646\u062a\u062c\u0627\u062a \u0630\u0627\u062a \u062c\u0648\u062f\u0629 \u0645\u062b\u0627\u0644\u064a\u0629 \u0648\u062a\u0635\u0641\u064a\u062d \u0623\u0641\u0636\u0644 \u0648\u0642\u0648\u0627\u0645 \u062c\u064a\u062f.<\/p>\n<p>[\/vc_column_text][vc_separator type=&#8221;transparent&#8221; up=&#8221;5&#8243; down=&#8221;5&#8243;]<a  itemprop=\"url\" href=\"\/ar\/\u0645\u0646\u062a\u0648\u062c\u0627\u062a\u0646\u0627\/\u0645\u062d\u0633\u0646\u0627\u062a-\u0627\u0644\u0645\u0639\u062c\u0646\u0627\u062a\/\" target=\"_self\"  class=\"qbutton  right default\" style=\"\">\u0627\u0642\u0631\u0623 \u0627\u0644\u0645\u0632\u064a\u062f<i class=\"qode_icon_font_awesome fa fa-arrow-circle-o-left qode_button_icon_element\" style=\"\" ><\/i><\/a>[\/vc_column_inner][vc_column_inner width=&#8221;1\/4&#8243;][vc_single_image image=&#8221;23917&#8243; img_size=&#8221;full&#8221; alignment=&#8221;center&#8221; qode_css_animation=&#8221;&#8221;][\/vc_column_inner][\/vc_row_inner][\/vc_column][\/vc_row][vc_row css_animation=&#8221;&#8221; row_type=&#8221;row&#8221; use_row_as_full_screen_section=&#8221;no&#8221; type=&#8221;full_width&#8221; angled_section=&#8221;no&#8221; text_align=&#8221;left&#8221; background_image_as_pattern=&#8221;without_pattern&#8221; css=&#8221;.vc_custom_1461300994012{background-color: #e0e0e0 !important;}&#8221;][vc_column][vc_row_inner row_type=&#8221;row&#8221; type=&#8221;grid&#8221; text_align=&#8221;center&#8221; css_animation=&#8221;element_from_fade&#8221;][vc_column_inner][vc_column_text]<\/p>\n<h2 style=\"color: #4d4d4d; font-size: 51px; font-weight: 900; text-transform: none; line-height: 1.25em; text-align: center;\">\u0627\u062a\u0635\u0627\u0644<\/h2>\n<p>[\/vc_column_text][vc_column_text]<\/p>\n<h4 style=\"text-align: center;\">\u0639\u0646\u062f\u0643\u0645 \u0633\u0624\u0627\u0644 \u062d\u0648\u0644 \u0645\u0646\u062a\u0648\u062c\u0627\u062a\u0646\u0627 \u0623\u0648 \u0644\u0637\u0644\u0628 \u0627\u0644\u0645\u0633\u0627\u0639\u062f\u0629 \u061f<\/h4>\n<p>[\/vc_column_text][vc_separator type=&#8221;transparent&#8221; up=&#8221;10&#8243; down=&#8221;10&#8243;]<a  itemprop=\"url\" href=\"\/ar\/\u0627\u062a\u0635\u0627\u0644\/\" target=\"_self\" data-hover-background-color=#ffffff data-hover-border-color=#000000 data-hover-color=#000000 class=\"qbutton  center default\" style=\"color: #ffffff; border-color: #164189; margin: auto 0px auto 0px; border-radius: 0px;-moz-border-radius: 0px;-webkit-border-radius: 0px; background-color: #164189;\">\u0627\u062a\u0635\u0644\u0648\u0627 \u0628\u0646\u0627<\/a>[\/vc_column_inner][\/vc_row_inner][\/vc_column][\/vc_row]<\/p>\n<\/div>","protected":false},"excerpt":{"rendered":"<p>[vc_row css_animation=&#8221;element_from_left&#8221; row_type=&#8221;row&#8221; use_row_as_full_screen_section=&#8221;no&#8221; type=&#8221;full_width&#8221; angled_section=&#8221;no&#8221; text_align=&#8221;left&#8221; background_image_as_pattern=&#8221;without_pattern&#8221; el_class=&#8221;paddingOn&#8221;][vc_column][vc_row_inner row_type=&#8221;row&#8221; type=&#8221;grid&#8221; text_align=&#8221;left&#8221; css_animation=&#8221;&#8221;][vc_column_inner width=&#8221;3\/4&#8243;][vc_column_text] \u0627\u0644\u062e\u0645\u0627\u0626\u0631 [\/vc_column_text][vc_column_text css=&#8221;.vc_custom_1548351353565{margin-bottom: 15px !important;}&#8221;] \u0642\u064a\u0645\u0629 \u0645\u0636\u0627\u0641\u0629 \u0644\u062e\u0628\u0632\u0643\u0645 [\/vc_column_text][vc_column_text css=&#8221;.vc_custom_1548351501497{margin-bottom: 15px !important;}&#8221;] Lesaffre \u0627\u0644\u062c\u0632\u0627\u0626\u0631 \u062a\u0642\u062f\u0651\u0645 \u0645\u062c\u0645\u0648\u0639\u0629 \u0643\u0627\u0645\u0644\u0629 \u0645\u0646 \u0627\u0644\u062d\u0644\u0648\u0644 \u0644\u062e\u0628\u0631\u0627\u0621 \u0635\u0646\u0627\u0639\u0629 \u0627\u0644\u062e\u0628\u0632 \u0648 \u0627\u0644\u0645\u064f\u0635\u0646\u0651\u0650\u0639\u064a\u0646. [\/vc_column_text][vc_separator type=&#8221;transparent&#8221; up=&#8221;5&#8243; down=&#8221;5&#8243;][\/vc_column_inner][vc_column_inner width=&#8221;1\/4&#8243;][vc_single_image image=&#8221;22707&#8243; img_size=&#8221;full&#8221;&#8230;<\/p>\n","protected":false},"author":1,"featured_media":0,"parent":0,"menu_order":0,"comment_status":"closed","ping_status":"closed","template":"full_width.php","meta":{"footnotes":""},"class_list":["post-22761","page","type-page","status-publish","hentry"],"yoast_head":"<!-- This site is optimized with the Yoast SEO Premium plugin v22.3 (Yoast SEO v27.4) - https:\/\/yoast.com\/product\/yoast-seo-premium-wordpress\/ -->\n<title>\u0645\u062c\u0645\u0648\u0639\u0629 \u0645\u0646 \u0627\u0644\u0645\u0646\u062a\u0648\u062c\u0627\u062a \u0648 \u0627\u0644\u062d\u0644\u0648\u0644 \u0644\u062e\u0628\u0631\u0627\u0621 \u0635\u0646\u0627\u0639\u0629 \u0627\u0644\u062e\u0628\u0632 \u0648 \u0627\u0644\u0645\u064f\u0635\u0646\u0651\u0650\u0639\u064a\u0646<\/title>\n<meta name=\"description\" content=\"\u062a\u0642\u062f\u0651\u0645 \u0634\u0631\u0643\u0629 Lesaffre \u0627\u0644\u062c\u0632\u0627\u0626\u0631 \u0645\u062c\u0645\u0648\u0639\u0629 \u0643\u0627\u0645\u0644\u0629 \u0645\u0646 \u0627\u0644\u062d\u0644\u0648\u0644 \u0644\u062e\u0628\u0631\u0627\u0621 \u0635\u0646\u0627\u0639\u0629 \u0627\u0644\u062e\u0628\u0632 \u0648 \u0627\u0644\u0645\u064f\u0635\u0646\u0651\u0650\u0639\u064a\u0646.\" \/>\n<meta name=\"robots\" content=\"index, follow, max-snippet:-1, max-image-preview:large, max-video-preview:-1\" \/>\n<link rel=\"canonical\" href=\"https:\/\/lesaffre-algerie.com\/ar\/\u0645\u0646\u062a\u0648\u062c\u0627\u062a\u0646\u0627\/\" \/>\n<meta property=\"og:locale\" content=\"ar_AR\" \/>\n<meta property=\"og:type\" content=\"article\" \/>\n<meta property=\"og:title\" content=\"\u0645\u0646\u062a\u0648\u062c\u0627\u062a\u0646\u0627\" \/>\n<meta property=\"og:description\" content=\"\u062a\u0642\u062f\u0651\u0645 \u0634\u0631\u0643\u0629 Lesaffre \u0627\u0644\u062c\u0632\u0627\u0626\u0631 \u0645\u062c\u0645\u0648\u0639\u0629 \u0643\u0627\u0645\u0644\u0629 \u0645\u0646 \u0627\u0644\u062d\u0644\u0648\u0644 \u0644\u062e\u0628\u0631\u0627\u0621 \u0635\u0646\u0627\u0639\u0629 \u0627\u0644\u062e\u0628\u0632 \u0648 \u0627\u0644\u0645\u064f\u0635\u0646\u0651\u0650\u0639\u064a\u0646.\" \/>\n<meta property=\"og:url\" content=\"https:\/\/lesaffre-algerie.com\/ar\/\u0645\u0646\u062a\u0648\u062c\u0627\u062a\u0646\u0627\/\" \/>\n<meta property=\"og:site_name\" content=\"LESAFFRE Alg\u00e9rie\" \/>\n<meta property=\"article:modified_time\" content=\"2022-04-11T09:51:26+00:00\" \/>\n<meta name=\"twitter:card\" content=\"summary_large_image\" \/>\n<meta name=\"twitter:label1\" content=\"\u0648\u0642\u062a \u0627\u0644\u0642\u0631\u0627\u0621\u0629 \u0627\u0644\u0645\u064f\u0642\u062f\u0651\u0631\" \/>\n\t<meta name=\"twitter:data1\" content=\"3 \u062f\u0642\u0627\u0626\u0642\" \/>\n<script type=\"application\/ld+json\" class=\"yoast-schema-graph\">{\"@context\":\"https:\\\/\\\/schema.org\",\"@graph\":[{\"@type\":\"WebPage\",\"@id\":\"https:\\\/\\\/lesaffre-algerie.com\\\/ar\\\/%d9%85%d9%86%d8%aa%d9%88%d8%ac%d8%a7%d8%aa%d9%86%d8%a7\\\/\",\"url\":\"https:\\\/\\\/lesaffre-algerie.com\\\/ar\\\/%d9%85%d9%86%d8%aa%d9%88%d8%ac%d8%a7%d8%aa%d9%86%d8%a7\\\/\",\"name\":\"\u0645\u062c\u0645\u0648\u0639\u0629 \u0645\u0646 \u0627\u0644\u0645\u0646\u062a\u0648\u062c\u0627\u062a \u0648 \u0627\u0644\u062d\u0644\u0648\u0644 \u0644\u062e\u0628\u0631\u0627\u0621 \u0635\u0646\u0627\u0639\u0629 \u0627\u0644\u062e\u0628\u0632 \u0648 \u0627\u0644\u0645\u064f\u0635\u0646\u0651\u0650\u0639\u064a\u0646\",\"isPartOf\":{\"@id\":\"https:\\\/\\\/lesaffre-algerie.com\\\/fr\\\/#website\"},\"datePublished\":\"2016-11-05T17:51:01+00:00\",\"dateModified\":\"2022-04-11T09:51:26+00:00\",\"description\":\"\u062a\u0642\u062f\u0651\u0645 \u0634\u0631\u0643\u0629 Lesaffre \u0627\u0644\u062c\u0632\u0627\u0626\u0631 \u0645\u062c\u0645\u0648\u0639\u0629 \u0643\u0627\u0645\u0644\u0629 \u0645\u0646 \u0627\u0644\u062d\u0644\u0648\u0644 \u0644\u062e\u0628\u0631\u0627\u0621 \u0635\u0646\u0627\u0639\u0629 \u0627\u0644\u062e\u0628\u0632 \u0648 \u0627\u0644\u0645\u064f\u0635\u0646\u0651\u0650\u0639\u064a\u0646.\",\"breadcrumb\":{\"@id\":\"https:\\\/\\\/lesaffre-algerie.com\\\/ar\\\/%d9%85%d9%86%d8%aa%d9%88%d8%ac%d8%a7%d8%aa%d9%86%d8%a7\\\/#breadcrumb\"},\"inLanguage\":\"ar\",\"potentialAction\":[{\"@type\":\"ReadAction\",\"target\":[\"https:\\\/\\\/lesaffre-algerie.com\\\/ar\\\/%d9%85%d9%86%d8%aa%d9%88%d8%ac%d8%a7%d8%aa%d9%86%d8%a7\\\/\"]}]},{\"@type\":\"BreadcrumbList\",\"@id\":\"https:\\\/\\\/lesaffre-algerie.com\\\/ar\\\/%d9%85%d9%86%d8%aa%d9%88%d8%ac%d8%a7%d8%aa%d9%86%d8%a7\\\/#breadcrumb\",\"itemListElement\":[{\"@type\":\"ListItem\",\"position\":1,\"name\":\"Accueil\",\"item\":\"https:\\\/\\\/lesaffre-algerie.com\\\/ar\\\/\"},{\"@type\":\"ListItem\",\"position\":2,\"name\":\"\u0645\u0646\u062a\u0648\u062c\u0627\u062a\u0646\u0627\"}]},{\"@type\":\"WebSite\",\"@id\":\"https:\\\/\\\/lesaffre-algerie.com\\\/fr\\\/#website\",\"url\":\"https:\\\/\\\/lesaffre-algerie.com\\\/fr\\\/\",\"name\":\"LESAFFRE Alg\u00e9rie\",\"description\":\"Levures de cuisson, am\u00e9liorants pour le pain et sant\u00e9\",\"potentialAction\":[{\"@type\":\"SearchAction\",\"target\":{\"@type\":\"EntryPoint\",\"urlTemplate\":\"https:\\\/\\\/lesaffre-algerie.com\\\/fr\\\/?s={search_term_string}\"},\"query-input\":{\"@type\":\"PropertyValueSpecification\",\"valueRequired\":true,\"valueName\":\"search_term_string\"}}],\"inLanguage\":\"ar\"}]}<\/script>\n<!-- \/ Yoast SEO Premium plugin. -->","yoast_head_json":{"title":"\u0645\u062c\u0645\u0648\u0639\u0629 \u0645\u0646 \u0627\u0644\u0645\u0646\u062a\u0648\u062c\u0627\u062a \u0648 \u0627\u0644\u062d\u0644\u0648\u0644 \u0644\u062e\u0628\u0631\u0627\u0621 \u0635\u0646\u0627\u0639\u0629 \u0627\u0644\u062e\u0628\u0632 \u0648 \u0627\u0644\u0645\u064f\u0635\u0646\u0651\u0650\u0639\u064a\u0646","description":"\u062a\u0642\u062f\u0651\u0645 \u0634\u0631\u0643\u0629 Lesaffre \u0627\u0644\u062c\u0632\u0627\u0626\u0631 \u0645\u062c\u0645\u0648\u0639\u0629 \u0643\u0627\u0645\u0644\u0629 \u0645\u0646 \u0627\u0644\u062d\u0644\u0648\u0644 \u0644\u062e\u0628\u0631\u0627\u0621 \u0635\u0646\u0627\u0639\u0629 \u0627\u0644\u062e\u0628\u0632 \u0648 \u0627\u0644\u0645\u064f\u0635\u0646\u0651\u0650\u0639\u064a\u0646.","robots":{"index":"index","follow":"follow","max-snippet":"max-snippet:-1","max-image-preview":"max-image-preview:large","max-video-preview":"max-video-preview:-1"},"canonical":"https:\/\/lesaffre-algerie.com\/ar\/\u0645\u0646\u062a\u0648\u062c\u0627\u062a\u0646\u0627\/","og_locale":"ar_AR","og_type":"article","og_title":"\u0645\u0646\u062a\u0648\u062c\u0627\u062a\u0646\u0627","og_description":"\u062a\u0642\u062f\u0651\u0645 \u0634\u0631\u0643\u0629 Lesaffre \u0627\u0644\u062c\u0632\u0627\u0626\u0631 \u0645\u062c\u0645\u0648\u0639\u0629 \u0643\u0627\u0645\u0644\u0629 \u0645\u0646 \u0627\u0644\u062d\u0644\u0648\u0644 \u0644\u062e\u0628\u0631\u0627\u0621 \u0635\u0646\u0627\u0639\u0629 \u0627\u0644\u062e\u0628\u0632 \u0648 \u0627\u0644\u0645\u064f\u0635\u0646\u0651\u0650\u0639\u064a\u0646.","og_url":"https:\/\/lesaffre-algerie.com\/ar\/\u0645\u0646\u062a\u0648\u062c\u0627\u062a\u0646\u0627\/","og_site_name":"LESAFFRE Alg\u00e9rie","article_modified_time":"2022-04-11T09:51:26+00:00","twitter_card":"summary_large_image","twitter_misc":{"\u0648\u0642\u062a \u0627\u0644\u0642\u0631\u0627\u0621\u0629 \u0627\u0644\u0645\u064f\u0642\u062f\u0651\u0631":"3 \u062f\u0642\u0627\u0626\u0642"},"schema":{"@context":"https:\/\/schema.org","@graph":[{"@type":"WebPage","@id":"https:\/\/lesaffre-algerie.com\/ar\/%d9%85%d9%86%d8%aa%d9%88%d8%ac%d8%a7%d8%aa%d9%86%d8%a7\/","url":"https:\/\/lesaffre-algerie.com\/ar\/%d9%85%d9%86%d8%aa%d9%88%d8%ac%d8%a7%d8%aa%d9%86%d8%a7\/","name":"\u0645\u062c\u0645\u0648\u0639\u0629 \u0645\u0646 \u0627\u0644\u0645\u0646\u062a\u0648\u062c\u0627\u062a \u0648 \u0627\u0644\u062d\u0644\u0648\u0644 \u0644\u062e\u0628\u0631\u0627\u0621 \u0635\u0646\u0627\u0639\u0629 \u0627\u0644\u062e\u0628\u0632 \u0648 \u0627\u0644\u0645\u064f\u0635\u0646\u0651\u0650\u0639\u064a\u0646","isPartOf":{"@id":"https:\/\/lesaffre-algerie.com\/fr\/#website"},"datePublished":"2016-11-05T17:51:01+00:00","dateModified":"2022-04-11T09:51:26+00:00","description":"\u062a\u0642\u062f\u0651\u0645 \u0634\u0631\u0643\u0629 Lesaffre \u0627\u0644\u062c\u0632\u0627\u0626\u0631 \u0645\u062c\u0645\u0648\u0639\u0629 \u0643\u0627\u0645\u0644\u0629 \u0645\u0646 \u0627\u0644\u062d\u0644\u0648\u0644 \u0644\u062e\u0628\u0631\u0627\u0621 \u0635\u0646\u0627\u0639\u0629 \u0627\u0644\u062e\u0628\u0632 \u0648 \u0627\u0644\u0645\u064f\u0635\u0646\u0651\u0650\u0639\u064a\u0646.","breadcrumb":{"@id":"https:\/\/lesaffre-algerie.com\/ar\/%d9%85%d9%86%d8%aa%d9%88%d8%ac%d8%a7%d8%aa%d9%86%d8%a7\/#breadcrumb"},"inLanguage":"ar","potentialAction":[{"@type":"ReadAction","target":["https:\/\/lesaffre-algerie.com\/ar\/%d9%85%d9%86%d8%aa%d9%88%d8%ac%d8%a7%d8%aa%d9%86%d8%a7\/"]}]},{"@type":"BreadcrumbList","@id":"https:\/\/lesaffre-algerie.com\/ar\/%d9%85%d9%86%d8%aa%d9%88%d8%ac%d8%a7%d8%aa%d9%86%d8%a7\/#breadcrumb","itemListElement":[{"@type":"ListItem","position":1,"name":"Accueil","item":"https:\/\/lesaffre-algerie.com\/ar\/"},{"@type":"ListItem","position":2,"name":"\u0645\u0646\u062a\u0648\u062c\u0627\u062a\u0646\u0627"}]},{"@type":"WebSite","@id":"https:\/\/lesaffre-algerie.com\/fr\/#website","url":"https:\/\/lesaffre-algerie.com\/fr\/","name":"LESAFFRE Alg\u00e9rie","description":"Levures de cuisson, am\u00e9liorants pour le pain et sant\u00e9","potentialAction":[{"@type":"SearchAction","target":{"@type":"EntryPoint","urlTemplate":"https:\/\/lesaffre-algerie.com\/fr\/?s={search_term_string}"},"query-input":{"@type":"PropertyValueSpecification","valueRequired":true,"valueName":"search_term_string"}}],"inLanguage":"ar"}]}},"_links":{"self":[{"href":"https:\/\/lesaffre-algerie.com\/ar\/wp-json\/wp\/v2\/pages\/22761","targetHints":{"allow":["GET"]}}],"collection":[{"href":"https:\/\/lesaffre-algerie.com\/ar\/wp-json\/wp\/v2\/pages"}],"about":[{"href":"https:\/\/lesaffre-algerie.com\/ar\/wp-json\/wp\/v2\/types\/page"}],"author":[{"embeddable":true,"href":"https:\/\/lesaffre-algerie.com\/ar\/wp-json\/wp\/v2\/users\/1"}],"replies":[{"embeddable":true,"href":"https:\/\/lesaffre-algerie.com\/ar\/wp-json\/wp\/v2\/comments?post=22761"}],"version-history":[{"count":0,"href":"https:\/\/lesaffre-algerie.com\/ar\/wp-json\/wp\/v2\/pages\/22761\/revisions"}],"wp:attachment":[{"href":"https:\/\/lesaffre-algerie.com\/ar\/wp-json\/wp\/v2\/media?parent=22761"}],"curies":[{"name":"wp","href":"https:\/\/api.w.org\/{rel}","templated":true}]}}