{"id":22771,"date":"2019-01-23T09:43:51","date_gmt":"2019-01-23T08:43:51","guid":{"rendered":"http:\/\/lesaffre-algerie.com\/votre-metier\/"},"modified":"2019-01-24T19:31:27","modified_gmt":"2019-01-24T18:31:27","slug":"%d9%88%d8%b8%d9%8a%d9%81%d8%aa%d9%83%d9%85","status":"publish","type":"page","link":"https:\/\/lesaffre-algerie.com\/ar\/%d9%88%d8%b8%d9%8a%d9%81%d8%aa%d9%83%d9%85\/","title":{"rendered":"\u0648\u0638\u064a\u0641\u062a\u0643\u0645"},"content":{"rendered":"<div class=\"wpb-content-wrapper\"><p>[vc_row css_animation=&#8221;element_from_left&#8221; row_type=&#8221;row&#8221; use_row_as_full_screen_section=&#8221;no&#8221; type=&#8221;full_width&#8221; angled_section=&#8221;no&#8221; text_align=&#8221;left&#8221; background_image_as_pattern=&#8221;without_pattern&#8221; el_class=&#8221;paddingOn&#8221;][vc_column][vc_row_inner row_type=&#8221;row&#8221; type=&#8221;grid&#8221; text_align=&#8221;left&#8221; css_animation=&#8221;&#8221;][vc_column_inner width=&#8221;1\/4&#8243;][vc_single_image image=&#8221;22718&#8243; img_size=&#8221;full&#8221; alignment=&#8221;right&#8221; qode_css_animation=&#8221;&#8221;][\/vc_column_inner][vc_column_inner width=&#8221;3\/4&#8243;][vc_column_text]<\/p>\n<h2 style=\"color: #000080; font-size: 51px; font-weight: 900; text-transform: none; line-height: 1.25em; text-align: right;\">\u062e\u0628\u0627\u0632 \u062d\u0631\u0641\u064a<\/h2>\n<p>[\/vc_column_text][vc_column_text css=&#8221;.vc_custom_1548353541666{margin-bottom: 15px !important;}&#8221;]<\/p>\n<h3 style=\"color: #000000; font-size: 31px; font-weight: 900; text-transform: none; line-height: 1.25em; text-align: right;\">\u0646\u062c\u0627\u062d\u0643\u0645 \u0647\u0648 \u0646\u062c\u0627\u062d\u0646\u0627 \u0645\u0646\u0630 40 \u0633\u0646\u0629<\/h3>\n<p>[\/vc_column_text][vc_column_text css=&#8221;.vc_custom_1548353567161{margin-bottom: 15px !important;}&#8221;]<\/p>\n<p style=\"text-align: right;\">\u062a\u0631\u0627\u0641\u0642 \u0634\u0631\u0643\u0629 Lesaffre \u0641\u064a \u0627\u0644\u062c\u0632\u0627\u0626\u0631 \u0627\u0644\u062e\u0628\u0627\u0632\u064a\u0646 \u0627\u0644\u062d\u0631\u0641\u064a\u064a\u0646 \u0628\u0645\u0643\u0648\u0646\u0627\u062a \u0644\u0635\u0646\u0639 \u0627\u0644\u062e\u0628\u0632 \u0630\u0627\u062a \u0623\u062f\u0627\u0621\u060c \u0646\u0642\u0627\u0648\u0629\u060c \u0627\u0633\u062a\u0642\u0631\u0627\u0631 \u0648\u062c\u0648\u062f\u0629 \u0639\u0627\u0644\u064a\u0629.<\/p>\n<p>[\/vc_column_text][vc_separator type=&#8221;transparent&#8221; up=&#8221;5&#8243; down=&#8221;5&#8243;]<a  itemprop=\"url\" href=\"\/ar\/\u0648\u0638\u064a\u0641\u062a\u0643\u0645\/\u062e\u0628\u0627\u0632-\u062d\u0631\u0641\u064a\/\" target=\"_self\"  class=\"qbutton  right default\" style=\"\">\u0627\u0642\u0631\u0623 \u0627\u0644\u0645\u0632\u064a\u062f<i class=\"qode_icon_font_awesome fa fa-arrow-circle-o-left qode_button_icon_element\" style=\"\" ><\/i><\/a>[\/vc_column_inner][\/vc_row_inner][\/vc_column][\/vc_row][vc_row css_animation=&#8221;&#8221; row_type=&#8221;row&#8221; use_row_as_full_screen_section=&#8221;no&#8221; type=&#8221;full_width&#8221; angled_section=&#8221;no&#8221; text_align=&#8221;left&#8221; background_image_as_pattern=&#8221;without_pattern&#8221; css=&#8221;.vc_custom_1493996774738{background-color: #a69576 !important;}&#8221; el_class=&#8221;paddingOn&#8221;][vc_column][vc_row_inner row_type=&#8221;row&#8221; type=&#8221;grid&#8221; text_align=&#8221;left&#8221; css_animation=&#8221;element_from_right&#8221;][vc_column_inner width=&#8221;1\/4&#8243;][vc_single_image image=&#8221;22723&#8243; img_size=&#8221;full&#8221; alignment=&#8221;center&#8221; qode_css_animation=&#8221;&#8221;][\/vc_column_inner][vc_column_inner width=&#8221;3\/4&#8243;][vc_column_text]<\/p>\n<h2 style=\"color: #ffffff; font-size: 51px; font-weight: 900; text-transform: none; line-height: 1.25em; text-align: right;\">\u0627\u0644\u0645\u0635\u0646\u0651\u0650\u0639<\/h2>\n<p>[\/vc_column_text][vc_column_text css=&#8221;.vc_custom_1548354501496{margin-bottom: 15px !important;}&#8221;]<\/p>\n<h3 style=\"color: #ffffff; font-size: 31px; font-weight: 900; text-transform: none; line-height: 1.25em; text-align: right;\">\u062f\u0639\u0645 \u0634\u062e\u0635\u064a \u0648\u0645\u0646\u062a\u062c\u0627\u062a \u0645\u0635\u0645\u0645\u0629 \u062e\u0635\u064a\u0635\u064b\u0627 \u0644\u0643\u0645<\/h3>\n<p>[\/vc_column_text][vc_column_text css=&#8221;.vc_custom_1548353743126{margin-bottom: 15px !important;}&#8221;]<\/p>\n<p style=\"color: #ffffff; text-align: right;\">\u062a\u0639\u062a\u0645\u062f \u062e\u0628\u0631\u062a\u0646\u0627 \u0627\u0644\u0635\u0646\u0627\u0639\u064a\u0629 \u0639\u0644\u0649 \u0646\u0642\u0644 \u0627\u0644\u0645\u0639\u0631\u0641\u0629 \u0645\u0646 \u062e\u0628\u0627\u0632 \u0625\u0644\u0649 \u062e\u0628\u0627\u0632.<\/p>\n<p>[\/vc_column_text][vc_separator type=&#8221;transparent&#8221; up=&#8221;5&#8243; down=&#8221;5&#8243;]<a  itemprop=\"url\" href=\"\/ar\/\u0648\u0638\u064a\u0641\u062a\u0643\u0645\/\u0627\u0644\u0645\u0635\u0646\u0650\u0651\u0639\/\" target=\"_self\"  class=\"qbutton  right default\" style=\"\">\u0627\u0642\u0631\u0623 \u0627\u0644\u0645\u0632\u064a\u062f<i class=\"qode_icon_font_awesome fa fa-arrow-circle-o-left qode_button_icon_element\" style=\"\" ><\/i><\/a>[\/vc_column_inner][\/vc_row_inner][\/vc_column][\/vc_row][vc_row css_animation=&#8221;element_from_left&#8221; row_type=&#8221;row&#8221; use_row_as_full_screen_section=&#8221;no&#8221; type=&#8221;full_width&#8221; angled_section=&#8221;no&#8221; text_align=&#8221;left&#8221; background_image_as_pattern=&#8221;without_pattern&#8221; el_class=&#8221;paddingOn&#8221;][vc_column][vc_row_inner row_type=&#8221;row&#8221; type=&#8221;grid&#8221; text_align=&#8221;left&#8221; css_animation=&#8221;&#8221;][vc_column_inner width=&#8221;1\/4&#8243;][vc_single_image image=&#8221;22721&#8243; img_size=&#8221;full&#8221; alignment=&#8221;right&#8221; qode_css_animation=&#8221;&#8221;][\/vc_column_inner][vc_column_inner width=&#8221;3\/4&#8243;][vc_column_text]<\/p>\n<h2 style=\"color: #000080; font-size: 51px; font-weight: 900; text-transform: none; line-height: 1.25em; text-align: right;\">\u0645\u064f\u0635\u0646\u0651\u0650\u0639 \u0627\u0644\u0628\u064a\u062a\u0632\u0627<\/h2>\n<p>[\/vc_column_text][vc_column_text css=&#8221;.vc_custom_1548354009878{margin-bottom: 15px !important;}&#8221;]<\/p>\n<h3 style=\"color: #000000; font-size: 31px; font-weight: 900; text-transform: none; line-height: 1.25em; text-align: right;\">\u0646\u0631\u0627\u0641\u0642\u0643\u0645 \u0641\u064a \u0645\u0634\u0627\u0631\u064a\u0639\u0643\u0645<\/h3>\n<p>[\/vc_column_text][vc_column_text css=&#8221;.vc_custom_1548354045890{margin-bottom: 15px !important;}&#8221;]<\/p>\n<p style=\"text-align: right;\">\u0647\u062f\u0641 Lesaffre \u0627\u0644\u062c\u0632\u0627\u0626\u0631 \u0628\u0633\u064a\u0637: \u0645\u0633\u0627\u0639\u062f\u062a\u0643\u0645 \u0639\u0644\u0649 \u0625\u0639\u062f\u0627\u062f \u0623\u064a \u0639\u062c\u064a\u0646 \u0628\u064a\u062a\u0632\u0627 \u0628\u0646\u062c\u0627\u062d \u0645\u0639 \u0627\u0643\u062a\u0633\u0627\u0628 \u0627\u0644\u0643\u0641\u0627\u0621\u0629.<\/p>\n<p>[\/vc_column_text][vc_separator type=&#8221;transparent&#8221; up=&#8221;5&#8243; down=&#8221;5&#8243;]<a  itemprop=\"url\" href=\"\/ar\/\u0648\u0638\u064a\u0641\u062a\u0643\u0645\/\u0645\u064f\u0635\u0646\u0650\u0651\u0639-\u0627\u0644\u0628\u064a\u062a\u0632\u0627\" target=\"_self\"  class=\"qbutton  right default\" style=\"\">\u0627\u0642\u0631\u0623 \u0627\u0644\u0645\u0632\u064a\u062f<i class=\"qode_icon_font_awesome fa fa-arrow-circle-o-left qode_button_icon_element\" style=\"\" ><\/i><\/a>[\/vc_column_inner][\/vc_row_inner][\/vc_column][\/vc_row][vc_row css_animation=&#8221;&#8221; row_type=&#8221;row&#8221; use_row_as_full_screen_section=&#8221;no&#8221; type=&#8221;full_width&#8221; angled_section=&#8221;no&#8221; text_align=&#8221;left&#8221; background_image_as_pattern=&#8221;without_pattern&#8221; css=&#8221;.vc_custom_1461300994012{background-color: #e0e0e0 !important;}&#8221;][vc_column][vc_row_inner row_type=&#8221;row&#8221; type=&#8221;grid&#8221; text_align=&#8221;center&#8221; css_animation=&#8221;element_from_fade&#8221;][vc_column_inner][vc_column_text]<\/p>\n<h2 style=\"color: #4d4d4d; font-size: 51px; font-weight: 900; text-transform: none; line-height: 1.25em; text-align: center;\">\u0627\u062a\u0635\u0627\u0644<\/h2>\n<p>[\/vc_column_text][vc_column_text]<\/p>\n<h4 style=\"text-align: center;\">\u0639\u0646\u062f\u0643\u0645 \u0633\u0624\u0627\u0644 \u062d\u0648\u0644 \u0645\u0646\u062a\u0648\u062c\u0627\u062a\u0646\u0627 \u0623\u0648 \u0644\u0637\u0644\u0628 \u0627\u0644\u0645\u0633\u0627\u0639\u062f\u0629 \u061f<\/h4>\n<p>[\/vc_column_text][vc_separator type=&#8221;transparent&#8221; up=&#8221;10&#8243; down=&#8221;10&#8243;]<a  itemprop=\"url\" href=\"\/ar\/\u0627\u062a\u0635\u0627\u0644\/\" target=\"_self\" data-hover-background-color=#ffffff data-hover-border-color=#000000 data-hover-color=#000000 class=\"qbutton  center default\" style=\"color: #ffffff; border-color: #164189; margin: auto 0px auto 0px; border-radius: 0px;-moz-border-radius: 0px;-webkit-border-radius: 0px; background-color: #164189;\">\u0627\u062a\u0635\u0644\u0648\u0627 \u0628\u0646\u0627<\/a>[\/vc_column_inner][\/vc_row_inner][\/vc_column][\/vc_row]<\/p>\n<\/div>","protected":false},"excerpt":{"rendered":"<p>[vc_row css_animation=&#8221;element_from_left&#8221; row_type=&#8221;row&#8221; use_row_as_full_screen_section=&#8221;no&#8221; type=&#8221;full_width&#8221; angled_section=&#8221;no&#8221; text_align=&#8221;left&#8221; background_image_as_pattern=&#8221;without_pattern&#8221; el_class=&#8221;paddingOn&#8221;][vc_column][vc_row_inner row_type=&#8221;row&#8221; type=&#8221;grid&#8221; text_align=&#8221;left&#8221; css_animation=&#8221;&#8221;][vc_column_inner width=&#8221;1\/4&#8243;][vc_single_image image=&#8221;22718&#8243; img_size=&#8221;full&#8221; alignment=&#8221;right&#8221; qode_css_animation=&#8221;&#8221;][\/vc_column_inner][vc_column_inner width=&#8221;3\/4&#8243;][vc_column_text] \u062e\u0628\u0627\u0632 \u062d\u0631\u0641\u064a [\/vc_column_text][vc_column_text css=&#8221;.vc_custom_1548353541666{margin-bottom: 15px !important;}&#8221;] \u0646\u062c\u0627\u062d\u0643\u0645 \u0647\u0648 \u0646\u062c\u0627\u062d\u0646\u0627 \u0645\u0646\u0630 40 \u0633\u0646\u0629 [\/vc_column_text][vc_column_text css=&#8221;.vc_custom_1548353567161{margin-bottom: 15px !important;}&#8221;] \u062a\u0631\u0627\u0641\u0642 \u0634\u0631\u0643\u0629 Lesaffre \u0641\u064a \u0627\u0644\u062c\u0632\u0627\u0626\u0631 \u0627\u0644\u062e\u0628\u0627\u0632\u064a\u0646 \u0627\u0644\u062d\u0631\u0641\u064a\u064a\u0646 \u0628\u0645\u0643\u0648\u0646\u0627\u062a \u0644\u0635\u0646\u0639 \u0627\u0644\u062e\u0628\u0632&#8230;<\/p>\n","protected":false},"author":1,"featured_media":0,"parent":0,"menu_order":0,"comment_status":"closed","ping_status":"closed","template":"full_width.php","meta":{"footnotes":""},"class_list":["post-22771","page","type-page","status-publish","hentry"],"yoast_head":"<!-- This site is optimized with the Yoast SEO Premium plugin v22.3 (Yoast SEO v27.4) - https:\/\/yoast.com\/product\/yoast-seo-premium-wordpress\/ -->\n<title>\u0648\u0638\u064a\u0641\u062a\u0643\u0645 - Lesaffre \u0641\u064a \u0627\u0644\u062c\u0632\u0627\u0626\u0631<\/title>\n<meta name=\"description\" content=\"\u062a\u0631\u0627\u0641\u0642 \u0634\u0631\u0643\u0629 Lesaffre \u0641\u064a \u0627\u0644\u062c\u0632\u0627\u0626\u0631 \u0627\u0644\u062e\u0628\u0627\u0632\u064a\u0646 \u0627\u0644\u062d\u0631\u0641\u064a\u064a\u0646 \u0628\u0645\u0643\u0648\u0646\u0627\u062a \u0644\u0635\u0646\u0639 \u0627\u0644\u062e\u0628\u0632 \u0630\u0627\u062a \u0623\u062f\u0627\u0621\u060c \u0646\u0642\u0627\u0648\u0629\u060c \u0627\u0633\u062a\u0642\u0631\u0627\u0631 \u0648\u062c\u0648\u062f\u0629 \u0639\u0627\u0644\u064a\u0629.\" \/>\n<meta name=\"robots\" content=\"index, follow, max-snippet:-1, max-image-preview:large, max-video-preview:-1\" \/>\n<link rel=\"canonical\" href=\"https:\/\/lesaffre-algerie.com\/ar\/\u0648\u0638\u064a\u0641\u062a\u0643\u0645\/\" \/>\n<meta property=\"og:locale\" content=\"ar_AR\" \/>\n<meta property=\"og:type\" content=\"article\" \/>\n<meta property=\"og:title\" content=\"\u0648\u0638\u064a\u0641\u062a\u0643\u0645\" \/>\n<meta property=\"og:description\" content=\"\u062a\u0631\u0627\u0641\u0642 \u0634\u0631\u0643\u0629 Lesaffre \u0641\u064a \u0627\u0644\u062c\u0632\u0627\u0626\u0631 \u0627\u0644\u062e\u0628\u0627\u0632\u064a\u0646 \u0627\u0644\u062d\u0631\u0641\u064a\u064a\u0646 \u0628\u0645\u0643\u0648\u0646\u0627\u062a \u0644\u0635\u0646\u0639 \u0627\u0644\u062e\u0628\u0632 \u0630\u0627\u062a \u0623\u062f\u0627\u0621\u060c \u0646\u0642\u0627\u0648\u0629\u060c \u0627\u0633\u062a\u0642\u0631\u0627\u0631 \u0648\u062c\u0648\u062f\u0629 \u0639\u0627\u0644\u064a\u0629.\" \/>\n<meta property=\"og:url\" content=\"https:\/\/lesaffre-algerie.com\/ar\/\u0648\u0638\u064a\u0641\u062a\u0643\u0645\/\" \/>\n<meta property=\"og:site_name\" content=\"LESAFFRE Alg\u00e9rie\" \/>\n<meta property=\"article:modified_time\" content=\"2019-01-24T18:31:27+00:00\" \/>\n<meta name=\"twitter:card\" content=\"summary_large_image\" \/>\n<meta name=\"twitter:label1\" content=\"\u0648\u0642\u062a \u0627\u0644\u0642\u0631\u0627\u0621\u0629 \u0627\u0644\u0645\u064f\u0642\u062f\u0651\u0631\" \/>\n\t<meta name=\"twitter:data1\" content=\"3 \u062f\u0642\u0627\u0626\u0642\" \/>\n<script type=\"application\/ld+json\" class=\"yoast-schema-graph\">{\"@context\":\"https:\\\/\\\/schema.org\",\"@graph\":[{\"@type\":\"WebPage\",\"@id\":\"https:\\\/\\\/lesaffre-algerie.com\\\/ar\\\/%d9%88%d8%b8%d9%8a%d9%81%d8%aa%d9%83%d9%85\\\/\",\"url\":\"https:\\\/\\\/lesaffre-algerie.com\\\/ar\\\/%d9%88%d8%b8%d9%8a%d9%81%d8%aa%d9%83%d9%85\\\/\",\"name\":\"\u0648\u0638\u064a\u0641\u062a\u0643\u0645 - Lesaffre \u0641\u064a \u0627\u0644\u062c\u0632\u0627\u0626\u0631\",\"isPartOf\":{\"@id\":\"https:\\\/\\\/lesaffre-algerie.com\\\/fr\\\/#website\"},\"datePublished\":\"2019-01-23T08:43:51+00:00\",\"dateModified\":\"2019-01-24T18:31:27+00:00\",\"description\":\"\u062a\u0631\u0627\u0641\u0642 \u0634\u0631\u0643\u0629 Lesaffre \u0641\u064a \u0627\u0644\u062c\u0632\u0627\u0626\u0631 \u0627\u0644\u062e\u0628\u0627\u0632\u064a\u0646 \u0627\u0644\u062d\u0631\u0641\u064a\u064a\u0646 \u0628\u0645\u0643\u0648\u0646\u0627\u062a \u0644\u0635\u0646\u0639 \u0627\u0644\u062e\u0628\u0632 \u0630\u0627\u062a \u0623\u062f\u0627\u0621\u060c \u0646\u0642\u0627\u0648\u0629\u060c \u0627\u0633\u062a\u0642\u0631\u0627\u0631 \u0648\u062c\u0648\u062f\u0629 \u0639\u0627\u0644\u064a\u0629.\",\"breadcrumb\":{\"@id\":\"https:\\\/\\\/lesaffre-algerie.com\\\/ar\\\/%d9%88%d8%b8%d9%8a%d9%81%d8%aa%d9%83%d9%85\\\/#breadcrumb\"},\"inLanguage\":\"ar\",\"potentialAction\":[{\"@type\":\"ReadAction\",\"target\":[\"https:\\\/\\\/lesaffre-algerie.com\\\/ar\\\/%d9%88%d8%b8%d9%8a%d9%81%d8%aa%d9%83%d9%85\\\/\"]}]},{\"@type\":\"BreadcrumbList\",\"@id\":\"https:\\\/\\\/lesaffre-algerie.com\\\/ar\\\/%d9%88%d8%b8%d9%8a%d9%81%d8%aa%d9%83%d9%85\\\/#breadcrumb\",\"itemListElement\":[{\"@type\":\"ListItem\",\"position\":1,\"name\":\"Accueil\",\"item\":\"https:\\\/\\\/lesaffre-algerie.com\\\/ar\\\/\"},{\"@type\":\"ListItem\",\"position\":2,\"name\":\"\u0648\u0638\u064a\u0641\u062a\u0643\u0645\"}]},{\"@type\":\"WebSite\",\"@id\":\"https:\\\/\\\/lesaffre-algerie.com\\\/fr\\\/#website\",\"url\":\"https:\\\/\\\/lesaffre-algerie.com\\\/fr\\\/\",\"name\":\"LESAFFRE Alg\u00e9rie\",\"description\":\"Levures de cuisson, am\u00e9liorants pour le pain et sant\u00e9\",\"potentialAction\":[{\"@type\":\"SearchAction\",\"target\":{\"@type\":\"EntryPoint\",\"urlTemplate\":\"https:\\\/\\\/lesaffre-algerie.com\\\/fr\\\/?s={search_term_string}\"},\"query-input\":{\"@type\":\"PropertyValueSpecification\",\"valueRequired\":true,\"valueName\":\"search_term_string\"}}],\"inLanguage\":\"ar\"}]}<\/script>\n<!-- \/ Yoast SEO Premium plugin. -->","yoast_head_json":{"title":"\u0648\u0638\u064a\u0641\u062a\u0643\u0645 - Lesaffre \u0641\u064a \u0627\u0644\u062c\u0632\u0627\u0626\u0631","description":"\u062a\u0631\u0627\u0641\u0642 \u0634\u0631\u0643\u0629 Lesaffre \u0641\u064a \u0627\u0644\u062c\u0632\u0627\u0626\u0631 \u0627\u0644\u062e\u0628\u0627\u0632\u064a\u0646 \u0627\u0644\u062d\u0631\u0641\u064a\u064a\u0646 \u0628\u0645\u0643\u0648\u0646\u0627\u062a \u0644\u0635\u0646\u0639 \u0627\u0644\u062e\u0628\u0632 \u0630\u0627\u062a \u0623\u062f\u0627\u0621\u060c \u0646\u0642\u0627\u0648\u0629\u060c \u0627\u0633\u062a\u0642\u0631\u0627\u0631 \u0648\u062c\u0648\u062f\u0629 \u0639\u0627\u0644\u064a\u0629.","robots":{"index":"index","follow":"follow","max-snippet":"max-snippet:-1","max-image-preview":"max-image-preview:large","max-video-preview":"max-video-preview:-1"},"canonical":"https:\/\/lesaffre-algerie.com\/ar\/\u0648\u0638\u064a\u0641\u062a\u0643\u0645\/","og_locale":"ar_AR","og_type":"article","og_title":"\u0648\u0638\u064a\u0641\u062a\u0643\u0645","og_description":"\u062a\u0631\u0627\u0641\u0642 \u0634\u0631\u0643\u0629 Lesaffre \u0641\u064a \u0627\u0644\u062c\u0632\u0627\u0626\u0631 \u0627\u0644\u062e\u0628\u0627\u0632\u064a\u0646 \u0627\u0644\u062d\u0631\u0641\u064a\u064a\u0646 \u0628\u0645\u0643\u0648\u0646\u0627\u062a \u0644\u0635\u0646\u0639 \u0627\u0644\u062e\u0628\u0632 \u0630\u0627\u062a \u0623\u062f\u0627\u0621\u060c \u0646\u0642\u0627\u0648\u0629\u060c \u0627\u0633\u062a\u0642\u0631\u0627\u0631 \u0648\u062c\u0648\u062f\u0629 \u0639\u0627\u0644\u064a\u0629.","og_url":"https:\/\/lesaffre-algerie.com\/ar\/\u0648\u0638\u064a\u0641\u062a\u0643\u0645\/","og_site_name":"LESAFFRE Alg\u00e9rie","article_modified_time":"2019-01-24T18:31:27+00:00","twitter_card":"summary_large_image","twitter_misc":{"\u0648\u0642\u062a \u0627\u0644\u0642\u0631\u0627\u0621\u0629 \u0627\u0644\u0645\u064f\u0642\u062f\u0651\u0631":"3 \u062f\u0642\u0627\u0626\u0642"},"schema":{"@context":"https:\/\/schema.org","@graph":[{"@type":"WebPage","@id":"https:\/\/lesaffre-algerie.com\/ar\/%d9%88%d8%b8%d9%8a%d9%81%d8%aa%d9%83%d9%85\/","url":"https:\/\/lesaffre-algerie.com\/ar\/%d9%88%d8%b8%d9%8a%d9%81%d8%aa%d9%83%d9%85\/","name":"\u0648\u0638\u064a\u0641\u062a\u0643\u0645 - Lesaffre \u0641\u064a \u0627\u0644\u062c\u0632\u0627\u0626\u0631","isPartOf":{"@id":"https:\/\/lesaffre-algerie.com\/fr\/#website"},"datePublished":"2019-01-23T08:43:51+00:00","dateModified":"2019-01-24T18:31:27+00:00","description":"\u062a\u0631\u0627\u0641\u0642 \u0634\u0631\u0643\u0629 Lesaffre \u0641\u064a \u0627\u0644\u062c\u0632\u0627\u0626\u0631 \u0627\u0644\u062e\u0628\u0627\u0632\u064a\u0646 \u0627\u0644\u062d\u0631\u0641\u064a\u064a\u0646 \u0628\u0645\u0643\u0648\u0646\u0627\u062a \u0644\u0635\u0646\u0639 \u0627\u0644\u062e\u0628\u0632 \u0630\u0627\u062a \u0623\u062f\u0627\u0621\u060c \u0646\u0642\u0627\u0648\u0629\u060c \u0627\u0633\u062a\u0642\u0631\u0627\u0631 \u0648\u062c\u0648\u062f\u0629 \u0639\u0627\u0644\u064a\u0629.","breadcrumb":{"@id":"https:\/\/lesaffre-algerie.com\/ar\/%d9%88%d8%b8%d9%8a%d9%81%d8%aa%d9%83%d9%85\/#breadcrumb"},"inLanguage":"ar","potentialAction":[{"@type":"ReadAction","target":["https:\/\/lesaffre-algerie.com\/ar\/%d9%88%d8%b8%d9%8a%d9%81%d8%aa%d9%83%d9%85\/"]}]},{"@type":"BreadcrumbList","@id":"https:\/\/lesaffre-algerie.com\/ar\/%d9%88%d8%b8%d9%8a%d9%81%d8%aa%d9%83%d9%85\/#breadcrumb","itemListElement":[{"@type":"ListItem","position":1,"name":"Accueil","item":"https:\/\/lesaffre-algerie.com\/ar\/"},{"@type":"ListItem","position":2,"name":"\u0648\u0638\u064a\u0641\u062a\u0643\u0645"}]},{"@type":"WebSite","@id":"https:\/\/lesaffre-algerie.com\/fr\/#website","url":"https:\/\/lesaffre-algerie.com\/fr\/","name":"LESAFFRE Alg\u00e9rie","description":"Levures de cuisson, am\u00e9liorants pour le pain et sant\u00e9","potentialAction":[{"@type":"SearchAction","target":{"@type":"EntryPoint","urlTemplate":"https:\/\/lesaffre-algerie.com\/fr\/?s={search_term_string}"},"query-input":{"@type":"PropertyValueSpecification","valueRequired":true,"valueName":"search_term_string"}}],"inLanguage":"ar"}]}},"_links":{"self":[{"href":"https:\/\/lesaffre-algerie.com\/ar\/wp-json\/wp\/v2\/pages\/22771","targetHints":{"allow":["GET"]}}],"collection":[{"href":"https:\/\/lesaffre-algerie.com\/ar\/wp-json\/wp\/v2\/pages"}],"about":[{"href":"https:\/\/lesaffre-algerie.com\/ar\/wp-json\/wp\/v2\/types\/page"}],"author":[{"embeddable":true,"href":"https:\/\/lesaffre-algerie.com\/ar\/wp-json\/wp\/v2\/users\/1"}],"replies":[{"embeddable":true,"href":"https:\/\/lesaffre-algerie.com\/ar\/wp-json\/wp\/v2\/comments?post=22771"}],"version-history":[{"count":0,"href":"https:\/\/lesaffre-algerie.com\/ar\/wp-json\/wp\/v2\/pages\/22771\/revisions"}],"wp:attachment":[{"href":"https:\/\/lesaffre-algerie.com\/ar\/wp-json\/wp\/v2\/media?parent=22771"}],"curies":[{"name":"wp","href":"https:\/\/api.w.org\/{rel}","templated":true}]}}