{"id":22886,"date":"2019-05-02T09:11:53","date_gmt":"2019-05-02T07:11:53","guid":{"rendered":"http:\/\/lesaffre-algerie.com\/?page_id=22886"},"modified":"2022-11-09T10:49:39","modified_gmt":"2022-11-09T09:49:39","slug":"nevada","status":"publish","type":"page","link":"https:\/\/lesaffre-algerie.com\/ar\/%d9%85%d9%86%d8%aa%d9%88%d8%ac%d8%a7%d8%aa%d9%86%d8%a7\/%d8%ae%d9%85%d8%a7%d8%a6%d8%b1%d9%86%d8%a7\/nevada\/","title":{"rendered":"Nevada"},"content":{"rendered":"<div class=\"wpb-content-wrapper\"><p>[vc_row row_type=&#8221;parallax&#8221; parallax_content_width=&#8221;in_grid&#8221; text_align=&#8221;left&#8221; background_image=&#8221;20751&#8243; full_screen_section_height=&#8221;no&#8221; css=&#8221;.vc_custom_1498649375485{padding-top: 0px !important;padding-bottom: 0px !important;}&#8221;][vc_column][vc_separator type=&#8221;transparent&#8221; up=&#8221;150&#8243; down=&#8221;150&#8243;][\/vc_column][\/vc_row][vc_row css_animation=&#8221;&#8221; row_type=&#8221;row&#8221; use_row_as_full_screen_section=&#8221;no&#8221; type=&#8221;grid&#8221; anchor=&#8221;fala&#8221; angled_section=&#8221;no&#8221; text_align=&#8221;left&#8221; background_image_as_pattern=&#8221;without_pattern&#8221; background_color=&#8221;#f6f6f6&#8243; css=&#8221;.vc_custom_1502172714136{padding-top: 70px !important;background-color: #ffffff !important;}&#8221;][vc_column][vc_single_image image=&#8221;23563&#8243; img_size=&#8221;full&#8221; alignment=&#8221;center&#8221; qode_css_animation=&#8221;&#8221;][vc_separator type=&#8221;transparent&#8221; up=&#8221;15&#8243; down=&#8221;15&#8243;][vc_row_inner row_type=&#8221;row&#8221; type=&#8221;grid&#8221; text_align=&#8221;left&#8221; css_animation=&#8221;&#8221;][vc_column_inner width=&#8221;1\/3&#8243;][vc_gallery interval=&#8221;3&#8243; images=&#8221;23565,23567&#8243; img_size=&#8221;full&#8221; onclick=&#8221;&#8221; enable_drag=&#8221;no&#8221; direction_nav=&#8221;no&#8221; control_nav=&#8221;no&#8221; pause_on_hover=&#8221;no&#8221;][\/vc_column_inner][vc_column_inner width=&#8221;2\/3&#8243;][vc_column_text]<\/p>\n<h2 style=\"text-align: right;\">Nevada<\/h2>\n<p style=\"text-align: right;\">\u0641\u0648\u0631\u064a\u0629 \u0648\u0633\u0647\u0644\u0629 \u0627\u0644\u0627\u0633\u062a\u062e\u062f\u0627\u0645\u060c \u064a\u0645\u0643\u0646 \u0627\u0633\u062a\u0639\u0645\u0627\u0644\u0647\u0627 \u0641\u064a \u062c\u0645\u064a\u0639 \u0623\u0646\u0648\u0627\u0639 \u0627\u0644\u062e\u0628\u0632 \u0627\u0644\u0645\u0627\u0644\u062d \u0623\u0648 \u0627\u0644\u062d\u0644\u0648 \u0648\u0641\u064a \u0637\u0631\u0642 \u0627\u0644\u062e\u0628\u0627\u0632\u0629 \u0627\u0644\u0645\u062a\u0639\u062f\u062f\u0629.<\/p>\n<p style=\"text-align: right;\">\u0628\u0625\u064a\u062c\u0627\u0632\u060c \u062e\u0645\u064a\u0631\u0629 Nevada \u0633\u0647\u0644\u0629 \u0627\u0644\u0645\u0632\u062c \u0641\u064a \u0622\u0644\u0629 \u0627\u0644\u0639\u062c\u0646 \u0648\u0644\u0647\u0627 \u0642\u062f\u0631\u0629 \u062a\u062e\u0645\u064a\u0631 \u0645\u0645\u062a\u0627\u0632\u0629 \u0648\u0633\u0631\u064a\u0639\u0629 \u0644\u0631\u0628\u062d \u0627\u0644\u0648\u0642\u062a!<\/p>\n<p>&nbsp;<\/p>\n<p class=\"p1\" dir=\"rtl\" style=\"text-align: right;\"><strong><span class=\"s1\">\u0627\u0644\u0641\u0648\u0627\u0626\u062f<\/span><span class=\"s2\">:<\/span><\/strong><\/p>\n<ul>\n<li style=\"text-align: right;\">\u0632\u064a\u0627\u062f\u0629 \u0627\u0644\u0623\u062f\u0627\u0621 \u0628\u0641\u0636\u0644 <strong> \u0642\u0648\u0629 \u0627\u0644\u062a\u062e\u0645\u064a\u0631 \u0627\u0644\u0639\u0627\u0644\u064a\u0629.<\/strong><\/li>\n<li style=\"text-align: right;\"><strong>\u0633\u0647\u0648\u0644\u0629 \u0627\u0644\u0627\u0633\u062a\u0639\u0645\u0627\u0644\u00a0<\/strong>\u0628\u0641\u0636\u0644 \u062a\u0646\u0648\u0639 \u0645\u062c\u0627\u0644\u0627\u062a \u0627\u0633\u062a\u062e\u062f\u0627\u0645\u0647\u0627 \u0648\u0642\u062f\u0631\u062a\u0647\u0627 \u0639\u0644\u0649 \u0627\u0644\u0627\u0645\u062a\u0632\u0627\u062c \u0628\u0633\u0631\u0639\u0629 \u0648\u0628\u0634\u0643\u0644 \u0645\u062a\u062c\u0627\u0646\u0633 \u0645\u0639 \u0628\u0642\u064a\u0629 \u0627\u0644\u0645\u0643\u0648\u0646\u0627\u062a. \u0628\u0628\u0633\u0627\u0637\u0629\u060c \u062a\u0636\u0627\u0641 \u062e\u0645\u064a\u0631\u0629 Nevada \u0625\u0644\u0649 \u0627\u0644\u0645\u0643\u0648\u0646\u0627\u062a \u0627\u0644\u0623\u062e\u0631\u0649 \u0648\u064a\u062a\u0645 \u0627\u0644\u062e\u0644\u0637.<\/li>\n<li style=\"text-align: right;\"><strong>\u0627\u0644\u062d\u0641\u0627\u0638 \u0639\u0644\u0649 \u0627\u0644\u0623\u062f\u0627\u0621 \u0633\u0647\u0644\u00a0<\/strong> \u062d\u064a\u062b \u062a\u062d\u062a\u0641\u0638 \u062e\u0645\u064a\u0631\u0629 Nevada \u0628\u062e\u0635\u0627\u0626\u0635\u0647\u0627 \u0637\u0648\u0627\u0644 \u0645\u062f\u0629 \u0635\u0644\u0627\u062d\u064a\u062a\u0647\u0627.<\/li>\n<li style=\"text-align: right;\"><strong>\u0633\u0647\u0648\u0644\u0629 \u0627\u0644\u062a\u062e\u0632\u064a\u0646<\/strong>: \u062a\u0632\u0646 \u062e\u0645\u064a\u0631\u0629 Nevada \u062a\u0632\u0646 \u0645\u0646 3 \u0625\u0644\u0649 4 \u0645\u0631\u0627\u062a \u0623\u0642\u0644 \u0645\u0646 \u0627\u0644\u062e\u0645\u064a\u0631\u0629 \u0627\u0644\u0645\u0636\u063a\u0648\u0637\u0629\u060c \u0645\u0645\u0627 \u064a\u062a\u064a\u062d \u062d\u062c\u0645 \u062a\u062e\u0632\u064a\u0646 \u0623\u0642\u0644 \u0648\u0628\u0627\u0644\u062a\u0627\u0644\u064a \u0623\u0633\u0647\u0644. \u0628\u0641\u0636\u0644 \u062d\u062c\u0645 \u0639\u0644\u0628 500 \u063a\u0631\u0627\u0645 \u0627\u0644\u0635\u063a\u064a\u0631\u060c \u064a\u0645\u0643\u0646 \u062a\u062e\u0632\u064a\u0646\u0647\u0627 \u0641\u064a \u0627\u0644\u0645\u0633\u0627\u062d\u0627\u062a \u0627\u0644\u0636\u064a\u0642\u0629.<\/li>\n<\/ul>\n<p>[\/vc_column_text][\/vc_column_inner][\/vc_row_inner][\/vc_column][\/vc_row][vc_row css_animation=&#8221;&#8221; row_type=&#8221;row&#8221; use_row_as_full_screen_section=&#8221;no&#8221; type=&#8221;grid&#8221; angled_section=&#8221;no&#8221; text_align=&#8221;left&#8221; background_image_as_pattern=&#8221;without_pattern&#8221; background_color=&#8221;#f6f6f6&#8243; css=&#8221;.vc_custom_1556781081116{padding-top: 55px !important;padding-bottom: 45px !important;background-color: #ffffff !important;}&#8221; z_index=&#8221;&#8221;][vc_column width=&#8221;1\/4&#8243;][\/vc_column][vc_column width=&#8221;1\/4&#8243;]<span data-type=\"normal\"  class=\"qode_icon_shortcode  q_font_awsome_icon fa-3x pull-center \" style=\" \"><i class=\"qode_icon_font_awesome fa fa-archive qode_icon_element\" style=\"color: #20a7ea;\" ><\/i><\/span>[vc_separator type=&#8221;transparent&#8221; up=&#8221;15&#8243; down=&#8221;15&#8243;][vc_accordion active_tab=&#8221;false&#8221; collapsible=&#8221;yes&#8221; style=&#8221;boxed_accordion&#8221;][vc_accordion_tab title=&#8221;\u0627\u0644\u062a\u0639\u0644\u064a\u0628&#8221; title_color=&#8221;#20a7ea&#8221; title_tag=&#8221;h3&#8243;][vc_column_text]<\/p>\n<ul>\n<li style=\"text-align: right;\">500 \u063a\u0631\u0627\u0645<\/li>\n<\/ul>\n<p>[\/vc_column_text][\/vc_accordion_tab][\/vc_accordion][\/vc_column][vc_column width=&#8221;1\/4&#8243;]<span data-type=\"normal\"  class=\"qode_icon_shortcode  q_font_awsome_icon fa-3x pull-center \" style=\" \"><i class=\"qode_icon_font_awesome fa fa-star qode_icon_element\" style=\"color: #edc110;\" ><\/i><\/span>[vc_separator type=&#8221;transparent&#8221; up=&#8221;15&#8243; down=&#8221;15&#8243;][vc_accordion active_tab=&#8221;false&#8221; collapsible=&#8221;yes&#8221; style=&#8221;boxed_accordion&#8221;][vc_accordion_tab title=&#8221;\u0627\u0644\u0635\u0644\u0627\u062d\u064a\u0629&#8221; title_color=&#8221;#edc110&#8243; title_tag=&#8221;h3&#8243;][vc_column_text]<\/p>\n<ul>\n<li style=\"text-align: right;\">\u0641\u064a \u062f\u0631\u062c\u0629 \u062d\u0631\u0627\u0631\u0629 \u0627\u0644\u063a\u0631\u0641\u0629\u060c \u0648\u0639\u0644\u0649 \u0627\u0644\u0623\u0641\u0636\u0644 \u0641\u064a \u0645\u0643\u0627\u0646 \u062c\u0627\u0641.<\/li>\n<\/ul>\n<p>[\/vc_column_text][\/vc_accordion_tab][\/vc_accordion][\/vc_column][vc_column width=&#8221;1\/4&#8243;][\/vc_column][\/vc_row]<\/p>\n<\/div>","protected":false},"excerpt":{"rendered":"<p>[vc_row row_type=&#8221;parallax&#8221; parallax_content_width=&#8221;in_grid&#8221; text_align=&#8221;left&#8221; background_image=&#8221;20751&#8243; full_screen_section_height=&#8221;no&#8221; css=&#8221;.vc_custom_1498649375485{padding-top: 0px !important;padding-bottom: 0px !important;}&#8221;][vc_column][vc_separator type=&#8221;transparent&#8221; up=&#8221;150&#8243; down=&#8221;150&#8243;][\/vc_column][\/vc_row][vc_row css_animation=&#8221;&#8221; row_type=&#8221;row&#8221; use_row_as_full_screen_section=&#8221;no&#8221; type=&#8221;grid&#8221; anchor=&#8221;fala&#8221; angled_section=&#8221;no&#8221; text_align=&#8221;left&#8221; background_image_as_pattern=&#8221;without_pattern&#8221; background_color=&#8221;#f6f6f6&#8243; css=&#8221;.vc_custom_1502172714136{padding-top: 70px !important;background-color: #ffffff !important;}&#8221;][vc_column][vc_single_image image=&#8221;23563&#8243; img_size=&#8221;full&#8221; alignment=&#8221;center&#8221; qode_css_animation=&#8221;&#8221;][vc_separator type=&#8221;transparent&#8221; up=&#8221;15&#8243; down=&#8221;15&#8243;][vc_row_inner row_type=&#8221;row&#8221; type=&#8221;grid&#8221; text_align=&#8221;left&#8221; css_animation=&#8221;&#8221;][vc_column_inner width=&#8221;1\/3&#8243;][vc_gallery interval=&#8221;3&#8243; images=&#8221;23565,23567&#8243; img_size=&#8221;full&#8221; onclick=&#8221;&#8221; enable_drag=&#8221;no&#8221;&#8230;<\/p>\n","protected":false},"author":1,"featured_media":0,"parent":22255,"menu_order":0,"comment_status":"open","ping_status":"closed","template":"full_width.php","meta":{"footnotes":""},"class_list":["post-22886","page","type-page","status-publish","hentry"],"yoast_head":"<!-- This site is optimized with the Yoast SEO Premium plugin v22.3 (Yoast SEO v27.4) - https:\/\/yoast.com\/product\/yoast-seo-premium-wordpress\/ -->\n<title>Nevada - Lesaffre \u0641\u064a \u0627\u0644\u062c\u0632\u0627\u0626\u0631<\/title>\n<meta name=\"description\" content=\"\u0627\u0643\u062a\u0634\u0641 NEVADA \u0645\u062c\u0645\u0648\u0639\u062a\u0646\u0627 \u0645\u0646 \u0627\u0644\u062e\u0645\u064a\u0631\u0629 \u0627\u0644\u0637\u0627\u0632\u062c\u0629 \u0623\u0648 \u0627\u0644\u0633\u0627\u0626\u0644\u0629: \u062e\u0628\u0631\u0629 \u0641\u0631\u064a\u062f\u0629 \u062a\u062a\u0643\u064a\u0641 \u0645\u0639 \u0643\u0644 \u062d\u0627\u062c\u0629\" \/>\n<meta name=\"robots\" content=\"index, follow, max-snippet:-1, max-image-preview:large, max-video-preview:-1\" \/>\n<link rel=\"canonical\" href=\"https:\/\/lesaffre-algerie.com\/fr\/nos-solutions\/nos-levures\/nevada\/\" \/>\n<meta property=\"og:locale\" content=\"ar_AR\" \/>\n<meta property=\"og:type\" content=\"article\" \/>\n<meta property=\"og:title\" content=\"Nevada\" \/>\n<meta property=\"og:description\" content=\"\u0627\u0643\u062a\u0634\u0641 NEVADA \u0645\u062c\u0645\u0648\u0639\u062a\u0646\u0627 \u0645\u0646 \u0627\u0644\u062e\u0645\u064a\u0631\u0629 \u0627\u0644\u0637\u0627\u0632\u062c\u0629 \u0623\u0648 \u0627\u0644\u0633\u0627\u0626\u0644\u0629: \u062e\u0628\u0631\u0629 \u0641\u0631\u064a\u062f\u0629 \u062a\u062a\u0643\u064a\u0641 \u0645\u0639 \u0643\u0644 \u062d\u0627\u062c\u0629\" \/>\n<meta property=\"og:url\" content=\"https:\/\/lesaffre-algerie.com\/fr\/nos-solutions\/nos-levures\/nevada\/\" \/>\n<meta property=\"og:site_name\" content=\"LESAFFRE Alg\u00e9rie\" \/>\n<meta property=\"article:modified_time\" content=\"2022-11-09T09:49:39+00:00\" \/>\n<meta name=\"twitter:card\" content=\"summary_large_image\" \/>\n<meta name=\"twitter:label1\" content=\"\u0648\u0642\u062a \u0627\u0644\u0642\u0631\u0627\u0621\u0629 \u0627\u0644\u0645\u064f\u0642\u062f\u0651\u0631\" \/>\n\t<meta name=\"twitter:data1\" content=\"\u062f\u0642\u064a\u0642\u062a\u0627\u0646\" \/>\n<script type=\"application\/ld+json\" class=\"yoast-schema-graph\">{\"@context\":\"https:\\\/\\\/schema.org\",\"@graph\":[{\"@type\":\"WebPage\",\"@id\":\"https:\\\/\\\/lesaffre-algerie.com\\\/fr\\\/nos-solutions\\\/nos-levures\\\/nevada\\\/\",\"url\":\"https:\\\/\\\/lesaffre-algerie.com\\\/fr\\\/nos-solutions\\\/nos-levures\\\/nevada\\\/\",\"name\":\"Nevada - Lesaffre \u0641\u064a \u0627\u0644\u062c\u0632\u0627\u0626\u0631\",\"isPartOf\":{\"@id\":\"https:\\\/\\\/lesaffre-algerie.com\\\/fr\\\/#website\"},\"datePublished\":\"2019-05-02T07:11:53+00:00\",\"dateModified\":\"2022-11-09T09:49:39+00:00\",\"description\":\"\u0627\u0643\u062a\u0634\u0641 NEVADA \u0645\u062c\u0645\u0648\u0639\u062a\u0646\u0627 \u0645\u0646 \u0627\u0644\u062e\u0645\u064a\u0631\u0629 \u0627\u0644\u0637\u0627\u0632\u062c\u0629 \u0623\u0648 \u0627\u0644\u0633\u0627\u0626\u0644\u0629: \u062e\u0628\u0631\u0629 \u0641\u0631\u064a\u062f\u0629 \u062a\u062a\u0643\u064a\u0641 \u0645\u0639 \u0643\u0644 \u062d\u0627\u062c\u0629\",\"breadcrumb\":{\"@id\":\"https:\\\/\\\/lesaffre-algerie.com\\\/fr\\\/nos-solutions\\\/nos-levures\\\/nevada\\\/#breadcrumb\"},\"inLanguage\":\"ar\",\"potentialAction\":[{\"@type\":\"ReadAction\",\"target\":[\"https:\\\/\\\/lesaffre-algerie.com\\\/fr\\\/nos-solutions\\\/nos-levures\\\/nevada\\\/\"]}]},{\"@type\":\"BreadcrumbList\",\"@id\":\"https:\\\/\\\/lesaffre-algerie.com\\\/fr\\\/nos-solutions\\\/nos-levures\\\/nevada\\\/#breadcrumb\",\"itemListElement\":[{\"@type\":\"ListItem\",\"position\":1,\"name\":\"Accueil\",\"item\":\"https:\\\/\\\/lesaffre-algerie.com\\\/ar\\\/\"},{\"@type\":\"ListItem\",\"position\":2,\"name\":\"\u0645\u0646\u062a\u0648\u062c\u0627\u062a\u0646\u0627\",\"item\":\"https:\\\/\\\/lesaffre-algerie.com\\\/ar\\\/%d9%85%d9%86%d8%aa%d9%88%d8%ac%d8%a7%d8%aa%d9%86%d8%a7\\\/\"},{\"@type\":\"ListItem\",\"position\":3,\"name\":\"\u062e\u0645\u0627\u0626\u0631\u0646\u0627\",\"item\":\"https:\\\/\\\/lesaffre-algerie.com\\\/fr\\\/nos-solutions\\\/nos-levures\\\/\"},{\"@type\":\"ListItem\",\"position\":4,\"name\":\"Nevada\"}]},{\"@type\":\"WebSite\",\"@id\":\"https:\\\/\\\/lesaffre-algerie.com\\\/fr\\\/#website\",\"url\":\"https:\\\/\\\/lesaffre-algerie.com\\\/fr\\\/\",\"name\":\"LESAFFRE Alg\u00e9rie\",\"description\":\"Levures de cuisson, am\u00e9liorants pour le pain et sant\u00e9\",\"potentialAction\":[{\"@type\":\"SearchAction\",\"target\":{\"@type\":\"EntryPoint\",\"urlTemplate\":\"https:\\\/\\\/lesaffre-algerie.com\\\/fr\\\/?s={search_term_string}\"},\"query-input\":{\"@type\":\"PropertyValueSpecification\",\"valueRequired\":true,\"valueName\":\"search_term_string\"}}],\"inLanguage\":\"ar\"}]}<\/script>\n<!-- \/ Yoast SEO Premium plugin. -->","yoast_head_json":{"title":"Nevada - Lesaffre \u0641\u064a \u0627\u0644\u062c\u0632\u0627\u0626\u0631","description":"\u0627\u0643\u062a\u0634\u0641 NEVADA \u0645\u062c\u0645\u0648\u0639\u062a\u0646\u0627 \u0645\u0646 \u0627\u0644\u062e\u0645\u064a\u0631\u0629 \u0627\u0644\u0637\u0627\u0632\u062c\u0629 \u0623\u0648 \u0627\u0644\u0633\u0627\u0626\u0644\u0629: \u062e\u0628\u0631\u0629 \u0641\u0631\u064a\u062f\u0629 \u062a\u062a\u0643\u064a\u0641 \u0645\u0639 \u0643\u0644 \u062d\u0627\u062c\u0629","robots":{"index":"index","follow":"follow","max-snippet":"max-snippet:-1","max-image-preview":"max-image-preview:large","max-video-preview":"max-video-preview:-1"},"canonical":"https:\/\/lesaffre-algerie.com\/fr\/nos-solutions\/nos-levures\/nevada\/","og_locale":"ar_AR","og_type":"article","og_title":"Nevada","og_description":"\u0627\u0643\u062a\u0634\u0641 NEVADA \u0645\u062c\u0645\u0648\u0639\u062a\u0646\u0627 \u0645\u0646 \u0627\u0644\u062e\u0645\u064a\u0631\u0629 \u0627\u0644\u0637\u0627\u0632\u062c\u0629 \u0623\u0648 \u0627\u0644\u0633\u0627\u0626\u0644\u0629: \u062e\u0628\u0631\u0629 \u0641\u0631\u064a\u062f\u0629 \u062a\u062a\u0643\u064a\u0641 \u0645\u0639 \u0643\u0644 \u062d\u0627\u062c\u0629","og_url":"https:\/\/lesaffre-algerie.com\/fr\/nos-solutions\/nos-levures\/nevada\/","og_site_name":"LESAFFRE Alg\u00e9rie","article_modified_time":"2022-11-09T09:49:39+00:00","twitter_card":"summary_large_image","twitter_misc":{"\u0648\u0642\u062a \u0627\u0644\u0642\u0631\u0627\u0621\u0629 \u0627\u0644\u0645\u064f\u0642\u062f\u0651\u0631":"\u062f\u0642\u064a\u0642\u062a\u0627\u0646"},"schema":{"@context":"https:\/\/schema.org","@graph":[{"@type":"WebPage","@id":"https:\/\/lesaffre-algerie.com\/fr\/nos-solutions\/nos-levures\/nevada\/","url":"https:\/\/lesaffre-algerie.com\/fr\/nos-solutions\/nos-levures\/nevada\/","name":"Nevada - Lesaffre \u0641\u064a \u0627\u0644\u062c\u0632\u0627\u0626\u0631","isPartOf":{"@id":"https:\/\/lesaffre-algerie.com\/fr\/#website"},"datePublished":"2019-05-02T07:11:53+00:00","dateModified":"2022-11-09T09:49:39+00:00","description":"\u0627\u0643\u062a\u0634\u0641 NEVADA \u0645\u062c\u0645\u0648\u0639\u062a\u0646\u0627 \u0645\u0646 \u0627\u0644\u062e\u0645\u064a\u0631\u0629 \u0627\u0644\u0637\u0627\u0632\u062c\u0629 \u0623\u0648 \u0627\u0644\u0633\u0627\u0626\u0644\u0629: \u062e\u0628\u0631\u0629 \u0641\u0631\u064a\u062f\u0629 \u062a\u062a\u0643\u064a\u0641 \u0645\u0639 \u0643\u0644 \u062d\u0627\u062c\u0629","breadcrumb":{"@id":"https:\/\/lesaffre-algerie.com\/fr\/nos-solutions\/nos-levures\/nevada\/#breadcrumb"},"inLanguage":"ar","potentialAction":[{"@type":"ReadAction","target":["https:\/\/lesaffre-algerie.com\/fr\/nos-solutions\/nos-levures\/nevada\/"]}]},{"@type":"BreadcrumbList","@id":"https:\/\/lesaffre-algerie.com\/fr\/nos-solutions\/nos-levures\/nevada\/#breadcrumb","itemListElement":[{"@type":"ListItem","position":1,"name":"Accueil","item":"https:\/\/lesaffre-algerie.com\/ar\/"},{"@type":"ListItem","position":2,"name":"\u0645\u0646\u062a\u0648\u062c\u0627\u062a\u0646\u0627","item":"https:\/\/lesaffre-algerie.com\/ar\/%d9%85%d9%86%d8%aa%d9%88%d8%ac%d8%a7%d8%aa%d9%86%d8%a7\/"},{"@type":"ListItem","position":3,"name":"\u062e\u0645\u0627\u0626\u0631\u0646\u0627","item":"https:\/\/lesaffre-algerie.com\/fr\/nos-solutions\/nos-levures\/"},{"@type":"ListItem","position":4,"name":"Nevada"}]},{"@type":"WebSite","@id":"https:\/\/lesaffre-algerie.com\/fr\/#website","url":"https:\/\/lesaffre-algerie.com\/fr\/","name":"LESAFFRE Alg\u00e9rie","description":"Levures de cuisson, am\u00e9liorants pour le pain et sant\u00e9","potentialAction":[{"@type":"SearchAction","target":{"@type":"EntryPoint","urlTemplate":"https:\/\/lesaffre-algerie.com\/fr\/?s={search_term_string}"},"query-input":{"@type":"PropertyValueSpecification","valueRequired":true,"valueName":"search_term_string"}}],"inLanguage":"ar"}]}},"_links":{"self":[{"href":"https:\/\/lesaffre-algerie.com\/ar\/wp-json\/wp\/v2\/pages\/22886","targetHints":{"allow":["GET"]}}],"collection":[{"href":"https:\/\/lesaffre-algerie.com\/ar\/wp-json\/wp\/v2\/pages"}],"about":[{"href":"https:\/\/lesaffre-algerie.com\/ar\/wp-json\/wp\/v2\/types\/page"}],"author":[{"embeddable":true,"href":"https:\/\/lesaffre-algerie.com\/ar\/wp-json\/wp\/v2\/users\/1"}],"replies":[{"embeddable":true,"href":"https:\/\/lesaffre-algerie.com\/ar\/wp-json\/wp\/v2\/comments?post=22886"}],"version-history":[{"count":1,"href":"https:\/\/lesaffre-algerie.com\/ar\/wp-json\/wp\/v2\/pages\/22886\/revisions"}],"predecessor-version":[{"id":24470,"href":"https:\/\/lesaffre-algerie.com\/ar\/wp-json\/wp\/v2\/pages\/22886\/revisions\/24470"}],"up":[{"embeddable":true,"href":"https:\/\/lesaffre-algerie.com\/ar\/wp-json\/wp\/v2\/pages\/22255"}],"wp:attachment":[{"href":"https:\/\/lesaffre-algerie.com\/ar\/wp-json\/wp\/v2\/media?parent=22886"}],"curies":[{"name":"wp","href":"https:\/\/api.w.org\/{rel}","templated":true}]}}