{"id":23920,"date":"2022-04-11T10:45:05","date_gmt":"2022-04-11T09:45:05","guid":{"rendered":"https:\/\/lesaffre-algerie.com\/?page_id=23920"},"modified":"2022-04-11T10:45:24","modified_gmt":"2022-04-11T09:45:24","slug":"%d8%a7%d9%84%d8%ae%d9%84%d8%b7%d8%a7%d8%aa","status":"publish","type":"page","link":"https:\/\/lesaffre-algerie.com\/ar\/%d9%85%d9%86%d8%aa%d9%88%d8%ac%d8%a7%d8%aa%d9%86%d8%a7\/%d8%a7%d9%84%d8%ae%d9%84%d8%b7%d8%a7%d8%aa\/","title":{"rendered":"\u0627\u0644\u062e\u0644\u0637\u0627\u062a"},"content":{"rendered":"<div class=\"wpb-content-wrapper\"><p>[vc_row row_type=&#8221;parallax&#8221; parallax_content_width=&#8221;in_grid&#8221; text_align=&#8221;left&#8221; background_image=&#8221;23922&#8243; full_screen_section_height=&#8221;no&#8221; css=&#8221;.vc_custom_1649140692917{padding-top: 0px !important;padding-bottom: 0px !important;}&#8221;][vc_column][vc_separator type=&#8221;transparent&#8221; up=&#8221;200&#8243; down=&#8221;200&#8243;][\/vc_column][\/vc_row][vc_row css_animation=&#8221;&#8221; row_type=&#8221;row&#8221; use_row_as_full_screen_section=&#8221;yes&#8221; type=&#8221;grid&#8221; angled_section=&#8221;no&#8221; text_align=&#8221;left&#8221; background_image_as_pattern=&#8221;without_pattern&#8221; css=&#8221;.vc_custom_1498739643080{background-color: #ffffff !important;}&#8221; el_class=&#8221;paddingOn&#8221;][vc_column width=&#8221;2\/3&#8243;][vc_column_text]<\/p>\n<h2 style=\"text-align: right;\">\u062a\u0645 \u062a\u0637\u0648\u064a\u0631 \u0627\u0644\u0645\u0646\u062a\u062c\u0627\u062a \u0644\u062a\u0646\u0648\u064a\u0639 \u0646\u0637\u0627\u0642\u0627\u062a \u0627\u0644\u062e\u0628\u0632 \u0627\u0644\u062e\u0627\u0635\u0629 \u0628\u0643.<\/h2>\n<p>[\/vc_column_text][vc_separator type=&#8221;transparent&#8221; up=&#8221;20&#8243;][vc_column_text]<\/p>\n<p style=\"font-weight: 400; text-align: right;\">\u0627\u0643\u062a\u0634\u0641 \u062e\u0644\u0637\u0627\u062a \u0627\u0646\u0641\u0627\u0646\u062a\u064a\u0633 &#8220;\u0627\u0644\u062e\u0644\u064a\u0637 \u0627\u0644\u0643\u0627\u0645\u0644 &#8221; \u0648 \u0627\u0646\u0641\u0627\u0646\u062a\u064a\u0633 &#8220;\u062e\u0644\u064a\u0637 \u0627\u0644\u0634\u0639\u064a\u0631&#8221; \u0627\u0644\u062c\u062f\u064a\u062f\u0629 \u0627\u0644\u062a\u064a \u062a\u0648\u0633\u0639 \u0646\u0637\u0627\u0642 \u0645\u0646\u062a\u062c\u0627\u062a \u0644\u0648\u0633\u0627\u0641\u0631 \u0641\u064a \u0627\u0644\u062c\u0632\u0627\u0626\u0631 \u060c \u0641\u0647\u064a \u062a\u062d\u062a\u0648\u064a \u0639\u0644\u0649 \u062c\u0645\u064a\u0639 \u0627\u0644\u0645\u0643\u0648\u0646\u0627\u062a \u0627\u0644\u062a\u064a \u062a\u0645 \u0648\u0632\u0646\u0647\u0627 \u0645\u0633\u0628\u0642\u0627 \u060c \u0628\u0627\u0633\u062a\u062b\u0646\u0627\u0621 \u0627\u0644\u062e\u0645\u064a\u0631\u0629 \u0648\u0627\u0644\u0645\u0644\u062d \u060c \u0644\u0635\u0646\u0639 \u062e\u0628\u0632 \u0627\u0644\u0642\u0645\u062d \u0627\u0644\u0643\u0627\u0645\u0644 \u0648\u062e\u0628\u0632 \u0627\u0644\u0634\u0639\u064a\u0631 \u0627\u0644\u0644\u0630\u064a\u0630\u064a\u0646 \u0628\u0633\u0647\u0648\u0644\u0629.<\/p>\n<p style=\"font-weight: 400; text-align: right;\">\u0627\u0646\u0641\u0627\u0646\u062a\u064a\u0633 &#8220;\u0627\u0644\u062e\u0644\u064a\u0637 \u0627\u0644\u0643\u0627\u0645\u0644 &#8221; \u0648 \u0627\u0646\u0641\u0627\u0646\u062a\u064a\u0633 &#8220;\u062e\u0644\u064a\u0637 \u0627\u0644\u0634\u0639\u064a\u0631&#8221; \u0647\u064a \u0645\u0635\u0627\u062f\u0631 \u0644\u0644\u0623\u0644\u064a\u0627\u0641 \u0648\u0633\u0647\u0644\u0629 \u0627\u0644\u0627\u0633\u062a\u062e\u062f\u0627\u0645 \u0644\u0644\u063a\u0627\u064a\u0629 \u060c \u0642\u0645 \u0628\u0625\u0636\u0627\u0641\u062a\u0647\u0627 \u0645\u0628\u0627\u0634\u0631\u0629 \u0625\u0644\u0649 \u0627\u0644\u0639\u062c\u0646 \u0628\u0627\u0644\u0645\u0627\u0621 \u0648\u0627\u0644\u062e\u0645\u064a\u0631\u0629 \u0648\u0627\u0644\u0645\u0644\u062d \u060c \u062b\u0645 \u0627\u062e\u0644\u0637\u0647\u0627.<\/p>\n<p>[\/vc_column_text][\/vc_column][vc_column width=&#8221;1\/3&#8243;][vc_separator type=&#8221;normal&#8221; color=&#8221;#ffffff&#8221;][qode_circles columns=&#8221;three_columns&#8221; circle_line=&#8221;no_line&#8221;][qode_circle type=&#8221;image_type&#8221; image=&#8221;23914&#8243;][\/qode_circles][\/vc_column][\/vc_row][vc_row row_type=&#8221;parallax&#8221; parallax_content_width=&#8221;in_grid&#8221; text_align=&#8221;left&#8221; background_image=&#8221;20772&#8243; full_screen_section_height=&#8221;no&#8221; css=&#8221;.vc_custom_1498658947816{padding-top: 0px !important;padding-bottom: 0px !important;}&#8221;][vc_column][vc_separator type=&#8221;transparent&#8221; up=&#8221;150&#8243; down=&#8221;150&#8243;][\/vc_column][\/vc_row]<\/p>\n<\/div>","protected":false},"excerpt":{"rendered":"<p>[vc_row row_type=&#8221;parallax&#8221; parallax_content_width=&#8221;in_grid&#8221; text_align=&#8221;left&#8221; background_image=&#8221;23922&#8243; full_screen_section_height=&#8221;no&#8221; css=&#8221;.vc_custom_1649140692917{padding-top: 0px !important;padding-bottom: 0px !important;}&#8221;][vc_column][vc_separator type=&#8221;transparent&#8221; up=&#8221;200&#8243; down=&#8221;200&#8243;][\/vc_column][\/vc_row][vc_row css_animation=&#8221;&#8221; row_type=&#8221;row&#8221; use_row_as_full_screen_section=&#8221;yes&#8221; type=&#8221;grid&#8221; angled_section=&#8221;no&#8221; text_align=&#8221;left&#8221; background_image_as_pattern=&#8221;without_pattern&#8221; css=&#8221;.vc_custom_1498739643080{background-color: #ffffff !important;}&#8221; el_class=&#8221;paddingOn&#8221;][vc_column width=&#8221;2\/3&#8243;][vc_column_text] \u062a\u0645 \u062a\u0637\u0648\u064a\u0631 \u0627\u0644\u0645\u0646\u062a\u062c\u0627\u062a \u0644\u062a\u0646\u0648\u064a\u0639 \u0646\u0637\u0627\u0642\u0627\u062a \u0627\u0644\u062e\u0628\u0632 \u0627\u0644\u062e\u0627\u0635\u0629 \u0628\u0643. [\/vc_column_text][vc_separator type=&#8221;transparent&#8221; up=&#8221;20&#8243;][vc_column_text] \u0627\u0643\u062a\u0634\u0641 \u062e\u0644\u0637\u0627\u062a \u0627\u0646\u0641\u0627\u0646\u062a\u064a\u0633 &#8220;\u0627\u0644\u062e\u0644\u064a\u0637 \u0627\u0644\u0643\u0627\u0645\u0644 &#8221; \u0648 \u0627\u0646\u0641\u0627\u0646\u062a\u064a\u0633&#8230;<\/p>\n","protected":false},"author":1,"featured_media":0,"parent":22761,"menu_order":0,"comment_status":"open","ping_status":"closed","template":"full_width.php","meta":{"footnotes":""},"class_list":["post-23920","page","type-page","status-publish","hentry"],"yoast_head":"<!-- This site is optimized with the Yoast SEO Premium plugin v22.3 (Yoast SEO v27.4) - https:\/\/yoast.com\/product\/yoast-seo-premium-wordpress\/ -->\n<title>\u062a\u0645 \u062a\u0637\u0648\u064a\u0631 \u0627\u0644\u0645\u0646\u062a\u062c\u0627\u062a \u0644\u062a\u0646\u0648\u064a\u0639 \u0646\u0637\u0627\u0642\u0627\u062a \u0627\u0644\u062e\u0628\u0632 \u0627\u0644\u062e\u0627\u0635\u0629 \u0628\u0643. - Lesaffre Alg\u00e9rie<\/title>\n<meta name=\"description\" content=\"\u062a\u0645 \u062a\u0637\u0648\u064a\u0631 \u0645\u062c\u0645\u0648\u0639\u0629 \u062c\u062f\u064a\u062f\u0629 \u0645\u0646 \u0627\u0644\u062e\u0644\u0637\u0627\u062a \u062e\u0635\u064a\u0635\u064b\u0627 \u0644\u0644\u062e\u0628\u0627\u0632\u064a\u0646 \u0627\u0644\u0628\u0627\u062d\u062b\u064a\u0646 \u0639\u0646 \u0627\u0644\u0627\u0628\u062a\u0643\u0627\u0631 \u0648\u062a\u0646\u0648\u064a\u0639 \u0639\u0631\u0648\u0636\u0647\u0645 \u0641\u064a \u0627\u0644\u0645\u062a\u062c\u0631\" \/>\n<meta name=\"robots\" content=\"index, follow, max-snippet:-1, max-image-preview:large, max-video-preview:-1\" \/>\n<link rel=\"canonical\" href=\"https:\/\/lesaffre-algerie.com\/fr\/nos-solutions\/mixes\/\" \/>\n<meta property=\"og:locale\" content=\"ar_AR\" \/>\n<meta property=\"og:type\" content=\"article\" \/>\n<meta property=\"og:title\" content=\"\u0627\u0644\u062e\u0644\u0637\u0627\u062a\" \/>\n<meta property=\"og:description\" content=\"\u062a\u0645 \u062a\u0637\u0648\u064a\u0631 \u0645\u062c\u0645\u0648\u0639\u0629 \u062c\u062f\u064a\u062f\u0629 \u0645\u0646 \u0627\u0644\u062e\u0644\u0637\u0627\u062a \u062e\u0635\u064a\u0635\u064b\u0627 \u0644\u0644\u062e\u0628\u0627\u0632\u064a\u0646 \u0627\u0644\u0628\u0627\u062d\u062b\u064a\u0646 \u0639\u0646 \u0627\u0644\u0627\u0628\u062a\u0643\u0627\u0631 \u0648\u062a\u0646\u0648\u064a\u0639 \u0639\u0631\u0648\u0636\u0647\u0645 \u0641\u064a \u0627\u0644\u0645\u062a\u062c\u0631\" \/>\n<meta property=\"og:url\" content=\"https:\/\/lesaffre-algerie.com\/fr\/nos-solutions\/mixes\/\" \/>\n<meta property=\"og:site_name\" content=\"LESAFFRE Alg\u00e9rie\" \/>\n<meta property=\"article:modified_time\" content=\"2022-04-11T09:45:24+00:00\" \/>\n<meta name=\"twitter:card\" content=\"summary_large_image\" \/>\n<meta name=\"twitter:label1\" content=\"\u0648\u0642\u062a \u0627\u0644\u0642\u0631\u0627\u0621\u0629 \u0627\u0644\u0645\u064f\u0642\u062f\u0651\u0631\" \/>\n\t<meta name=\"twitter:data1\" content=\"1 \u062f\u0642\u064a\u0642\u0629\" \/>\n<script type=\"application\/ld+json\" class=\"yoast-schema-graph\">{\"@context\":\"https:\\\/\\\/schema.org\",\"@graph\":[{\"@type\":\"WebPage\",\"@id\":\"https:\\\/\\\/lesaffre-algerie.com\\\/fr\\\/nos-solutions\\\/mixes\\\/\",\"url\":\"https:\\\/\\\/lesaffre-algerie.com\\\/fr\\\/nos-solutions\\\/mixes\\\/\",\"name\":\"\u062a\u0645 \u062a\u0637\u0648\u064a\u0631 \u0627\u0644\u0645\u0646\u062a\u062c\u0627\u062a \u0644\u062a\u0646\u0648\u064a\u0639 \u0646\u0637\u0627\u0642\u0627\u062a \u0627\u0644\u062e\u0628\u0632 \u0627\u0644\u062e\u0627\u0635\u0629 \u0628\u0643. - Lesaffre Alg\u00e9rie\",\"isPartOf\":{\"@id\":\"https:\\\/\\\/lesaffre-algerie.com\\\/fr\\\/#website\"},\"datePublished\":\"2022-04-11T09:45:05+00:00\",\"dateModified\":\"2022-04-11T09:45:24+00:00\",\"description\":\"\u062a\u0645 \u062a\u0637\u0648\u064a\u0631 \u0645\u062c\u0645\u0648\u0639\u0629 \u062c\u062f\u064a\u062f\u0629 \u0645\u0646 \u0627\u0644\u062e\u0644\u0637\u0627\u062a \u062e\u0635\u064a\u0635\u064b\u0627 \u0644\u0644\u062e\u0628\u0627\u0632\u064a\u0646 \u0627\u0644\u0628\u0627\u062d\u062b\u064a\u0646 \u0639\u0646 \u0627\u0644\u0627\u0628\u062a\u0643\u0627\u0631 \u0648\u062a\u0646\u0648\u064a\u0639 \u0639\u0631\u0648\u0636\u0647\u0645 \u0641\u064a \u0627\u0644\u0645\u062a\u062c\u0631\",\"breadcrumb\":{\"@id\":\"https:\\\/\\\/lesaffre-algerie.com\\\/fr\\\/nos-solutions\\\/mixes\\\/#breadcrumb\"},\"inLanguage\":\"ar\",\"potentialAction\":[{\"@type\":\"ReadAction\",\"target\":[\"https:\\\/\\\/lesaffre-algerie.com\\\/fr\\\/nos-solutions\\\/mixes\\\/\"]}]},{\"@type\":\"BreadcrumbList\",\"@id\":\"https:\\\/\\\/lesaffre-algerie.com\\\/fr\\\/nos-solutions\\\/mixes\\\/#breadcrumb\",\"itemListElement\":[{\"@type\":\"ListItem\",\"position\":1,\"name\":\"Accueil\",\"item\":\"https:\\\/\\\/lesaffre-algerie.com\\\/ar\\\/\"},{\"@type\":\"ListItem\",\"position\":2,\"name\":\"\u0645\u0646\u062a\u0648\u062c\u0627\u062a\u0646\u0627\",\"item\":\"https:\\\/\\\/lesaffre-algerie.com\\\/ar\\\/%d9%85%d9%86%d8%aa%d9%88%d8%ac%d8%a7%d8%aa%d9%86%d8%a7\\\/\"},{\"@type\":\"ListItem\",\"position\":3,\"name\":\"\u0627\u0644\u062e\u0644\u0637\u0627\u062a\"}]},{\"@type\":\"WebSite\",\"@id\":\"https:\\\/\\\/lesaffre-algerie.com\\\/fr\\\/#website\",\"url\":\"https:\\\/\\\/lesaffre-algerie.com\\\/fr\\\/\",\"name\":\"LESAFFRE Alg\u00e9rie\",\"description\":\"Levures de cuisson, am\u00e9liorants pour le pain et sant\u00e9\",\"potentialAction\":[{\"@type\":\"SearchAction\",\"target\":{\"@type\":\"EntryPoint\",\"urlTemplate\":\"https:\\\/\\\/lesaffre-algerie.com\\\/fr\\\/?s={search_term_string}\"},\"query-input\":{\"@type\":\"PropertyValueSpecification\",\"valueRequired\":true,\"valueName\":\"search_term_string\"}}],\"inLanguage\":\"ar\"}]}<\/script>\n<!-- \/ Yoast SEO Premium plugin. -->","yoast_head_json":{"title":"\u062a\u0645 \u062a\u0637\u0648\u064a\u0631 \u0627\u0644\u0645\u0646\u062a\u062c\u0627\u062a \u0644\u062a\u0646\u0648\u064a\u0639 \u0646\u0637\u0627\u0642\u0627\u062a \u0627\u0644\u062e\u0628\u0632 \u0627\u0644\u062e\u0627\u0635\u0629 \u0628\u0643. - Lesaffre Alg\u00e9rie","description":"\u062a\u0645 \u062a\u0637\u0648\u064a\u0631 \u0645\u062c\u0645\u0648\u0639\u0629 \u062c\u062f\u064a\u062f\u0629 \u0645\u0646 \u0627\u0644\u062e\u0644\u0637\u0627\u062a \u062e\u0635\u064a\u0635\u064b\u0627 \u0644\u0644\u062e\u0628\u0627\u0632\u064a\u0646 \u0627\u0644\u0628\u0627\u062d\u062b\u064a\u0646 \u0639\u0646 \u0627\u0644\u0627\u0628\u062a\u0643\u0627\u0631 \u0648\u062a\u0646\u0648\u064a\u0639 \u0639\u0631\u0648\u0636\u0647\u0645 \u0641\u064a \u0627\u0644\u0645\u062a\u062c\u0631","robots":{"index":"index","follow":"follow","max-snippet":"max-snippet:-1","max-image-preview":"max-image-preview:large","max-video-preview":"max-video-preview:-1"},"canonical":"https:\/\/lesaffre-algerie.com\/fr\/nos-solutions\/mixes\/","og_locale":"ar_AR","og_type":"article","og_title":"\u0627\u0644\u062e\u0644\u0637\u0627\u062a","og_description":"\u062a\u0645 \u062a\u0637\u0648\u064a\u0631 \u0645\u062c\u0645\u0648\u0639\u0629 \u062c\u062f\u064a\u062f\u0629 \u0645\u0646 \u0627\u0644\u062e\u0644\u0637\u0627\u062a \u062e\u0635\u064a\u0635\u064b\u0627 \u0644\u0644\u062e\u0628\u0627\u0632\u064a\u0646 \u0627\u0644\u0628\u0627\u062d\u062b\u064a\u0646 \u0639\u0646 \u0627\u0644\u0627\u0628\u062a\u0643\u0627\u0631 \u0648\u062a\u0646\u0648\u064a\u0639 \u0639\u0631\u0648\u0636\u0647\u0645 \u0641\u064a \u0627\u0644\u0645\u062a\u062c\u0631","og_url":"https:\/\/lesaffre-algerie.com\/fr\/nos-solutions\/mixes\/","og_site_name":"LESAFFRE Alg\u00e9rie","article_modified_time":"2022-04-11T09:45:24+00:00","twitter_card":"summary_large_image","twitter_misc":{"\u0648\u0642\u062a \u0627\u0644\u0642\u0631\u0627\u0621\u0629 \u0627\u0644\u0645\u064f\u0642\u062f\u0651\u0631":"1 \u062f\u0642\u064a\u0642\u0629"},"schema":{"@context":"https:\/\/schema.org","@graph":[{"@type":"WebPage","@id":"https:\/\/lesaffre-algerie.com\/fr\/nos-solutions\/mixes\/","url":"https:\/\/lesaffre-algerie.com\/fr\/nos-solutions\/mixes\/","name":"\u062a\u0645 \u062a\u0637\u0648\u064a\u0631 \u0627\u0644\u0645\u0646\u062a\u062c\u0627\u062a \u0644\u062a\u0646\u0648\u064a\u0639 \u0646\u0637\u0627\u0642\u0627\u062a \u0627\u0644\u062e\u0628\u0632 \u0627\u0644\u062e\u0627\u0635\u0629 \u0628\u0643. - Lesaffre Alg\u00e9rie","isPartOf":{"@id":"https:\/\/lesaffre-algerie.com\/fr\/#website"},"datePublished":"2022-04-11T09:45:05+00:00","dateModified":"2022-04-11T09:45:24+00:00","description":"\u062a\u0645 \u062a\u0637\u0648\u064a\u0631 \u0645\u062c\u0645\u0648\u0639\u0629 \u062c\u062f\u064a\u062f\u0629 \u0645\u0646 \u0627\u0644\u062e\u0644\u0637\u0627\u062a \u062e\u0635\u064a\u0635\u064b\u0627 \u0644\u0644\u062e\u0628\u0627\u0632\u064a\u0646 \u0627\u0644\u0628\u0627\u062d\u062b\u064a\u0646 \u0639\u0646 \u0627\u0644\u0627\u0628\u062a\u0643\u0627\u0631 \u0648\u062a\u0646\u0648\u064a\u0639 \u0639\u0631\u0648\u0636\u0647\u0645 \u0641\u064a \u0627\u0644\u0645\u062a\u062c\u0631","breadcrumb":{"@id":"https:\/\/lesaffre-algerie.com\/fr\/nos-solutions\/mixes\/#breadcrumb"},"inLanguage":"ar","potentialAction":[{"@type":"ReadAction","target":["https:\/\/lesaffre-algerie.com\/fr\/nos-solutions\/mixes\/"]}]},{"@type":"BreadcrumbList","@id":"https:\/\/lesaffre-algerie.com\/fr\/nos-solutions\/mixes\/#breadcrumb","itemListElement":[{"@type":"ListItem","position":1,"name":"Accueil","item":"https:\/\/lesaffre-algerie.com\/ar\/"},{"@type":"ListItem","position":2,"name":"\u0645\u0646\u062a\u0648\u062c\u0627\u062a\u0646\u0627","item":"https:\/\/lesaffre-algerie.com\/ar\/%d9%85%d9%86%d8%aa%d9%88%d8%ac%d8%a7%d8%aa%d9%86%d8%a7\/"},{"@type":"ListItem","position":3,"name":"\u0627\u0644\u062e\u0644\u0637\u0627\u062a"}]},{"@type":"WebSite","@id":"https:\/\/lesaffre-algerie.com\/fr\/#website","url":"https:\/\/lesaffre-algerie.com\/fr\/","name":"LESAFFRE Alg\u00e9rie","description":"Levures de cuisson, am\u00e9liorants pour le pain et sant\u00e9","potentialAction":[{"@type":"SearchAction","target":{"@type":"EntryPoint","urlTemplate":"https:\/\/lesaffre-algerie.com\/fr\/?s={search_term_string}"},"query-input":{"@type":"PropertyValueSpecification","valueRequired":true,"valueName":"search_term_string"}}],"inLanguage":"ar"}]}},"_links":{"self":[{"href":"https:\/\/lesaffre-algerie.com\/ar\/wp-json\/wp\/v2\/pages\/23920","targetHints":{"allow":["GET"]}}],"collection":[{"href":"https:\/\/lesaffre-algerie.com\/ar\/wp-json\/wp\/v2\/pages"}],"about":[{"href":"https:\/\/lesaffre-algerie.com\/ar\/wp-json\/wp\/v2\/types\/page"}],"author":[{"embeddable":true,"href":"https:\/\/lesaffre-algerie.com\/ar\/wp-json\/wp\/v2\/users\/1"}],"replies":[{"embeddable":true,"href":"https:\/\/lesaffre-algerie.com\/ar\/wp-json\/wp\/v2\/comments?post=23920"}],"version-history":[{"count":0,"href":"https:\/\/lesaffre-algerie.com\/ar\/wp-json\/wp\/v2\/pages\/23920\/revisions"}],"up":[{"embeddable":true,"href":"https:\/\/lesaffre-algerie.com\/ar\/wp-json\/wp\/v2\/pages\/22761"}],"wp:attachment":[{"href":"https:\/\/lesaffre-algerie.com\/ar\/wp-json\/wp\/v2\/media?parent=23920"}],"curies":[{"name":"wp","href":"https:\/\/api.w.org\/{rel}","templated":true}]}}