{"id":23938,"date":"2022-04-11T10:15:16","date_gmt":"2022-04-11T09:15:16","guid":{"rendered":"https:\/\/lesaffre-algerie.com\/?page_id=23938"},"modified":"2022-10-13T05:44:07","modified_gmt":"2022-10-13T04:44:07","slug":"100-%d8%ae%d9%84%d9%8a%d8%b7-%d8%a7%d9%84%d8%b4%d8%b9%d9%8a%d8%b1","status":"publish","type":"page","link":"https:\/\/lesaffre-algerie.com\/ar\/%d9%85%d9%86%d8%aa%d9%88%d8%ac%d8%a7%d8%aa%d9%86%d8%a7\/%d8%a7%d9%84%d8%ae%d9%84%d8%b7%d8%a7%d8%aa\/100-%d8%ae%d9%84%d9%8a%d8%b7-%d8%a7%d9%84%d8%b4%d8%b9%d9%8a%d8%b1\/","title":{"rendered":"100% \u062e\u0644\u064a\u0637 \u0627\u0644\u0634\u0639\u064a\u0631"},"content":{"rendered":"<div class=\"wpb-content-wrapper\"><p>[vc_row css_animation=&#8221;&#8221; row_type=&#8221;row&#8221; use_row_as_full_screen_section=&#8221;no&#8221; type=&#8221;full_width&#8221; angled_section=&#8221;no&#8221; text_align=&#8221;left&#8221; background_image_as_pattern=&#8221;without_pattern&#8221; css=&#8221;.vc_custom_1574812587560{padding-top: 0px !important;padding-bottom: 0px !important;}&#8221; z_index=&#8221;&#8221; el_class=&#8221;noPadding&#8221;][vc_column][vc_single_image image=&#8221;23939&#8243; img_size=&#8221;full&#8221; alignment=&#8221;center&#8221; qode_css_animation=&#8221;&#8221;][\/vc_column][\/vc_row][vc_row css_animation=&#8221;&#8221; row_type=&#8221;row&#8221; use_row_as_full_screen_section=&#8221;no&#8221; type=&#8221;grid&#8221; anchor=&#8221;safinstant&#8221; angled_section=&#8221;no&#8221; text_align=&#8221;left&#8221; background_image_as_pattern=&#8221;without_pattern&#8221; background_color=&#8221;#f6f6f6&#8243; css=&#8221;.vc_custom_1556780068246{padding-top: 70px !important;background-color: #ffffff !important;}&#8221; z_index=&#8221;&#8221;][vc_column][vc_single_image image=&#8221;21707&#8243; img_size=&#8221;full&#8221; alignment=&#8221;center&#8221; qode_css_animation=&#8221;&#8221;][vc_separator type=&#8221;transparent&#8221; up=&#8221;15&#8243; down=&#8221;15&#8243;][vc_row_inner row_type=&#8221;row&#8221; type=&#8221;grid&#8221; text_align=&#8221;left&#8221; css_animation=&#8221;&#8221; css=&#8221;.vc_custom_1502172577458{padding-bottom: 35px !important;}&#8221;][vc_column_inner width=&#8221;2\/3&#8243;][vc_column_text]<\/p>\n<h2 style=\"text-align: right;\">100% \u062e\u0644\u064a\u0637 \u0627\u0644\u0634\u0639\u064a\u0631<\/h2>\n<p style=\"text-align: right;\"><strong>\u0627\u0635\u0646\u0639 \u062e\u0628\u0632 \u0627\u0644\u0634\u0639\u064a\u0631 \u0627\u0644\u0644\u0630\u064a\u0630<\/strong><\/p>\n<p style=\"text-align: right;\">\u064a\u062d\u062a\u0648\u064a \u0627\u0646\u0641\u0627\u0646\u062a\u064a\u0633 &#8220;\u062e\u0644\u064a\u0637 \u0627\u0644\u0634\u0639\u064a\u0631&#8221; \u0639\u0644\u0649 \u062c\u0645\u064a\u0639 \u0627\u0644\u0645\u0643\u0648\u0646\u0627\u062a \u0627\u0644\u062a\u064a \u062a\u0645 \u0648\u0632\u0646\u0647\u0627 \u0645\u0633\u0628\u0642\u0627 \u060c \u0628\u0627\u0633\u062a\u062b\u0646\u0627\u0621 \u0627\u0644\u062e\u0645\u064a\u0631\u0629 \u0648\u0627\u0644\u0645\u0644\u062d \u060c \u0644\u0625\u0646\u0634\u0627\u0621 \u062e\u0628\u0632 \u0627\u0644\u0634\u0639\u064a\u0631 \u0627\u0644\u0623\u0635\u0644\u064a \u0628\u0633\u0647\u0648\u0644\u0629.<\/p>\n<p style=\"text-align: right;\"><strong>\u0639\u0647\u062f\u0646\u0627<\/strong><\/p>\n<ul style=\"padding-right: 25px;\">\n<li style=\"text-align: right;\">\u0633\u0647\u0644 \u0627\u0644\u0627\u0633\u062a\u0639\u0645\u0627\u0644<\/li>\n<li style=\"text-align: right;\">\u0646\u0643\u0647\u0629 \u0623\u0635\u064a\u0644\u0629<\/li>\n<li style=\"text-align: right;\">\u062e\u0628\u0632 \u0630\u0627\u062a \u0627\u0644\u062c\u0648\u062f\u0629 \u0627\u0644\u062b\u0627\u0628\u062a\u0629<\/li>\n<\/ul>\n<p>[\/vc_column_text][\/vc_column_inner][vc_column_inner width=&#8221;1\/3&#8243;][vc_single_image image=&#8221;23941&#8243; img_size=&#8221;full&#8221; alignment=&#8221;center&#8221; qode_css_animation=&#8221;&#8221;][\/vc_column_inner][\/vc_row_inner][vc_row_inner row_type=&#8221;row&#8221; type=&#8221;full_width&#8221; text_align=&#8221;left&#8221; css_animation=&#8221;&#8221;][vc_column_inner width=&#8221;1\/6&#8243;][\/vc_column_inner][vc_column_inner width=&#8221;2\/3&#8243;][vc_raw_html]JTNDc2NyaXB0JTIwc3JjJTNEaHR0cHMlM0ElMkYlMkZtZWRpYS1sZXNhZmZyZS5tYW5hZ2VyLnR2JTJGc3RhdGljJTJGZW1iZWQlMkZidWlsZCUyRmVtYmVkLmpzJTIwJTIwZGF0YS10eXBlJTNEJTIycGxheWVyJTIyJTIwJTIwZGF0YS13aWR0aCUzRCUyMjEwMCUyNSUyMiUyMCUyMGRhdGEtbm92YS1lbWJlZCUyMGRhdGEtcHVibGljYXRpb24lM0QlMjI2Yzk4YjQxYTU2YWZlMDExOTdhYTM5ZmQzMzM0OWViNTJkNmU3NTUyJTIyJTNFJTNDJTJGc2NyaXB0JTNF[\/vc_raw_html][\/vc_column_inner][vc_column_inner width=&#8221;1\/6&#8243;][\/vc_column_inner][\/vc_row_inner][\/vc_column][\/vc_row][vc_row css_animation=&#8221;&#8221; row_type=&#8221;row&#8221; use_row_as_full_screen_section=&#8221;no&#8221; type=&#8221;grid&#8221; angled_section=&#8221;no&#8221; text_align=&#8221;left&#8221; background_image_as_pattern=&#8221;without_pattern&#8221; background_color=&#8221;#f6f6f6&#8243; css=&#8221;.vc_custom_1556780097338{padding-top: 55px !important;padding-bottom: 55px !important;}&#8221; z_index=&#8221;&#8221;][vc_column width=&#8221;1\/3&#8243;]<span data-type=\"normal\"  class=\"qode_icon_shortcode  q_font_awsome_icon fa-3x pull-center \" style=\" \"><i class=\"qode_icon_font_awesome fa fa-certificate qode_icon_element\" style=\"color: #d84c1a;\" ><\/i><\/span>[vc_separator type=&#8221;transparent&#8221; up=&#8221;15&#8243; down=&#8221;15&#8243;][vc_accordion active_tab=&#8221;false&#8221; collapsible=&#8221;yes&#8221; style=&#8221;boxed_accordion&#8221;][vc_accordion_tab title=&#8221;\u062a\u0639\u0644\u064a\u0645\u0627\u062a&#8221; title_color=&#8221;#d84c1a&#8221; title_tag=&#8221;h3&#8243;][vc_column_text]<\/p>\n<ul>\n<li>\u0623\u0636\u0641 \u0627\u0646\u0641\u0627\u0646\u062a\u064a\u0633 &#8220;\u062e\u0644\u064a\u0637 \u0627\u0644\u0634\u0639\u064a\u0631&#8221; \u0645\u0628\u0627\u0634\u0631\u0629 \u0641\u064a \u0627\u0644\u0639\u062c\u064a\u0646 \u0645\u0639 \u0627\u0644\u0645\u0627\u0621 \u0648\u0627\u0644\u062e\u0645\u064a\u0631\u0629 \u0648\u0627\u0644\u0645\u0644\u062d\u060c \u062b\u0645 \u0627\u062e\u0644\u0637<\/li>\n<\/ul>\n<p>[\/vc_column_text][\/vc_accordion_tab][\/vc_accordion][\/vc_column][vc_column width=&#8221;1\/3&#8243;]<span data-type=\"normal\"  class=\"qode_icon_shortcode  q_font_awsome_icon fa-3x pull-center \" style=\" \"><i class=\"qode_icon_font_awesome fa fa-archive qode_icon_element\" style=\"color: #20a7ea;\" ><\/i><\/span>[vc_separator type=&#8221;transparent&#8221; up=&#8221;15&#8243; down=&#8221;15&#8243;][vc_accordion active_tab=&#8221;false&#8221; collapsible=&#8221;yes&#8221; style=&#8221;boxed_accordion&#8221;][vc_accordion_tab title=&#8221;\u062a\u0643\u064a\u064a\u0641&#8221; title_color=&#8221;#20a7ea&#8221; title_tag=&#8221;h3&#8243;][vc_column_text]<\/p>\n<ul>\n<li>\u0643\u064a\u0633 \u0628\u0633\u0639\u0629 25 \u0643\u063ag<\/li>\n<\/ul>\n<p>[\/vc_column_text][\/vc_accordion_tab][\/vc_accordion][\/vc_column][vc_column width=&#8221;1\/3&#8243;]<span data-type=\"normal\"  class=\"qode_icon_shortcode  q_font_awsome_icon fa-3x pull-center \" style=\" \"><i class=\"qode_icon_font_awesome fa fa-star qode_icon_element\" style=\"color: #edc110;\" ><\/i><\/span>[vc_separator type=&#8221;transparent&#8221; up=&#8221;15&#8243; down=&#8221;15&#8243;][vc_accordion active_tab=&#8221;false&#8221; collapsible=&#8221;yes&#8221; style=&#8221;boxed_accordion&#8221;][vc_accordion_tab title=&#8221;\u0623\u0648\u0642\u0627\u062a \u0627\u0644\u062d\u064a\u0627\u0629&#8221; title_color=&#8221;#edc110&#8243; title_tag=&#8221;h3&#8243;][vc_column_text]<\/p>\n<ul>\n<li>6 \u0623\u0634\u0647\u0631<\/li>\n<\/ul>\n<p>[\/vc_column_text][\/vc_accordion_tab][\/vc_accordion][\/vc_column][\/vc_row]<\/p>\n<\/div>","protected":false},"excerpt":{"rendered":"<p>[vc_row css_animation=&#8221;&#8221; row_type=&#8221;row&#8221; use_row_as_full_screen_section=&#8221;no&#8221; type=&#8221;full_width&#8221; angled_section=&#8221;no&#8221; text_align=&#8221;left&#8221; background_image_as_pattern=&#8221;without_pattern&#8221; css=&#8221;.vc_custom_1574812587560{padding-top: 0px !important;padding-bottom: 0px !important;}&#8221; z_index=&#8221;&#8221; el_class=&#8221;noPadding&#8221;][vc_column][vc_single_image image=&#8221;23939&#8243; img_size=&#8221;full&#8221; alignment=&#8221;center&#8221; qode_css_animation=&#8221;&#8221;][\/vc_column][\/vc_row][vc_row css_animation=&#8221;&#8221; row_type=&#8221;row&#8221; use_row_as_full_screen_section=&#8221;no&#8221; type=&#8221;grid&#8221; anchor=&#8221;safinstant&#8221; angled_section=&#8221;no&#8221; text_align=&#8221;left&#8221; background_image_as_pattern=&#8221;without_pattern&#8221; background_color=&#8221;#f6f6f6&#8243; css=&#8221;.vc_custom_1556780068246{padding-top: 70px !important;background-color: #ffffff !important;}&#8221; z_index=&#8221;&#8221;][vc_column][vc_single_image image=&#8221;21707&#8243; img_size=&#8221;full&#8221; alignment=&#8221;center&#8221; qode_css_animation=&#8221;&#8221;][vc_separator type=&#8221;transparent&#8221; up=&#8221;15&#8243; down=&#8221;15&#8243;][vc_row_inner row_type=&#8221;row&#8221; type=&#8221;grid&#8221; text_align=&#8221;left&#8221; css_animation=&#8221;&#8221;&#8230;<\/p>\n","protected":false},"author":1,"featured_media":0,"parent":23920,"menu_order":0,"comment_status":"open","ping_status":"closed","template":"full_width.php","meta":{"footnotes":""},"class_list":["post-23938","page","type-page","status-publish","hentry"],"yoast_head":"<!-- This site is optimized with the Yoast SEO Premium plugin v22.3 (Yoast SEO v27.4) - https:\/\/yoast.com\/product\/yoast-seo-premium-wordpress\/ -->\n<title>100% \u062e\u0644\u064a\u0637 \u0627\u0644\u0634\u0639\u064a\u0631 - Lesaffre Alg\u00e9rie<\/title>\n<meta name=\"description\" content=\"\u064a\u062d\u062a\u0648\u064a \u0627\u0646\u0641\u0627\u0646\u062a\u064a\u0633 &quot;\u062e\u0644\u064a\u0637 \u0627\u0644\u0634\u0639\u064a\u0631&quot; \u0639\u0644\u0649 \u062c\u0645\u064a\u0639 \u0627\u0644\u0645\u0643\u0648\u0646\u0627\u062a \u0627\u0644\u062a\u064a \u062a\u0645 \u0648\u0632\u0646\u0647\u0627 \u0645\u0633\u0628\u0642\u0627 \u060c \u0628\u0627\u0633\u062a\u062b\u0646\u0627\u0621 \u0627\u0644\u062e\u0645\u064a\u0631\u0629 \u0648\u0627\u0644\u0645\u0644\u062d \u060c \u0644\u0625\u0646\u0634\u0627\u0621 \u062e\u0628\u0632 \u0627\u0644\u0634\u0639\u064a\u0631 \u0627\u0644\u0623\u0635\u0644\u064a \u0628\u0633\u0647\u0648\u0644\u0629.\" \/>\n<meta name=\"robots\" content=\"index, follow, max-snippet:-1, max-image-preview:large, max-video-preview:-1\" \/>\n<link rel=\"canonical\" href=\"https:\/\/lesaffre-algerie.com\/fr\/nos-solutions\/mixes\/invents-mix-orge-100\/\" \/>\n<meta property=\"og:locale\" content=\"ar_AR\" \/>\n<meta property=\"og:type\" content=\"article\" \/>\n<meta property=\"og:title\" content=\"100% \u062e\u0644\u064a\u0637 \u0627\u0644\u0634\u0639\u064a\u0631\" \/>\n<meta property=\"og:description\" content=\"\u064a\u062d\u062a\u0648\u064a \u0627\u0646\u0641\u0627\u0646\u062a\u064a\u0633 &quot;\u062e\u0644\u064a\u0637 \u0627\u0644\u0634\u0639\u064a\u0631&quot; \u0639\u0644\u0649 \u062c\u0645\u064a\u0639 \u0627\u0644\u0645\u0643\u0648\u0646\u0627\u062a \u0627\u0644\u062a\u064a \u062a\u0645 \u0648\u0632\u0646\u0647\u0627 \u0645\u0633\u0628\u0642\u0627 \u060c \u0628\u0627\u0633\u062a\u062b\u0646\u0627\u0621 \u0627\u0644\u062e\u0645\u064a\u0631\u0629 \u0648\u0627\u0644\u0645\u0644\u062d \u060c \u0644\u0625\u0646\u0634\u0627\u0621 \u062e\u0628\u0632 \u0627\u0644\u0634\u0639\u064a\u0631 \u0627\u0644\u0623\u0635\u0644\u064a \u0628\u0633\u0647\u0648\u0644\u0629.\" \/>\n<meta property=\"og:url\" content=\"https:\/\/lesaffre-algerie.com\/fr\/nos-solutions\/mixes\/invents-mix-orge-100\/\" \/>\n<meta property=\"og:site_name\" content=\"LESAFFRE Alg\u00e9rie\" \/>\n<meta property=\"article:modified_time\" content=\"2022-10-13T04:44:07+00:00\" \/>\n<meta name=\"twitter:card\" content=\"summary_large_image\" \/>\n<meta name=\"twitter:label1\" content=\"\u0648\u0642\u062a \u0627\u0644\u0642\u0631\u0627\u0621\u0629 \u0627\u0644\u0645\u064f\u0642\u062f\u0651\u0631\" \/>\n\t<meta name=\"twitter:data1\" content=\"\u062f\u0642\u064a\u0642\u062a\u0627\u0646\" \/>\n<script type=\"application\/ld+json\" class=\"yoast-schema-graph\">{\"@context\":\"https:\\\/\\\/schema.org\",\"@graph\":[{\"@type\":\"WebPage\",\"@id\":\"https:\\\/\\\/lesaffre-algerie.com\\\/fr\\\/nos-solutions\\\/mixes\\\/invents-mix-orge-100\\\/\",\"url\":\"https:\\\/\\\/lesaffre-algerie.com\\\/fr\\\/nos-solutions\\\/mixes\\\/invents-mix-orge-100\\\/\",\"name\":\"100% \u062e\u0644\u064a\u0637 \u0627\u0644\u0634\u0639\u064a\u0631 - Lesaffre Alg\u00e9rie\",\"isPartOf\":{\"@id\":\"https:\\\/\\\/lesaffre-algerie.com\\\/fr\\\/#website\"},\"datePublished\":\"2022-04-11T09:15:16+00:00\",\"dateModified\":\"2022-10-13T04:44:07+00:00\",\"description\":\"\u064a\u062d\u062a\u0648\u064a \u0627\u0646\u0641\u0627\u0646\u062a\u064a\u0633 \\\"\u062e\u0644\u064a\u0637 \u0627\u0644\u0634\u0639\u064a\u0631\\\" \u0639\u0644\u0649 \u062c\u0645\u064a\u0639 \u0627\u0644\u0645\u0643\u0648\u0646\u0627\u062a \u0627\u0644\u062a\u064a \u062a\u0645 \u0648\u0632\u0646\u0647\u0627 \u0645\u0633\u0628\u0642\u0627 \u060c \u0628\u0627\u0633\u062a\u062b\u0646\u0627\u0621 \u0627\u0644\u062e\u0645\u064a\u0631\u0629 \u0648\u0627\u0644\u0645\u0644\u062d \u060c \u0644\u0625\u0646\u0634\u0627\u0621 \u062e\u0628\u0632 \u0627\u0644\u0634\u0639\u064a\u0631 \u0627\u0644\u0623\u0635\u0644\u064a \u0628\u0633\u0647\u0648\u0644\u0629.\",\"breadcrumb\":{\"@id\":\"https:\\\/\\\/lesaffre-algerie.com\\\/fr\\\/nos-solutions\\\/mixes\\\/invents-mix-orge-100\\\/#breadcrumb\"},\"inLanguage\":\"ar\",\"potentialAction\":[{\"@type\":\"ReadAction\",\"target\":[\"https:\\\/\\\/lesaffre-algerie.com\\\/fr\\\/nos-solutions\\\/mixes\\\/invents-mix-orge-100\\\/\"]}]},{\"@type\":\"BreadcrumbList\",\"@id\":\"https:\\\/\\\/lesaffre-algerie.com\\\/fr\\\/nos-solutions\\\/mixes\\\/invents-mix-orge-100\\\/#breadcrumb\",\"itemListElement\":[{\"@type\":\"ListItem\",\"position\":1,\"name\":\"Accueil\",\"item\":\"https:\\\/\\\/lesaffre-algerie.com\\\/ar\\\/\"},{\"@type\":\"ListItem\",\"position\":2,\"name\":\"\u0645\u0646\u062a\u0648\u062c\u0627\u062a\u0646\u0627\",\"item\":\"https:\\\/\\\/lesaffre-algerie.com\\\/ar\\\/%d9%85%d9%86%d8%aa%d9%88%d8%ac%d8%a7%d8%aa%d9%86%d8%a7\\\/\"},{\"@type\":\"ListItem\",\"position\":3,\"name\":\"\u0627\u0644\u062e\u0644\u0637\u0627\u062a\",\"item\":\"https:\\\/\\\/lesaffre-algerie.com\\\/fr\\\/nos-solutions\\\/mixes\\\/\"},{\"@type\":\"ListItem\",\"position\":4,\"name\":\"100% \u062e\u0644\u064a\u0637 \u0627\u0644\u0634\u0639\u064a\u0631\"}]},{\"@type\":\"WebSite\",\"@id\":\"https:\\\/\\\/lesaffre-algerie.com\\\/fr\\\/#website\",\"url\":\"https:\\\/\\\/lesaffre-algerie.com\\\/fr\\\/\",\"name\":\"LESAFFRE Alg\u00e9rie\",\"description\":\"Levures de cuisson, am\u00e9liorants pour le pain et sant\u00e9\",\"potentialAction\":[{\"@type\":\"SearchAction\",\"target\":{\"@type\":\"EntryPoint\",\"urlTemplate\":\"https:\\\/\\\/lesaffre-algerie.com\\\/fr\\\/?s={search_term_string}\"},\"query-input\":{\"@type\":\"PropertyValueSpecification\",\"valueRequired\":true,\"valueName\":\"search_term_string\"}}],\"inLanguage\":\"ar\"}]}<\/script>\n<!-- \/ Yoast SEO Premium plugin. -->","yoast_head_json":{"title":"100% \u062e\u0644\u064a\u0637 \u0627\u0644\u0634\u0639\u064a\u0631 - Lesaffre Alg\u00e9rie","description":"\u064a\u062d\u062a\u0648\u064a \u0627\u0646\u0641\u0627\u0646\u062a\u064a\u0633 \"\u062e\u0644\u064a\u0637 \u0627\u0644\u0634\u0639\u064a\u0631\" \u0639\u0644\u0649 \u062c\u0645\u064a\u0639 \u0627\u0644\u0645\u0643\u0648\u0646\u0627\u062a \u0627\u0644\u062a\u064a \u062a\u0645 \u0648\u0632\u0646\u0647\u0627 \u0645\u0633\u0628\u0642\u0627 \u060c \u0628\u0627\u0633\u062a\u062b\u0646\u0627\u0621 \u0627\u0644\u062e\u0645\u064a\u0631\u0629 \u0648\u0627\u0644\u0645\u0644\u062d \u060c \u0644\u0625\u0646\u0634\u0627\u0621 \u062e\u0628\u0632 \u0627\u0644\u0634\u0639\u064a\u0631 \u0627\u0644\u0623\u0635\u0644\u064a \u0628\u0633\u0647\u0648\u0644\u0629.","robots":{"index":"index","follow":"follow","max-snippet":"max-snippet:-1","max-image-preview":"max-image-preview:large","max-video-preview":"max-video-preview:-1"},"canonical":"https:\/\/lesaffre-algerie.com\/fr\/nos-solutions\/mixes\/invents-mix-orge-100\/","og_locale":"ar_AR","og_type":"article","og_title":"100% \u062e\u0644\u064a\u0637 \u0627\u0644\u0634\u0639\u064a\u0631","og_description":"\u064a\u062d\u062a\u0648\u064a \u0627\u0646\u0641\u0627\u0646\u062a\u064a\u0633 \"\u062e\u0644\u064a\u0637 \u0627\u0644\u0634\u0639\u064a\u0631\" \u0639\u0644\u0649 \u062c\u0645\u064a\u0639 \u0627\u0644\u0645\u0643\u0648\u0646\u0627\u062a \u0627\u0644\u062a\u064a \u062a\u0645 \u0648\u0632\u0646\u0647\u0627 \u0645\u0633\u0628\u0642\u0627 \u060c \u0628\u0627\u0633\u062a\u062b\u0646\u0627\u0621 \u0627\u0644\u062e\u0645\u064a\u0631\u0629 \u0648\u0627\u0644\u0645\u0644\u062d \u060c \u0644\u0625\u0646\u0634\u0627\u0621 \u062e\u0628\u0632 \u0627\u0644\u0634\u0639\u064a\u0631 \u0627\u0644\u0623\u0635\u0644\u064a \u0628\u0633\u0647\u0648\u0644\u0629.","og_url":"https:\/\/lesaffre-algerie.com\/fr\/nos-solutions\/mixes\/invents-mix-orge-100\/","og_site_name":"LESAFFRE Alg\u00e9rie","article_modified_time":"2022-10-13T04:44:07+00:00","twitter_card":"summary_large_image","twitter_misc":{"\u0648\u0642\u062a \u0627\u0644\u0642\u0631\u0627\u0621\u0629 \u0627\u0644\u0645\u064f\u0642\u062f\u0651\u0631":"\u062f\u0642\u064a\u0642\u062a\u0627\u0646"},"schema":{"@context":"https:\/\/schema.org","@graph":[{"@type":"WebPage","@id":"https:\/\/lesaffre-algerie.com\/fr\/nos-solutions\/mixes\/invents-mix-orge-100\/","url":"https:\/\/lesaffre-algerie.com\/fr\/nos-solutions\/mixes\/invents-mix-orge-100\/","name":"100% \u062e\u0644\u064a\u0637 \u0627\u0644\u0634\u0639\u064a\u0631 - Lesaffre Alg\u00e9rie","isPartOf":{"@id":"https:\/\/lesaffre-algerie.com\/fr\/#website"},"datePublished":"2022-04-11T09:15:16+00:00","dateModified":"2022-10-13T04:44:07+00:00","description":"\u064a\u062d\u062a\u0648\u064a \u0627\u0646\u0641\u0627\u0646\u062a\u064a\u0633 \"\u062e\u0644\u064a\u0637 \u0627\u0644\u0634\u0639\u064a\u0631\" \u0639\u0644\u0649 \u062c\u0645\u064a\u0639 \u0627\u0644\u0645\u0643\u0648\u0646\u0627\u062a \u0627\u0644\u062a\u064a \u062a\u0645 \u0648\u0632\u0646\u0647\u0627 \u0645\u0633\u0628\u0642\u0627 \u060c \u0628\u0627\u0633\u062a\u062b\u0646\u0627\u0621 \u0627\u0644\u062e\u0645\u064a\u0631\u0629 \u0648\u0627\u0644\u0645\u0644\u062d \u060c \u0644\u0625\u0646\u0634\u0627\u0621 \u062e\u0628\u0632 \u0627\u0644\u0634\u0639\u064a\u0631 \u0627\u0644\u0623\u0635\u0644\u064a \u0628\u0633\u0647\u0648\u0644\u0629.","breadcrumb":{"@id":"https:\/\/lesaffre-algerie.com\/fr\/nos-solutions\/mixes\/invents-mix-orge-100\/#breadcrumb"},"inLanguage":"ar","potentialAction":[{"@type":"ReadAction","target":["https:\/\/lesaffre-algerie.com\/fr\/nos-solutions\/mixes\/invents-mix-orge-100\/"]}]},{"@type":"BreadcrumbList","@id":"https:\/\/lesaffre-algerie.com\/fr\/nos-solutions\/mixes\/invents-mix-orge-100\/#breadcrumb","itemListElement":[{"@type":"ListItem","position":1,"name":"Accueil","item":"https:\/\/lesaffre-algerie.com\/ar\/"},{"@type":"ListItem","position":2,"name":"\u0645\u0646\u062a\u0648\u062c\u0627\u062a\u0646\u0627","item":"https:\/\/lesaffre-algerie.com\/ar\/%d9%85%d9%86%d8%aa%d9%88%d8%ac%d8%a7%d8%aa%d9%86%d8%a7\/"},{"@type":"ListItem","position":3,"name":"\u0627\u0644\u062e\u0644\u0637\u0627\u062a","item":"https:\/\/lesaffre-algerie.com\/fr\/nos-solutions\/mixes\/"},{"@type":"ListItem","position":4,"name":"100% \u062e\u0644\u064a\u0637 \u0627\u0644\u0634\u0639\u064a\u0631"}]},{"@type":"WebSite","@id":"https:\/\/lesaffre-algerie.com\/fr\/#website","url":"https:\/\/lesaffre-algerie.com\/fr\/","name":"LESAFFRE Alg\u00e9rie","description":"Levures de cuisson, am\u00e9liorants pour le pain et sant\u00e9","potentialAction":[{"@type":"SearchAction","target":{"@type":"EntryPoint","urlTemplate":"https:\/\/lesaffre-algerie.com\/fr\/?s={search_term_string}"},"query-input":{"@type":"PropertyValueSpecification","valueRequired":true,"valueName":"search_term_string"}}],"inLanguage":"ar"}]}},"_links":{"self":[{"href":"https:\/\/lesaffre-algerie.com\/ar\/wp-json\/wp\/v2\/pages\/23938","targetHints":{"allow":["GET"]}}],"collection":[{"href":"https:\/\/lesaffre-algerie.com\/ar\/wp-json\/wp\/v2\/pages"}],"about":[{"href":"https:\/\/lesaffre-algerie.com\/ar\/wp-json\/wp\/v2\/types\/page"}],"author":[{"embeddable":true,"href":"https:\/\/lesaffre-algerie.com\/ar\/wp-json\/wp\/v2\/users\/1"}],"replies":[{"embeddable":true,"href":"https:\/\/lesaffre-algerie.com\/ar\/wp-json\/wp\/v2\/comments?post=23938"}],"version-history":[{"count":0,"href":"https:\/\/lesaffre-algerie.com\/ar\/wp-json\/wp\/v2\/pages\/23938\/revisions"}],"up":[{"embeddable":true,"href":"https:\/\/lesaffre-algerie.com\/ar\/wp-json\/wp\/v2\/pages\/23920"}],"wp:attachment":[{"href":"https:\/\/lesaffre-algerie.com\/ar\/wp-json\/wp\/v2\/media?parent=23938"}],"curies":[{"name":"wp","href":"https:\/\/api.w.org\/{rel}","templated":true}]}}