{"id":23951,"date":"2022-04-11T10:04:07","date_gmt":"2022-04-11T09:04:07","guid":{"rendered":"https:\/\/lesaffre-algerie.com\/?page_id=23951"},"modified":"2022-04-11T10:04:17","modified_gmt":"2022-04-11T09:04:17","slug":"%d9%85%d8%ad%d8%b3%d9%86%d8%a7%d8%aa-%d8%a7%d9%84%d9%85%d8%b9%d8%ac%d9%86%d8%a7%d8%aa","status":"publish","type":"page","link":"https:\/\/lesaffre-algerie.com\/ar\/%d9%85%d9%86%d8%aa%d9%88%d8%ac%d8%a7%d8%aa%d9%86%d8%a7\/%d9%85%d8%ad%d8%b3%d9%86%d8%a7%d8%aa-%d8%a7%d9%84%d9%85%d8%b9%d8%ac%d9%86%d8%a7%d8%aa\/","title":{"rendered":"\u0645\u062d\u0633\u0646\u0627\u062a \u0627\u0644\u0645\u0639\u062c\u0646\u0627\u062a"},"content":{"rendered":"<div class=\"wpb-content-wrapper\"><p>[vc_row row_type=&#8221;parallax&#8221; parallax_content_width=&#8221;in_grid&#8221; text_align=&#8221;left&#8221; background_image=&#8221;23952&#8243; full_screen_section_height=&#8221;no&#8221; css=&#8221;.vc_custom_1649144683065{padding-top: 0px !important;padding-bottom: 0px !important;}&#8221;][vc_column][vc_separator type=&#8221;transparent&#8221; up=&#8221;200&#8243; down=&#8221;200&#8243;][\/vc_column][\/vc_row][vc_row css_animation=&#8221;&#8221; row_type=&#8221;row&#8221; use_row_as_full_screen_section=&#8221;yes&#8221; type=&#8221;grid&#8221; angled_section=&#8221;no&#8221; text_align=&#8221;left&#8221; background_image_as_pattern=&#8221;without_pattern&#8221; css=&#8221;.vc_custom_1498739643080{background-color: #ffffff !important;}&#8221; el_class=&#8221;paddingOn&#8221;][vc_column width=&#8221;2\/3&#8243;][vc_column_text]<\/p>\n<h2 style=\"text-align: right;\">\u0645\u0643\u0648\u0646\u0627\u062a \u0639\u0627\u0644\u064a\u0629 \u0627\u0644\u062c\u0648\u062f\u0629 \u0644\u0646\u062a\u064a\u062c\u0629 \u062a\u0641\u0648\u0642 \u0627\u0644\u062a\u0648\u0642\u0639\u0627\u062a<\/h2>\n<p>[\/vc_column_text][vc_separator type=&#8221;transparent&#8221; up=&#8221;20&#8243;][vc_column_text]<\/p>\n<p style=\"text-align: right;\">\u0628\u0641\u0636\u0644 \u0645\u062d\u0633\u0646\u0627\u062a \u0627\u0644\u0645\u0639\u062c\u0646\u0627\u062a \u0645\u0646 Lesaffre \u060c \u0641\u0625\u0646\u0643 \u062a\u0636\u0645\u0646 \u0644\u0639\u0645\u0644\u0627\u0626\u0643 \u0645\u0646\u062a\u062c\u0627\u062a \u0630\u0627\u062a \u062c\u0648\u062f\u0629 \u0645\u062b\u0627\u0644\u064a\u0629 \u0648\u062a\u0635\u0641\u064a\u062d \u0623\u0641\u0636\u0644 \u0648\u062a\u062d\u0645\u0644 \u062c\u064a\u062f.<\/p>\n<p>&nbsp;<\/p>\n<p style=\"text-align: right;\">\u0627\u0643\u062a\u0634\u0641 \u0645\u062c\u0645\u0648\u0639\u062a\u0646\u0627 \u0645\u0646 \u0645\u062d\u0633\u0646\u0627\u062a \u0627\u0644\u0645\u0639\u062c\u0646\u0627\u062a:<\/p>\n<ul style=\"padding-left: 30px;\">\n<li style=\"text-align: right;\"><a href=\"https:\/\/lesaffre-algerie.com\/ar\/%D9%85%D9%86%D8%AA%D9%88%D8%AC%D8%A7%D8%AA%D9%86%D8%A7\/%D8%AE%D9%85%D8%A7%D8%A6%D8%B1%D9%86%D8%A7\/%D9%85%D8%A7%D8%AC%D9%8A%D9%85%D9%8A%D9%83%D8%B3-%D9%84%D9%84%D9%85%D8%B9%D8%AC%D9%86%D8%A7%D8%AA\/\"><strong><u>\u0645\u0627\u062c\u064a\u0645\u064a\u0643\u0633\u00ae \u0644\u0644\u0645\u0639\u062c\u0646\u0627\u062a<\/u><\/strong><\/a><\/li>\n<li style=\"text-align: right;\"><a href=\"https:\/\/lesaffre-algerie.com\/ar\/%D9%85%D9%86%D8%AA%D9%88%D8%AC%D8%A7%D8%AA%D9%86%D8%A7\/%D8%AE%D9%85%D8%A7%D8%A6%D8%B1%D9%86%D8%A7\/%D9%81%D9%8A%D9%83%D8%AA%D9%88%D8%B1%D9%8A%D8%A7%D9%84%D9%84%D9%85%D8%B9%D8%AC%D9%86%D8%A7%D8%AA\/\"><strong><u>\u0641\u064a\u0643\u062a\u0648\u0631\u064a\u0627\u00ae\u0644\u0644\u0645\u0639\u062c\u0646\u0627\u062a<\/u><\/strong><\/a><\/li>\n<\/ul>\n<p>[\/vc_column_text][\/vc_column][vc_column width=&#8221;1\/3&#8243;][vc_separator type=&#8221;normal&#8221; color=&#8221;#ffffff&#8221;][qode_circles columns=&#8221;three_columns&#8221; circle_line=&#8221;no_line&#8221;][qode_circle type=&#8221;image_type&#8221; image=&#8221;23916&#8243;][\/qode_circles][\/vc_column][\/vc_row][vc_row row_type=&#8221;parallax&#8221; parallax_content_width=&#8221;in_grid&#8221; text_align=&#8221;left&#8221; background_image=&#8221;20772&#8243; full_screen_section_height=&#8221;no&#8221; css=&#8221;.vc_custom_1498658947816{padding-top: 0px !important;padding-bottom: 0px !important;}&#8221;][vc_column][vc_separator type=&#8221;transparent&#8221; up=&#8221;150&#8243; down=&#8221;150&#8243;][\/vc_column][\/vc_row]<\/p>\n<\/div>","protected":false},"excerpt":{"rendered":"<p>[vc_row row_type=&#8221;parallax&#8221; parallax_content_width=&#8221;in_grid&#8221; text_align=&#8221;left&#8221; background_image=&#8221;23952&#8243; full_screen_section_height=&#8221;no&#8221; css=&#8221;.vc_custom_1649144683065{padding-top: 0px !important;padding-bottom: 0px !important;}&#8221;][vc_column][vc_separator type=&#8221;transparent&#8221; up=&#8221;200&#8243; down=&#8221;200&#8243;][\/vc_column][\/vc_row][vc_row css_animation=&#8221;&#8221; row_type=&#8221;row&#8221; use_row_as_full_screen_section=&#8221;yes&#8221; type=&#8221;grid&#8221; angled_section=&#8221;no&#8221; text_align=&#8221;left&#8221; background_image_as_pattern=&#8221;without_pattern&#8221; css=&#8221;.vc_custom_1498739643080{background-color: #ffffff !important;}&#8221; el_class=&#8221;paddingOn&#8221;][vc_column width=&#8221;2\/3&#8243;][vc_column_text] \u0645\u0643\u0648\u0646\u0627\u062a \u0639\u0627\u0644\u064a\u0629 \u0627\u0644\u062c\u0648\u062f\u0629 \u0644\u0646\u062a\u064a\u062c\u0629 \u062a\u0641\u0648\u0642 \u0627\u0644\u062a\u0648\u0642\u0639\u0627\u062a [\/vc_column_text][vc_separator type=&#8221;transparent&#8221; up=&#8221;20&#8243;][vc_column_text] \u0628\u0641\u0636\u0644 \u0645\u062d\u0633\u0646\u0627\u062a \u0627\u0644\u0645\u0639\u062c\u0646\u0627\u062a \u0645\u0646 Lesaffre \u060c \u0641\u0625\u0646\u0643 \u062a\u0636\u0645\u0646 \u0644\u0639\u0645\u0644\u0627\u0626\u0643 \u0645\u0646\u062a\u062c\u0627\u062a&#8230;<\/p>\n","protected":false},"author":1,"featured_media":0,"parent":22761,"menu_order":0,"comment_status":"open","ping_status":"closed","template":"full_width.php","meta":{"footnotes":""},"class_list":["post-23951","page","type-page","status-publish","hentry"],"yoast_head":"<!-- This site is optimized with the Yoast SEO Premium plugin v22.3 (Yoast SEO v27.4) - https:\/\/yoast.com\/product\/yoast-seo-premium-wordpress\/ -->\n<title>Am\u00e9liorants de viennoiserie - Lesaffre Alg\u00e9rie<\/title>\n<meta name=\"description\" content=\"Gr\u00e2ce aux am\u00e9liorants de viennoiserie Lesaffre, vous garantissez \u00e0 vos clients des produits avec une qualit\u00e9 optimale, un meilleur feuilletage et une bonne tol\u00e9rance.\" \/>\n<meta name=\"robots\" content=\"index, follow, max-snippet:-1, max-image-preview:large, max-video-preview:-1\" \/>\n<link rel=\"canonical\" href=\"https:\/\/lesaffre-algerie.com\/ar\/\u0645\u0646\u062a\u0648\u062c\u0627\u062a\u0646\u0627\/\u0645\u062d\u0633\u0646\u0627\u062a-\u0627\u0644\u0645\u0639\u062c\u0646\u0627\u062a\/\" \/>\n<meta property=\"og:locale\" content=\"ar_AR\" \/>\n<meta property=\"og:type\" content=\"article\" \/>\n<meta property=\"og:title\" content=\"\u0645\u062d\u0633\u0646\u0627\u062a \u0627\u0644\u0645\u0639\u062c\u0646\u0627\u062a\" \/>\n<meta property=\"og:description\" content=\"Gr\u00e2ce aux am\u00e9liorants de viennoiserie Lesaffre, vous garantissez \u00e0 vos clients des produits avec une qualit\u00e9 optimale, un meilleur feuilletage et une bonne tol\u00e9rance.\" \/>\n<meta property=\"og:url\" content=\"https:\/\/lesaffre-algerie.com\/ar\/\u0645\u0646\u062a\u0648\u062c\u0627\u062a\u0646\u0627\/\u0645\u062d\u0633\u0646\u0627\u062a-\u0627\u0644\u0645\u0639\u062c\u0646\u0627\u062a\/\" \/>\n<meta property=\"og:site_name\" content=\"LESAFFRE Alg\u00e9rie\" \/>\n<meta property=\"article:modified_time\" content=\"2022-04-11T09:04:17+00:00\" \/>\n<meta name=\"twitter:card\" content=\"summary_large_image\" \/>\n<meta name=\"twitter:label1\" content=\"\u0648\u0642\u062a \u0627\u0644\u0642\u0631\u0627\u0621\u0629 \u0627\u0644\u0645\u064f\u0642\u062f\u0651\u0631\" \/>\n\t<meta name=\"twitter:data1\" content=\"1 \u062f\u0642\u064a\u0642\u0629\" \/>\n<script type=\"application\/ld+json\" class=\"yoast-schema-graph\">{\"@context\":\"https:\\\/\\\/schema.org\",\"@graph\":[{\"@type\":\"WebPage\",\"@id\":\"https:\\\/\\\/lesaffre-algerie.com\\\/ar\\\/%d9%85%d9%86%d8%aa%d9%88%d8%ac%d8%a7%d8%aa%d9%86%d8%a7\\\/%d9%85%d8%ad%d8%b3%d9%86%d8%a7%d8%aa-%d8%a7%d9%84%d9%85%d8%b9%d8%ac%d9%86%d8%a7%d8%aa\\\/\",\"url\":\"https:\\\/\\\/lesaffre-algerie.com\\\/ar\\\/%d9%85%d9%86%d8%aa%d9%88%d8%ac%d8%a7%d8%aa%d9%86%d8%a7\\\/%d9%85%d8%ad%d8%b3%d9%86%d8%a7%d8%aa-%d8%a7%d9%84%d9%85%d8%b9%d8%ac%d9%86%d8%a7%d8%aa\\\/\",\"name\":\"Am\u00e9liorants de viennoiserie - Lesaffre Alg\u00e9rie\",\"isPartOf\":{\"@id\":\"https:\\\/\\\/lesaffre-algerie.com\\\/fr\\\/#website\"},\"datePublished\":\"2022-04-11T09:04:07+00:00\",\"dateModified\":\"2022-04-11T09:04:17+00:00\",\"description\":\"Gr\u00e2ce aux am\u00e9liorants de viennoiserie Lesaffre, vous garantissez \u00e0 vos clients des produits avec une qualit\u00e9 optimale, un meilleur feuilletage et une bonne tol\u00e9rance.\",\"breadcrumb\":{\"@id\":\"https:\\\/\\\/lesaffre-algerie.com\\\/ar\\\/%d9%85%d9%86%d8%aa%d9%88%d8%ac%d8%a7%d8%aa%d9%86%d8%a7\\\/%d9%85%d8%ad%d8%b3%d9%86%d8%a7%d8%aa-%d8%a7%d9%84%d9%85%d8%b9%d8%ac%d9%86%d8%a7%d8%aa\\\/#breadcrumb\"},\"inLanguage\":\"ar\",\"potentialAction\":[{\"@type\":\"ReadAction\",\"target\":[\"https:\\\/\\\/lesaffre-algerie.com\\\/ar\\\/%d9%85%d9%86%d8%aa%d9%88%d8%ac%d8%a7%d8%aa%d9%86%d8%a7\\\/%d9%85%d8%ad%d8%b3%d9%86%d8%a7%d8%aa-%d8%a7%d9%84%d9%85%d8%b9%d8%ac%d9%86%d8%a7%d8%aa\\\/\"]}]},{\"@type\":\"BreadcrumbList\",\"@id\":\"https:\\\/\\\/lesaffre-algerie.com\\\/ar\\\/%d9%85%d9%86%d8%aa%d9%88%d8%ac%d8%a7%d8%aa%d9%86%d8%a7\\\/%d9%85%d8%ad%d8%b3%d9%86%d8%a7%d8%aa-%d8%a7%d9%84%d9%85%d8%b9%d8%ac%d9%86%d8%a7%d8%aa\\\/#breadcrumb\",\"itemListElement\":[{\"@type\":\"ListItem\",\"position\":1,\"name\":\"Accueil\",\"item\":\"https:\\\/\\\/lesaffre-algerie.com\\\/ar\\\/\"},{\"@type\":\"ListItem\",\"position\":2,\"name\":\"\u0645\u0646\u062a\u0648\u062c\u0627\u062a\u0646\u0627\",\"item\":\"https:\\\/\\\/lesaffre-algerie.com\\\/ar\\\/%d9%85%d9%86%d8%aa%d9%88%d8%ac%d8%a7%d8%aa%d9%86%d8%a7\\\/\"},{\"@type\":\"ListItem\",\"position\":3,\"name\":\"\u0645\u062d\u0633\u0646\u0627\u062a \u0627\u0644\u0645\u0639\u062c\u0646\u0627\u062a\"}]},{\"@type\":\"WebSite\",\"@id\":\"https:\\\/\\\/lesaffre-algerie.com\\\/fr\\\/#website\",\"url\":\"https:\\\/\\\/lesaffre-algerie.com\\\/fr\\\/\",\"name\":\"LESAFFRE Alg\u00e9rie\",\"description\":\"Levures de cuisson, am\u00e9liorants pour le pain et sant\u00e9\",\"potentialAction\":[{\"@type\":\"SearchAction\",\"target\":{\"@type\":\"EntryPoint\",\"urlTemplate\":\"https:\\\/\\\/lesaffre-algerie.com\\\/fr\\\/?s={search_term_string}\"},\"query-input\":{\"@type\":\"PropertyValueSpecification\",\"valueRequired\":true,\"valueName\":\"search_term_string\"}}],\"inLanguage\":\"ar\"}]}<\/script>\n<!-- \/ Yoast SEO Premium plugin. -->","yoast_head_json":{"title":"Am\u00e9liorants de viennoiserie - Lesaffre Alg\u00e9rie","description":"Gr\u00e2ce aux am\u00e9liorants de viennoiserie Lesaffre, vous garantissez \u00e0 vos clients des produits avec une qualit\u00e9 optimale, un meilleur feuilletage et une bonne tol\u00e9rance.","robots":{"index":"index","follow":"follow","max-snippet":"max-snippet:-1","max-image-preview":"max-image-preview:large","max-video-preview":"max-video-preview:-1"},"canonical":"https:\/\/lesaffre-algerie.com\/ar\/\u0645\u0646\u062a\u0648\u062c\u0627\u062a\u0646\u0627\/\u0645\u062d\u0633\u0646\u0627\u062a-\u0627\u0644\u0645\u0639\u062c\u0646\u0627\u062a\/","og_locale":"ar_AR","og_type":"article","og_title":"\u0645\u062d\u0633\u0646\u0627\u062a \u0627\u0644\u0645\u0639\u062c\u0646\u0627\u062a","og_description":"Gr\u00e2ce aux am\u00e9liorants de viennoiserie Lesaffre, vous garantissez \u00e0 vos clients des produits avec une qualit\u00e9 optimale, un meilleur feuilletage et une bonne tol\u00e9rance.","og_url":"https:\/\/lesaffre-algerie.com\/ar\/\u0645\u0646\u062a\u0648\u062c\u0627\u062a\u0646\u0627\/\u0645\u062d\u0633\u0646\u0627\u062a-\u0627\u0644\u0645\u0639\u062c\u0646\u0627\u062a\/","og_site_name":"LESAFFRE Alg\u00e9rie","article_modified_time":"2022-04-11T09:04:17+00:00","twitter_card":"summary_large_image","twitter_misc":{"\u0648\u0642\u062a \u0627\u0644\u0642\u0631\u0627\u0621\u0629 \u0627\u0644\u0645\u064f\u0642\u062f\u0651\u0631":"1 \u062f\u0642\u064a\u0642\u0629"},"schema":{"@context":"https:\/\/schema.org","@graph":[{"@type":"WebPage","@id":"https:\/\/lesaffre-algerie.com\/ar\/%d9%85%d9%86%d8%aa%d9%88%d8%ac%d8%a7%d8%aa%d9%86%d8%a7\/%d9%85%d8%ad%d8%b3%d9%86%d8%a7%d8%aa-%d8%a7%d9%84%d9%85%d8%b9%d8%ac%d9%86%d8%a7%d8%aa\/","url":"https:\/\/lesaffre-algerie.com\/ar\/%d9%85%d9%86%d8%aa%d9%88%d8%ac%d8%a7%d8%aa%d9%86%d8%a7\/%d9%85%d8%ad%d8%b3%d9%86%d8%a7%d8%aa-%d8%a7%d9%84%d9%85%d8%b9%d8%ac%d9%86%d8%a7%d8%aa\/","name":"Am\u00e9liorants de viennoiserie - Lesaffre Alg\u00e9rie","isPartOf":{"@id":"https:\/\/lesaffre-algerie.com\/fr\/#website"},"datePublished":"2022-04-11T09:04:07+00:00","dateModified":"2022-04-11T09:04:17+00:00","description":"Gr\u00e2ce aux am\u00e9liorants de viennoiserie Lesaffre, vous garantissez \u00e0 vos clients des produits avec une qualit\u00e9 optimale, un meilleur feuilletage et une bonne tol\u00e9rance.","breadcrumb":{"@id":"https:\/\/lesaffre-algerie.com\/ar\/%d9%85%d9%86%d8%aa%d9%88%d8%ac%d8%a7%d8%aa%d9%86%d8%a7\/%d9%85%d8%ad%d8%b3%d9%86%d8%a7%d8%aa-%d8%a7%d9%84%d9%85%d8%b9%d8%ac%d9%86%d8%a7%d8%aa\/#breadcrumb"},"inLanguage":"ar","potentialAction":[{"@type":"ReadAction","target":["https:\/\/lesaffre-algerie.com\/ar\/%d9%85%d9%86%d8%aa%d9%88%d8%ac%d8%a7%d8%aa%d9%86%d8%a7\/%d9%85%d8%ad%d8%b3%d9%86%d8%a7%d8%aa-%d8%a7%d9%84%d9%85%d8%b9%d8%ac%d9%86%d8%a7%d8%aa\/"]}]},{"@type":"BreadcrumbList","@id":"https:\/\/lesaffre-algerie.com\/ar\/%d9%85%d9%86%d8%aa%d9%88%d8%ac%d8%a7%d8%aa%d9%86%d8%a7\/%d9%85%d8%ad%d8%b3%d9%86%d8%a7%d8%aa-%d8%a7%d9%84%d9%85%d8%b9%d8%ac%d9%86%d8%a7%d8%aa\/#breadcrumb","itemListElement":[{"@type":"ListItem","position":1,"name":"Accueil","item":"https:\/\/lesaffre-algerie.com\/ar\/"},{"@type":"ListItem","position":2,"name":"\u0645\u0646\u062a\u0648\u062c\u0627\u062a\u0646\u0627","item":"https:\/\/lesaffre-algerie.com\/ar\/%d9%85%d9%86%d8%aa%d9%88%d8%ac%d8%a7%d8%aa%d9%86%d8%a7\/"},{"@type":"ListItem","position":3,"name":"\u0645\u062d\u0633\u0646\u0627\u062a \u0627\u0644\u0645\u0639\u062c\u0646\u0627\u062a"}]},{"@type":"WebSite","@id":"https:\/\/lesaffre-algerie.com\/fr\/#website","url":"https:\/\/lesaffre-algerie.com\/fr\/","name":"LESAFFRE Alg\u00e9rie","description":"Levures de cuisson, am\u00e9liorants pour le pain et sant\u00e9","potentialAction":[{"@type":"SearchAction","target":{"@type":"EntryPoint","urlTemplate":"https:\/\/lesaffre-algerie.com\/fr\/?s={search_term_string}"},"query-input":{"@type":"PropertyValueSpecification","valueRequired":true,"valueName":"search_term_string"}}],"inLanguage":"ar"}]}},"_links":{"self":[{"href":"https:\/\/lesaffre-algerie.com\/ar\/wp-json\/wp\/v2\/pages\/23951","targetHints":{"allow":["GET"]}}],"collection":[{"href":"https:\/\/lesaffre-algerie.com\/ar\/wp-json\/wp\/v2\/pages"}],"about":[{"href":"https:\/\/lesaffre-algerie.com\/ar\/wp-json\/wp\/v2\/types\/page"}],"author":[{"embeddable":true,"href":"https:\/\/lesaffre-algerie.com\/ar\/wp-json\/wp\/v2\/users\/1"}],"replies":[{"embeddable":true,"href":"https:\/\/lesaffre-algerie.com\/ar\/wp-json\/wp\/v2\/comments?post=23951"}],"version-history":[{"count":0,"href":"https:\/\/lesaffre-algerie.com\/ar\/wp-json\/wp\/v2\/pages\/23951\/revisions"}],"up":[{"embeddable":true,"href":"https:\/\/lesaffre-algerie.com\/ar\/wp-json\/wp\/v2\/pages\/22761"}],"wp:attachment":[{"href":"https:\/\/lesaffre-algerie.com\/ar\/wp-json\/wp\/v2\/media?parent=23951"}],"curies":[{"name":"wp","href":"https:\/\/api.w.org\/{rel}","templated":true}]}}