{"id":19691,"date":"2016-11-05T18:51:01","date_gmt":"2016-11-05T17:51:01","guid":{"rendered":"http:\/\/www.ovm-communication.ovh\/Lsfre-France\/fr\/?page_id=19691"},"modified":"2023-10-25T09:26:03","modified_gmt":"2023-10-25T08:26:03","slug":"nos-solutions","status":"publish","type":"page","link":"https:\/\/lesaffre-algerie.com\/fr\/nos-solutions\/","title":{"rendered":"Nos solutions"},"content":{"rendered":"<div class=\"wpb-content-wrapper\"><p>[vc_row css_animation=\u00a0\u00bbelement_from_left\u00a0\u00bb row_type=\u00a0\u00bbrow\u00a0\u00bb use_row_as_full_screen_section=\u00a0\u00bbno\u00a0\u00bb type=\u00a0\u00bbfull_width\u00a0\u00bb angled_section=\u00a0\u00bbno\u00a0\u00bb text_align=\u00a0\u00bbleft\u00a0\u00bb background_image_as_pattern=\u00a0\u00bbwithout_pattern\u00a0\u00bb el_class=\u00a0\u00bbpaddingOn\u00a0\u00bb][vc_column][vc_row_inner row_type=\u00a0\u00bbrow\u00a0\u00bb type=\u00a0\u00bbgrid\u00a0\u00bb text_align=\u00a0\u00bbleft\u00a0\u00bb css_animation=\u00a0\u00bb\u00a0\u00bb][vc_column_inner width=\u00a0\u00bb1\/4&Prime;][vc_single_image image=\u00a0\u00bb22707&Prime; img_size=\u00a0\u00bbfull\u00a0\u00bb alignment=\u00a0\u00bbright\u00a0\u00bb qode_css_animation=\u00a0\u00bb\u00a0\u00bb][\/vc_column_inner][vc_column_inner width=\u00a0\u00bb3\/4&Prime;][vc_column_text]<\/p>\n<h2 style=\"color: #000080; font-size: 51px; font-weight: 900; text-transform: none; line-height: 1.25em;\">Levures<\/h2>\n<p>[\/vc_column_text][vc_column_text css=\u00a0\u00bb.vc_custom_1548231747894{margin-bottom: 15px !important;}\u00a0\u00bb]<\/p>\n<h3 style=\"color: #000000; font-size: 31px; font-weight: 900; text-transform: none; line-height: 1.25em; text-align: left;\">Vous apporter de la valeur ajout\u00e9e<\/h3>\n<p>[\/vc_column_text][vc_column_text css=\u00a0\u00bb.vc_custom_1546277575195{margin-bottom: 15px !important;}\u00a0\u00bb]<\/p>\n<p style=\"text-align: justify;\">Lesaffre en Alg\u00e9rie propose une gamme compl\u00e8te de solutions de panification \u00e0 destination des artisans boulangers et des industriels de la boulangerie.<\/p>\n<p>[\/vc_column_text][vc_separator type=\u00a0\u00bbtransparent\u00a0\u00bb up=\u00a0\u00bb5&Prime; down=\u00a0\u00bb5&Prime;]<a  itemprop=\"url\" href=\"\/fr\/nos-solutions\/nos-levures\/\" target=\"_self\"  class=\"qbutton  default\" style=\"\">En savoir plus<i class=\"qode_icon_font_awesome fa fa-arrow-circle-o-right qode_button_icon_element\" style=\"\" ><\/i><\/a>[\/vc_column_inner][\/vc_row_inner][\/vc_column][\/vc_row][vc_row css_animation=\u00a0\u00bb\u00a0\u00bb row_type=\u00a0\u00bbrow\u00a0\u00bb use_row_as_full_screen_section=\u00a0\u00bbno\u00a0\u00bb type=\u00a0\u00bbfull_width\u00a0\u00bb angled_section=\u00a0\u00bbno\u00a0\u00bb text_align=\u00a0\u00bbleft\u00a0\u00bb background_image_as_pattern=\u00a0\u00bbwithout_pattern\u00a0\u00bb css=\u00a0\u00bb.vc_custom_1493996774738{background-color: #a69576 !important;}\u00a0\u00bb el_class=\u00a0\u00bbpaddingOn\u00a0\u00bb][vc_column][vc_row_inner row_type=\u00a0\u00bbrow\u00a0\u00bb type=\u00a0\u00bbgrid\u00a0\u00bb text_align=\u00a0\u00bbleft\u00a0\u00bb css_animation=\u00a0\u00bbelement_from_right\u00a0\u00bb][vc_column_inner width=\u00a0\u00bb1\/4&Prime;][vc_single_image image=\u00a0\u00bb22709&Prime; img_size=\u00a0\u00bbfull\u00a0\u00bb alignment=\u00a0\u00bbcenter\u00a0\u00bb qode_css_animation=\u00a0\u00bb\u00a0\u00bb][\/vc_column_inner][vc_column_inner width=\u00a0\u00bb3\/4&Prime;][vc_column_text]<\/p>\n<h2 style=\"color: #ffffff; font-size: 51px; font-weight: 900; text-transform: none; line-height: 1.25em;\">Les am\u00e9liorants de panification<\/h2>\n<p>[\/vc_column_text][vc_column_text css=\u00a0\u00bb.vc_custom_1548232230619{margin-bottom: 15px !important;}\u00a0\u00bb]<\/p>\n<h3 style=\"color: #ffffff; font-size: 31px; font-weight: 900; text-transform: none; line-height: 1.25em; text-align: left;\">Des solutions qui conviennent \u00e0 chaque besoin\u00a0!<\/h3>\n<p>[\/vc_column_text][vc_column_text css=\u00a0\u00bb.vc_custom_1546277651334{margin-bottom: 15px !important;}\u00a0\u00bb]<\/p>\n<p style=\"color: #ffffff;\">Implant\u00e9e \u00e0 Alger, Lesaffre en Alg\u00e9rie produit depuis 2006 des am\u00e9liorants de panifications sp\u00e9cifiquement destin\u00e9s \u00e0 la boulangerie alg\u00e9rienne.<\/p>\n<p>[\/vc_column_text][vc_separator type=\u00a0\u00bbtransparent\u00a0\u00bb up=\u00a0\u00bb5&Prime; down=\u00a0\u00bb5&Prime;]<a  itemprop=\"url\" href=\"\/fr\/nos-solutions\/ameliorants-de-panification\/\" target=\"_self\"  class=\"qbutton  default\" style=\"\">En savoir plus<i class=\"qode_icon_font_awesome fa fa-arrow-circle-o-right qode_button_icon_element\" style=\"\" ><\/i><\/a>[\/vc_column_inner][\/vc_row_inner][\/vc_column][\/vc_row][vc_row css_animation=\u00a0\u00bbelement_from_left\u00a0\u00bb row_type=\u00a0\u00bbrow\u00a0\u00bb use_row_as_full_screen_section=\u00a0\u00bbno\u00a0\u00bb type=\u00a0\u00bbfull_width\u00a0\u00bb angled_section=\u00a0\u00bbno\u00a0\u00bb text_align=\u00a0\u00bbleft\u00a0\u00bb background_image_as_pattern=\u00a0\u00bbwithout_pattern\u00a0\u00bb el_class=\u00a0\u00bbpaddingOn\u00a0\u00bb][vc_column][vc_row_inner row_type=\u00a0\u00bbrow\u00a0\u00bb type=\u00a0\u00bbgrid\u00a0\u00bb text_align=\u00a0\u00bbleft\u00a0\u00bb css_animation=\u00a0\u00bb\u00a0\u00bb][vc_column_inner width=\u00a0\u00bb1\/4&Prime;][vc_single_image image=\u00a0\u00bb23914&Prime; img_size=\u00a0\u00bbfull\u00a0\u00bb alignment=\u00a0\u00bbright\u00a0\u00bb qode_css_animation=\u00a0\u00bb\u00a0\u00bb][\/vc_column_inner][vc_column_inner width=\u00a0\u00bb3\/4&Prime;][vc_column_text]<\/p>\n<h2 style=\"color: #000080; font-size: 51px; font-weight: 900; text-transform: none; line-height: 1.25em;\">MIXES et PREMIXES<\/h2>\n<p>[\/vc_column_text][vc_column_text css=\u00a0\u00bb.vc_custom_1649090863568{margin-bottom: 15px !important;}\u00a0\u00bb]<\/p>\n<h3 style=\"color: #000000; font-size: 31px; font-weight: 900; text-transform: none; line-height: 1.25em; text-align: left;\">Des solutions d\u00e9velopp\u00e9es pour diversifier vos gammes de pains.<\/h3>\n<p>[\/vc_column_text][vc_column_text css=\u00a0\u00bb.vc_custom_1649090874594{margin-bottom: 15px !important;}\u00a0\u00bb]<\/p>\n<p style=\"text-align: justify;\">Une nouvelle gamme de mixes d\u00e9velopp\u00e9e sp\u00e9cialement pour les boulangers \u00e0 la recherche d\u2019innovation et de diversification de leurs offres en magasin.<\/p>\n<p>[\/vc_column_text][vc_separator type=\u00a0\u00bbtransparent\u00a0\u00bb up=\u00a0\u00bb5&Prime; down=\u00a0\u00bb5&Prime;]<a  itemprop=\"url\" href=\"\/fr\/nos-solutions\/mixes\/\" target=\"_self\"  class=\"qbutton  default\" style=\"\">En savoir plus<i class=\"qode_icon_font_awesome fa fa-arrow-circle-o-right qode_button_icon_element\" style=\"\" ><\/i><\/a>[\/vc_column_inner][\/vc_row_inner][\/vc_column][\/vc_row][vc_row css_animation=\u00a0\u00bb\u00a0\u00bb row_type=\u00a0\u00bbrow\u00a0\u00bb use_row_as_full_screen_section=\u00a0\u00bbno\u00a0\u00bb type=\u00a0\u00bbfull_width\u00a0\u00bb angled_section=\u00a0\u00bbno\u00a0\u00bb text_align=\u00a0\u00bbleft\u00a0\u00bb background_image_as_pattern=\u00a0\u00bbwithout_pattern\u00a0\u00bb css=\u00a0\u00bb.vc_custom_1493996774738{background-color: #a69576 !important;}\u00a0\u00bb el_class=\u00a0\u00bbpaddingOn\u00a0\u00bb][vc_column][vc_row_inner row_type=\u00a0\u00bbrow\u00a0\u00bb type=\u00a0\u00bbgrid\u00a0\u00bb text_align=\u00a0\u00bbleft\u00a0\u00bb css_animation=\u00a0\u00bbelement_from_right\u00a0\u00bb][vc_column_inner width=\u00a0\u00bb1\/4&Prime;][vc_single_image image=\u00a0\u00bb23916&Prime; img_size=\u00a0\u00bbfull\u00a0\u00bb alignment=\u00a0\u00bbcenter\u00a0\u00bb qode_css_animation=\u00a0\u00bb\u00a0\u00bb][\/vc_column_inner][vc_column_inner width=\u00a0\u00bb3\/4&Prime;][vc_column_text]<\/p>\n<h2 style=\"color: #ffffff; font-size: 51px; font-weight: 900; text-transform: none; line-height: 1.25em;\">Am\u00e9liorants de viennoiserie<\/h2>\n<p>[\/vc_column_text][vc_column_text css=\u00a0\u00bb.vc_custom_1649091006020{margin-bottom: 15px !important;}\u00a0\u00bb]<\/p>\n<h3 style=\"color: #ffffff; font-size: 31px; font-weight: 900; text-transform: none; line-height: 1.25em; text-align: left;\">Des ingr\u00e9dients de qualit\u00e9 pour un r\u00e9sultat qui d\u00e9passe les attentes.<\/h3>\n<p>[\/vc_column_text][vc_column_text css=\u00a0\u00bb.vc_custom_1649091017848{margin-bottom: 15px !important;}\u00a0\u00bb]<\/p>\n<p style=\"color: #ffffff;\">Gr\u00e2ce aux am\u00e9liorants de viennoiserie Lesaffre, vous garantissez \u00e0 vos clients des produits avec une qualit\u00e9 optimale, un meilleur feuilletage et une bonne tol\u00e9rance.<\/p>\n<p>[\/vc_column_text][vc_separator type=\u00a0\u00bbtransparent\u00a0\u00bb up=\u00a0\u00bb5&Prime; down=\u00a0\u00bb5&Prime;]<a  itemprop=\"url\" href=\"\/fr\/nos-solutions\/ameliorants-de-viennoiserie\/\" target=\"_self\"  class=\"qbutton  default\" style=\"\">En savoir plus<i class=\"qode_icon_font_awesome fa fa-arrow-circle-o-right qode_button_icon_element\" style=\"\" ><\/i><\/a>[\/vc_column_inner][\/vc_row_inner][\/vc_column][\/vc_row][vc_row css_animation=\u00a0\u00bb\u00a0\u00bb row_type=\u00a0\u00bbrow\u00a0\u00bb use_row_as_full_screen_section=\u00a0\u00bbno\u00a0\u00bb type=\u00a0\u00bbfull_width\u00a0\u00bb angled_section=\u00a0\u00bbno\u00a0\u00bb text_align=\u00a0\u00bbleft\u00a0\u00bb background_image_as_pattern=\u00a0\u00bbwithout_pattern\u00a0\u00bb css=\u00a0\u00bb.vc_custom_1461300994012{background-color: #e0e0e0 !important;}\u00a0\u00bb][vc_column][vc_row_inner row_type=\u00a0\u00bbrow\u00a0\u00bb type=\u00a0\u00bbgrid\u00a0\u00bb text_align=\u00a0\u00bbcenter\u00a0\u00bb css_animation=\u00a0\u00bbelement_from_fade\u00a0\u00bb][vc_column_inner][vc_column_text]<\/p>\n<h2 style=\"color: #4d4d4d; font-size: 51px; font-weight: 900; text-transform: none; line-height: 1.25em; text-align: center;\">Contact<\/h2>\n<p>[\/vc_column_text][vc_column_text]<\/p>\n<h4 style=\"text-align: center;\">Une question sur nos produits et nos solutions ?<\/h4>\n<p>[\/vc_column_text][vc_separator type=\u00a0\u00bbtransparent\u00a0\u00bb up=\u00a0\u00bb10&Prime; down=\u00a0\u00bb10&Prime;]<a  itemprop=\"url\" href=\"\/fr\/contact\/\" target=\"_self\" data-hover-background-color=#ffffff data-hover-border-color=#000000 data-hover-color=#000000 class=\"qbutton  center default\" style=\"color: #ffffff; border-color: #164189; margin: auto 0px auto 0px; border-radius: 0px;-moz-border-radius: 0px;-webkit-border-radius: 0px; background-color: #164189;\">Contactez-nous<\/a>[\/vc_column_inner][\/vc_row_inner][\/vc_column][\/vc_row]<\/p>\n<\/div>","protected":false},"excerpt":{"rendered":"<p>[vc_row css_animation=\u00a0\u00bbelement_from_left\u00a0\u00bb row_type=\u00a0\u00bbrow\u00a0\u00bb use_row_as_full_screen_section=\u00a0\u00bbno\u00a0\u00bb type=\u00a0\u00bbfull_width\u00a0\u00bb angled_section=\u00a0\u00bbno\u00a0\u00bb text_align=\u00a0\u00bbleft\u00a0\u00bb background_image_as_pattern=\u00a0\u00bbwithout_pattern\u00a0\u00bb el_class=\u00a0\u00bbpaddingOn\u00a0\u00bb][vc_column][vc_row_inner row_type=\u00a0\u00bbrow\u00a0\u00bb type=\u00a0\u00bbgrid\u00a0\u00bb text_align=\u00a0\u00bbleft\u00a0\u00bb css_animation=\u00a0\u00bb\u00a0\u00bb][vc_column_inner width=\u00a0\u00bb1\/4&Prime;][vc_single_image image=\u00a0\u00bb22707&Prime; img_size=\u00a0\u00bbfull\u00a0\u00bb alignment=\u00a0\u00bbright\u00a0\u00bb qode_css_animation=\u00a0\u00bb\u00a0\u00bb][\/vc_column_inner][vc_column_inner width=\u00a0\u00bb3\/4&Prime;][vc_column_text] Levures [\/vc_column_text][vc_column_text css=\u00a0\u00bb.vc_custom_1548231747894{margin-bottom: 15px !important;}\u00a0\u00bb] Vous apporter de la valeur ajout\u00e9e [\/vc_column_text][vc_column_text css=\u00a0\u00bb.vc_custom_1546277575195{margin-bottom: 15px !important;}\u00a0\u00bb] Lesaffre en Alg\u00e9rie propose une gamme compl\u00e8te de solutions de panification&#8230;<\/p>\n","protected":false},"author":1,"featured_media":0,"parent":0,"menu_order":0,"comment_status":"closed","ping_status":"closed","template":"full_width.php","meta":{"footnotes":""},"class_list":["post-19691","page","type-page","status-publish","hentry"],"yoast_head":"<!-- This site is optimized with the Yoast SEO Premium plugin v22.3 (Yoast SEO v27.4) - https:\/\/yoast.com\/product\/yoast-seo-premium-wordpress\/ -->\n<title>Levures et am\u00e9liorants pour les pro de la boulangerie \u2022 Lesaffre Alg\u00e9rie<\/title>\n<meta name=\"description\" content=\"Avec Lesaffre Alg\u00e9rie, trouvez les produits qui repondent au mieux \u00e0 vos besoins de production en boulangerie professionnelle\" \/>\n<meta name=\"robots\" content=\"index, follow, max-snippet:-1, max-image-preview:large, max-video-preview:-1\" \/>\n<link rel=\"canonical\" href=\"https:\/\/lesaffre-algerie.com\/fr\/nos-solutions\/\" \/>\n<meta property=\"og:locale\" content=\"fr_FR\" \/>\n<meta property=\"og:type\" content=\"article\" \/>\n<meta property=\"og:title\" content=\"Nos solutions\" \/>\n<meta property=\"og:description\" content=\"Avec Lesaffre Alg\u00e9rie, trouvez les produits qui repondent au mieux \u00e0 vos besoins de production en boulangerie professionnelle\" \/>\n<meta property=\"og:url\" content=\"https:\/\/lesaffre-algerie.com\/fr\/nos-solutions\/\" \/>\n<meta property=\"og:site_name\" content=\"LESAFFRE Alg\u00e9rie\" \/>\n<meta property=\"article:modified_time\" content=\"2023-10-25T08:26:03+00:00\" \/>\n<meta name=\"twitter:card\" content=\"summary_large_image\" \/>\n<meta name=\"twitter:label1\" content=\"Dur\u00e9e de lecture estim\u00e9e\" \/>\n\t<meta name=\"twitter:data1\" content=\"4 minutes\" \/>\n<script type=\"application\/ld+json\" class=\"yoast-schema-graph\">{\"@context\":\"https:\\\/\\\/schema.org\",\"@graph\":[{\"@type\":\"WebPage\",\"@id\":\"https:\\\/\\\/lesaffre-algerie.com\\\/fr\\\/nos-solutions\\\/\",\"url\":\"https:\\\/\\\/lesaffre-algerie.com\\\/fr\\\/nos-solutions\\\/\",\"name\":\"Levures et am\u00e9liorants pour les pro de la boulangerie \u2022 Lesaffre Alg\u00e9rie\",\"isPartOf\":{\"@id\":\"https:\\\/\\\/lesaffre-algerie.com\\\/fr\\\/#website\"},\"datePublished\":\"2016-11-05T17:51:01+00:00\",\"dateModified\":\"2023-10-25T08:26:03+00:00\",\"description\":\"Avec Lesaffre Alg\u00e9rie, trouvez les produits qui repondent au mieux \u00e0 vos besoins de production en boulangerie professionnelle\",\"breadcrumb\":{\"@id\":\"https:\\\/\\\/lesaffre-algerie.com\\\/fr\\\/nos-solutions\\\/#breadcrumb\"},\"inLanguage\":\"fr-FR\",\"potentialAction\":[{\"@type\":\"ReadAction\",\"target\":[\"https:\\\/\\\/lesaffre-algerie.com\\\/fr\\\/nos-solutions\\\/\"]}]},{\"@type\":\"BreadcrumbList\",\"@id\":\"https:\\\/\\\/lesaffre-algerie.com\\\/fr\\\/nos-solutions\\\/#breadcrumb\",\"itemListElement\":[{\"@type\":\"ListItem\",\"position\":1,\"name\":\"Accueil\",\"item\":\"https:\\\/\\\/lesaffre-algerie.com\\\/fr\\\/\"},{\"@type\":\"ListItem\",\"position\":2,\"name\":\"Nos solutions\"}]},{\"@type\":\"WebSite\",\"@id\":\"https:\\\/\\\/lesaffre-algerie.com\\\/fr\\\/#website\",\"url\":\"https:\\\/\\\/lesaffre-algerie.com\\\/fr\\\/\",\"name\":\"LESAFFRE Alg\u00e9rie\",\"description\":\"Levures de cuisson, am\u00e9liorants pour le pain et sant\u00e9\",\"potentialAction\":[{\"@type\":\"SearchAction\",\"target\":{\"@type\":\"EntryPoint\",\"urlTemplate\":\"https:\\\/\\\/lesaffre-algerie.com\\\/fr\\\/?s={search_term_string}\"},\"query-input\":{\"@type\":\"PropertyValueSpecification\",\"valueRequired\":true,\"valueName\":\"search_term_string\"}}],\"inLanguage\":\"fr-FR\"}]}<\/script>\n<!-- \/ Yoast SEO Premium plugin. -->","yoast_head_json":{"title":"Levures et am\u00e9liorants pour les pro de la boulangerie \u2022 Lesaffre Alg\u00e9rie","description":"Avec Lesaffre Alg\u00e9rie, trouvez les produits qui repondent au mieux \u00e0 vos besoins de production en boulangerie professionnelle","robots":{"index":"index","follow":"follow","max-snippet":"max-snippet:-1","max-image-preview":"max-image-preview:large","max-video-preview":"max-video-preview:-1"},"canonical":"https:\/\/lesaffre-algerie.com\/fr\/nos-solutions\/","og_locale":"fr_FR","og_type":"article","og_title":"Nos solutions","og_description":"Avec Lesaffre Alg\u00e9rie, trouvez les produits qui repondent au mieux \u00e0 vos besoins de production en boulangerie professionnelle","og_url":"https:\/\/lesaffre-algerie.com\/fr\/nos-solutions\/","og_site_name":"LESAFFRE Alg\u00e9rie","article_modified_time":"2023-10-25T08:26:03+00:00","twitter_card":"summary_large_image","twitter_misc":{"Dur\u00e9e de lecture estim\u00e9e":"4 minutes"},"schema":{"@context":"https:\/\/schema.org","@graph":[{"@type":"WebPage","@id":"https:\/\/lesaffre-algerie.com\/fr\/nos-solutions\/","url":"https:\/\/lesaffre-algerie.com\/fr\/nos-solutions\/","name":"Levures et am\u00e9liorants pour les pro de la boulangerie \u2022 Lesaffre Alg\u00e9rie","isPartOf":{"@id":"https:\/\/lesaffre-algerie.com\/fr\/#website"},"datePublished":"2016-11-05T17:51:01+00:00","dateModified":"2023-10-25T08:26:03+00:00","description":"Avec Lesaffre Alg\u00e9rie, trouvez les produits qui repondent au mieux \u00e0 vos besoins de production en boulangerie professionnelle","breadcrumb":{"@id":"https:\/\/lesaffre-algerie.com\/fr\/nos-solutions\/#breadcrumb"},"inLanguage":"fr-FR","potentialAction":[{"@type":"ReadAction","target":["https:\/\/lesaffre-algerie.com\/fr\/nos-solutions\/"]}]},{"@type":"BreadcrumbList","@id":"https:\/\/lesaffre-algerie.com\/fr\/nos-solutions\/#breadcrumb","itemListElement":[{"@type":"ListItem","position":1,"name":"Accueil","item":"https:\/\/lesaffre-algerie.com\/fr\/"},{"@type":"ListItem","position":2,"name":"Nos solutions"}]},{"@type":"WebSite","@id":"https:\/\/lesaffre-algerie.com\/fr\/#website","url":"https:\/\/lesaffre-algerie.com\/fr\/","name":"LESAFFRE Alg\u00e9rie","description":"Levures de cuisson, am\u00e9liorants pour le pain et sant\u00e9","potentialAction":[{"@type":"SearchAction","target":{"@type":"EntryPoint","urlTemplate":"https:\/\/lesaffre-algerie.com\/fr\/?s={search_term_string}"},"query-input":{"@type":"PropertyValueSpecification","valueRequired":true,"valueName":"search_term_string"}}],"inLanguage":"fr-FR"}]}},"_links":{"self":[{"href":"https:\/\/lesaffre-algerie.com\/fr\/wp-json\/wp\/v2\/pages\/19691","targetHints":{"allow":["GET"]}}],"collection":[{"href":"https:\/\/lesaffre-algerie.com\/fr\/wp-json\/wp\/v2\/pages"}],"about":[{"href":"https:\/\/lesaffre-algerie.com\/fr\/wp-json\/wp\/v2\/types\/page"}],"author":[{"embeddable":true,"href":"https:\/\/lesaffre-algerie.com\/fr\/wp-json\/wp\/v2\/users\/1"}],"replies":[{"embeddable":true,"href":"https:\/\/lesaffre-algerie.com\/fr\/wp-json\/wp\/v2\/comments?post=19691"}],"version-history":[{"count":2,"href":"https:\/\/lesaffre-algerie.com\/fr\/wp-json\/wp\/v2\/pages\/19691\/revisions"}],"predecessor-version":[{"id":24730,"href":"https:\/\/lesaffre-algerie.com\/fr\/wp-json\/wp\/v2\/pages\/19691\/revisions\/24730"}],"wp:attachment":[{"href":"https:\/\/lesaffre-algerie.com\/fr\/wp-json\/wp\/v2\/media?parent=19691"}],"curies":[{"name":"wp","href":"https:\/\/api.w.org\/{rel}","templated":true}]}}