{"id":20085,"date":"2017-05-05T16:04:13","date_gmt":"2017-05-05T14:04:13","guid":{"rendered":"https:\/\/lesaffre.fr\/?page_id=20085"},"modified":"2020-10-15T16:18:57","modified_gmt":"2020-10-15T14:18:57","slug":"ameliorants-de-panification","status":"publish","type":"page","link":"https:\/\/lesaffre-algerie.com\/fr\/nos-solutions\/ameliorants-de-panification\/","title":{"rendered":"Am\u00e9liorants de panification"},"content":{"rendered":"<div class=\"wpb-content-wrapper\"><p>[vc_row row_type=\u00a0\u00bbparallax\u00a0\u00bb parallax_content_width=\u00a0\u00bbin_grid\u00a0\u00bb text_align=\u00a0\u00bbleft\u00a0\u00bb background_image=\u00a0\u00bb20798&Prime; full_screen_section_height=\u00a0\u00bbno\u00a0\u00bb css=\u00a0\u00bb.vc_custom_1498731175030{padding-top: 0px !important;padding-bottom: 0px !important;}\u00a0\u00bb][vc_column][vc_separator type=\u00a0\u00bbtransparent\u00a0\u00bb up=\u00a0\u00bb200&Prime; down=\u00a0\u00bb200&Prime;][\/vc_column][\/vc_row][vc_row css_animation=\u00a0\u00bb\u00a0\u00bb row_type=\u00a0\u00bbrow\u00a0\u00bb use_row_as_full_screen_section=\u00a0\u00bbyes\u00a0\u00bb type=\u00a0\u00bbgrid\u00a0\u00bb angled_section=\u00a0\u00bbno\u00a0\u00bb text_align=\u00a0\u00bbleft\u00a0\u00bb background_image_as_pattern=\u00a0\u00bbwithout_pattern\u00a0\u00bb css=\u00a0\u00bb.vc_custom_1498731560625{background-color: #ffffff !important;}\u00a0\u00bb el_class=\u00a0\u00bbpaddingOn\u00a0\u00bb][vc_column width=\u00a0\u00bb1\/3&Prime;][vc_single_image image=\u00a0\u00bb22101&Prime; img_size=\u00a0\u00bbfull\u00a0\u00bb alignment=\u00a0\u00bbcenter\u00a0\u00bb qode_css_animation=\u00a0\u00bb\u00a0\u00bb][\/vc_column][vc_column width=\u00a0\u00bb2\/3&Prime;][vc_column_text]<\/p>\n<h2>Les am\u00e9liorants de panification,<br \/>\ndes solutions Lesaffre adapt\u00e9es \u00e0 tous les besoins.<\/h2>\n<p>[\/vc_column_text][vc_separator type=\u00a0\u00bbnormal\u00a0\u00bb color=\u00a0\u00bb#ffffff\u00a0\u00bb][vc_column_text]Implant\u00e9e \u00e0 Alger, Lesaffre en Alg\u00e9rie produit depuis 2006 des am\u00e9liorants de panifications sp\u00e9cifiquement destin\u00e9s \u00e0 la boulangerie alg\u00e9rienne. Nous mettons \u00e0 disposition notre exp\u00e9rience afin de proposer une gamme qui simplifie le travail du boulanger et optimiser les caract\u00e9ristiques du pain.<\/p>\n<p>[vc_separator type=&rsquo;transparent&rsquo; position=&rsquo;center&rsquo; color=\u00a0\u00bb thickness=\u00a0\u00bb up=&rsquo;15&rsquo; down=&rsquo;15&rsquo;]<\/p>\n<p>Nous s\u00e9lectionnons avec soin les mati\u00e8res premi\u00e8res qui composent nos am\u00e9liorants afin de proposer des solutions adapt\u00e9es au pain alg\u00e9rien.<\/p>\n<p>En fonction de l\u2019effet recherch\u00e9, le choix et le dosage des composants peuvent varier.<\/p>\n<p>&nbsp;<\/p>\n<p>Concr\u00e8tement, les am\u00e9liorants de panifications Lesaffre\u00a0:<\/p>\n<ul>\n<li>permettent un lissage plus rapide de la p\u00e2te<\/li>\n<li>garantissent une tol\u00e9rance accrue \u00e0 l\u2019appr\u00eat<\/li>\n<li>offrent une meilleure machinabilit\u00e9<\/li>\n<li>augmentent les rendements<\/li>\n<\/ul>\n<p>D\u2019autres besoins sp\u00e9cifiques peuvent \u00eatre pris en compte.[\/vc_column_text][vc_separator type=\u00a0\u00bbnormal\u00a0\u00bb color=\u00a0\u00bb#ffffff\u00a0\u00bb][\/vc_column][vc_column width=\u00a0\u00bb1\/5&Prime; css=\u00a0\u00bb.vc_custom_1548767202389{padding-top: 10px !important;padding-bottom: 10px !important;}\u00a0\u00bb][vc_single_image image=\u00a0\u00bb22055&Prime; img_size=\u00a0\u00bbfull\u00a0\u00bb qode_css_animation=\u00a0\u00bb\u00a0\u00bb][vc_separator type=\u00a0\u00bbnormal\u00a0\u00bb color=\u00a0\u00bb#ffffff\u00a0\u00bb][vc_column_text]<\/p>\n<h3 style=\"text-align: center;\">Volume<\/h3>\n<p>[vc_separator type=&rsquo;transparent&rsquo; position=&rsquo;center&rsquo; color=\u00a0\u00bb thickness=\u00a0\u00bb up=&rsquo;10&rsquo; down=&rsquo;10&rsquo;]<\/p>\n<p style=\"text-align: center;\">Les am\u00e9liorants d\u00e9velopp\u00e9s par Lesaffre permettent la prise de volume de la p\u00e2te en favorisant le d\u00e9veloppement des produits pendant la cuisson.<\/p>\n<p>[\/vc_column_text][\/vc_column][vc_column width=\u00a0\u00bb1\/5&Prime; css=\u00a0\u00bb.vc_custom_1548767208892{padding-top: 10px !important;padding-bottom: 10px !important;}\u00a0\u00bb][vc_single_image image=\u00a0\u00bb22047&Prime; img_size=\u00a0\u00bbfull\u00a0\u00bb qode_css_animation=\u00a0\u00bb\u00a0\u00bb][vc_separator type=\u00a0\u00bbnormal\u00a0\u00bb color=\u00a0\u00bb#ffffff\u00a0\u00bb][vc_column_text]<\/p>\n<h3 style=\"text-align: center;\">Blancheur<\/h3>\n<p>[vc_separator type=&rsquo;transparent&rsquo; position=&rsquo;center&rsquo; color=\u00a0\u00bb thickness=\u00a0\u00bb up=&rsquo;10&rsquo; down=&rsquo;10&rsquo;]<\/p>\n<p style=\"text-align: center;\">Les am\u00e9liorants d\u00e9velopp\u00e9s par Lesaffre permettent de favoriser le blanchiment de la mie ainsi qu\u2019une meilleure app\u00e9tence au produit fini.<\/p>\n<p>[\/vc_column_text][\/vc_column][vc_column width=\u00a0\u00bb1\/5&Prime; css=\u00a0\u00bb.vc_custom_1548767215954{padding-top: 10px !important;padding-bottom: 10px !important;}\u00a0\u00bb][vc_single_image image=\u00a0\u00bb22053&Prime; img_size=\u00a0\u00bbfull\u00a0\u00bb qode_css_animation=\u00a0\u00bb\u00a0\u00bb][vc_separator type=\u00a0\u00bbnormal\u00a0\u00bb color=\u00a0\u00bb#ffffff\u00a0\u00bb][vc_column_text]<\/p>\n<h3 style=\"text-align: center;\">Tol\u00e9rance<\/h3>\n<p>[vc_separator type=&rsquo;transparent&rsquo; position=&rsquo;center&rsquo; color=\u00a0\u00bb thickness=\u00a0\u00bb up=&rsquo;10&rsquo; down=&rsquo;10&rsquo;]<\/p>\n<p style=\"text-align: center;\">Les am\u00e9liorants d\u00e9velopp\u00e9s par Lesaffre optimisent l\u2019action de la levure, augmentent la capacit\u00e9 de r\u00e9tention gazeuse et conf\u00e8rent une stabilit\u00e9 au r\u00e9seau de gluten form\u00e9 par le d\u00e9gagement gazeux ; ils apportent ainsi au boulanger la s\u00e9curit\u00e9 du r\u00e9sultat.<\/p>\n<p>[\/vc_column_text][\/vc_column][vc_column width=\u00a0\u00bb1\/5&Prime; css=\u00a0\u00bb.vc_custom_1548767221814{padding-top: 10px !important;padding-bottom: 10px !important;}\u00a0\u00bb][vc_single_image image=\u00a0\u00bb22051&Prime; img_size=\u00a0\u00bbfull\u00a0\u00bb qode_css_animation=\u00a0\u00bb\u00a0\u00bb][vc_separator type=\u00a0\u00bbnormal\u00a0\u00bb color=\u00a0\u00bb#ffffff\u00a0\u00bb][vc_column_text]<\/p>\n<h3 style=\"text-align: center;\">Machinabilit\u00e9<\/h3>\n<p>[vc_separator type=&rsquo;transparent&rsquo; position=&rsquo;center&rsquo; color=\u00a0\u00bb thickness=\u00a0\u00bb up=&rsquo;10&rsquo; down=&rsquo;10&rsquo;]<\/p>\n<p style=\"text-align: center;\">Les am\u00e9liorants d\u00e9velopp\u00e9s par Lesaffre pr\u00e9sentent une action au niveau de la rh\u00e9ologie de la p\u00e2te et permet d\u2019augmenter sa tenue, sa force ou son extensibilit\u00e9 pour mieux supporter les passages en machine.<\/p>\n<p>[\/vc_column_text][\/vc_column][vc_column width=\u00a0\u00bb1\/5&Prime; css=\u00a0\u00bb.vc_custom_1548767228988{padding-top: 10px !important;padding-bottom: 10px !important;}\u00a0\u00bb][vc_single_image image=\u00a0\u00bb22049&Prime; img_size=\u00a0\u00bbfull\u00a0\u00bb qode_css_animation=\u00a0\u00bb\u00a0\u00bb][vc_separator type=\u00a0\u00bbnormal\u00a0\u00bb color=\u00a0\u00bb#ffffff\u00a0\u00bb][vc_column_text]<\/p>\n<h3 style=\"text-align: center;\">Coloration<\/h3>\n<p>[vc_separator type=&rsquo;transparent&rsquo; position=&rsquo;center&rsquo; color=\u00a0\u00bb thickness=\u00a0\u00bb up=&rsquo;10&rsquo; down=&rsquo;10&rsquo;]<\/p>\n<p style=\"text-align: center;\">Les am\u00e9liorants d\u00e9velopp\u00e9s par Lesaffre permettent un cocktail enzymatique qui apporte une coloration dor\u00e9e \u00e0 la baguette ainsi qu\u2019une meilleure app\u00e9tence au produit fini.<\/p>\n<p>[\/vc_column_text][\/vc_column][\/vc_row][vc_row css_animation=\u00a0\u00bb\u00a0\u00bb row_type=\u00a0\u00bbrow\u00a0\u00bb use_row_as_full_screen_section=\u00a0\u00bbyes\u00a0\u00bb type=\u00a0\u00bbgrid\u00a0\u00bb angled_section=\u00a0\u00bbno\u00a0\u00bb text_align=\u00a0\u00bbleft\u00a0\u00bb background_image_as_pattern=\u00a0\u00bbwithout_pattern\u00a0\u00bb el_class=\u00a0\u00bbpaddingOn\u00a0\u00bb css=\u00a0\u00bb.vc_custom_1498731570949{background-color: #00a9af !important;}\u00a0\u00bb][vc_column][vc_column_text]<\/p>\n<h2 style=\"color: #ffffff; text-align: center;\">D\u00e9couvrez une gamme compl\u00e8te d\u2019am\u00e9liorants de panification pour les artisans boulangers<\/h2>\n<p>[\/vc_column_text][\/vc_column][\/vc_row][vc_row row_type=\u00a0\u00bbparallax\u00a0\u00bb parallax_content_width=\u00a0\u00bbin_grid\u00a0\u00bb text_align=\u00a0\u00bbleft\u00a0\u00bb background_image=\u00a0\u00bb20818&Prime; full_screen_section_height=\u00a0\u00bbno\u00a0\u00bb css=\u00a0\u00bb.vc_custom_1498814519079{padding-top: 0px !important;padding-bottom: 0px !important;}\u00a0\u00bb][vc_column][vc_separator type=\u00a0\u00bbtransparent\u00a0\u00bb up=\u00a0\u00bb150&Prime; down=\u00a0\u00bb150&Prime;][\/vc_column][\/vc_row][vc_row css_animation=\u00a0\u00bbelement_from_left\u00a0\u00bb row_type=\u00a0\u00bbrow\u00a0\u00bb use_row_as_full_screen_section=\u00a0\u00bbno\u00a0\u00bb type=\u00a0\u00bbfull_width\u00a0\u00bb angled_section=\u00a0\u00bbno\u00a0\u00bb text_align=\u00a0\u00bbleft\u00a0\u00bb background_image_as_pattern=\u00a0\u00bbwithout_pattern\u00a0\u00bb z_index=\u00a0\u00bb\u00a0\u00bb][vc_column width=\u00a0\u00bb1\/4&Prime;][\/vc_column][vc_column width=\u00a0\u00bb1\/2&Prime;][vc_column_text]<\/p>\n<h3 style=\"text-align: center;\">Cliquez sur votre r\u00e9gion pour d\u00e9couvrir nos produits distribu\u00e9s dans votre zone\u00a0:<\/h3>\n<p>[\/vc_column_text][vc_column_text] <!-- start Fla-shop.com HTML5 Map --> <div class='algeriaHtml5Mapbottom htmlMapResponsive' style='max-width:980px'><div id='algeria-html5-map-map-container_0' class='algeriaHtml5MapContainer' data-map-variable='algeriahtml5map_map_0'><\/div><div style='clear:both; height: 20px;'><\/div> <style> #algeria-html5-map-map-container_0 { } #algeria-html5-map-map-container_0 .fm-tooltip-name { color: #000000; font-size: 20px; } #algeria-html5-map-map-container_0 .fm-tooltip-comment { } @media only screen and (max-width: 480px) { #algeria-html5-map-map-container_0 { float: none; width: 100%; } } <\/style><script type=\"text\/javascript\"> jQuery(function(){ var hightlighted = null; algeriahtml5map_map_0 = new flashopalgeriamap(algeriahtml5map_map_cfg_0); algeriahtml5map_map_0.draw('algeria-html5-map-map-container_0'); algeriahtml5map_map_0.on('mousein', function(ev, sid, map) { if (hightlighted && sid != hightlighted) { map.stateHighlightOut(hightlighted); hightlighted = null; } }); var html5map_onclick = function(ev, sid, map) { var cfg = algeriahtml5map_map_cfg_0; var link = map.fetchStateAttr(sid, 'link'); var is_group = map.fetchStateAttr(sid, 'group'); var popup_id = map.fetchStateAttr(sid, 'popup-id'); var is_group_info = false; if (typeof cfg.map_data[sid] !== 'undefined') jQuery('#algeria-html5-map-selector_0').val(sid); else jQuery('#algeria-html5-map-selector_0').val(''); if (is_group==undefined) { if (sid.substr(0,1)=='p') { popup_id = map.fetchPointAttr(sid, 'popup_id'); link = map.fetchPointAttr(sid, 'link'); } } else if (typeof cfg.groups[is_group]['ignore_link'] == 'undefined' || ! cfg.groups[is_group].ignore_link) { link = cfg.groups[is_group].link; popup_id = cfg.groups[is_group]['popup_id']; is_group_info = true; } if (link=='#popup') { if (typeof SG_POPUP_DATA == \"object\") { if (popup_id in SG_POPUP_DATA) { SGPopup.prototype.showPopup(popup_id,false); } else { jQuery.ajax({ type: 'POST', url: 'https:\/\/lesaffre-algerie.com\/index.php?algeriahtml5map_get_popup', data: {popup_id:popup_id}, }).done(function(data) { jQuery('body').append(data); SGPopup.prototype.showPopup(popup_id,false); }); } } else if (typeof SGPBPopup == \"function\") { var popup = SGPBPopup.createPopupObjById(popup_id); popup.prepareOpen(); popup.open(); } return false; } if (link == '#info') { var id = is_group_info ? is_group : (sid.substr(0,1)=='p' ? sid : map.fetchStateAttr(sid, 'id')); jQuery('#algeria-html5-map-state-info_0').html('Loading...'); jQuery.ajax({ type: 'POST', url: 'https:\/\/lesaffre-algerie.com\/index.php?algeriahtml5map_get_'+(is_group_info ? 'group' : 'state')+'_info='+id+'&map_id=0', success: function(data, textStatus, jqXHR){ jQuery('#algeria-html5-map-state-info_0').html(data); }, dataType: 'text' }); return false; } if (ev===null && link!='') { if (!jQuery('.html5dummilink').length) { jQuery('body').append('<a href=\"#\" class=\"html5dummilink\" style=\"display:none\"><\/a>'); } jQuery('.html5dummilink').attr('href',link).attr('target',(map.fetchStateAttr(sid, 'isNewWindow') ? '_blank' : '_self'))[0].click(); } }; algeriahtml5map_map_0.on('click',html5map_onclick); }); <\/script><div id='algeria-html5-map-state-info_0' class='algeriaHtml5MapStateInfo'><\/div> <\/div> <div style='clear: both'><\/div> <!-- end HTML5 Map --> [\/vc_column_text][\/vc_column][vc_column width=\u00a0\u00bb1\/4&Prime;][\/vc_column][\/vc_row][vc_row row_type=\u00a0\u00bbparallax\u00a0\u00bb parallax_content_width=\u00a0\u00bbin_grid\u00a0\u00bb text_align=\u00a0\u00bbleft\u00a0\u00bb background_image=\u00a0\u00bb20971&Prime; full_screen_section_height=\u00a0\u00bbno\u00a0\u00bb css=\u00a0\u00bb.vc_custom_1546379603787{padding-top: 0px !important;padding-bottom: 0px !important;}\u00a0\u00bb][vc_column][vc_separator type=\u00a0\u00bbtransparent\u00a0\u00bb up=\u00a0\u00bb150&Prime; down=\u00a0\u00bb150&Prime;][\/vc_column][\/vc_row]<\/p>\n<\/div>","protected":false},"excerpt":{"rendered":"<p>[vc_row row_type=\u00a0\u00bbparallax\u00a0\u00bb parallax_content_width=\u00a0\u00bbin_grid\u00a0\u00bb text_align=\u00a0\u00bbleft\u00a0\u00bb background_image=\u00a0\u00bb20798&Prime; full_screen_section_height=\u00a0\u00bbno\u00a0\u00bb css=\u00a0\u00bb.vc_custom_1498731175030{padding-top: 0px !important;padding-bottom: 0px !important;}\u00a0\u00bb][vc_column][vc_separator type=\u00a0\u00bbtransparent\u00a0\u00bb up=\u00a0\u00bb200&Prime; down=\u00a0\u00bb200&Prime;][\/vc_column][\/vc_row][vc_row css_animation=\u00a0\u00bb\u00a0\u00bb row_type=\u00a0\u00bbrow\u00a0\u00bb use_row_as_full_screen_section=\u00a0\u00bbyes\u00a0\u00bb type=\u00a0\u00bbgrid\u00a0\u00bb angled_section=\u00a0\u00bbno\u00a0\u00bb text_align=\u00a0\u00bbleft\u00a0\u00bb background_image_as_pattern=\u00a0\u00bbwithout_pattern\u00a0\u00bb css=\u00a0\u00bb.vc_custom_1498731560625{background-color: #ffffff !important;}\u00a0\u00bb el_class=\u00a0\u00bbpaddingOn\u00a0\u00bb][vc_column width=\u00a0\u00bb1\/3&Prime;][vc_single_image image=\u00a0\u00bb22101&Prime; img_size=\u00a0\u00bbfull\u00a0\u00bb alignment=\u00a0\u00bbcenter\u00a0\u00bb qode_css_animation=\u00a0\u00bb\u00a0\u00bb][\/vc_column][vc_column width=\u00a0\u00bb2\/3&Prime;][vc_column_text] Les am\u00e9liorants de panification, des solutions Lesaffre adapt\u00e9es \u00e0 tous les besoins. [\/vc_column_text][vc_separator type=\u00a0\u00bbnormal\u00a0\u00bb&#8230;<\/p>\n","protected":false},"author":1,"featured_media":0,"parent":19691,"menu_order":0,"comment_status":"open","ping_status":"closed","template":"full_width.php","meta":{"footnotes":""},"class_list":["post-20085","page","type-page","status-publish","hentry"],"yoast_head":"<!-- This site is optimized with the Yoast SEO Premium plugin v22.3 (Yoast SEO v27.6) - https:\/\/yoast.com\/product\/yoast-seo-premium-wordpress\/ -->\n<title>Am\u00e9liorants de panification, Boulangers Professionnels - Lesaffre Alg\u00e9rie<\/title>\n<meta name=\"description\" content=\"D\u00e9couvrez une gamme compl\u00e8te d&#039;am\u00e9liorants de panification pour les professionnels adapt\u00e9e \u00e0 chaque besoin\" \/>\n<meta name=\"robots\" content=\"index, follow, max-snippet:-1, max-image-preview:large, max-video-preview:-1\" \/>\n<link rel=\"canonical\" href=\"https:\/\/lesaffre-algerie.com\/fr\/nos-solutions\/ameliorants-de-panification\/\" \/>\n<meta property=\"og:locale\" content=\"fr_FR\" \/>\n<meta property=\"og:type\" content=\"article\" \/>\n<meta property=\"og:title\" content=\"Am\u00e9liorants de panification\" \/>\n<meta property=\"og:description\" content=\"D\u00e9couvrez une gamme compl\u00e8te d&#039;am\u00e9liorants de panification pour les professionnels adapt\u00e9e \u00e0 chaque besoin\" \/>\n<meta property=\"og:url\" content=\"https:\/\/lesaffre-algerie.com\/fr\/nos-solutions\/ameliorants-de-panification\/\" \/>\n<meta property=\"og:site_name\" content=\"LESAFFRE Alg\u00e9rie\" \/>\n<meta property=\"article:modified_time\" content=\"2020-10-15T14:18:57+00:00\" \/>\n<meta name=\"twitter:card\" content=\"summary_large_image\" \/>\n<meta name=\"twitter:label1\" content=\"Dur\u00e9e de lecture estim\u00e9e\" \/>\n\t<meta name=\"twitter:data1\" content=\"5 minutes\" \/>\n<script type=\"application\/ld+json\" class=\"yoast-schema-graph\">{\"@context\":\"https:\\\/\\\/schema.org\",\"@graph\":[{\"@type\":\"WebPage\",\"@id\":\"https:\\\/\\\/lesaffre-algerie.com\\\/fr\\\/nos-solutions\\\/ameliorants-de-panification\\\/\",\"url\":\"https:\\\/\\\/lesaffre-algerie.com\\\/fr\\\/nos-solutions\\\/ameliorants-de-panification\\\/\",\"name\":\"Am\u00e9liorants de panification, Boulangers Professionnels - Lesaffre Alg\u00e9rie\",\"isPartOf\":{\"@id\":\"https:\\\/\\\/lesaffre-algerie.com\\\/fr\\\/#website\"},\"datePublished\":\"2017-05-05T14:04:13+00:00\",\"dateModified\":\"2020-10-15T14:18:57+00:00\",\"description\":\"D\u00e9couvrez une gamme compl\u00e8te d'am\u00e9liorants de panification pour les professionnels adapt\u00e9e \u00e0 chaque besoin\",\"breadcrumb\":{\"@id\":\"https:\\\/\\\/lesaffre-algerie.com\\\/fr\\\/nos-solutions\\\/ameliorants-de-panification\\\/#breadcrumb\"},\"inLanguage\":\"fr-FR\",\"potentialAction\":[{\"@type\":\"ReadAction\",\"target\":[\"https:\\\/\\\/lesaffre-algerie.com\\\/fr\\\/nos-solutions\\\/ameliorants-de-panification\\\/\"]}]},{\"@type\":\"BreadcrumbList\",\"@id\":\"https:\\\/\\\/lesaffre-algerie.com\\\/fr\\\/nos-solutions\\\/ameliorants-de-panification\\\/#breadcrumb\",\"itemListElement\":[{\"@type\":\"ListItem\",\"position\":1,\"name\":\"Accueil\",\"item\":\"https:\\\/\\\/lesaffre-algerie.com\\\/fr\\\/\"},{\"@type\":\"ListItem\",\"position\":2,\"name\":\"Nos solutions\",\"item\":\"https:\\\/\\\/lesaffre-algerie.com\\\/fr\\\/nos-solutions\\\/\"},{\"@type\":\"ListItem\",\"position\":3,\"name\":\"Am\u00e9liorants de panification\"}]},{\"@type\":\"WebSite\",\"@id\":\"https:\\\/\\\/lesaffre-algerie.com\\\/fr\\\/#website\",\"url\":\"https:\\\/\\\/lesaffre-algerie.com\\\/fr\\\/\",\"name\":\"LESAFFRE Alg\u00e9rie\",\"description\":\"Levures de cuisson, am\u00e9liorants pour le pain et sant\u00e9\",\"potentialAction\":[{\"@type\":\"SearchAction\",\"target\":{\"@type\":\"EntryPoint\",\"urlTemplate\":\"https:\\\/\\\/lesaffre-algerie.com\\\/fr\\\/?s={search_term_string}\"},\"query-input\":{\"@type\":\"PropertyValueSpecification\",\"valueRequired\":true,\"valueName\":\"search_term_string\"}}],\"inLanguage\":\"fr-FR\"}]}<\/script>\n<!-- \/ Yoast SEO Premium plugin. -->","yoast_head_json":{"title":"Am\u00e9liorants de panification, Boulangers Professionnels - Lesaffre Alg\u00e9rie","description":"D\u00e9couvrez une gamme compl\u00e8te d'am\u00e9liorants de panification pour les professionnels adapt\u00e9e \u00e0 chaque besoin","robots":{"index":"index","follow":"follow","max-snippet":"max-snippet:-1","max-image-preview":"max-image-preview:large","max-video-preview":"max-video-preview:-1"},"canonical":"https:\/\/lesaffre-algerie.com\/fr\/nos-solutions\/ameliorants-de-panification\/","og_locale":"fr_FR","og_type":"article","og_title":"Am\u00e9liorants de panification","og_description":"D\u00e9couvrez une gamme compl\u00e8te d'am\u00e9liorants de panification pour les professionnels adapt\u00e9e \u00e0 chaque besoin","og_url":"https:\/\/lesaffre-algerie.com\/fr\/nos-solutions\/ameliorants-de-panification\/","og_site_name":"LESAFFRE Alg\u00e9rie","article_modified_time":"2020-10-15T14:18:57+00:00","twitter_card":"summary_large_image","twitter_misc":{"Dur\u00e9e de lecture estim\u00e9e":"5 minutes"},"schema":{"@context":"https:\/\/schema.org","@graph":[{"@type":"WebPage","@id":"https:\/\/lesaffre-algerie.com\/fr\/nos-solutions\/ameliorants-de-panification\/","url":"https:\/\/lesaffre-algerie.com\/fr\/nos-solutions\/ameliorants-de-panification\/","name":"Am\u00e9liorants de panification, Boulangers Professionnels - Lesaffre Alg\u00e9rie","isPartOf":{"@id":"https:\/\/lesaffre-algerie.com\/fr\/#website"},"datePublished":"2017-05-05T14:04:13+00:00","dateModified":"2020-10-15T14:18:57+00:00","description":"D\u00e9couvrez une gamme compl\u00e8te d'am\u00e9liorants de panification pour les professionnels adapt\u00e9e \u00e0 chaque besoin","breadcrumb":{"@id":"https:\/\/lesaffre-algerie.com\/fr\/nos-solutions\/ameliorants-de-panification\/#breadcrumb"},"inLanguage":"fr-FR","potentialAction":[{"@type":"ReadAction","target":["https:\/\/lesaffre-algerie.com\/fr\/nos-solutions\/ameliorants-de-panification\/"]}]},{"@type":"BreadcrumbList","@id":"https:\/\/lesaffre-algerie.com\/fr\/nos-solutions\/ameliorants-de-panification\/#breadcrumb","itemListElement":[{"@type":"ListItem","position":1,"name":"Accueil","item":"https:\/\/lesaffre-algerie.com\/fr\/"},{"@type":"ListItem","position":2,"name":"Nos solutions","item":"https:\/\/lesaffre-algerie.com\/fr\/nos-solutions\/"},{"@type":"ListItem","position":3,"name":"Am\u00e9liorants de panification"}]},{"@type":"WebSite","@id":"https:\/\/lesaffre-algerie.com\/fr\/#website","url":"https:\/\/lesaffre-algerie.com\/fr\/","name":"LESAFFRE Alg\u00e9rie","description":"Levures de cuisson, am\u00e9liorants pour le pain et sant\u00e9","potentialAction":[{"@type":"SearchAction","target":{"@type":"EntryPoint","urlTemplate":"https:\/\/lesaffre-algerie.com\/fr\/?s={search_term_string}"},"query-input":{"@type":"PropertyValueSpecification","valueRequired":true,"valueName":"search_term_string"}}],"inLanguage":"fr-FR"}]}},"_links":{"self":[{"href":"https:\/\/lesaffre-algerie.com\/fr\/wp-json\/wp\/v2\/pages\/20085","targetHints":{"allow":["GET"]}}],"collection":[{"href":"https:\/\/lesaffre-algerie.com\/fr\/wp-json\/wp\/v2\/pages"}],"about":[{"href":"https:\/\/lesaffre-algerie.com\/fr\/wp-json\/wp\/v2\/types\/page"}],"author":[{"embeddable":true,"href":"https:\/\/lesaffre-algerie.com\/fr\/wp-json\/wp\/v2\/users\/1"}],"replies":[{"embeddable":true,"href":"https:\/\/lesaffre-algerie.com\/fr\/wp-json\/wp\/v2\/comments?post=20085"}],"version-history":[{"count":0,"href":"https:\/\/lesaffre-algerie.com\/fr\/wp-json\/wp\/v2\/pages\/20085\/revisions"}],"up":[{"embeddable":true,"href":"https:\/\/lesaffre-algerie.com\/fr\/wp-json\/wp\/v2\/pages\/19691"}],"wp:attachment":[{"href":"https:\/\/lesaffre-algerie.com\/fr\/wp-json\/wp\/v2\/media?parent=20085"}],"curies":[{"name":"wp","href":"https:\/\/api.w.org\/{rel}","templated":true}]}}