{"id":20233,"date":"2017-05-16T17:55:02","date_gmt":"2017-05-16T15:55:02","guid":{"rendered":"https:\/\/lesaffre.fr\/?page_id=20233"},"modified":"2022-11-09T10:46:49","modified_gmt":"2022-11-09T09:46:49","slug":"fabricant-de-pizza","status":"publish","type":"page","link":"https:\/\/lesaffre-algerie.com\/fr\/votre-metier\/fabricant-de-pizza\/","title":{"rendered":"Fabricant de pizza"},"content":{"rendered":"<div class=\"wpb-content-wrapper\"><p>[vc_row row_type=\u00a0\u00bbparallax\u00a0\u00bb parallax_content_width=\u00a0\u00bbin_grid\u00a0\u00bb text_align=\u00a0\u00bbleft\u00a0\u00bb background_image=\u00a0\u00bb21962&Prime; full_screen_section_height=\u00a0\u00bbno\u00a0\u00bb css=\u00a0\u00bb.vc_custom_1544433862293{padding-top: 0px !important;padding-bottom: 0px !important;}\u00a0\u00bb][vc_column][vc_separator type=\u00a0\u00bbtransparent\u00a0\u00bb up=\u00a0\u00bb200&Prime; down=\u00a0\u00bb200&Prime;][\/vc_column][\/vc_row][vc_row css_animation=\u00a0\u00bb\u00a0\u00bb row_type=\u00a0\u00bbrow\u00a0\u00bb use_row_as_full_screen_section=\u00a0\u00bbno\u00a0\u00bb type=\u00a0\u00bbgrid\u00a0\u00bb angled_section=\u00a0\u00bbno\u00a0\u00bb text_align=\u00a0\u00bbleft\u00a0\u00bb background_image_as_pattern=\u00a0\u00bbwithout_pattern\u00a0\u00bb el_class=\u00a0\u00bbpaddingOn\u00a0\u00bb][vc_column width=\u00a0\u00bb1\/2&Prime;][vc_single_image image=\u00a0\u00bb22474&Prime; img_size=\u00a0\u00bbfull\u00a0\u00bb qode_css_animation=\u00a0\u00bb\u00a0\u00bb][\/vc_column][vc_column width=\u00a0\u00bb1\/2&Prime;][vc_column_text]<\/p>\n<h2 style=\"text-align: left;\">Vous accompagner dans votre projet<\/h2>\n<p>&nbsp;<\/p>\n<p style=\"text-align: left;\">L\u2019objectif de Lesaffre Alg\u00e9rie est simple : vous aider \u00e0 pr\u00e9parer avec succ\u00e8s n\u2019importe quelle p\u00e2te \u00e0 pizza tout en gagnant en efficacit\u00e9.<\/p>\n<p>&nbsp;<\/p>\n<p style=\"text-align: left;\">Pour \u00eatre en phase avec les demandes des consommateurs, nous adaptons et perfectionnons en permanence nos produits aux tendances de fabrication de pizzas et \u00e0 la cr\u00e9ativit\u00e9 des professionnels.<\/p>\n<p>[\/vc_column_text][\/vc_column][\/vc_row][vc_row css_animation=\u00a0\u00bb\u00a0\u00bb row_type=\u00a0\u00bbrow\u00a0\u00bb use_row_as_full_screen_section=\u00a0\u00bbno\u00a0\u00bb type=\u00a0\u00bbgrid\u00a0\u00bb angled_section=\u00a0\u00bbno\u00a0\u00bb text_align=\u00a0\u00bbleft\u00a0\u00bb background_image_as_pattern=\u00a0\u00bbwithout_pattern\u00a0\u00bb el_class=\u00a0\u00bbpaddingOn\u00a0\u00bb][vc_column width=\u00a0\u00bb1\/2&Prime;][vc_column_text]<\/p>\n<h2 style=\"text-align: left;\">Vous faciliter la maitrise des textures de pizza<\/h2>\n<p>&nbsp;<\/p>\n<p style=\"text-align: left;\">Lesaffre en Alg\u00e9rie accompagne les fabricants de pizza avec des produits de qualit\u00e9 pour des pizzas toujours plus savoureuses.<\/p>\n<p style=\"text-align: left;\">Que la p\u00e2te soit fine, \u00e9paisse, classique, brioch\u00e9e ou feuillet\u00e9e\u2026nous vous proposons des solutions de panification pour r\u00e9pondre aux go\u00fbts des consommateurs.<\/p>\n<p>[\/vc_column_text][\/vc_column][vc_column width=\u00a0\u00bb1\/2&Prime;][vc_single_image image=\u00a0\u00bb22349&Prime; img_size=\u00a0\u00bbfull\u00a0\u00bb qode_css_animation=\u00a0\u00bb\u00a0\u00bb][\/vc_column][\/vc_row][vc_row css_animation=\u00a0\u00bb\u00a0\u00bb row_type=\u00a0\u00bbrow\u00a0\u00bb use_row_as_full_screen_section=\u00a0\u00bbno\u00a0\u00bb type=\u00a0\u00bbgrid\u00a0\u00bb angled_section=\u00a0\u00bbno\u00a0\u00bb text_align=\u00a0\u00bbleft\u00a0\u00bb background_image_as_pattern=\u00a0\u00bbwithout_pattern\u00a0\u00bb el_class=\u00a0\u00bbpaddingOn\u00a0\u00bb][vc_column width=\u00a0\u00bb1\/2&Prime;][vc_single_image image=\u00a0\u00bb23017&Prime; img_size=\u00a0\u00bbfull\u00a0\u00bb qode_css_animation=\u00a0\u00bb\u00a0\u00bb][\/vc_column][vc_column width=\u00a0\u00bb1\/2&Prime;][vc_column_text]<\/p>\n<h2 style=\"text-align: left;\">Stimuler votre inspiration pour que votre cr\u00e9ativit\u00e9 devienne r\u00e9alit\u00e9<\/h2>\n<p>&nbsp;<\/p>\n<p style=\"text-align: left;\">Dans un cadre convivial, notre Baking Center\u2122 vous offre une palette de services et r\u00e9alisations \u00e0 valeur ajout\u00e9e pour vous diff\u00e9rencier sur le march\u00e9 de la pizza :<br \/>\n\u2022 Formation personnalis\u00e9e dans notre Baking Center\u2122 ou dans vos locaux<br \/>\n\u2022 Analyse sensorielle pour r\u00e9pondre aux attentes des consommateurs<br \/>\n\u2022 Assistance technique pour optimiser votre production et votre efficacit\u00e9<\/p>\n<p>[\/vc_column_text][\/vc_column][\/vc_row][vc_row css_animation=\u00a0\u00bb\u00a0\u00bb row_type=\u00a0\u00bbrow\u00a0\u00bb use_row_as_full_screen_section=\u00a0\u00bbno\u00a0\u00bb type=\u00a0\u00bbfull_width\u00a0\u00bb angled_section=\u00a0\u00bbno\u00a0\u00bb text_align=\u00a0\u00bbleft\u00a0\u00bb background_image_as_pattern=\u00a0\u00bbwithout_pattern\u00a0\u00bb css=\u00a0\u00bb.vc_custom_1461300994012{background-color: #e0e0e0 !important;}\u00a0\u00bb][vc_column][vc_row_inner row_type=\u00a0\u00bbrow\u00a0\u00bb type=\u00a0\u00bbgrid\u00a0\u00bb text_align=\u00a0\u00bbcenter\u00a0\u00bb css_animation=\u00a0\u00bbelement_from_fade\u00a0\u00bb][vc_column_inner][vc_column_text]<\/p>\n<h2 style=\"color: #4d4d4c; font-size: 51px; font-weight: 900; text-transform: none; text-align: center; line-height: 1.25em;\">Contact<\/h2>\n<p>[\/vc_column_text][vc_column_text]<\/p>\n<p style=\"text-align: center;\">Vous voulez en savoir plus sur nos solutions de panification ?<\/p>\n<p>[\/vc_column_text][vc_separator type=\u00a0\u00bbtransparent\u00a0\u00bb up=\u00a0\u00bb10&Prime; down=\u00a0\u00bb10&Prime;]<a  itemprop=\"url\" href=\"\/fr\/contact\/\" target=\"_self\" data-hover-background-color=#ffffff data-hover-border-color=#000000 data-hover-color=#000000 class=\"qbutton  center default\" style=\"color: #ffffff; border-color: #164189; margin: auto 0px auto 0px; border-radius: 0px;-moz-border-radius: 0px;-webkit-border-radius: 0px; background-color: #164189;\">Contactez-nous<\/a>[\/vc_column_inner][\/vc_row_inner][\/vc_column][\/vc_row]<\/p>\n<\/div>","protected":false},"excerpt":{"rendered":"<p>[vc_row row_type=\u00a0\u00bbparallax\u00a0\u00bb parallax_content_width=\u00a0\u00bbin_grid\u00a0\u00bb text_align=\u00a0\u00bbleft\u00a0\u00bb background_image=\u00a0\u00bb21962&Prime; full_screen_section_height=\u00a0\u00bbno\u00a0\u00bb css=\u00a0\u00bb.vc_custom_1544433862293{padding-top: 0px !important;padding-bottom: 0px !important;}\u00a0\u00bb][vc_column][vc_separator type=\u00a0\u00bbtransparent\u00a0\u00bb up=\u00a0\u00bb200&Prime; down=\u00a0\u00bb200&Prime;][\/vc_column][\/vc_row][vc_row css_animation=\u00a0\u00bb\u00a0\u00bb row_type=\u00a0\u00bbrow\u00a0\u00bb use_row_as_full_screen_section=\u00a0\u00bbno\u00a0\u00bb type=\u00a0\u00bbgrid\u00a0\u00bb angled_section=\u00a0\u00bbno\u00a0\u00bb text_align=\u00a0\u00bbleft\u00a0\u00bb background_image_as_pattern=\u00a0\u00bbwithout_pattern\u00a0\u00bb el_class=\u00a0\u00bbpaddingOn\u00a0\u00bb][vc_column width=\u00a0\u00bb1\/2&Prime;][vc_single_image image=\u00a0\u00bb22474&Prime; img_size=\u00a0\u00bbfull\u00a0\u00bb qode_css_animation=\u00a0\u00bb\u00a0\u00bb][\/vc_column][vc_column width=\u00a0\u00bb1\/2&Prime;][vc_column_text] Vous accompagner dans votre projet &nbsp; L\u2019objectif de Lesaffre Alg\u00e9rie est simple : vous aider \u00e0 pr\u00e9parer avec&#8230;<\/p>\n","protected":false},"author":1,"featured_media":0,"parent":22714,"menu_order":0,"comment_status":"closed","ping_status":"closed","template":"full_width.php","meta":{"footnotes":""},"class_list":["post-20233","page","type-page","status-publish","hentry"],"yoast_head":"<!-- This site is optimized with the Yoast SEO Premium plugin v22.3 (Yoast SEO v27.5) - https:\/\/yoast.com\/product\/yoast-seo-premium-wordpress\/ -->\n<title>Pizzaiolo : Levures et am\u00e9liorants pour les professionnels \u2022 Lesaffre Alg\u00e9rie<\/title>\n<meta name=\"description\" content=\"Pr\u00e9parez avec succ\u00e8s n&#039;importe quelle p\u00e2te \u00e0 pizza gr\u00e2ce aux produits Lesaffre et \u00e0 notre accompagnement\" \/>\n<meta name=\"robots\" content=\"index, follow, max-snippet:-1, max-image-preview:large, max-video-preview:-1\" \/>\n<link rel=\"canonical\" href=\"https:\/\/lesaffre-algerie.com\/fr\/votre-metier\/fabricant-de-pizza\/\" \/>\n<meta property=\"og:locale\" content=\"fr_FR\" \/>\n<meta property=\"og:type\" content=\"article\" \/>\n<meta property=\"og:title\" content=\"Fabricant de pizza\" \/>\n<meta property=\"og:description\" content=\"Pr\u00e9parez avec succ\u00e8s n&#039;importe quelle p\u00e2te \u00e0 pizza gr\u00e2ce aux produits Lesaffre et \u00e0 notre accompagnement\" \/>\n<meta property=\"og:url\" content=\"https:\/\/lesaffre-algerie.com\/fr\/votre-metier\/fabricant-de-pizza\/\" \/>\n<meta property=\"og:site_name\" content=\"LESAFFRE Alg\u00e9rie\" \/>\n<meta property=\"article:modified_time\" content=\"2022-11-09T09:46:49+00:00\" \/>\n<meta name=\"twitter:card\" content=\"summary_large_image\" \/>\n<meta name=\"twitter:label1\" content=\"Dur\u00e9e de lecture estim\u00e9e\" \/>\n\t<meta name=\"twitter:data1\" content=\"3 minutes\" \/>\n<script type=\"application\/ld+json\" class=\"yoast-schema-graph\">{\"@context\":\"https:\\\/\\\/schema.org\",\"@graph\":[{\"@type\":\"WebPage\",\"@id\":\"https:\\\/\\\/lesaffre-algerie.com\\\/fr\\\/votre-metier\\\/fabricant-de-pizza\\\/\",\"url\":\"https:\\\/\\\/lesaffre-algerie.com\\\/fr\\\/votre-metier\\\/fabricant-de-pizza\\\/\",\"name\":\"Pizzaiolo : Levures et am\u00e9liorants pour les professionnels \u2022 Lesaffre Alg\u00e9rie\",\"isPartOf\":{\"@id\":\"https:\\\/\\\/lesaffre-algerie.com\\\/fr\\\/#website\"},\"datePublished\":\"2017-05-16T15:55:02+00:00\",\"dateModified\":\"2022-11-09T09:46:49+00:00\",\"description\":\"Pr\u00e9parez avec succ\u00e8s n'importe quelle p\u00e2te \u00e0 pizza gr\u00e2ce aux produits Lesaffre et \u00e0 notre accompagnement\",\"breadcrumb\":{\"@id\":\"https:\\\/\\\/lesaffre-algerie.com\\\/fr\\\/votre-metier\\\/fabricant-de-pizza\\\/#breadcrumb\"},\"inLanguage\":\"fr-FR\",\"potentialAction\":[{\"@type\":\"ReadAction\",\"target\":[\"https:\\\/\\\/lesaffre-algerie.com\\\/fr\\\/votre-metier\\\/fabricant-de-pizza\\\/\"]}]},{\"@type\":\"BreadcrumbList\",\"@id\":\"https:\\\/\\\/lesaffre-algerie.com\\\/fr\\\/votre-metier\\\/fabricant-de-pizza\\\/#breadcrumb\",\"itemListElement\":[{\"@type\":\"ListItem\",\"position\":1,\"name\":\"Accueil\",\"item\":\"https:\\\/\\\/lesaffre-algerie.com\\\/fr\\\/\"},{\"@type\":\"ListItem\",\"position\":2,\"name\":\"Votre m\u00e9tier\",\"item\":\"https:\\\/\\\/lesaffre-algerie.com\\\/fr\\\/votre-metier\\\/\"},{\"@type\":\"ListItem\",\"position\":3,\"name\":\"Fabricant de pizza\"}]},{\"@type\":\"WebSite\",\"@id\":\"https:\\\/\\\/lesaffre-algerie.com\\\/fr\\\/#website\",\"url\":\"https:\\\/\\\/lesaffre-algerie.com\\\/fr\\\/\",\"name\":\"LESAFFRE Alg\u00e9rie\",\"description\":\"Levures de cuisson, am\u00e9liorants pour le pain et sant\u00e9\",\"potentialAction\":[{\"@type\":\"SearchAction\",\"target\":{\"@type\":\"EntryPoint\",\"urlTemplate\":\"https:\\\/\\\/lesaffre-algerie.com\\\/fr\\\/?s={search_term_string}\"},\"query-input\":{\"@type\":\"PropertyValueSpecification\",\"valueRequired\":true,\"valueName\":\"search_term_string\"}}],\"inLanguage\":\"fr-FR\"}]}<\/script>\n<!-- \/ Yoast SEO Premium plugin. -->","yoast_head_json":{"title":"Pizzaiolo : Levures et am\u00e9liorants pour les professionnels \u2022 Lesaffre Alg\u00e9rie","description":"Pr\u00e9parez avec succ\u00e8s n'importe quelle p\u00e2te \u00e0 pizza gr\u00e2ce aux produits Lesaffre et \u00e0 notre accompagnement","robots":{"index":"index","follow":"follow","max-snippet":"max-snippet:-1","max-image-preview":"max-image-preview:large","max-video-preview":"max-video-preview:-1"},"canonical":"https:\/\/lesaffre-algerie.com\/fr\/votre-metier\/fabricant-de-pizza\/","og_locale":"fr_FR","og_type":"article","og_title":"Fabricant de pizza","og_description":"Pr\u00e9parez avec succ\u00e8s n'importe quelle p\u00e2te \u00e0 pizza gr\u00e2ce aux produits Lesaffre et \u00e0 notre accompagnement","og_url":"https:\/\/lesaffre-algerie.com\/fr\/votre-metier\/fabricant-de-pizza\/","og_site_name":"LESAFFRE Alg\u00e9rie","article_modified_time":"2022-11-09T09:46:49+00:00","twitter_card":"summary_large_image","twitter_misc":{"Dur\u00e9e de lecture estim\u00e9e":"3 minutes"},"schema":{"@context":"https:\/\/schema.org","@graph":[{"@type":"WebPage","@id":"https:\/\/lesaffre-algerie.com\/fr\/votre-metier\/fabricant-de-pizza\/","url":"https:\/\/lesaffre-algerie.com\/fr\/votre-metier\/fabricant-de-pizza\/","name":"Pizzaiolo : Levures et am\u00e9liorants pour les professionnels \u2022 Lesaffre Alg\u00e9rie","isPartOf":{"@id":"https:\/\/lesaffre-algerie.com\/fr\/#website"},"datePublished":"2017-05-16T15:55:02+00:00","dateModified":"2022-11-09T09:46:49+00:00","description":"Pr\u00e9parez avec succ\u00e8s n'importe quelle p\u00e2te \u00e0 pizza gr\u00e2ce aux produits Lesaffre et \u00e0 notre accompagnement","breadcrumb":{"@id":"https:\/\/lesaffre-algerie.com\/fr\/votre-metier\/fabricant-de-pizza\/#breadcrumb"},"inLanguage":"fr-FR","potentialAction":[{"@type":"ReadAction","target":["https:\/\/lesaffre-algerie.com\/fr\/votre-metier\/fabricant-de-pizza\/"]}]},{"@type":"BreadcrumbList","@id":"https:\/\/lesaffre-algerie.com\/fr\/votre-metier\/fabricant-de-pizza\/#breadcrumb","itemListElement":[{"@type":"ListItem","position":1,"name":"Accueil","item":"https:\/\/lesaffre-algerie.com\/fr\/"},{"@type":"ListItem","position":2,"name":"Votre m\u00e9tier","item":"https:\/\/lesaffre-algerie.com\/fr\/votre-metier\/"},{"@type":"ListItem","position":3,"name":"Fabricant de pizza"}]},{"@type":"WebSite","@id":"https:\/\/lesaffre-algerie.com\/fr\/#website","url":"https:\/\/lesaffre-algerie.com\/fr\/","name":"LESAFFRE Alg\u00e9rie","description":"Levures de cuisson, am\u00e9liorants pour le pain et sant\u00e9","potentialAction":[{"@type":"SearchAction","target":{"@type":"EntryPoint","urlTemplate":"https:\/\/lesaffre-algerie.com\/fr\/?s={search_term_string}"},"query-input":{"@type":"PropertyValueSpecification","valueRequired":true,"valueName":"search_term_string"}}],"inLanguage":"fr-FR"}]}},"_links":{"self":[{"href":"https:\/\/lesaffre-algerie.com\/fr\/wp-json\/wp\/v2\/pages\/20233","targetHints":{"allow":["GET"]}}],"collection":[{"href":"https:\/\/lesaffre-algerie.com\/fr\/wp-json\/wp\/v2\/pages"}],"about":[{"href":"https:\/\/lesaffre-algerie.com\/fr\/wp-json\/wp\/v2\/types\/page"}],"author":[{"embeddable":true,"href":"https:\/\/lesaffre-algerie.com\/fr\/wp-json\/wp\/v2\/users\/1"}],"replies":[{"embeddable":true,"href":"https:\/\/lesaffre-algerie.com\/fr\/wp-json\/wp\/v2\/comments?post=20233"}],"version-history":[{"count":1,"href":"https:\/\/lesaffre-algerie.com\/fr\/wp-json\/wp\/v2\/pages\/20233\/revisions"}],"predecessor-version":[{"id":24468,"href":"https:\/\/lesaffre-algerie.com\/fr\/wp-json\/wp\/v2\/pages\/20233\/revisions\/24468"}],"up":[{"embeddable":true,"href":"https:\/\/lesaffre-algerie.com\/fr\/wp-json\/wp\/v2\/pages\/22714"}],"wp:attachment":[{"href":"https:\/\/lesaffre-algerie.com\/fr\/wp-json\/wp\/v2\/media?parent=20233"}],"curies":[{"name":"wp","href":"https:\/\/api.w.org\/{rel}","templated":true}]}}