{"id":21840,"date":"2018-11-22T17:18:09","date_gmt":"2018-11-22T16:18:09","guid":{"rendered":"http:\/\/lesaffre-algerie.com\/?page_id=21840"},"modified":"2019-07-31T12:15:35","modified_gmt":"2019-07-31T10:15:35","slug":"carrieres","status":"publish","type":"page","link":"https:\/\/lesaffre-algerie.com\/fr\/carrieres\/","title":{"rendered":"Carri\u00e8res"},"content":{"rendered":"<div class=\"wpb-content-wrapper\"><p>[vc_row row_type=\u00a0\u00bbparallax\u00a0\u00bb parallax_content_width=\u00a0\u00bbin_grid\u00a0\u00bb text_align=\u00a0\u00bbleft\u00a0\u00bb background_image=\u00a0\u00bb20793&Prime; full_screen_section_height=\u00a0\u00bbno\u00a0\u00bb css=\u00a0\u00bb.vc_custom_1542903970728{padding-top: 0px !important;padding-bottom: 0px !important;}\u00a0\u00bb el_class=\u00a0\u00bbnopadding\u00a0\u00bb][vc_column][vc_separator type=\u00a0\u00bbtransparent\u00a0\u00bb up=\u00a0\u00bb100&Prime; down=\u00a0\u00bb100&Prime;][\/vc_column][\/vc_row][vc_row css_animation=\u00a0\u00bb\u00a0\u00bb row_type=\u00a0\u00bbrow\u00a0\u00bb use_row_as_full_screen_section=\u00a0\u00bbno\u00a0\u00bb type=\u00a0\u00bbgrid\u00a0\u00bb angled_section=\u00a0\u00bbno\u00a0\u00bb text_align=\u00a0\u00bbcenter\u00a0\u00bb background_image_as_pattern=\u00a0\u00bbwithout_pattern\u00a0\u00bb z_index=\u00a0\u00bb\u00a0\u00bb][vc_column css=\u00a0\u00bb.vc_custom_1462809083421{padding-top: 87px !important; padding-bottom: 56px !important;}\u00a0\u00bb][vc_column_text]<\/p>\n<h2>Opportunit\u00e9s de carri\u00e8res<\/h2>\n<p>[vc_separator type=&rsquo;transparent&rsquo; position=&rsquo;center&rsquo; color=\u00a0\u00bb thickness=\u00a0\u00bb up=&rsquo;15&rsquo; down=&rsquo;15&rsquo;][\/vc_column_text][vc_raw_js]JTNDc2NyaXB0JTIwdHlwZSUzRCUyN3RleHQlMkZqYXZhc2NyaXB0JTI3JTIwc3JjJTNEJTI3aHR0cHMlM0ElMkYlMkZzdGF0aWMuc21hcnRyZWNydWl0ZXJzLmNvbSUyRmpvYi13aWRnZXQlMkYxLjMuOCUyRnNjcmlwdCUyRnNtYXJ0X3dpZGdldC5qcyUyNyUzRSUzQyUyRnNjcmlwdCUzRSUwQSUzQ3NjcmlwdCUyMHR5cGUlM0QlMjd0ZXh0JTJGamF2YXNjcmlwdCUyNyUyMGNsYXNzJTNEJTI3am9iX3dpZGdldCUyNyUzRSUwQXdpZGdldCUyOCU3QiUwQSUyMCUyMCUyMCUyMCUyMmNvbXBhbnlfY29kZSUyMiUzQSUyMCUyMkxlc2FmZnJlJTIyJTJDJTBBJTIwJTIwJTIwJTIwJTIyYmdfY29sb3Jfd2lkZ2V0JTIyJTNBJTIwJTIyJTIzZmZmZmZmJTIyJTJDJTBBJTIwJTIwJTIwJTIwJTIyYmdfY29sb3JfaGVhZGVycyUyMiUzQSUyMCUyMiUyMzBhM2E4ZSUyMiUyQyUwQSUyMCUyMCUyMCUyMCUyMmJnX2NvbG9yX2xpbmtzJTIyJTNBJTIwJTIyJTIzMDA5ZmVlJTIyJTJDJTBBJTIwJTIwJTIwJTIwJTIydHh0X2NvbG9yX2hlYWRlcnMlMjIlM0ElMjAlMjIlMjNmZmZmZmYlMjIlMkMlMEElMjAlMjAlMjAlMjAlMjJ0eHRfY29sb3Jfam9iJTIyJTNBJTIwJTIyJTIzM2QzZDNkJTIyJTJDJTBBJTIwJTIwJTIwJTIwJTIyYmdfY29sb3JfZXZlbl9yb3clMjIlM0ElMjAlMjIlMjNmY2ZjZmMlMjIlMkMlMEElMjAlMjAlMjAlMjAlMjJiZ19jb2xvcl9vZGRfcm93JTIyJTNBJTIwJTIyJTIzZjdmN2Y3JTIyJTJDJTBBJTIwJTIwJTIwJTIwJTIyYXV0b193aWR0aCUyMiUzQSUyMCUyMmF1dG8lMjIlMkMlMEElMjAlMjAlMjAlMjAlMjJhdXRvX2hlaWdodCUyMiUzQSUyMCUyMmF1dG8lMjIlMkMlMEElMjAlMjAlMjAlMjAlMjJudW1iZXIlMjIlM0ElMjAlMjJvbiUyMiUyQyUwQSUyMCUyMCUyMCUyMCUyMmpvYl90aXRsZSUyMiUzQSUyMCUyMnRydWUlMjIlMkMlMEElMjAlMjAlMjAlMjAlMjJsb2NhdGlvbiUyMiUzQSUyMCUyMnRydWUlMjIlMkMlMEElMjAlMjAlMjAlMjAlMjJhZGRfc2VhcmNoJTIyJTNBJTIwJTIydHJ1ZSUyMiUyQyUwQSUyMCUyMCUyMCUyMCUyMmZpbHRlcl9sb2NhdGlvbnMlMjIlM0ElMjAlNUIlMEElMjAlMjAlMjAlMjAlMjAlMjAlMjAlMjAlMjJKZW5kb3ViYSUyMiUyQyUwQSUyMCUyMCUyMCUyMCUyMCUyMCUyMCUyMCUyMktoYXJ0b3VtJTIyJTJDJTBBJTIwJTIwJTIwJTIwJTIwJTIwJTIwJTIwJTIyVHVuaXMlMjIlMEElMjAlMjAlMjAlMjAlNUQlMkMlMEElMjAlMjAlMjAlMjAlMjJmaWx0ZXJfbGFuZ3VhZ2VzJTIyJTNBJTIwJTVCJTBBJTIwJTIwJTIwJTIwJTIwJTIwJTIwJTIwJTIyYXIlMjIlMkMlMEElMjAlMjAlMjAlMjAlMjAlMjAlMjAlMjAlMjJlbiUyMiUyQyUwQSUyMCUyMCUyMCUyMCUyMCUyMCUyMCUyMCUyMmZyJTIyJTBBJTIwJTIwJTIwJTIwJTVEJTJDJTBBJTIwJTIwJTIwJTIwJTIyam9iQWRUeXBlJTIyJTNBJTIwJTIyUFVCTElDJTIyJTJDJTBBJTIwJTIwJTIwJTIwJTIydHJpZCUyMiUzQSUyMCUyMiUyMiUyQyUwQSUyMCUyMCUyMCUyMCUyMmFwaV91cmwlMjIlM0ElMjAlMjJodHRwcyUzQSUyRiUyRnd3dy5zbWFydHJlY3J1aXRlcnMuY29tJTIyJTJDJTBBJTIwJTIwJTIwJTIwJTIyY3VzdG9tX2Nzc191cmwlMjIlM0ElMjAlMjJodHRwcyUzQSUyRiUyRnN0YXRpYy5zbWFydHJlY3J1aXRlcnMuY29tJTJGam9iLXdpZGdldCUyRjEuMy44JTJGY3NzJTJGc21hcnRfd2lkZ2V0LmNzcyUyMiUwQSU3RCUyOSUzQiUwQSUzQyUyRnNjcmlwdCUzRQ==[\/vc_raw_js][\/vc_column][\/vc_row][vc_row css_animation=\u00a0\u00bb\u00a0\u00bb row_type=\u00a0\u00bbrow\u00a0\u00bb use_row_as_full_screen_section=\u00a0\u00bbyes\u00a0\u00bb type=\u00a0\u00bbgrid\u00a0\u00bb angled_section=\u00a0\u00bbno\u00a0\u00bb text_align=\u00a0\u00bbcenter\u00a0\u00bb background_image_as_pattern=\u00a0\u00bbwithout_pattern\u00a0\u00bb z_index=\u00a0\u00bb\u00a0\u00bb el_class=\u00a0\u00bbpaddingOn\u00a0\u00bb css=\u00a0\u00bb.vc_custom_1546860029925{background-color: #e7e7e7 !important;}\u00a0\u00bb][vc_column][vc_column_text]<\/p>\n<h3>Contact<\/h3>\n<p>[\/vc_column_text][vc_separator type=\u00a0\u00bbtransparent\u00a0\u00bb up=\u00a0\u00bb10&Prime; down=\u00a0\u00bb10&Prime;][vc_column_text]<\/p>\n<h4>Vous souhaitez entrer en contact avec nos \u00e9quipes ?<\/h4>\n<p>[\/vc_column_text][vc_separator type=\u00a0\u00bbtransparent\u00a0\u00bb up=\u00a0\u00bb10&Prime; down=\u00a0\u00bb10&Prime;]<a  itemprop=\"url\" href=\"\/fr\/contact\" target=\"_self\" data-hover-background-color=#ffffff data-hover-border-color=#000000 data-hover-color=#000000 class=\"qbutton  center default\" style=\"color: #ffffff; border-color: #164189; margin: auto 0px auto 0px; border-radius: 0px;-moz-border-radius: 0px;-webkit-border-radius: 0px; background-color: #164189;\">Contactez-nous<\/a>[\/vc_column][\/vc_row]<\/p>\n<\/div>","protected":false},"excerpt":{"rendered":"<p>[vc_row row_type=\u00a0\u00bbparallax\u00a0\u00bb parallax_content_width=\u00a0\u00bbin_grid\u00a0\u00bb text_align=\u00a0\u00bbleft\u00a0\u00bb background_image=\u00a0\u00bb20793&Prime; full_screen_section_height=\u00a0\u00bbno\u00a0\u00bb css=\u00a0\u00bb.vc_custom_1542903970728{padding-top: 0px !important;padding-bottom: 0px !important;}\u00a0\u00bb el_class=\u00a0\u00bbnopadding\u00a0\u00bb][vc_column][vc_separator type=\u00a0\u00bbtransparent\u00a0\u00bb up=\u00a0\u00bb100&Prime; down=\u00a0\u00bb100&Prime;][\/vc_column][\/vc_row][vc_row css_animation=\u00a0\u00bb\u00a0\u00bb row_type=\u00a0\u00bbrow\u00a0\u00bb use_row_as_full_screen_section=\u00a0\u00bbno\u00a0\u00bb type=\u00a0\u00bbgrid\u00a0\u00bb angled_section=\u00a0\u00bbno\u00a0\u00bb text_align=\u00a0\u00bbcenter\u00a0\u00bb background_image_as_pattern=\u00a0\u00bbwithout_pattern\u00a0\u00bb z_index=\u00a0\u00bb\u00a0\u00bb][vc_column css=\u00a0\u00bb.vc_custom_1462809083421{padding-top: 87px !important; padding-bottom: 56px !important;}\u00a0\u00bb][vc_column_text] Opportunit\u00e9s de carri\u00e8res [vc_separator type=&rsquo;transparent&rsquo; position=&rsquo;center&rsquo; color=\u00a0\u00bb thickness=\u00a0\u00bb up=&rsquo;15&rsquo; down=&rsquo;15&rsquo;][\/vc_column_text][vc_raw_js]JTNDc2NyaXB0JTIwdHlwZSUzRCUyN3RleHQlMkZqYXZhc2NyaXB0JTI3JTIwc3JjJTNEJTI3aHR0cHMlM0ElMkYlMkZzdGF0aWMuc21hcnRyZWNydWl0ZXJzLmNvbSUyRmpvYi13aWRnZXQlMkYxLjMuOCUyRnNjcmlwdCUyRnNtYXJ0X3dpZGdldC5qcyUyNyUzRSUzQyUyRnNjcmlwdCUzRSUwQSUzQ3NjcmlwdCUyMHR5cGUlM0QlMjd0ZXh0JTJGamF2YXNjcmlwdCUyNyUyMGNsYXNzJTNEJTI3am9iX3dpZGdldCUyNyUzRSUwQXdpZGdldCUyOCU3QiUwQSUyMCUyMCUyMCUyMCUyMmNvbXBhbnlfY29kZSUyMiUzQSUyMCUyMkxlc2FmZnJlJTIyJTJDJTBBJTIwJTIwJTIwJTIwJTIyYmdfY29sb3Jfd2lkZ2V0JTIyJTNBJTIwJTIyJTIzZmZmZmZmJTIyJTJDJTBBJTIwJTIwJTIwJTIwJTIyYmdfY29sb3JfaGVhZGVycyUyMiUzQSUyMCUyMiUyMzBhM2E4ZSUyMiUyQyUwQSUyMCUyMCUyMCUyMCUyMmJnX2NvbG9yX2xpbmtzJTIyJTNBJTIwJTIyJTIzMDA5ZmVlJTIyJTJDJTBBJTIwJTIwJTIwJTIwJTIydHh0X2NvbG9yX2hlYWRlcnMlMjIlM0ElMjAlMjIlMjNmZmZmZmYlMjIlMkMlMEElMjAlMjAlMjAlMjAlMjJ0eHRfY29sb3Jfam9iJTIyJTNBJTIwJTIyJTIzM2QzZDNkJTIyJTJDJTBBJTIwJTIwJTIwJTIwJTIyYmdfY29sb3JfZXZlbl9yb3clMjIlM0ElMjAlMjIlMjNmY2ZjZmMlMjIlMkMlMEElMjAlMjAlMjAlMjAlMjJiZ19jb2xvcl9vZGRfcm93JTIyJTNBJTIwJTIyJTIzZjdmN2Y3JTIyJTJDJTBBJTIwJTIwJTIwJTIwJTIyYXV0b193aWR0aCUyMiUzQSUyMCUyMmF1dG8lMjIlMkMlMEElMjAlMjAlMjAlMjAlMjJhdXRvX2hlaWdodCUyMiUzQSUyMCUyMmF1dG8lMjIlMkMlMEElMjAlMjAlMjAlMjAlMjJudW1iZXIlMjIlM0ElMjAlMjJvbiUyMiUyQyUwQSUyMCUyMCUyMCUyMCUyMmpvYl90aXRsZSUyMiUzQSUyMCUyMnRydWUlMjIlMkMlMEElMjAlMjAlMjAlMjAlMjJsb2NhdGlvbiUyMiUzQSUyMCUyMnRydWUlMjIlMkMlMEElMjAlMjAlMjAlMjAlMjJhZGRfc2VhcmNoJTIyJTNBJTIwJTIydHJ1ZSUyMiUyQyUwQSUyMCUyMCUyMCUyMCUyMmZpbHRlcl9sb2NhdGlvbnMlMjIlM0ElMjAlNUIlMEElMjAlMjAlMjAlMjAlMjAlMjAlMjAlMjAlMjJKZW5kb3ViYSUyMiUyQyUwQSUyMCUyMCUyMCUyMCUyMCUyMCUyMCUyMCUyMktoYXJ0b3VtJTIyJTJDJTBBJTIwJTIwJTIwJTIwJTIwJTIwJTIwJTIwJTIyVHVuaXMlMjIlMEElMjAlMjAlMjAlMjAlNUQlMkMlMEElMjAlMjAlMjAlMjAlMjJmaWx0ZXJfbGFuZ3VhZ2VzJTIyJTNBJTIwJTVCJTBBJTIwJTIwJTIwJTIwJTIwJTIwJTIwJTIwJTIyYXIlMjIlMkMlMEElMjAlMjAlMjAlMjAlMjAlMjAlMjAlMjAlMjJlbiUyMiUyQyUwQSUyMCUyMCUyMCUyMCUyMCUyMCUyMCUyMCUyMmZyJTIyJTBBJTIwJTIwJTIwJTIwJTVEJTJDJTBBJTIwJTIwJTIwJTIwJTIyam9iQWRUeXBlJTIyJTNBJTIwJTIyUFVCTElDJTIyJTJDJTBBJTIwJTIwJTIwJTIwJTIydHJpZCUyMiUzQSUyMCUyMiUyMiUyQyUwQSUyMCUyMCUyMCUyMCUyMmFwaV91cmwlMjIlM0ElMjAlMjJodHRwcyUzQSUyRiUyRnd3dy5zbWFydHJlY3J1aXRlcnMuY29tJTIyJTJDJTBBJTIwJTIwJTIwJTIwJTIyY3VzdG9tX2Nzc191cmwlMjIlM0ElMjAlMjJodHRwcyUzQSUyRiUyRnN0YXRpYy5zbWFydHJlY3J1aXRlcnMuY29tJTJGam9iLXdpZGdldCUyRjEuMy44JTJGY3NzJTJGc21hcnRfd2lkZ2V0LmNzcyUyMiUwQSU3RCUyOSUzQiUwQSUzQyUyRnNjcmlwdCUzRQ==[\/vc_raw_js][\/vc_column][\/vc_row][vc_row css_animation=\u00a0\u00bb\u00a0\u00bb row_type=\u00a0\u00bbrow\u00a0\u00bb use_row_as_full_screen_section=\u00a0\u00bbyes\u00a0\u00bb type=\u00a0\u00bbgrid\u00a0\u00bb angled_section=\u00a0\u00bbno\u00a0\u00bb text_align=\u00a0\u00bbcenter\u00a0\u00bb&#8230;<\/p>\n","protected":false},"author":1,"featured_media":0,"parent":0,"menu_order":0,"comment_status":"closed","ping_status":"closed","template":"full_width.php","meta":{"footnotes":""},"class_list":["post-21840","page","type-page","status-publish","hentry"],"yoast_head":"<!-- This site is optimized with the Yoast SEO Premium plugin v22.3 (Yoast SEO v27.5) - https:\/\/yoast.com\/product\/yoast-seo-premium-wordpress\/ -->\n<title>Offres d&#039;emploi - Lesaffre Alg\u00e9rie<\/title>\n<meta name=\"description\" content=\"Rejoignez un acteur mondial de r\u00e9f\u00e9rence dans le domaine des levures : d\u00e9couvrez nos offres d&#039;emploi en Afrique\" \/>\n<meta name=\"robots\" content=\"index, follow, max-snippet:-1, max-image-preview:large, max-video-preview:-1\" \/>\n<link rel=\"canonical\" href=\"https:\/\/lesaffre-algerie.com\/fr\/carrieres\/\" \/>\n<meta property=\"og:locale\" content=\"fr_FR\" \/>\n<meta property=\"og:type\" content=\"article\" \/>\n<meta property=\"og:title\" content=\"Carri\u00e8res\" \/>\n<meta property=\"og:description\" content=\"Rejoignez un acteur mondial de r\u00e9f\u00e9rence dans le domaine des levures : d\u00e9couvrez nos offres d&#039;emploi en Afrique\" \/>\n<meta property=\"og:url\" content=\"https:\/\/lesaffre-algerie.com\/fr\/carrieres\/\" \/>\n<meta property=\"og:site_name\" content=\"LESAFFRE Alg\u00e9rie\" \/>\n<meta property=\"article:modified_time\" content=\"2019-07-31T10:15:35+00:00\" \/>\n<meta name=\"twitter:card\" content=\"summary_large_image\" \/>\n<meta name=\"twitter:label1\" content=\"Dur\u00e9e de lecture estim\u00e9e\" \/>\n\t<meta name=\"twitter:data1\" content=\"2 minutes\" \/>\n<script type=\"application\/ld+json\" class=\"yoast-schema-graph\">{\"@context\":\"https:\\\/\\\/schema.org\",\"@graph\":[{\"@type\":\"WebPage\",\"@id\":\"https:\\\/\\\/lesaffre-algerie.com\\\/fr\\\/carrieres\\\/\",\"url\":\"https:\\\/\\\/lesaffre-algerie.com\\\/fr\\\/carrieres\\\/\",\"name\":\"Offres d'emploi - Lesaffre Alg\u00e9rie\",\"isPartOf\":{\"@id\":\"https:\\\/\\\/lesaffre-algerie.com\\\/fr\\\/#website\"},\"datePublished\":\"2018-11-22T16:18:09+00:00\",\"dateModified\":\"2019-07-31T10:15:35+00:00\",\"description\":\"Rejoignez un acteur mondial de r\u00e9f\u00e9rence dans le domaine des levures : d\u00e9couvrez nos offres d'emploi en Afrique\",\"breadcrumb\":{\"@id\":\"https:\\\/\\\/lesaffre-algerie.com\\\/fr\\\/carrieres\\\/#breadcrumb\"},\"inLanguage\":\"fr-FR\",\"potentialAction\":[{\"@type\":\"ReadAction\",\"target\":[\"https:\\\/\\\/lesaffre-algerie.com\\\/fr\\\/carrieres\\\/\"]}]},{\"@type\":\"BreadcrumbList\",\"@id\":\"https:\\\/\\\/lesaffre-algerie.com\\\/fr\\\/carrieres\\\/#breadcrumb\",\"itemListElement\":[{\"@type\":\"ListItem\",\"position\":1,\"name\":\"Accueil\",\"item\":\"https:\\\/\\\/lesaffre-algerie.com\\\/fr\\\/\"},{\"@type\":\"ListItem\",\"position\":2,\"name\":\"Carri\u00e8res\"}]},{\"@type\":\"WebSite\",\"@id\":\"https:\\\/\\\/lesaffre-algerie.com\\\/fr\\\/#website\",\"url\":\"https:\\\/\\\/lesaffre-algerie.com\\\/fr\\\/\",\"name\":\"LESAFFRE Alg\u00e9rie\",\"description\":\"Levures de cuisson, am\u00e9liorants pour le pain et sant\u00e9\",\"potentialAction\":[{\"@type\":\"SearchAction\",\"target\":{\"@type\":\"EntryPoint\",\"urlTemplate\":\"https:\\\/\\\/lesaffre-algerie.com\\\/fr\\\/?s={search_term_string}\"},\"query-input\":{\"@type\":\"PropertyValueSpecification\",\"valueRequired\":true,\"valueName\":\"search_term_string\"}}],\"inLanguage\":\"fr-FR\"}]}<\/script>\n<!-- \/ Yoast SEO Premium plugin. -->","yoast_head_json":{"title":"Offres d'emploi - Lesaffre Alg\u00e9rie","description":"Rejoignez un acteur mondial de r\u00e9f\u00e9rence dans le domaine des levures : d\u00e9couvrez nos offres d'emploi en Afrique","robots":{"index":"index","follow":"follow","max-snippet":"max-snippet:-1","max-image-preview":"max-image-preview:large","max-video-preview":"max-video-preview:-1"},"canonical":"https:\/\/lesaffre-algerie.com\/fr\/carrieres\/","og_locale":"fr_FR","og_type":"article","og_title":"Carri\u00e8res","og_description":"Rejoignez un acteur mondial de r\u00e9f\u00e9rence dans le domaine des levures : d\u00e9couvrez nos offres d'emploi en Afrique","og_url":"https:\/\/lesaffre-algerie.com\/fr\/carrieres\/","og_site_name":"LESAFFRE Alg\u00e9rie","article_modified_time":"2019-07-31T10:15:35+00:00","twitter_card":"summary_large_image","twitter_misc":{"Dur\u00e9e de lecture estim\u00e9e":"2 minutes"},"schema":{"@context":"https:\/\/schema.org","@graph":[{"@type":"WebPage","@id":"https:\/\/lesaffre-algerie.com\/fr\/carrieres\/","url":"https:\/\/lesaffre-algerie.com\/fr\/carrieres\/","name":"Offres d'emploi - Lesaffre Alg\u00e9rie","isPartOf":{"@id":"https:\/\/lesaffre-algerie.com\/fr\/#website"},"datePublished":"2018-11-22T16:18:09+00:00","dateModified":"2019-07-31T10:15:35+00:00","description":"Rejoignez un acteur mondial de r\u00e9f\u00e9rence dans le domaine des levures : d\u00e9couvrez nos offres d'emploi en Afrique","breadcrumb":{"@id":"https:\/\/lesaffre-algerie.com\/fr\/carrieres\/#breadcrumb"},"inLanguage":"fr-FR","potentialAction":[{"@type":"ReadAction","target":["https:\/\/lesaffre-algerie.com\/fr\/carrieres\/"]}]},{"@type":"BreadcrumbList","@id":"https:\/\/lesaffre-algerie.com\/fr\/carrieres\/#breadcrumb","itemListElement":[{"@type":"ListItem","position":1,"name":"Accueil","item":"https:\/\/lesaffre-algerie.com\/fr\/"},{"@type":"ListItem","position":2,"name":"Carri\u00e8res"}]},{"@type":"WebSite","@id":"https:\/\/lesaffre-algerie.com\/fr\/#website","url":"https:\/\/lesaffre-algerie.com\/fr\/","name":"LESAFFRE Alg\u00e9rie","description":"Levures de cuisson, am\u00e9liorants pour le pain et sant\u00e9","potentialAction":[{"@type":"SearchAction","target":{"@type":"EntryPoint","urlTemplate":"https:\/\/lesaffre-algerie.com\/fr\/?s={search_term_string}"},"query-input":{"@type":"PropertyValueSpecification","valueRequired":true,"valueName":"search_term_string"}}],"inLanguage":"fr-FR"}]}},"_links":{"self":[{"href":"https:\/\/lesaffre-algerie.com\/fr\/wp-json\/wp\/v2\/pages\/21840","targetHints":{"allow":["GET"]}}],"collection":[{"href":"https:\/\/lesaffre-algerie.com\/fr\/wp-json\/wp\/v2\/pages"}],"about":[{"href":"https:\/\/lesaffre-algerie.com\/fr\/wp-json\/wp\/v2\/types\/page"}],"author":[{"embeddable":true,"href":"https:\/\/lesaffre-algerie.com\/fr\/wp-json\/wp\/v2\/users\/1"}],"replies":[{"embeddable":true,"href":"https:\/\/lesaffre-algerie.com\/fr\/wp-json\/wp\/v2\/comments?post=21840"}],"version-history":[{"count":0,"href":"https:\/\/lesaffre-algerie.com\/fr\/wp-json\/wp\/v2\/pages\/21840\/revisions"}],"wp:attachment":[{"href":"https:\/\/lesaffre-algerie.com\/fr\/wp-json\/wp\/v2\/media?parent=21840"}],"curies":[{"name":"wp","href":"https:\/\/api.w.org\/{rel}","templated":true}]}}