{"id":22714,"date":"2019-01-23T09:43:51","date_gmt":"2019-01-23T08:43:51","guid":{"rendered":"http:\/\/lesaffre-algerie.com\/?page_id=22714"},"modified":"2019-03-13T18:14:07","modified_gmt":"2019-03-13T17:14:07","slug":"votre-metier","status":"publish","type":"page","link":"https:\/\/lesaffre-algerie.com\/fr\/votre-metier\/","title":{"rendered":"Votre m\u00e9tier"},"content":{"rendered":"<div class=\"wpb-content-wrapper\"><p>[vc_row css_animation=\u00a0\u00bbelement_from_left\u00a0\u00bb row_type=\u00a0\u00bbrow\u00a0\u00bb use_row_as_full_screen_section=\u00a0\u00bbno\u00a0\u00bb type=\u00a0\u00bbfull_width\u00a0\u00bb angled_section=\u00a0\u00bbno\u00a0\u00bb text_align=\u00a0\u00bbleft\u00a0\u00bb background_image_as_pattern=\u00a0\u00bbwithout_pattern\u00a0\u00bb el_class=\u00a0\u00bbpaddingOn\u00a0\u00bb][vc_column][vc_row_inner row_type=\u00a0\u00bbrow\u00a0\u00bb type=\u00a0\u00bbgrid\u00a0\u00bb text_align=\u00a0\u00bbleft\u00a0\u00bb css_animation=\u00a0\u00bb\u00a0\u00bb][vc_column_inner width=\u00a0\u00bb1\/4&Prime;][vc_single_image image=\u00a0\u00bb22718&Prime; img_size=\u00a0\u00bbfull\u00a0\u00bb alignment=\u00a0\u00bbright\u00a0\u00bb qode_css_animation=\u00a0\u00bb\u00a0\u00bb][\/vc_column_inner][vc_column_inner width=\u00a0\u00bb3\/4&Prime;][vc_column_text]<\/p>\n<h2 style=\"color: #000080; font-size: 51px; font-weight: 900; text-transform: none; line-height: 1.25em;\">Artisan boulanger<\/h2>\n<p>[\/vc_column_text][vc_column_text css=\u00a0\u00bb.vc_custom_1548233151877{margin-bottom: 15px !important;}\u00a0\u00bb]<\/p>\n<h3 style=\"color: #000000; font-size: 31px; font-weight: 900; text-transform: none; line-height: 1.25em; text-align: left;\">Votre succ\u00e8s, notre r\u00e9ussite depuis 40 ans.<\/h3>\n<p>[\/vc_column_text][vc_column_text css=\u00a0\u00bb.vc_custom_1548233163640{margin-bottom: 15px !important;}\u00a0\u00bb]<\/p>\n<p style=\"text-align: justify;\">Lesaffre en Alg\u00e9rie accompagne les artisans boulangers avec des ingr\u00e9dients de panification remarquables par leur performance, puret\u00e9, stabilit\u00e9 et qualit\u00e9.<\/p>\n<p>[\/vc_column_text][vc_separator type=\u00a0\u00bbtransparent\u00a0\u00bb up=\u00a0\u00bb5&Prime; down=\u00a0\u00bb5&Prime;]<a  itemprop=\"url\" href=\"\/fr\/votre-metier\/artisan-boulanger\/\" target=\"_self\"  class=\"qbutton  default\" style=\"\">En savoir plus<i class=\"qode_icon_font_awesome fa fa-arrow-circle-o-right qode_button_icon_element\" style=\"\" ><\/i><\/a>[\/vc_column_inner][\/vc_row_inner][\/vc_column][\/vc_row][vc_row css_animation=\u00a0\u00bb\u00a0\u00bb row_type=\u00a0\u00bbrow\u00a0\u00bb use_row_as_full_screen_section=\u00a0\u00bbno\u00a0\u00bb type=\u00a0\u00bbfull_width\u00a0\u00bb angled_section=\u00a0\u00bbno\u00a0\u00bb text_align=\u00a0\u00bbleft\u00a0\u00bb background_image_as_pattern=\u00a0\u00bbwithout_pattern\u00a0\u00bb css=\u00a0\u00bb.vc_custom_1493996774738{background-color: #a69576 !important;}\u00a0\u00bb el_class=\u00a0\u00bbpaddingOn\u00a0\u00bb][vc_column][vc_row_inner row_type=\u00a0\u00bbrow\u00a0\u00bb type=\u00a0\u00bbgrid\u00a0\u00bb text_align=\u00a0\u00bbleft\u00a0\u00bb css_animation=\u00a0\u00bbelement_from_right\u00a0\u00bb][vc_column_inner width=\u00a0\u00bb1\/4&Prime;][vc_single_image image=\u00a0\u00bb22723&Prime; img_size=\u00a0\u00bbfull\u00a0\u00bb alignment=\u00a0\u00bbcenter\u00a0\u00bb qode_css_animation=\u00a0\u00bb\u00a0\u00bb][\/vc_column_inner][vc_column_inner width=\u00a0\u00bb3\/4&Prime;][vc_column_text]<\/p>\n<h2 style=\"color: #ffffff; font-size: 51px; font-weight: 900; text-transform: none; line-height: 1.25em;\">Industriel<\/h2>\n<p>[\/vc_column_text][vc_column_text css=\u00a0\u00bb.vc_custom_1548233778273{margin-bottom: 15px !important;}\u00a0\u00bb]<\/p>\n<h3 style=\"color: #ffffff; font-size: 31px; font-weight: 900; text-transform: none; line-height: 1.25em; text-align: left;\">Accompagnement personnalis\u00e9 et produits sur-mesure<\/h3>\n<p>[\/vc_column_text][vc_column_text css=\u00a0\u00bb.vc_custom_1548233788780{margin-bottom: 15px !important;}\u00a0\u00bb]<\/p>\n<p style=\"color: #ffffff;\">Notre expertise industrielle est fond\u00e9e sur la transmission et le partage du savoir de boulanger \u00e0 boulanger.<\/p>\n<p>[\/vc_column_text][vc_separator type=\u00a0\u00bbtransparent\u00a0\u00bb up=\u00a0\u00bb5&Prime; down=\u00a0\u00bb5&Prime;]<a  itemprop=\"url\" href=\"\/fr\/votre-metier\/industrie\/\" target=\"_self\"  class=\"qbutton  default\" style=\"\">En savoir plus<i class=\"qode_icon_font_awesome fa fa-arrow-circle-o-right qode_button_icon_element\" style=\"\" ><\/i><\/a>[\/vc_column_inner][\/vc_row_inner][\/vc_column][\/vc_row][vc_row css_animation=\u00a0\u00bbelement_from_left\u00a0\u00bb row_type=\u00a0\u00bbrow\u00a0\u00bb use_row_as_full_screen_section=\u00a0\u00bbno\u00a0\u00bb type=\u00a0\u00bbfull_width\u00a0\u00bb angled_section=\u00a0\u00bbno\u00a0\u00bb text_align=\u00a0\u00bbleft\u00a0\u00bb background_image_as_pattern=\u00a0\u00bbwithout_pattern\u00a0\u00bb el_class=\u00a0\u00bbpaddingOn\u00a0\u00bb][vc_column][vc_row_inner row_type=\u00a0\u00bbrow\u00a0\u00bb type=\u00a0\u00bbgrid\u00a0\u00bb text_align=\u00a0\u00bbleft\u00a0\u00bb css_animation=\u00a0\u00bb\u00a0\u00bb][vc_column_inner width=\u00a0\u00bb1\/4&Prime;][vc_single_image image=\u00a0\u00bb22721&Prime; img_size=\u00a0\u00bbfull\u00a0\u00bb alignment=\u00a0\u00bbright\u00a0\u00bb qode_css_animation=\u00a0\u00bb\u00a0\u00bb][\/vc_column_inner][vc_column_inner width=\u00a0\u00bb3\/4&Prime;][vc_column_text]<\/p>\n<h2 style=\"color: #000080; font-size: 51px; font-weight: 900; text-transform: none; line-height: 1.25em;\">Fabricant de pizza<\/h2>\n<p>[\/vc_column_text][vc_column_text css=\u00a0\u00bb.vc_custom_1548233566746{margin-bottom: 15px !important;}\u00a0\u00bb]<\/p>\n<h3 style=\"color: #000000; font-size: 31px; font-weight: 900; text-transform: none; line-height: 1.25em; text-align: left;\">Vous accompagner dans votre projet<\/h3>\n<p>[\/vc_column_text][vc_column_text css=\u00a0\u00bb.vc_custom_1548233575594{margin-bottom: 15px !important;}\u00a0\u00bb]<\/p>\n<p style=\"text-align: justify;\">L\u2019objectif de Lesaffre Alg\u00e9rie est simple : vous aider \u00e0 pr\u00e9parer avec succ\u00e8s n\u2019importe quelle p\u00e2te \u00e0 pizza tout en gagnant en efficacit\u00e9.<\/p>\n<p>[\/vc_column_text][vc_separator type=\u00a0\u00bbtransparent\u00a0\u00bb up=\u00a0\u00bb5&Prime; down=\u00a0\u00bb5&Prime;]<a  itemprop=\"url\" href=\"\/fr\/votre-metier\/fabricant-de-pizza\/\" target=\"_self\"  class=\"qbutton  default\" style=\"\">En savoir plus<i class=\"qode_icon_font_awesome fa fa-arrow-circle-o-right qode_button_icon_element\" style=\"\" ><\/i><\/a>[\/vc_column_inner][\/vc_row_inner][\/vc_column][\/vc_row][vc_row css_animation=\u00a0\u00bb\u00a0\u00bb row_type=\u00a0\u00bbrow\u00a0\u00bb use_row_as_full_screen_section=\u00a0\u00bbno\u00a0\u00bb type=\u00a0\u00bbfull_width\u00a0\u00bb angled_section=\u00a0\u00bbno\u00a0\u00bb text_align=\u00a0\u00bbleft\u00a0\u00bb background_image_as_pattern=\u00a0\u00bbwithout_pattern\u00a0\u00bb css=\u00a0\u00bb.vc_custom_1461300994012{background-color: #e0e0e0 !important;}\u00a0\u00bb][vc_column][vc_row_inner row_type=\u00a0\u00bbrow\u00a0\u00bb type=\u00a0\u00bbgrid\u00a0\u00bb text_align=\u00a0\u00bbcenter\u00a0\u00bb css_animation=\u00a0\u00bbelement_from_fade\u00a0\u00bb][vc_column_inner][vc_column_text]<\/p>\n<h2 style=\"color: #4d4d4d; font-size: 51px; font-weight: 900; text-transform: none; line-height: 1.25em; text-align: center;\">Contact<\/h2>\n<p>[\/vc_column_text][vc_column_text]<\/p>\n<h4 style=\"text-align: center;\">Une question sur nos produits et nos solutions ?<\/h4>\n<p>[\/vc_column_text][vc_separator type=\u00a0\u00bbtransparent\u00a0\u00bb up=\u00a0\u00bb10&Prime; down=\u00a0\u00bb10&Prime;]<a  itemprop=\"url\" href=\"\/fr\/contact\/\" target=\"_self\" data-hover-background-color=#ffffff data-hover-border-color=#000000 data-hover-color=#000000 class=\"qbutton  center default\" style=\"color: #ffffff; border-color: #164189; margin: auto 0px auto 0px; border-radius: 0px;-moz-border-radius: 0px;-webkit-border-radius: 0px; background-color: #164189;\">Contactez-nous<\/a>[\/vc_column_inner][\/vc_row_inner][\/vc_column][\/vc_row]<\/p>\n<\/div>","protected":false},"excerpt":{"rendered":"<p>[vc_row css_animation=\u00a0\u00bbelement_from_left\u00a0\u00bb row_type=\u00a0\u00bbrow\u00a0\u00bb use_row_as_full_screen_section=\u00a0\u00bbno\u00a0\u00bb type=\u00a0\u00bbfull_width\u00a0\u00bb angled_section=\u00a0\u00bbno\u00a0\u00bb text_align=\u00a0\u00bbleft\u00a0\u00bb background_image_as_pattern=\u00a0\u00bbwithout_pattern\u00a0\u00bb el_class=\u00a0\u00bbpaddingOn\u00a0\u00bb][vc_column][vc_row_inner row_type=\u00a0\u00bbrow\u00a0\u00bb type=\u00a0\u00bbgrid\u00a0\u00bb text_align=\u00a0\u00bbleft\u00a0\u00bb css_animation=\u00a0\u00bb\u00a0\u00bb][vc_column_inner width=\u00a0\u00bb1\/4&Prime;][vc_single_image image=\u00a0\u00bb22718&Prime; img_size=\u00a0\u00bbfull\u00a0\u00bb alignment=\u00a0\u00bbright\u00a0\u00bb qode_css_animation=\u00a0\u00bb\u00a0\u00bb][\/vc_column_inner][vc_column_inner width=\u00a0\u00bb3\/4&Prime;][vc_column_text] Artisan boulanger [\/vc_column_text][vc_column_text css=\u00a0\u00bb.vc_custom_1548233151877{margin-bottom: 15px !important;}\u00a0\u00bb] Votre succ\u00e8s, notre r\u00e9ussite depuis 40 ans. [\/vc_column_text][vc_column_text css=\u00a0\u00bb.vc_custom_1548233163640{margin-bottom: 15px !important;}\u00a0\u00bb] Lesaffre en Alg\u00e9rie accompagne les artisans boulangers avec des&#8230;<\/p>\n","protected":false},"author":1,"featured_media":0,"parent":0,"menu_order":0,"comment_status":"closed","ping_status":"closed","template":"full_width.php","meta":{"footnotes":""},"class_list":["post-22714","page","type-page","status-publish","hentry"],"yoast_head":"<!-- This site is optimized with the Yoast SEO Premium plugin v22.3 (Yoast SEO v27.5) - https:\/\/yoast.com\/product\/yoast-seo-premium-wordpress\/ -->\n<title>Votre m\u00e9tier : accompagnement professionnels \u2022 Lesaffre Alg\u00e9rie<\/title>\n<meta name=\"description\" content=\"Avec Lesaffre Alg\u00e9rie, trouvez les produits qui repondent au mieux \u00e0 vos besoins de production en boulangerie professionnelle\" \/>\n<meta name=\"robots\" content=\"index, follow, max-snippet:-1, max-image-preview:large, max-video-preview:-1\" \/>\n<link rel=\"canonical\" href=\"https:\/\/lesaffre-algerie.com\/fr\/votre-metier\/\" \/>\n<meta property=\"og:locale\" content=\"fr_FR\" \/>\n<meta property=\"og:type\" content=\"article\" \/>\n<meta property=\"og:title\" content=\"Votre m\u00e9tier\" \/>\n<meta property=\"og:description\" content=\"Avec Lesaffre Alg\u00e9rie, trouvez les produits qui repondent au mieux \u00e0 vos besoins de production en boulangerie professionnelle\" \/>\n<meta property=\"og:url\" content=\"https:\/\/lesaffre-algerie.com\/fr\/votre-metier\/\" \/>\n<meta property=\"og:site_name\" content=\"LESAFFRE Alg\u00e9rie\" \/>\n<meta property=\"article:modified_time\" content=\"2019-03-13T17:14:07+00:00\" \/>\n<meta name=\"twitter:card\" content=\"summary_large_image\" \/>\n<meta name=\"twitter:label1\" content=\"Dur\u00e9e de lecture estim\u00e9e\" \/>\n\t<meta name=\"twitter:data1\" content=\"3 minutes\" \/>\n<script type=\"application\/ld+json\" class=\"yoast-schema-graph\">{\"@context\":\"https:\\\/\\\/schema.org\",\"@graph\":[{\"@type\":\"WebPage\",\"@id\":\"https:\\\/\\\/lesaffre-algerie.com\\\/fr\\\/votre-metier\\\/\",\"url\":\"https:\\\/\\\/lesaffre-algerie.com\\\/fr\\\/votre-metier\\\/\",\"name\":\"Votre m\u00e9tier : accompagnement professionnels \u2022 Lesaffre Alg\u00e9rie\",\"isPartOf\":{\"@id\":\"https:\\\/\\\/lesaffre-algerie.com\\\/fr\\\/#website\"},\"datePublished\":\"2019-01-23T08:43:51+00:00\",\"dateModified\":\"2019-03-13T17:14:07+00:00\",\"description\":\"Avec Lesaffre Alg\u00e9rie, trouvez les produits qui repondent au mieux \u00e0 vos besoins de production en boulangerie professionnelle\",\"breadcrumb\":{\"@id\":\"https:\\\/\\\/lesaffre-algerie.com\\\/fr\\\/votre-metier\\\/#breadcrumb\"},\"inLanguage\":\"fr-FR\",\"potentialAction\":[{\"@type\":\"ReadAction\",\"target\":[\"https:\\\/\\\/lesaffre-algerie.com\\\/fr\\\/votre-metier\\\/\"]}]},{\"@type\":\"BreadcrumbList\",\"@id\":\"https:\\\/\\\/lesaffre-algerie.com\\\/fr\\\/votre-metier\\\/#breadcrumb\",\"itemListElement\":[{\"@type\":\"ListItem\",\"position\":1,\"name\":\"Accueil\",\"item\":\"https:\\\/\\\/lesaffre-algerie.com\\\/fr\\\/\"},{\"@type\":\"ListItem\",\"position\":2,\"name\":\"Votre m\u00e9tier\"}]},{\"@type\":\"WebSite\",\"@id\":\"https:\\\/\\\/lesaffre-algerie.com\\\/fr\\\/#website\",\"url\":\"https:\\\/\\\/lesaffre-algerie.com\\\/fr\\\/\",\"name\":\"LESAFFRE Alg\u00e9rie\",\"description\":\"Levures de cuisson, am\u00e9liorants pour le pain et sant\u00e9\",\"potentialAction\":[{\"@type\":\"SearchAction\",\"target\":{\"@type\":\"EntryPoint\",\"urlTemplate\":\"https:\\\/\\\/lesaffre-algerie.com\\\/fr\\\/?s={search_term_string}\"},\"query-input\":{\"@type\":\"PropertyValueSpecification\",\"valueRequired\":true,\"valueName\":\"search_term_string\"}}],\"inLanguage\":\"fr-FR\"}]}<\/script>\n<!-- \/ Yoast SEO Premium plugin. -->","yoast_head_json":{"title":"Votre m\u00e9tier : accompagnement professionnels \u2022 Lesaffre Alg\u00e9rie","description":"Avec Lesaffre Alg\u00e9rie, trouvez les produits qui repondent au mieux \u00e0 vos besoins de production en boulangerie professionnelle","robots":{"index":"index","follow":"follow","max-snippet":"max-snippet:-1","max-image-preview":"max-image-preview:large","max-video-preview":"max-video-preview:-1"},"canonical":"https:\/\/lesaffre-algerie.com\/fr\/votre-metier\/","og_locale":"fr_FR","og_type":"article","og_title":"Votre m\u00e9tier","og_description":"Avec Lesaffre Alg\u00e9rie, trouvez les produits qui repondent au mieux \u00e0 vos besoins de production en boulangerie professionnelle","og_url":"https:\/\/lesaffre-algerie.com\/fr\/votre-metier\/","og_site_name":"LESAFFRE Alg\u00e9rie","article_modified_time":"2019-03-13T17:14:07+00:00","twitter_card":"summary_large_image","twitter_misc":{"Dur\u00e9e de lecture estim\u00e9e":"3 minutes"},"schema":{"@context":"https:\/\/schema.org","@graph":[{"@type":"WebPage","@id":"https:\/\/lesaffre-algerie.com\/fr\/votre-metier\/","url":"https:\/\/lesaffre-algerie.com\/fr\/votre-metier\/","name":"Votre m\u00e9tier : accompagnement professionnels \u2022 Lesaffre Alg\u00e9rie","isPartOf":{"@id":"https:\/\/lesaffre-algerie.com\/fr\/#website"},"datePublished":"2019-01-23T08:43:51+00:00","dateModified":"2019-03-13T17:14:07+00:00","description":"Avec Lesaffre Alg\u00e9rie, trouvez les produits qui repondent au mieux \u00e0 vos besoins de production en boulangerie professionnelle","breadcrumb":{"@id":"https:\/\/lesaffre-algerie.com\/fr\/votre-metier\/#breadcrumb"},"inLanguage":"fr-FR","potentialAction":[{"@type":"ReadAction","target":["https:\/\/lesaffre-algerie.com\/fr\/votre-metier\/"]}]},{"@type":"BreadcrumbList","@id":"https:\/\/lesaffre-algerie.com\/fr\/votre-metier\/#breadcrumb","itemListElement":[{"@type":"ListItem","position":1,"name":"Accueil","item":"https:\/\/lesaffre-algerie.com\/fr\/"},{"@type":"ListItem","position":2,"name":"Votre m\u00e9tier"}]},{"@type":"WebSite","@id":"https:\/\/lesaffre-algerie.com\/fr\/#website","url":"https:\/\/lesaffre-algerie.com\/fr\/","name":"LESAFFRE Alg\u00e9rie","description":"Levures de cuisson, am\u00e9liorants pour le pain et sant\u00e9","potentialAction":[{"@type":"SearchAction","target":{"@type":"EntryPoint","urlTemplate":"https:\/\/lesaffre-algerie.com\/fr\/?s={search_term_string}"},"query-input":{"@type":"PropertyValueSpecification","valueRequired":true,"valueName":"search_term_string"}}],"inLanguage":"fr-FR"}]}},"_links":{"self":[{"href":"https:\/\/lesaffre-algerie.com\/fr\/wp-json\/wp\/v2\/pages\/22714","targetHints":{"allow":["GET"]}}],"collection":[{"href":"https:\/\/lesaffre-algerie.com\/fr\/wp-json\/wp\/v2\/pages"}],"about":[{"href":"https:\/\/lesaffre-algerie.com\/fr\/wp-json\/wp\/v2\/types\/page"}],"author":[{"embeddable":true,"href":"https:\/\/lesaffre-algerie.com\/fr\/wp-json\/wp\/v2\/users\/1"}],"replies":[{"embeddable":true,"href":"https:\/\/lesaffre-algerie.com\/fr\/wp-json\/wp\/v2\/comments?post=22714"}],"version-history":[{"count":0,"href":"https:\/\/lesaffre-algerie.com\/fr\/wp-json\/wp\/v2\/pages\/22714\/revisions"}],"wp:attachment":[{"href":"https:\/\/lesaffre-algerie.com\/fr\/wp-json\/wp\/v2\/media?parent=22714"}],"curies":[{"name":"wp","href":"https:\/\/api.w.org\/{rel}","templated":true}]}}