{"id":22882,"date":"2019-04-02T11:10:40","date_gmt":"2019-04-02T09:10:40","guid":{"rendered":"http:\/\/lesaffre-algerie.com\/?page_id=22882"},"modified":"2023-01-13T20:15:19","modified_gmt":"2023-01-13T19:15:19","slug":"saf-instant","status":"publish","type":"page","link":"https:\/\/lesaffre-algerie.com\/fr\/nos-solutions\/nos-levures\/saf-instant\/","title":{"rendered":"Saf-Instant"},"content":{"rendered":"<div class=\"wpb-content-wrapper\"><p>[vc_row css_animation=\u00a0\u00bb\u00a0\u00bb row_type=\u00a0\u00bbrow\u00a0\u00bb use_row_as_full_screen_section=\u00a0\u00bbno\u00a0\u00bb type=\u00a0\u00bbfull_width\u00a0\u00bb angled_section=\u00a0\u00bbno\u00a0\u00bb text_align=\u00a0\u00bbleft\u00a0\u00bb background_image_as_pattern=\u00a0\u00bbwithout_pattern\u00a0\u00bb css=\u00a0\u00bb.vc_custom_1574812587560{padding-top: 0px !important;padding-bottom: 0px !important;}\u00a0\u00bb z_index=\u00a0\u00bb\u00a0\u00bb el_class=\u00a0\u00bbnoPadding\u00a0\u00bb][vc_column][vc_single_image image=\u00a0\u00bb23269&Prime; img_size=\u00a0\u00bbfull\u00a0\u00bb alignment=\u00a0\u00bbcenter\u00a0\u00bb qode_css_animation=\u00a0\u00bb\u00a0\u00bb][\/vc_column][\/vc_row][vc_row css_animation=\u00a0\u00bb\u00a0\u00bb row_type=\u00a0\u00bbrow\u00a0\u00bb use_row_as_full_screen_section=\u00a0\u00bbno\u00a0\u00bb type=\u00a0\u00bbgrid\u00a0\u00bb anchor=\u00a0\u00bbsafinstant\u00a0\u00bb angled_section=\u00a0\u00bbno\u00a0\u00bb text_align=\u00a0\u00bbleft\u00a0\u00bb background_image_as_pattern=\u00a0\u00bbwithout_pattern\u00a0\u00bb background_color=\u00a0\u00bb#f6f6f6&Prime; css=\u00a0\u00bb.vc_custom_1556780068246{padding-top: 70px !important;background-color: #ffffff !important;}\u00a0\u00bb z_index=\u00a0\u00bb\u00a0\u00bb][vc_column][vc_single_image image=\u00a0\u00bb24564&Prime; img_size=\u00a0\u00bb200&#215;204&Prime; alignment=\u00a0\u00bbcenter\u00a0\u00bb qode_css_animation=\u00a0\u00bb\u00a0\u00bb][vc_separator type=\u00a0\u00bbtransparent\u00a0\u00bb up=\u00a0\u00bb15&Prime; down=\u00a0\u00bb15&Prime;][vc_row_inner row_type=\u00a0\u00bbrow\u00a0\u00bb type=\u00a0\u00bbgrid\u00a0\u00bb text_align=\u00a0\u00bbleft\u00a0\u00bb css_animation=\u00a0\u00bb\u00a0\u00bb css=\u00a0\u00bb.vc_custom_1502172577458{padding-bottom: 35px !important;}\u00a0\u00bb][vc_column_inner width=\u00a0\u00bb1\/3&Prime;][vc_single_image image=\u00a0\u00bb23272&Prime; img_size=\u00a0\u00bbfull\u00a0\u00bb alignment=\u00a0\u00bbcenter\u00a0\u00bb qode_css_animation=\u00a0\u00bb\u00a0\u00bb][\/vc_column_inner][vc_column_inner width=\u00a0\u00bb2\/3&Prime;][vc_column_text]<\/p>\n<h2>Saf-instant<\/h2>\n<p>&nbsp;<\/p>\n<p><strong>Premi\u00e8re levure s\u00e8che instantan\u00e9e diffus\u00e9e sur le march\u00e9<\/strong><\/p>\n<p>Saf-instant est la marque Lesaffre la plus diffus\u00e9e au monde. Simple \u00e0 utiliser, ne n\u00e9cessitant pas r\u00e9hydratation, Saf-instant est une levure instantan\u00e9e de qualit\u00e9 accessible \u00e0 tous, m\u00eame dans les conditions de panification les plus difficiles.<\/p>\n<p>&nbsp;<\/p>\n<p><strong>Quels b\u00e9n\u00e9fices pour vous ?<\/strong><\/p>\n<ul>\n<li><strong>Authentique<\/strong> : une grande qualit\u00e9 accessible \u00e0 tous, m\u00eame dans les conditions de panification les plus difficiles.<\/li>\n<li><strong>Unique<\/strong> : quel que soit le type de pain ou le proc\u00e9d\u00e9 de fabrication, la levure saf-instant offre un pouvoir fermentaire sup\u00e9rieur et une grande stabilit\u00e9 dans le temps,<\/li>\n<li><strong>Innovant<\/strong> : la levure saf-instant b\u00e9n\u00e9fice des derni\u00e8res d\u00e9couvertes de Lesaffre et am\u00e9liore sans cesse son offre aux \u00e9volutions du march\u00e9.<\/li>\n<\/ul>\n<p>[\/vc_column_text][\/vc_column_inner][\/vc_row_inner][vc_single_image image=\u00a0\u00bb23258&Prime; img_size=\u00a0\u00bbfull\u00a0\u00bb alignment=\u00a0\u00bbcenter\u00a0\u00bb onclick=\u00a0\u00bbcustom_link\u00a0\u00bb qode_css_animation=\u00a0\u00bb\u00a0\u00bb link=\u00a0\u00bbhttps:\/\/safinstantdz.com\/fr\/\u00a0\u00bb][vc_separator type=\u00a0\u00bbtransparent\u00a0\u00bb up=\u00a0\u00bb15&Prime; down=\u00a0\u00bb15&Prime;][\/vc_column][\/vc_row][vc_row css_animation=\u00a0\u00bb\u00a0\u00bb row_type=\u00a0\u00bbrow\u00a0\u00bb use_row_as_full_screen_section=\u00a0\u00bbno\u00a0\u00bb type=\u00a0\u00bbgrid\u00a0\u00bb angled_section=\u00a0\u00bbno\u00a0\u00bb text_align=\u00a0\u00bbleft\u00a0\u00bb background_image_as_pattern=\u00a0\u00bbwithout_pattern\u00a0\u00bb background_color=\u00a0\u00bb#f6f6f6&Prime; css=\u00a0\u00bb.vc_custom_1556780097338{padding-top: 55px !important;padding-bottom: 55px !important;}\u00a0\u00bb z_index=\u00a0\u00bb\u00a0\u00bb][vc_column width=\u00a0\u00bb1\/3&Prime;]<span data-type=\"normal\"  class=\"qode_icon_shortcode  q_font_awsome_icon fa-3x pull-center \" style=\" \"><i class=\"qode_icon_font_awesome fa fa-certificate qode_icon_element\" style=\"color: #d84c1a;\" ><\/i><\/span>[vc_separator type=\u00a0\u00bbtransparent\u00a0\u00bb up=\u00a0\u00bb15&Prime; down=\u00a0\u00bb15&Prime;][vc_accordion active_tab=\u00a0\u00bbfalse\u00a0\u00bb collapsible=\u00a0\u00bbyes\u00a0\u00bb style=\u00a0\u00bbboxed_accordion\u00a0\u00bb][vc_accordion_tab title=\u00a0\u00bbAPPLICATIONS\u00a0\u00bb title_color=\u00a0\u00bb#d84c1a\u00a0\u00bb title_tag=\u00a0\u00bbh3&Prime;][vc_column_text]<\/p>\n<ul>\n<li>Sp\u00e9cialement d\u00e9velopp\u00e9e pour les p\u00e2tes pas ou peu sucr\u00e9es (de 0 \u00e0 10% de sucre sur poids de farine).<\/li>\n<\/ul>\n<p>[\/vc_column_text][\/vc_accordion_tab][\/vc_accordion][\/vc_column][vc_column width=\u00a0\u00bb1\/3&Prime;]<span data-type=\"normal\"  class=\"qode_icon_shortcode  q_font_awsome_icon fa-3x pull-center \" style=\" \"><i class=\"qode_icon_font_awesome fa fa-archive qode_icon_element\" style=\"color: #20a7ea;\" ><\/i><\/span>[vc_separator type=\u00a0\u00bbtransparent\u00a0\u00bb up=\u00a0\u00bb15&Prime; down=\u00a0\u00bb15&Prime;][vc_accordion active_tab=\u00a0\u00bbfalse\u00a0\u00bb collapsible=\u00a0\u00bbyes\u00a0\u00bb style=\u00a0\u00bbboxed_accordion\u00a0\u00bb][vc_accordion_tab title=\u00a0\u00bbCONDITIONNEMENT\u00a0\u00bb title_color=\u00a0\u00bb#20a7ea\u00a0\u00bb title_tag=\u00a0\u00bbh3&Prime;][vc_column_text]<\/p>\n<ul>\n<li>Paquets de 500 grammes<\/li>\n<\/ul>\n<p>[\/vc_column_text][\/vc_accordion_tab][\/vc_accordion][\/vc_column][vc_column width=\u00a0\u00bb1\/3&Prime;]<span data-type=\"normal\"  class=\"qode_icon_shortcode  q_font_awsome_icon fa-3x pull-center \" style=\" \"><i class=\"qode_icon_font_awesome fa fa-star qode_icon_element\" style=\"color: #edc110;\" ><\/i><\/span>[vc_separator type=\u00a0\u00bbtransparent\u00a0\u00bb up=\u00a0\u00bb15&Prime; down=\u00a0\u00bb15&Prime;][vc_accordion active_tab=\u00a0\u00bbfalse\u00a0\u00bb collapsible=\u00a0\u00bbyes\u00a0\u00bb style=\u00a0\u00bbboxed_accordion\u00a0\u00bb][vc_accordion_tab title=\u00a0\u00bbCONSERVATION\u00a0\u00bb title_color=\u00a0\u00bb#edc110&Prime; title_tag=\u00a0\u00bbh3&Prime;][vc_column_text]<\/p>\n<ul>\n<li>2 ans \u00e0 partir de la date de fabrication<\/li>\n<\/ul>\n<p>[\/vc_column_text][\/vc_accordion_tab][\/vc_accordion][\/vc_column][\/vc_row]<\/p>\n<\/div>","protected":false},"excerpt":{"rendered":"<p>[vc_row css_animation=\u00a0\u00bb\u00a0\u00bb row_type=\u00a0\u00bbrow\u00a0\u00bb use_row_as_full_screen_section=\u00a0\u00bbno\u00a0\u00bb type=\u00a0\u00bbfull_width\u00a0\u00bb angled_section=\u00a0\u00bbno\u00a0\u00bb text_align=\u00a0\u00bbleft\u00a0\u00bb background_image_as_pattern=\u00a0\u00bbwithout_pattern\u00a0\u00bb css=\u00a0\u00bb.vc_custom_1574812587560{padding-top: 0px !important;padding-bottom: 0px !important;}\u00a0\u00bb z_index=\u00a0\u00bb\u00a0\u00bb el_class=\u00a0\u00bbnoPadding\u00a0\u00bb][vc_column][vc_single_image image=\u00a0\u00bb23269&Prime; img_size=\u00a0\u00bbfull\u00a0\u00bb alignment=\u00a0\u00bbcenter\u00a0\u00bb qode_css_animation=\u00a0\u00bb\u00a0\u00bb][\/vc_column][\/vc_row][vc_row css_animation=\u00a0\u00bb\u00a0\u00bb row_type=\u00a0\u00bbrow\u00a0\u00bb use_row_as_full_screen_section=\u00a0\u00bbno\u00a0\u00bb type=\u00a0\u00bbgrid\u00a0\u00bb anchor=\u00a0\u00bbsafinstant\u00a0\u00bb angled_section=\u00a0\u00bbno\u00a0\u00bb text_align=\u00a0\u00bbleft\u00a0\u00bb background_image_as_pattern=\u00a0\u00bbwithout_pattern\u00a0\u00bb background_color=\u00a0\u00bb#f6f6f6&Prime; css=\u00a0\u00bb.vc_custom_1556780068246{padding-top: 70px !important;background-color: #ffffff !important;}\u00a0\u00bb z_index=\u00a0\u00bb\u00a0\u00bb][vc_column][vc_single_image image=\u00a0\u00bb24564&Prime; img_size=\u00a0\u00bb200&#215;204&Prime; alignment=\u00a0\u00bbcenter\u00a0\u00bb qode_css_animation=\u00a0\u00bb\u00a0\u00bb][vc_separator type=\u00a0\u00bbtransparent\u00a0\u00bb up=\u00a0\u00bb15&Prime; down=\u00a0\u00bb15&Prime;][vc_row_inner row_type=\u00a0\u00bbrow\u00a0\u00bb type=\u00a0\u00bbgrid\u00a0\u00bb text_align=\u00a0\u00bbleft\u00a0\u00bb css_animation=\u00a0\u00bb\u00a0\u00bb&#8230;<\/p>\n","protected":false},"author":1,"featured_media":0,"parent":20929,"menu_order":0,"comment_status":"open","ping_status":"closed","template":"full_width.php","meta":{"footnotes":""},"class_list":["post-22882","page","type-page","status-publish","hentry"],"yoast_head":"<!-- This site is optimized with the Yoast SEO Premium plugin v22.3 (Yoast SEO v27.4) - https:\/\/yoast.com\/product\/yoast-seo-premium-wordpress\/ -->\n<title>Saf Instant : Levure s\u00e8che instantan\u00e9e - Lesaffre Alg\u00e9rie<\/title>\n<meta name=\"description\" content=\"Premi\u00e8re levure s\u00e8che instantan\u00e9e diffus\u00e9e sur le march\u00e9 Saf-instant est la marque Lesaffre la plus diffus\u00e9e au monde.\" \/>\n<meta name=\"robots\" content=\"index, follow, max-snippet:-1, max-image-preview:large, max-video-preview:-1\" \/>\n<link rel=\"canonical\" href=\"https:\/\/lesaffre-algerie.com\/fr\/nos-solutions\/nos-levures\/saf-instant\/\" \/>\n<meta property=\"og:locale\" content=\"fr_FR\" \/>\n<meta property=\"og:type\" content=\"article\" \/>\n<meta property=\"og:title\" content=\"Saf-Instant\" \/>\n<meta property=\"og:description\" content=\"Premi\u00e8re levure s\u00e8che instantan\u00e9e diffus\u00e9e sur le march\u00e9 Saf-instant est la marque Lesaffre la plus diffus\u00e9e au monde.\" \/>\n<meta property=\"og:url\" content=\"https:\/\/lesaffre-algerie.com\/fr\/nos-solutions\/nos-levures\/saf-instant\/\" \/>\n<meta property=\"og:site_name\" content=\"LESAFFRE Alg\u00e9rie\" \/>\n<meta property=\"article:modified_time\" content=\"2023-01-13T19:15:19+00:00\" \/>\n<meta name=\"twitter:card\" content=\"summary_large_image\" \/>\n<meta name=\"twitter:label1\" content=\"Dur\u00e9e de lecture estim\u00e9e\" \/>\n\t<meta name=\"twitter:data1\" content=\"3 minutes\" \/>\n<script type=\"application\/ld+json\" class=\"yoast-schema-graph\">{\"@context\":\"https:\\\/\\\/schema.org\",\"@graph\":[{\"@type\":\"WebPage\",\"@id\":\"https:\\\/\\\/lesaffre-algerie.com\\\/fr\\\/nos-solutions\\\/nos-levures\\\/saf-instant\\\/\",\"url\":\"https:\\\/\\\/lesaffre-algerie.com\\\/fr\\\/nos-solutions\\\/nos-levures\\\/saf-instant\\\/\",\"name\":\"Saf Instant : Levure s\u00e8che instantan\u00e9e - Lesaffre Alg\u00e9rie\",\"isPartOf\":{\"@id\":\"https:\\\/\\\/lesaffre-algerie.com\\\/fr\\\/#website\"},\"datePublished\":\"2019-04-02T09:10:40+00:00\",\"dateModified\":\"2023-01-13T19:15:19+00:00\",\"description\":\"Premi\u00e8re levure s\u00e8che instantan\u00e9e diffus\u00e9e sur le march\u00e9 Saf-instant est la marque Lesaffre la plus diffus\u00e9e au monde.\",\"breadcrumb\":{\"@id\":\"https:\\\/\\\/lesaffre-algerie.com\\\/fr\\\/nos-solutions\\\/nos-levures\\\/saf-instant\\\/#breadcrumb\"},\"inLanguage\":\"fr-FR\",\"potentialAction\":[{\"@type\":\"ReadAction\",\"target\":[\"https:\\\/\\\/lesaffre-algerie.com\\\/fr\\\/nos-solutions\\\/nos-levures\\\/saf-instant\\\/\"]}]},{\"@type\":\"BreadcrumbList\",\"@id\":\"https:\\\/\\\/lesaffre-algerie.com\\\/fr\\\/nos-solutions\\\/nos-levures\\\/saf-instant\\\/#breadcrumb\",\"itemListElement\":[{\"@type\":\"ListItem\",\"position\":1,\"name\":\"Accueil\",\"item\":\"https:\\\/\\\/lesaffre-algerie.com\\\/fr\\\/\"},{\"@type\":\"ListItem\",\"position\":2,\"name\":\"Nos solutions\",\"item\":\"https:\\\/\\\/lesaffre-algerie.com\\\/fr\\\/nos-solutions\\\/\"},{\"@type\":\"ListItem\",\"position\":3,\"name\":\"Levures\",\"item\":\"https:\\\/\\\/lesaffre-algerie.com\\\/fr\\\/nos-solutions\\\/nos-levures\\\/\"},{\"@type\":\"ListItem\",\"position\":4,\"name\":\"Saf-Instant\"}]},{\"@type\":\"WebSite\",\"@id\":\"https:\\\/\\\/lesaffre-algerie.com\\\/fr\\\/#website\",\"url\":\"https:\\\/\\\/lesaffre-algerie.com\\\/fr\\\/\",\"name\":\"LESAFFRE Alg\u00e9rie\",\"description\":\"Levures de cuisson, am\u00e9liorants pour le pain et sant\u00e9\",\"potentialAction\":[{\"@type\":\"SearchAction\",\"target\":{\"@type\":\"EntryPoint\",\"urlTemplate\":\"https:\\\/\\\/lesaffre-algerie.com\\\/fr\\\/?s={search_term_string}\"},\"query-input\":{\"@type\":\"PropertyValueSpecification\",\"valueRequired\":true,\"valueName\":\"search_term_string\"}}],\"inLanguage\":\"fr-FR\"}]}<\/script>\n<!-- \/ Yoast SEO Premium plugin. -->","yoast_head_json":{"title":"Saf Instant : Levure s\u00e8che instantan\u00e9e - Lesaffre Alg\u00e9rie","description":"Premi\u00e8re levure s\u00e8che instantan\u00e9e diffus\u00e9e sur le march\u00e9 Saf-instant est la marque Lesaffre la plus diffus\u00e9e au monde.","robots":{"index":"index","follow":"follow","max-snippet":"max-snippet:-1","max-image-preview":"max-image-preview:large","max-video-preview":"max-video-preview:-1"},"canonical":"https:\/\/lesaffre-algerie.com\/fr\/nos-solutions\/nos-levures\/saf-instant\/","og_locale":"fr_FR","og_type":"article","og_title":"Saf-Instant","og_description":"Premi\u00e8re levure s\u00e8che instantan\u00e9e diffus\u00e9e sur le march\u00e9 Saf-instant est la marque Lesaffre la plus diffus\u00e9e au monde.","og_url":"https:\/\/lesaffre-algerie.com\/fr\/nos-solutions\/nos-levures\/saf-instant\/","og_site_name":"LESAFFRE Alg\u00e9rie","article_modified_time":"2023-01-13T19:15:19+00:00","twitter_card":"summary_large_image","twitter_misc":{"Dur\u00e9e de lecture estim\u00e9e":"3 minutes"},"schema":{"@context":"https:\/\/schema.org","@graph":[{"@type":"WebPage","@id":"https:\/\/lesaffre-algerie.com\/fr\/nos-solutions\/nos-levures\/saf-instant\/","url":"https:\/\/lesaffre-algerie.com\/fr\/nos-solutions\/nos-levures\/saf-instant\/","name":"Saf Instant : Levure s\u00e8che instantan\u00e9e - Lesaffre Alg\u00e9rie","isPartOf":{"@id":"https:\/\/lesaffre-algerie.com\/fr\/#website"},"datePublished":"2019-04-02T09:10:40+00:00","dateModified":"2023-01-13T19:15:19+00:00","description":"Premi\u00e8re levure s\u00e8che instantan\u00e9e diffus\u00e9e sur le march\u00e9 Saf-instant est la marque Lesaffre la plus diffus\u00e9e au monde.","breadcrumb":{"@id":"https:\/\/lesaffre-algerie.com\/fr\/nos-solutions\/nos-levures\/saf-instant\/#breadcrumb"},"inLanguage":"fr-FR","potentialAction":[{"@type":"ReadAction","target":["https:\/\/lesaffre-algerie.com\/fr\/nos-solutions\/nos-levures\/saf-instant\/"]}]},{"@type":"BreadcrumbList","@id":"https:\/\/lesaffre-algerie.com\/fr\/nos-solutions\/nos-levures\/saf-instant\/#breadcrumb","itemListElement":[{"@type":"ListItem","position":1,"name":"Accueil","item":"https:\/\/lesaffre-algerie.com\/fr\/"},{"@type":"ListItem","position":2,"name":"Nos solutions","item":"https:\/\/lesaffre-algerie.com\/fr\/nos-solutions\/"},{"@type":"ListItem","position":3,"name":"Levures","item":"https:\/\/lesaffre-algerie.com\/fr\/nos-solutions\/nos-levures\/"},{"@type":"ListItem","position":4,"name":"Saf-Instant"}]},{"@type":"WebSite","@id":"https:\/\/lesaffre-algerie.com\/fr\/#website","url":"https:\/\/lesaffre-algerie.com\/fr\/","name":"LESAFFRE Alg\u00e9rie","description":"Levures de cuisson, am\u00e9liorants pour le pain et sant\u00e9","potentialAction":[{"@type":"SearchAction","target":{"@type":"EntryPoint","urlTemplate":"https:\/\/lesaffre-algerie.com\/fr\/?s={search_term_string}"},"query-input":{"@type":"PropertyValueSpecification","valueRequired":true,"valueName":"search_term_string"}}],"inLanguage":"fr-FR"}]}},"_links":{"self":[{"href":"https:\/\/lesaffre-algerie.com\/fr\/wp-json\/wp\/v2\/pages\/22882","targetHints":{"allow":["GET"]}}],"collection":[{"href":"https:\/\/lesaffre-algerie.com\/fr\/wp-json\/wp\/v2\/pages"}],"about":[{"href":"https:\/\/lesaffre-algerie.com\/fr\/wp-json\/wp\/v2\/types\/page"}],"author":[{"embeddable":true,"href":"https:\/\/lesaffre-algerie.com\/fr\/wp-json\/wp\/v2\/users\/1"}],"replies":[{"embeddable":true,"href":"https:\/\/lesaffre-algerie.com\/fr\/wp-json\/wp\/v2\/comments?post=22882"}],"version-history":[{"count":1,"href":"https:\/\/lesaffre-algerie.com\/fr\/wp-json\/wp\/v2\/pages\/22882\/revisions"}],"predecessor-version":[{"id":24566,"href":"https:\/\/lesaffre-algerie.com\/fr\/wp-json\/wp\/v2\/pages\/22882\/revisions\/24566"}],"up":[{"embeddable":true,"href":"https:\/\/lesaffre-algerie.com\/fr\/wp-json\/wp\/v2\/pages\/20929"}],"wp:attachment":[{"href":"https:\/\/lesaffre-algerie.com\/fr\/wp-json\/wp\/v2\/media?parent=22882"}],"curies":[{"name":"wp","href":"https:\/\/api.w.org\/{rel}","templated":true}]}}