{"id":22896,"date":"2019-04-02T11:37:34","date_gmt":"2019-04-02T09:37:34","guid":{"rendered":"http:\/\/lesaffre-algerie.com\/?page_id=22896"},"modified":"2019-04-02T11:47:59","modified_gmt":"2019-04-02T09:47:59","slug":"magimix-rouge","status":"publish","type":"page","link":"https:\/\/lesaffre-algerie.com\/fr\/nos-solutions\/ameliorants-de-panification\/magimix-rouge\/","title":{"rendered":"Magimix Rouge\u00ae"},"content":{"rendered":"<div class=\"wpb-content-wrapper\"><p>[vc_row row_type=\u00a0\u00bbparallax\u00a0\u00bb parallax_content_width=\u00a0\u00bbin_grid\u00a0\u00bb text_align=\u00a0\u00bbleft\u00a0\u00bb background_image=\u00a0\u00bb20800&Prime; full_screen_section_height=\u00a0\u00bbno\u00a0\u00bb css=\u00a0\u00bb.vc_custom_1498732243804{padding-top: 0px !important;padding-bottom: 0px !important;}\u00a0\u00bb][vc_column][vc_separator type=\u00a0\u00bbtransparent\u00a0\u00bb up=\u00a0\u00bb150&Prime; down=\u00a0\u00bb150&Prime;][\/vc_column][\/vc_row][vc_row css_animation=\u00a0\u00bb\u00a0\u00bb row_type=\u00a0\u00bbrow\u00a0\u00bb use_row_as_full_screen_section=\u00a0\u00bbno\u00a0\u00bb type=\u00a0\u00bbgrid\u00a0\u00bb anchor=\u00a0\u00bbmagimixrouge\u00a0\u00bb angled_section=\u00a0\u00bbno\u00a0\u00bb text_align=\u00a0\u00bbleft\u00a0\u00bb background_image_as_pattern=\u00a0\u00bbwithout_pattern\u00a0\u00bb background_color=\u00a0\u00bb#f6f6f6&Prime; padding_top=\u00a0\u00bb70&Prime; css=\u00a0\u00bb.vc_custom_1547847385556{background-color: #ffffff !important;}\u00a0\u00bb z_index=\u00a0\u00bb\u00a0\u00bb][vc_column][vc_single_image image=\u00a0\u00bb21875&Prime; img_size=\u00a0\u00bbfull\u00a0\u00bb alignment=\u00a0\u00bbcenter\u00a0\u00bb qode_css_animation=\u00a0\u00bb\u00a0\u00bb][vc_separator type=\u00a0\u00bbtransparent\u00a0\u00bb up=\u00a0\u00bb15&Prime; down=\u00a0\u00bb15&Prime;][vc_row_inner row_type=\u00a0\u00bbrow\u00a0\u00bb type=\u00a0\u00bbgrid\u00a0\u00bb text_align=\u00a0\u00bbleft\u00a0\u00bb css_animation=\u00a0\u00bb\u00a0\u00bb][vc_column_inner width=\u00a0\u00bb1\/3&Prime;][vc_gallery interval=\u00a0\u00bb3&Prime; images=\u00a0\u00bb22183,22185,22187&Prime; img_size=\u00a0\u00bbfull\u00a0\u00bb onclick=\u00a0\u00bb\u00a0\u00bb enable_drag=\u00a0\u00bbno\u00a0\u00bb direction_nav=\u00a0\u00bbno\u00a0\u00bb control_nav=\u00a0\u00bbno\u00a0\u00bb pause_on_hover=\u00a0\u00bbno\u00a0\u00bb][\/vc_column_inner][vc_column_inner width=\u00a0\u00bb2\/3&Prime;][vc_column_text]<\/p>\n<h2>Magimix Rouge<sup>\u00ae<\/sup><\/h2>\n<p style=\"text-align: justify;\"><strong>Pour un pain plus croustillant et plus color\u00e9<\/strong><\/p>\n<p style=\"text-align: justify;\">Disponible sur la r\u00e9gion d\u2019Alger et dans l\u2019ouest de l\u2019Alg\u00e9rie, Magimix Rouge<sup>\u00ae<\/sup> pr\u00e9sente l\u2019avantage d\u2019\u00eatre utilisable dans diff\u00e9rents types de panification comme les baguettes, les pains sp\u00e9ciaux (pains de campagne, pains aux c\u00e9r\u00e9ales\u2026), et dans diff\u00e9rentes viennoiseries (petits pains au chocolat, croissants, brioches,\u2026) et convient \u00e9galement \u00e0 tous types de process, artisanal comme industriel.<\/p>\n<p>&nbsp;<\/p>\n<p><strong>Quels b\u00e9n\u00e9fices pour vous ?<\/strong><\/p>\n<p><em>Pendant l\u2019\u00e9tape du m\u00e9lange\u00a0:<\/em><\/p>\n<ul>\n<li>D\u00e9veloppement de la p\u00e2te plus rapide<\/li>\n<li>D\u00e9veloppement optimal du r\u00e9seau de gluten<\/li>\n<li>Lissage plus rapide de la p\u00e2te<\/li>\n<\/ul>\n<p><em>Pendant l\u2019\u00e9tape du fa\u00e7onnage\u00a0:<\/em><\/p>\n<ul>\n<li>P\u00e2te moins collante<\/li>\n<li>Bonne machinabilit\u00e9<\/li>\n<li>P\u00e2te plus extensible<\/li>\n<li>P\u00e2te facile \u00e0 allonger<\/li>\n<\/ul>\n<p><em>Pendant l\u2019\u00e9tape de fermentation\u00a0:<\/em><\/p>\n<ul>\n<li>Fermentation plus rapide<\/li>\n<li>Bonne r\u00e9tention gazeuse (p\u00e2ton bien lev\u00e9)<\/li>\n<li>Bonne tol\u00e9rance<\/li>\n<\/ul>\n<p><em>Sur le produit fini\u00a0:<\/em><\/p>\n<ul>\n<li>Belle grigne<\/li>\n<li>Baguette app\u00e9tissante<\/li>\n<li>Cro\u00fbte dor\u00e9e<\/li>\n<li>Tr\u00e8s beau volume<\/li>\n<li>Cro\u00fbte brillante<\/li>\n<li>Aspect r\u00e9gulier<\/li>\n<li>Mie blanche<\/li>\n<\/ul>\n<p>[\/vc_column_text][\/vc_column_inner][\/vc_row_inner][\/vc_column][\/vc_row][vc_row css_animation=\u00a0\u00bb\u00a0\u00bb row_type=\u00a0\u00bbrow\u00a0\u00bb use_row_as_full_screen_section=\u00a0\u00bbno\u00a0\u00bb type=\u00a0\u00bbgrid\u00a0\u00bb angled_section=\u00a0\u00bbno\u00a0\u00bb text_align=\u00a0\u00bbleft\u00a0\u00bb background_image_as_pattern=\u00a0\u00bbwithout_pattern\u00a0\u00bb background_color=\u00a0\u00bb#f6f6f6&Prime; css=\u00a0\u00bb.vc_custom_1502176371027{padding-top: 15px !important;padding-bottom: 45px !important;background-color: #ffffff !important;}\u00a0\u00bb][vc_column width=\u00a0\u00bb1\/4&Prime;][\/vc_column][vc_column width=\u00a0\u00bb1\/4&Prime;]<span data-type=\"normal\"  class=\"qode_icon_shortcode  q_font_awsome_icon fa-3x pull-center \" style=\" \"><i class=\"qode_icon_font_awesome fa fa-archive qode_icon_element\" style=\"color: #20a7ea;\" ><\/i><\/span>[vc_separator type=\u00a0\u00bbtransparent\u00a0\u00bb up=\u00a0\u00bb15&Prime; down=\u00a0\u00bb15&Prime;][vc_accordion active_tab=\u00a0\u00bbfalse\u00a0\u00bb collapsible=\u00a0\u00bbyes\u00a0\u00bb style=\u00a0\u00bbboxed_accordion\u00a0\u00bb][vc_accordion_tab title=\u00a0\u00bbCONDITIONNEMENT\u00a0\u00bb title_color=\u00a0\u00bb#20a7ea\u00a0\u00bb title_tag=\u00a0\u00bbh3&Prime;][vc_column_text]<\/p>\n<ul>\n<li>Les am\u00e9liorants Magimix Rouge<sup>\u00ae\u00a0<\/sup>sont disponibles en sacs de 10kg.<\/li>\n<\/ul>\n<p>[\/vc_column_text][\/vc_accordion_tab][\/vc_accordion][\/vc_column][vc_column width=\u00a0\u00bb1\/4&Prime;]<span data-type=\"normal\"  class=\"qode_icon_shortcode  q_font_awsome_icon fa-3x pull-center \" style=\" \"><i class=\"qode_icon_font_awesome fa fa-star qode_icon_element\" style=\"color: #edc110;\" ><\/i><\/span>[vc_separator type=\u00a0\u00bbtransparent\u00a0\u00bb up=\u00a0\u00bb15&Prime; down=\u00a0\u00bb15&Prime;][vc_accordion active_tab=\u00a0\u00bbfalse\u00a0\u00bb collapsible=\u00a0\u00bbyes\u00a0\u00bb style=\u00a0\u00bbboxed_accordion\u00a0\u00bb][vc_accordion_tab title=\u00a0\u00bbCONSERVATION\u00a0\u00bb title_color=\u00a0\u00bb#edc110&Prime; title_tag=\u00a0\u00bbh3&Prime;][vc_column_text]<\/p>\n<ul>\n<li>12 mois dans les conditions optimales de stockage.<\/li>\n<\/ul>\n<p>[\/vc_column_text][\/vc_accordion_tab][\/vc_accordion][\/vc_column][vc_column width=\u00a0\u00bb1\/4&Prime;][\/vc_column][\/vc_row]<\/p>\n<\/div>","protected":false},"excerpt":{"rendered":"<p>[vc_row row_type=\u00a0\u00bbparallax\u00a0\u00bb parallax_content_width=\u00a0\u00bbin_grid\u00a0\u00bb text_align=\u00a0\u00bbleft\u00a0\u00bb background_image=\u00a0\u00bb20800&Prime; full_screen_section_height=\u00a0\u00bbno\u00a0\u00bb css=\u00a0\u00bb.vc_custom_1498732243804{padding-top: 0px !important;padding-bottom: 0px !important;}\u00a0\u00bb][vc_column][vc_separator type=\u00a0\u00bbtransparent\u00a0\u00bb up=\u00a0\u00bb150&Prime; down=\u00a0\u00bb150&Prime;][\/vc_column][\/vc_row][vc_row css_animation=\u00a0\u00bb\u00a0\u00bb row_type=\u00a0\u00bbrow\u00a0\u00bb use_row_as_full_screen_section=\u00a0\u00bbno\u00a0\u00bb type=\u00a0\u00bbgrid\u00a0\u00bb anchor=\u00a0\u00bbmagimixrouge\u00a0\u00bb angled_section=\u00a0\u00bbno\u00a0\u00bb text_align=\u00a0\u00bbleft\u00a0\u00bb background_image_as_pattern=\u00a0\u00bbwithout_pattern\u00a0\u00bb background_color=\u00a0\u00bb#f6f6f6&Prime; padding_top=\u00a0\u00bb70&Prime; css=\u00a0\u00bb.vc_custom_1547847385556{background-color: #ffffff !important;}\u00a0\u00bb z_index=\u00a0\u00bb\u00a0\u00bb][vc_column][vc_single_image image=\u00a0\u00bb21875&Prime; img_size=\u00a0\u00bbfull\u00a0\u00bb alignment=\u00a0\u00bbcenter\u00a0\u00bb qode_css_animation=\u00a0\u00bb\u00a0\u00bb][vc_separator type=\u00a0\u00bbtransparent\u00a0\u00bb up=\u00a0\u00bb15&Prime; down=\u00a0\u00bb15&Prime;][vc_row_inner row_type=\u00a0\u00bbrow\u00a0\u00bb type=\u00a0\u00bbgrid\u00a0\u00bb text_align=\u00a0\u00bbleft\u00a0\u00bb css_animation=\u00a0\u00bb\u00a0\u00bb][vc_column_inner width=\u00a0\u00bb1\/3&Prime;][vc_gallery interval=\u00a0\u00bb3&Prime; images=\u00a0\u00bb22183,22185,22187&Prime; img_size=\u00a0\u00bbfull\u00a0\u00bb onclick=\u00a0\u00bb\u00a0\u00bb enable_drag=\u00a0\u00bbno\u00a0\u00bb&#8230;<\/p>\n","protected":false},"author":1,"featured_media":0,"parent":20085,"menu_order":0,"comment_status":"open","ping_status":"closed","template":"full_width.php","meta":{"footnotes":""},"class_list":["post-22896","page","type-page","status-publish","hentry"],"yoast_head":"<!-- This site is optimized with the Yoast SEO Premium plugin v22.3 (Yoast SEO v27.6) - https:\/\/yoast.com\/product\/yoast-seo-premium-wordpress\/ -->\n<title>Am\u00e9liorants pour professionnels de la boulangerie - Lesaffre Alg\u00e9rie<\/title>\n<meta name=\"description\" content=\"D\u00e9couvrez une gamme compl\u00e8te d&#039;am\u00e9liorants de panification pour les professionnels adapt\u00e9e \u00e0 chaque besoin\" \/>\n<meta name=\"robots\" content=\"index, follow, max-snippet:-1, max-image-preview:large, max-video-preview:-1\" \/>\n<link rel=\"canonical\" href=\"https:\/\/lesaffre-algerie.com\/fr\/nos-solutions\/ameliorants-de-panification\/magimix-rouge\/\" \/>\n<meta property=\"og:locale\" content=\"fr_FR\" \/>\n<meta property=\"og:type\" content=\"article\" \/>\n<meta property=\"og:title\" content=\"Magimix Rouge\u00ae\" \/>\n<meta property=\"og:description\" content=\"D\u00e9couvrez une gamme compl\u00e8te d&#039;am\u00e9liorants de panification pour les professionnels adapt\u00e9e \u00e0 chaque besoin\" \/>\n<meta property=\"og:url\" content=\"https:\/\/lesaffre-algerie.com\/fr\/nos-solutions\/ameliorants-de-panification\/magimix-rouge\/\" \/>\n<meta property=\"og:site_name\" content=\"LESAFFRE Alg\u00e9rie\" \/>\n<meta property=\"article:modified_time\" content=\"2019-04-02T09:47:59+00:00\" \/>\n<meta name=\"twitter:card\" content=\"summary_large_image\" \/>\n<meta name=\"twitter:label1\" content=\"Dur\u00e9e de lecture estim\u00e9e\" \/>\n\t<meta name=\"twitter:data1\" content=\"3 minutes\" \/>\n<script type=\"application\/ld+json\" class=\"yoast-schema-graph\">{\"@context\":\"https:\\\/\\\/schema.org\",\"@graph\":[{\"@type\":\"WebPage\",\"@id\":\"https:\\\/\\\/lesaffre-algerie.com\\\/fr\\\/nos-solutions\\\/ameliorants-de-panification\\\/magimix-rouge\\\/\",\"url\":\"https:\\\/\\\/lesaffre-algerie.com\\\/fr\\\/nos-solutions\\\/ameliorants-de-panification\\\/magimix-rouge\\\/\",\"name\":\"Am\u00e9liorants pour professionnels de la boulangerie - Lesaffre Alg\u00e9rie\",\"isPartOf\":{\"@id\":\"https:\\\/\\\/lesaffre-algerie.com\\\/fr\\\/#website\"},\"datePublished\":\"2019-04-02T09:37:34+00:00\",\"dateModified\":\"2019-04-02T09:47:59+00:00\",\"description\":\"D\u00e9couvrez une gamme compl\u00e8te d'am\u00e9liorants de panification pour les professionnels adapt\u00e9e \u00e0 chaque besoin\",\"breadcrumb\":{\"@id\":\"https:\\\/\\\/lesaffre-algerie.com\\\/fr\\\/nos-solutions\\\/ameliorants-de-panification\\\/magimix-rouge\\\/#breadcrumb\"},\"inLanguage\":\"fr-FR\",\"potentialAction\":[{\"@type\":\"ReadAction\",\"target\":[\"https:\\\/\\\/lesaffre-algerie.com\\\/fr\\\/nos-solutions\\\/ameliorants-de-panification\\\/magimix-rouge\\\/\"]}]},{\"@type\":\"BreadcrumbList\",\"@id\":\"https:\\\/\\\/lesaffre-algerie.com\\\/fr\\\/nos-solutions\\\/ameliorants-de-panification\\\/magimix-rouge\\\/#breadcrumb\",\"itemListElement\":[{\"@type\":\"ListItem\",\"position\":1,\"name\":\"Accueil\",\"item\":\"https:\\\/\\\/lesaffre-algerie.com\\\/fr\\\/\"},{\"@type\":\"ListItem\",\"position\":2,\"name\":\"Nos solutions\",\"item\":\"https:\\\/\\\/lesaffre-algerie.com\\\/fr\\\/nos-solutions\\\/\"},{\"@type\":\"ListItem\",\"position\":3,\"name\":\"Am\u00e9liorants de panification\",\"item\":\"https:\\\/\\\/lesaffre-algerie.com\\\/fr\\\/nos-solutions\\\/ameliorants-de-panification\\\/\"},{\"@type\":\"ListItem\",\"position\":4,\"name\":\"Magimix Rouge\u00ae\"}]},{\"@type\":\"WebSite\",\"@id\":\"https:\\\/\\\/lesaffre-algerie.com\\\/fr\\\/#website\",\"url\":\"https:\\\/\\\/lesaffre-algerie.com\\\/fr\\\/\",\"name\":\"LESAFFRE Alg\u00e9rie\",\"description\":\"Levures de cuisson, am\u00e9liorants pour le pain et sant\u00e9\",\"potentialAction\":[{\"@type\":\"SearchAction\",\"target\":{\"@type\":\"EntryPoint\",\"urlTemplate\":\"https:\\\/\\\/lesaffre-algerie.com\\\/fr\\\/?s={search_term_string}\"},\"query-input\":{\"@type\":\"PropertyValueSpecification\",\"valueRequired\":true,\"valueName\":\"search_term_string\"}}],\"inLanguage\":\"fr-FR\"}]}<\/script>\n<!-- \/ Yoast SEO Premium plugin. -->","yoast_head_json":{"title":"Am\u00e9liorants pour professionnels de la boulangerie - Lesaffre Alg\u00e9rie","description":"D\u00e9couvrez une gamme compl\u00e8te d'am\u00e9liorants de panification pour les professionnels adapt\u00e9e \u00e0 chaque besoin","robots":{"index":"index","follow":"follow","max-snippet":"max-snippet:-1","max-image-preview":"max-image-preview:large","max-video-preview":"max-video-preview:-1"},"canonical":"https:\/\/lesaffre-algerie.com\/fr\/nos-solutions\/ameliorants-de-panification\/magimix-rouge\/","og_locale":"fr_FR","og_type":"article","og_title":"Magimix Rouge\u00ae","og_description":"D\u00e9couvrez une gamme compl\u00e8te d'am\u00e9liorants de panification pour les professionnels adapt\u00e9e \u00e0 chaque besoin","og_url":"https:\/\/lesaffre-algerie.com\/fr\/nos-solutions\/ameliorants-de-panification\/magimix-rouge\/","og_site_name":"LESAFFRE Alg\u00e9rie","article_modified_time":"2019-04-02T09:47:59+00:00","twitter_card":"summary_large_image","twitter_misc":{"Dur\u00e9e de lecture estim\u00e9e":"3 minutes"},"schema":{"@context":"https:\/\/schema.org","@graph":[{"@type":"WebPage","@id":"https:\/\/lesaffre-algerie.com\/fr\/nos-solutions\/ameliorants-de-panification\/magimix-rouge\/","url":"https:\/\/lesaffre-algerie.com\/fr\/nos-solutions\/ameliorants-de-panification\/magimix-rouge\/","name":"Am\u00e9liorants pour professionnels de la boulangerie - Lesaffre Alg\u00e9rie","isPartOf":{"@id":"https:\/\/lesaffre-algerie.com\/fr\/#website"},"datePublished":"2019-04-02T09:37:34+00:00","dateModified":"2019-04-02T09:47:59+00:00","description":"D\u00e9couvrez une gamme compl\u00e8te d'am\u00e9liorants de panification pour les professionnels adapt\u00e9e \u00e0 chaque besoin","breadcrumb":{"@id":"https:\/\/lesaffre-algerie.com\/fr\/nos-solutions\/ameliorants-de-panification\/magimix-rouge\/#breadcrumb"},"inLanguage":"fr-FR","potentialAction":[{"@type":"ReadAction","target":["https:\/\/lesaffre-algerie.com\/fr\/nos-solutions\/ameliorants-de-panification\/magimix-rouge\/"]}]},{"@type":"BreadcrumbList","@id":"https:\/\/lesaffre-algerie.com\/fr\/nos-solutions\/ameliorants-de-panification\/magimix-rouge\/#breadcrumb","itemListElement":[{"@type":"ListItem","position":1,"name":"Accueil","item":"https:\/\/lesaffre-algerie.com\/fr\/"},{"@type":"ListItem","position":2,"name":"Nos solutions","item":"https:\/\/lesaffre-algerie.com\/fr\/nos-solutions\/"},{"@type":"ListItem","position":3,"name":"Am\u00e9liorants de panification","item":"https:\/\/lesaffre-algerie.com\/fr\/nos-solutions\/ameliorants-de-panification\/"},{"@type":"ListItem","position":4,"name":"Magimix Rouge\u00ae"}]},{"@type":"WebSite","@id":"https:\/\/lesaffre-algerie.com\/fr\/#website","url":"https:\/\/lesaffre-algerie.com\/fr\/","name":"LESAFFRE Alg\u00e9rie","description":"Levures de cuisson, am\u00e9liorants pour le pain et sant\u00e9","potentialAction":[{"@type":"SearchAction","target":{"@type":"EntryPoint","urlTemplate":"https:\/\/lesaffre-algerie.com\/fr\/?s={search_term_string}"},"query-input":{"@type":"PropertyValueSpecification","valueRequired":true,"valueName":"search_term_string"}}],"inLanguage":"fr-FR"}]}},"_links":{"self":[{"href":"https:\/\/lesaffre-algerie.com\/fr\/wp-json\/wp\/v2\/pages\/22896","targetHints":{"allow":["GET"]}}],"collection":[{"href":"https:\/\/lesaffre-algerie.com\/fr\/wp-json\/wp\/v2\/pages"}],"about":[{"href":"https:\/\/lesaffre-algerie.com\/fr\/wp-json\/wp\/v2\/types\/page"}],"author":[{"embeddable":true,"href":"https:\/\/lesaffre-algerie.com\/fr\/wp-json\/wp\/v2\/users\/1"}],"replies":[{"embeddable":true,"href":"https:\/\/lesaffre-algerie.com\/fr\/wp-json\/wp\/v2\/comments?post=22896"}],"version-history":[{"count":0,"href":"https:\/\/lesaffre-algerie.com\/fr\/wp-json\/wp\/v2\/pages\/22896\/revisions"}],"up":[{"embeddable":true,"href":"https:\/\/lesaffre-algerie.com\/fr\/wp-json\/wp\/v2\/pages\/20085"}],"wp:attachment":[{"href":"https:\/\/lesaffre-algerie.com\/fr\/wp-json\/wp\/v2\/media?parent=22896"}],"curies":[{"name":"wp","href":"https:\/\/api.w.org\/{rel}","templated":true}]}}