{"id":23937,"date":"2022-04-05T07:54:55","date_gmt":"2022-04-05T06:54:55","guid":{"rendered":"https:\/\/lesaffre-algerie.com\/?page_id=23937"},"modified":"2022-10-13T05:43:38","modified_gmt":"2022-10-13T04:43:38","slug":"invents-mix-orge-100","status":"publish","type":"page","link":"https:\/\/lesaffre-algerie.com\/fr\/nos-solutions\/mixes\/invents-mix-orge-100\/","title":{"rendered":"Inventis<sup>\u00ae<\/sup> Mix Orge 100%"},"content":{"rendered":"<div class=\"wpb-content-wrapper\"><p>[vc_row css_animation=\u00a0\u00bb\u00a0\u00bb row_type=\u00a0\u00bbrow\u00a0\u00bb use_row_as_full_screen_section=\u00a0\u00bbno\u00a0\u00bb type=\u00a0\u00bbfull_width\u00a0\u00bb angled_section=\u00a0\u00bbno\u00a0\u00bb text_align=\u00a0\u00bbleft\u00a0\u00bb background_image_as_pattern=\u00a0\u00bbwithout_pattern\u00a0\u00bb css=\u00a0\u00bb.vc_custom_1574812587560{padding-top: 0px !important;padding-bottom: 0px !important;}\u00a0\u00bb z_index=\u00a0\u00bb\u00a0\u00bb el_class=\u00a0\u00bbnoPadding\u00a0\u00bb][vc_column][vc_single_image image=\u00a0\u00bb23939&Prime; img_size=\u00a0\u00bbfull\u00a0\u00bb alignment=\u00a0\u00bbcenter\u00a0\u00bb qode_css_animation=\u00a0\u00bb\u00a0\u00bb][\/vc_column][\/vc_row][vc_row css_animation=\u00a0\u00bb\u00a0\u00bb row_type=\u00a0\u00bbrow\u00a0\u00bb use_row_as_full_screen_section=\u00a0\u00bbno\u00a0\u00bb type=\u00a0\u00bbgrid\u00a0\u00bb anchor=\u00a0\u00bbsafinstant\u00a0\u00bb angled_section=\u00a0\u00bbno\u00a0\u00bb text_align=\u00a0\u00bbleft\u00a0\u00bb background_image_as_pattern=\u00a0\u00bbwithout_pattern\u00a0\u00bb background_color=\u00a0\u00bb#f6f6f6&Prime; css=\u00a0\u00bb.vc_custom_1556780068246{padding-top: 70px !important;background-color: #ffffff !important;}\u00a0\u00bb z_index=\u00a0\u00bb\u00a0\u00bb][vc_column][vc_single_image image=\u00a0\u00bb21707&Prime; img_size=\u00a0\u00bbfull\u00a0\u00bb alignment=\u00a0\u00bbcenter\u00a0\u00bb qode_css_animation=\u00a0\u00bb\u00a0\u00bb][vc_separator type=\u00a0\u00bbtransparent\u00a0\u00bb up=\u00a0\u00bb15&Prime; down=\u00a0\u00bb15&Prime;][vc_row_inner row_type=\u00a0\u00bbrow\u00a0\u00bb type=\u00a0\u00bbgrid\u00a0\u00bb text_align=\u00a0\u00bbleft\u00a0\u00bb css_animation=\u00a0\u00bb\u00a0\u00bb css=\u00a0\u00bb.vc_custom_1502172577458{padding-bottom: 35px !important;}\u00a0\u00bb][vc_column_inner width=\u00a0\u00bb1\/3&Prime;][vc_single_image image=\u00a0\u00bb23941&Prime; img_size=\u00a0\u00bbfull\u00a0\u00bb alignment=\u00a0\u00bbcenter\u00a0\u00bb qode_css_animation=\u00a0\u00bb\u00a0\u00bb][\/vc_column_inner][vc_column_inner width=\u00a0\u00bb2\/3&Prime;][vc_column_text]<\/p>\n<h2>Inventis<sup>\u00ae<\/sup> Mix Orge 100%<\/h2>\n<p>&nbsp;<\/p>\n<p><strong>\u00c9laborez de savoureux pains \u00e0 l&rsquo;orge<\/strong><\/p>\n<p>Inventis<sup>\u00ae<\/sup> Mix Orge contient tous les ingr\u00e9dients d\u00e9j\u00e0 pes\u00e9s, \u00e0 l\u2019exception de la levure et du sel, pour \u00e9laborer facilement d\u2019authentiques pains \u00e0 l\u2019orge.<\/p>\n<p>&nbsp;<\/p>\n<p><strong>Notre promesse :<\/strong><\/p>\n<ul style=\"padding-left: 25px;\">\n<li>Facile d\u2019utilisation<\/li>\n<li>Saveur authentique<\/li>\n<li>Pains de qualit\u00e9 constante<\/li>\n<\/ul>\n<p>[\/vc_column_text][\/vc_column_inner][\/vc_row_inner][vc_row_inner row_type=\u00a0\u00bbrow\u00a0\u00bb type=\u00a0\u00bbfull_width\u00a0\u00bb text_align=\u00a0\u00bbleft\u00a0\u00bb css_animation=\u00a0\u00bb\u00a0\u00bb][vc_column_inner width=\u00a0\u00bb1\/6&Prime;][\/vc_column_inner][vc_column_inner width=\u00a0\u00bb2\/3&Prime;][vc_raw_html]JTNDc2NyaXB0JTIwc3JjJTNEaHR0cHMlM0ElMkYlMkZtZWRpYS1sZXNhZmZyZS5tYW5hZ2VyLnR2JTJGc3RhdGljJTJGZW1iZWQlMkZidWlsZCUyRmVtYmVkLmpzJTIwJTIwZGF0YS10eXBlJTNEJTIycGxheWVyJTIyJTIwJTIwZGF0YS13aWR0aCUzRCUyMjEwMCUyNSUyMiUyMCUyMGRhdGEtbm92YS1lbWJlZCUyMGRhdGEtcHVibGljYXRpb24lM0QlMjI2Yzk4YjQxYTU2YWZlMDExOTdhYTM5ZmQzMzM0OWViNTJkNmU3NTUyJTIyJTNFJTNDJTJGc2NyaXB0JTNF[\/vc_raw_html][\/vc_column_inner][vc_column_inner width=\u00a0\u00bb1\/6&Prime;][\/vc_column_inner][\/vc_row_inner][\/vc_column][\/vc_row][vc_row css_animation=\u00a0\u00bb\u00a0\u00bb row_type=\u00a0\u00bbrow\u00a0\u00bb use_row_as_full_screen_section=\u00a0\u00bbno\u00a0\u00bb type=\u00a0\u00bbgrid\u00a0\u00bb angled_section=\u00a0\u00bbno\u00a0\u00bb text_align=\u00a0\u00bbleft\u00a0\u00bb background_image_as_pattern=\u00a0\u00bbwithout_pattern\u00a0\u00bb background_color=\u00a0\u00bb#f6f6f6&Prime; css=\u00a0\u00bb.vc_custom_1556780097338{padding-top: 55px !important;padding-bottom: 55px !important;}\u00a0\u00bb z_index=\u00a0\u00bb\u00a0\u00bb][vc_column width=\u00a0\u00bb1\/3&Prime;]<span data-type=\"normal\"  class=\"qode_icon_shortcode  q_font_awsome_icon fa-3x pull-center \" style=\" \"><i class=\"qode_icon_font_awesome fa fa-certificate qode_icon_element\" style=\"color: #d84c1a;\" ><\/i><\/span>[vc_separator type=\u00a0\u00bbtransparent\u00a0\u00bb up=\u00a0\u00bb15&Prime; down=\u00a0\u00bb15&Prime;][vc_accordion active_tab=\u00a0\u00bbfalse\u00a0\u00bb collapsible=\u00a0\u00bbyes\u00a0\u00bb style=\u00a0\u00bbboxed_accordion\u00a0\u00bb][vc_accordion_tab title=\u00a0\u00bbMODE D&rsquo;EMPLOI\u00a0\u00bb title_color=\u00a0\u00bb#d84c1a\u00a0\u00bb title_tag=\u00a0\u00bbh3&Prime;][vc_column_text]<\/p>\n<ul>\n<li>Incorporer directement Inventis<sup>\u00ae<\/sup> Mix Orge au p\u00e9trin avec l\u2019eau, la levure et le sel, puis m\u00e9langer.<\/li>\n<\/ul>\n<p>[\/vc_column_text][\/vc_accordion_tab][\/vc_accordion][\/vc_column][vc_column width=\u00a0\u00bb1\/3&Prime;]<span data-type=\"normal\"  class=\"qode_icon_shortcode  q_font_awsome_icon fa-3x pull-center \" style=\" \"><i class=\"qode_icon_font_awesome fa fa-archive qode_icon_element\" style=\"color: #20a7ea;\" ><\/i><\/span>[vc_separator type=\u00a0\u00bbtransparent\u00a0\u00bb up=\u00a0\u00bb15&Prime; down=\u00a0\u00bb15&Prime;][vc_accordion active_tab=\u00a0\u00bbfalse\u00a0\u00bb collapsible=\u00a0\u00bbyes\u00a0\u00bb style=\u00a0\u00bbboxed_accordion\u00a0\u00bb][vc_accordion_tab title=\u00a0\u00bbCONDITIONNEMENT\u00a0\u00bb title_color=\u00a0\u00bb#20a7ea\u00a0\u00bb title_tag=\u00a0\u00bbh3&Prime;][vc_column_text]<\/p>\n<ul>\n<li>Sac de 25 kg<\/li>\n<\/ul>\n<p>[\/vc_column_text][\/vc_accordion_tab][\/vc_accordion][\/vc_column][vc_column width=\u00a0\u00bb1\/3&Prime;]<span data-type=\"normal\"  class=\"qode_icon_shortcode  q_font_awsome_icon fa-3x pull-center \" style=\" \"><i class=\"qode_icon_font_awesome fa fa-star qode_icon_element\" style=\"color: #edc110;\" ><\/i><\/span>[vc_separator type=\u00a0\u00bbtransparent\u00a0\u00bb up=\u00a0\u00bb15&Prime; down=\u00a0\u00bb15&Prime;][vc_accordion active_tab=\u00a0\u00bbfalse\u00a0\u00bb collapsible=\u00a0\u00bbyes\u00a0\u00bb style=\u00a0\u00bbboxed_accordion\u00a0\u00bb][vc_accordion_tab title=\u00a0\u00bbDUR\u00c9E DE VIE\u00a0\u00bb title_color=\u00a0\u00bb#edc110&Prime; title_tag=\u00a0\u00bbh3&Prime;][vc_column_text]<\/p>\n<ul>\n<li>6 mois<\/li>\n<\/ul>\n<p>[\/vc_column_text][\/vc_accordion_tab][\/vc_accordion][\/vc_column][\/vc_row]<\/p>\n<\/div>","protected":false},"excerpt":{"rendered":"<p>[vc_row css_animation=\u00a0\u00bb\u00a0\u00bb row_type=\u00a0\u00bbrow\u00a0\u00bb use_row_as_full_screen_section=\u00a0\u00bbno\u00a0\u00bb type=\u00a0\u00bbfull_width\u00a0\u00bb angled_section=\u00a0\u00bbno\u00a0\u00bb text_align=\u00a0\u00bbleft\u00a0\u00bb background_image_as_pattern=\u00a0\u00bbwithout_pattern\u00a0\u00bb css=\u00a0\u00bb.vc_custom_1574812587560{padding-top: 0px !important;padding-bottom: 0px !important;}\u00a0\u00bb z_index=\u00a0\u00bb\u00a0\u00bb el_class=\u00a0\u00bbnoPadding\u00a0\u00bb][vc_column][vc_single_image image=\u00a0\u00bb23939&Prime; img_size=\u00a0\u00bbfull\u00a0\u00bb alignment=\u00a0\u00bbcenter\u00a0\u00bb qode_css_animation=\u00a0\u00bb\u00a0\u00bb][\/vc_column][\/vc_row][vc_row css_animation=\u00a0\u00bb\u00a0\u00bb row_type=\u00a0\u00bbrow\u00a0\u00bb use_row_as_full_screen_section=\u00a0\u00bbno\u00a0\u00bb type=\u00a0\u00bbgrid\u00a0\u00bb anchor=\u00a0\u00bbsafinstant\u00a0\u00bb angled_section=\u00a0\u00bbno\u00a0\u00bb text_align=\u00a0\u00bbleft\u00a0\u00bb background_image_as_pattern=\u00a0\u00bbwithout_pattern\u00a0\u00bb background_color=\u00a0\u00bb#f6f6f6&Prime; css=\u00a0\u00bb.vc_custom_1556780068246{padding-top: 70px !important;background-color: #ffffff !important;}\u00a0\u00bb z_index=\u00a0\u00bb\u00a0\u00bb][vc_column][vc_single_image image=\u00a0\u00bb21707&Prime; img_size=\u00a0\u00bbfull\u00a0\u00bb alignment=\u00a0\u00bbcenter\u00a0\u00bb qode_css_animation=\u00a0\u00bb\u00a0\u00bb][vc_separator type=\u00a0\u00bbtransparent\u00a0\u00bb up=\u00a0\u00bb15&Prime; down=\u00a0\u00bb15&Prime;][vc_row_inner row_type=\u00a0\u00bbrow\u00a0\u00bb type=\u00a0\u00bbgrid\u00a0\u00bb text_align=\u00a0\u00bbleft\u00a0\u00bb css_animation=\u00a0\u00bb\u00a0\u00bb&#8230;<\/p>\n","protected":false},"author":1,"featured_media":0,"parent":23919,"menu_order":0,"comment_status":"open","ping_status":"closed","template":"full_width.php","meta":{"footnotes":""},"class_list":["post-23937","page","type-page","status-publish","hentry"],"yoast_head":"<!-- This site is optimized with the Yoast SEO Premium plugin v22.3 (Yoast SEO v27.6) - https:\/\/yoast.com\/product\/yoast-seo-premium-wordpress\/ -->\n<title>Inventis Mix Orge 100% - Lesaffre Alg\u00e9rie<\/title>\n<meta name=\"description\" content=\"Inventis\u00ae Mix Orge contient tous les ingr\u00e9dients d\u00e9j\u00e0 pes\u00e9s, \u00e0 l\u2019exception de la levure et du sel, pour \u00e9laborer facilement d\u2019authentiques pains \u00e0 l\u2019orge.\" \/>\n<meta name=\"robots\" content=\"index, follow, max-snippet:-1, max-image-preview:large, max-video-preview:-1\" \/>\n<link rel=\"canonical\" href=\"https:\/\/lesaffre-algerie.com\/fr\/nos-solutions\/mixes\/invents-mix-orge-100\/\" \/>\n<meta property=\"og:locale\" content=\"fr_FR\" \/>\n<meta property=\"og:type\" content=\"article\" \/>\n<meta property=\"og:title\" content=\"Inventis\u00ae Mix Orge 100%\" \/>\n<meta property=\"og:description\" content=\"Inventis\u00ae Mix Orge contient tous les ingr\u00e9dients d\u00e9j\u00e0 pes\u00e9s, \u00e0 l\u2019exception de la levure et du sel, pour \u00e9laborer facilement d\u2019authentiques pains \u00e0 l\u2019orge.\" \/>\n<meta property=\"og:url\" content=\"https:\/\/lesaffre-algerie.com\/fr\/nos-solutions\/mixes\/invents-mix-orge-100\/\" \/>\n<meta property=\"og:site_name\" content=\"LESAFFRE Alg\u00e9rie\" \/>\n<meta property=\"article:modified_time\" content=\"2022-10-13T04:43:38+00:00\" \/>\n<meta name=\"twitter:card\" content=\"summary_large_image\" \/>\n<meta name=\"twitter:label1\" content=\"Dur\u00e9e de lecture estim\u00e9e\" \/>\n\t<meta name=\"twitter:data1\" content=\"3 minutes\" \/>\n<script type=\"application\/ld+json\" class=\"yoast-schema-graph\">{\"@context\":\"https:\\\/\\\/schema.org\",\"@graph\":[{\"@type\":\"WebPage\",\"@id\":\"https:\\\/\\\/lesaffre-algerie.com\\\/fr\\\/nos-solutions\\\/mixes\\\/invents-mix-orge-100\\\/\",\"url\":\"https:\\\/\\\/lesaffre-algerie.com\\\/fr\\\/nos-solutions\\\/mixes\\\/invents-mix-orge-100\\\/\",\"name\":\"Inventis Mix Orge 100% - Lesaffre Alg\u00e9rie\",\"isPartOf\":{\"@id\":\"https:\\\/\\\/lesaffre-algerie.com\\\/fr\\\/#website\"},\"datePublished\":\"2022-04-05T06:54:55+00:00\",\"dateModified\":\"2022-10-13T04:43:38+00:00\",\"description\":\"Inventis\u00ae Mix Orge contient tous les ingr\u00e9dients d\u00e9j\u00e0 pes\u00e9s, \u00e0 l\u2019exception de la levure et du sel, pour \u00e9laborer facilement d\u2019authentiques pains \u00e0 l\u2019orge.\",\"breadcrumb\":{\"@id\":\"https:\\\/\\\/lesaffre-algerie.com\\\/fr\\\/nos-solutions\\\/mixes\\\/invents-mix-orge-100\\\/#breadcrumb\"},\"inLanguage\":\"fr-FR\",\"potentialAction\":[{\"@type\":\"ReadAction\",\"target\":[\"https:\\\/\\\/lesaffre-algerie.com\\\/fr\\\/nos-solutions\\\/mixes\\\/invents-mix-orge-100\\\/\"]}]},{\"@type\":\"BreadcrumbList\",\"@id\":\"https:\\\/\\\/lesaffre-algerie.com\\\/fr\\\/nos-solutions\\\/mixes\\\/invents-mix-orge-100\\\/#breadcrumb\",\"itemListElement\":[{\"@type\":\"ListItem\",\"position\":1,\"name\":\"Accueil\",\"item\":\"https:\\\/\\\/lesaffre-algerie.com\\\/fr\\\/\"},{\"@type\":\"ListItem\",\"position\":2,\"name\":\"Nos solutions\",\"item\":\"https:\\\/\\\/lesaffre-algerie.com\\\/fr\\\/nos-solutions\\\/\"},{\"@type\":\"ListItem\",\"position\":3,\"name\":\"Mixes et Premixes\",\"item\":\"https:\\\/\\\/lesaffre-algerie.com\\\/fr\\\/nos-solutions\\\/mixes\\\/\"},{\"@type\":\"ListItem\",\"position\":4,\"name\":\"Inventis\u00ae Mix Orge 100%\"}]},{\"@type\":\"WebSite\",\"@id\":\"https:\\\/\\\/lesaffre-algerie.com\\\/fr\\\/#website\",\"url\":\"https:\\\/\\\/lesaffre-algerie.com\\\/fr\\\/\",\"name\":\"LESAFFRE Alg\u00e9rie\",\"description\":\"Levures de cuisson, am\u00e9liorants pour le pain et sant\u00e9\",\"potentialAction\":[{\"@type\":\"SearchAction\",\"target\":{\"@type\":\"EntryPoint\",\"urlTemplate\":\"https:\\\/\\\/lesaffre-algerie.com\\\/fr\\\/?s={search_term_string}\"},\"query-input\":{\"@type\":\"PropertyValueSpecification\",\"valueRequired\":true,\"valueName\":\"search_term_string\"}}],\"inLanguage\":\"fr-FR\"}]}<\/script>\n<!-- \/ Yoast SEO Premium plugin. -->","yoast_head_json":{"title":"Inventis Mix Orge 100% - Lesaffre Alg\u00e9rie","description":"Inventis\u00ae Mix Orge contient tous les ingr\u00e9dients d\u00e9j\u00e0 pes\u00e9s, \u00e0 l\u2019exception de la levure et du sel, pour \u00e9laborer facilement d\u2019authentiques pains \u00e0 l\u2019orge.","robots":{"index":"index","follow":"follow","max-snippet":"max-snippet:-1","max-image-preview":"max-image-preview:large","max-video-preview":"max-video-preview:-1"},"canonical":"https:\/\/lesaffre-algerie.com\/fr\/nos-solutions\/mixes\/invents-mix-orge-100\/","og_locale":"fr_FR","og_type":"article","og_title":"Inventis\u00ae Mix Orge 100%","og_description":"Inventis\u00ae Mix Orge contient tous les ingr\u00e9dients d\u00e9j\u00e0 pes\u00e9s, \u00e0 l\u2019exception de la levure et du sel, pour \u00e9laborer facilement d\u2019authentiques pains \u00e0 l\u2019orge.","og_url":"https:\/\/lesaffre-algerie.com\/fr\/nos-solutions\/mixes\/invents-mix-orge-100\/","og_site_name":"LESAFFRE Alg\u00e9rie","article_modified_time":"2022-10-13T04:43:38+00:00","twitter_card":"summary_large_image","twitter_misc":{"Dur\u00e9e de lecture estim\u00e9e":"3 minutes"},"schema":{"@context":"https:\/\/schema.org","@graph":[{"@type":"WebPage","@id":"https:\/\/lesaffre-algerie.com\/fr\/nos-solutions\/mixes\/invents-mix-orge-100\/","url":"https:\/\/lesaffre-algerie.com\/fr\/nos-solutions\/mixes\/invents-mix-orge-100\/","name":"Inventis Mix Orge 100% - Lesaffre Alg\u00e9rie","isPartOf":{"@id":"https:\/\/lesaffre-algerie.com\/fr\/#website"},"datePublished":"2022-04-05T06:54:55+00:00","dateModified":"2022-10-13T04:43:38+00:00","description":"Inventis\u00ae Mix Orge contient tous les ingr\u00e9dients d\u00e9j\u00e0 pes\u00e9s, \u00e0 l\u2019exception de la levure et du sel, pour \u00e9laborer facilement d\u2019authentiques pains \u00e0 l\u2019orge.","breadcrumb":{"@id":"https:\/\/lesaffre-algerie.com\/fr\/nos-solutions\/mixes\/invents-mix-orge-100\/#breadcrumb"},"inLanguage":"fr-FR","potentialAction":[{"@type":"ReadAction","target":["https:\/\/lesaffre-algerie.com\/fr\/nos-solutions\/mixes\/invents-mix-orge-100\/"]}]},{"@type":"BreadcrumbList","@id":"https:\/\/lesaffre-algerie.com\/fr\/nos-solutions\/mixes\/invents-mix-orge-100\/#breadcrumb","itemListElement":[{"@type":"ListItem","position":1,"name":"Accueil","item":"https:\/\/lesaffre-algerie.com\/fr\/"},{"@type":"ListItem","position":2,"name":"Nos solutions","item":"https:\/\/lesaffre-algerie.com\/fr\/nos-solutions\/"},{"@type":"ListItem","position":3,"name":"Mixes et Premixes","item":"https:\/\/lesaffre-algerie.com\/fr\/nos-solutions\/mixes\/"},{"@type":"ListItem","position":4,"name":"Inventis\u00ae Mix Orge 100%"}]},{"@type":"WebSite","@id":"https:\/\/lesaffre-algerie.com\/fr\/#website","url":"https:\/\/lesaffre-algerie.com\/fr\/","name":"LESAFFRE Alg\u00e9rie","description":"Levures de cuisson, am\u00e9liorants pour le pain et sant\u00e9","potentialAction":[{"@type":"SearchAction","target":{"@type":"EntryPoint","urlTemplate":"https:\/\/lesaffre-algerie.com\/fr\/?s={search_term_string}"},"query-input":{"@type":"PropertyValueSpecification","valueRequired":true,"valueName":"search_term_string"}}],"inLanguage":"fr-FR"}]}},"_links":{"self":[{"href":"https:\/\/lesaffre-algerie.com\/fr\/wp-json\/wp\/v2\/pages\/23937","targetHints":{"allow":["GET"]}}],"collection":[{"href":"https:\/\/lesaffre-algerie.com\/fr\/wp-json\/wp\/v2\/pages"}],"about":[{"href":"https:\/\/lesaffre-algerie.com\/fr\/wp-json\/wp\/v2\/types\/page"}],"author":[{"embeddable":true,"href":"https:\/\/lesaffre-algerie.com\/fr\/wp-json\/wp\/v2\/users\/1"}],"replies":[{"embeddable":true,"href":"https:\/\/lesaffre-algerie.com\/fr\/wp-json\/wp\/v2\/comments?post=23937"}],"version-history":[{"count":0,"href":"https:\/\/lesaffre-algerie.com\/fr\/wp-json\/wp\/v2\/pages\/23937\/revisions"}],"up":[{"embeddable":true,"href":"https:\/\/lesaffre-algerie.com\/fr\/wp-json\/wp\/v2\/pages\/23919"}],"wp:attachment":[{"href":"https:\/\/lesaffre-algerie.com\/fr\/wp-json\/wp\/v2\/media?parent=23937"}],"curies":[{"name":"wp","href":"https:\/\/api.w.org\/{rel}","templated":true}]}}