{"id":23950,"date":"2022-04-05T08:44:52","date_gmt":"2022-04-05T07:44:52","guid":{"rendered":"https:\/\/lesaffre-algerie.com\/?page_id=23950"},"modified":"2022-04-11T09:12:37","modified_gmt":"2022-04-11T08:12:37","slug":"ameliorants-de-viennoiserie","status":"publish","type":"page","link":"https:\/\/lesaffre-algerie.com\/fr\/nos-solutions\/ameliorants-de-viennoiserie\/","title":{"rendered":"Am\u00e9liorants de viennoiserie"},"content":{"rendered":"<div class=\"wpb-content-wrapper\"><p>[vc_row row_type=\u00a0\u00bbparallax\u00a0\u00bb parallax_content_width=\u00a0\u00bbin_grid\u00a0\u00bb text_align=\u00a0\u00bbleft\u00a0\u00bb background_image=\u00a0\u00bb23952&Prime; full_screen_section_height=\u00a0\u00bbno\u00a0\u00bb css=\u00a0\u00bb.vc_custom_1649144683065{padding-top: 0px !important;padding-bottom: 0px !important;}\u00a0\u00bb][vc_column][vc_separator type=\u00a0\u00bbtransparent\u00a0\u00bb up=\u00a0\u00bb200&Prime; down=\u00a0\u00bb200&Prime;][\/vc_column][\/vc_row][vc_row css_animation=\u00a0\u00bb\u00a0\u00bb row_type=\u00a0\u00bbrow\u00a0\u00bb use_row_as_full_screen_section=\u00a0\u00bbyes\u00a0\u00bb type=\u00a0\u00bbgrid\u00a0\u00bb angled_section=\u00a0\u00bbno\u00a0\u00bb text_align=\u00a0\u00bbleft\u00a0\u00bb background_image_as_pattern=\u00a0\u00bbwithout_pattern\u00a0\u00bb css=\u00a0\u00bb.vc_custom_1498739643080{background-color: #ffffff !important;}\u00a0\u00bb el_class=\u00a0\u00bbpaddingOn\u00a0\u00bb][vc_column width=\u00a0\u00bb1\/3&Prime;][vc_separator type=\u00a0\u00bbnormal\u00a0\u00bb color=\u00a0\u00bb#ffffff\u00a0\u00bb][qode_circles columns=\u00a0\u00bbthree_columns\u00a0\u00bb circle_line=\u00a0\u00bbno_line\u00a0\u00bb][qode_circle type=\u00a0\u00bbimage_type\u00a0\u00bb image=\u00a0\u00bb23916&Prime;][\/qode_circles][\/vc_column][vc_column width=\u00a0\u00bb2\/3&Prime;][vc_column_text]<\/p>\n<h2>Des ingr\u00e9dients de qualit\u00e9 pour un r\u00e9sultat qui d\u00e9passe les attentes.<\/h2>\n<p>[\/vc_column_text][vc_separator type=\u00a0\u00bbtransparent\u00a0\u00bb up=\u00a0\u00bb20&Prime;][vc_column_text]Gr\u00e2ce aux am\u00e9liorants de viennoiserie Lesaffre, vous garantissez \u00e0 vos clients des produits avec une qualit\u00e9 optimale, un meilleur feuilletage et une bonne tol\u00e9rance.<\/p>\n<p>&nbsp;<\/p>\n<p>D\u00e9couvrez notre gamme d&rsquo;am\u00e9liorants de viennoiserie :<\/p>\n<ul style=\"padding-left: 30px;\">\n<li><strong><u><a href=\"fr\/nos-solutions\/ameliorants-de-viennoiserie\/magimix-viennoiserie\/\">Magimix<sup>\u00ae<\/sup> viennoiserie\u00a0<\/a><\/u><\/strong><\/li>\n<li><strong><u><a href=\"\/fr\/nos-solutions\/ameliorants-de-viennoiserie\/victoria-viennoiserie\/\">Victoria<sup>\u00ae<\/sup> viennoiserie<\/a><\/u><\/strong><\/li>\n<\/ul>\n<p>[\/vc_column_text][\/vc_column][\/vc_row][vc_row row_type=\u00a0\u00bbparallax\u00a0\u00bb parallax_content_width=\u00a0\u00bbin_grid\u00a0\u00bb text_align=\u00a0\u00bbleft\u00a0\u00bb background_image=\u00a0\u00bb20772&Prime; full_screen_section_height=\u00a0\u00bbno\u00a0\u00bb css=\u00a0\u00bb.vc_custom_1498658947816{padding-top: 0px !important;padding-bottom: 0px !important;}\u00a0\u00bb][vc_column][vc_separator type=\u00a0\u00bbtransparent\u00a0\u00bb up=\u00a0\u00bb150&Prime; down=\u00a0\u00bb150&Prime;][\/vc_column][\/vc_row]<\/p>\n<\/div>","protected":false},"excerpt":{"rendered":"<p>[vc_row row_type=\u00a0\u00bbparallax\u00a0\u00bb parallax_content_width=\u00a0\u00bbin_grid\u00a0\u00bb text_align=\u00a0\u00bbleft\u00a0\u00bb background_image=\u00a0\u00bb23952&Prime; full_screen_section_height=\u00a0\u00bbno\u00a0\u00bb css=\u00a0\u00bb.vc_custom_1649144683065{padding-top: 0px !important;padding-bottom: 0px !important;}\u00a0\u00bb][vc_column][vc_separator type=\u00a0\u00bbtransparent\u00a0\u00bb up=\u00a0\u00bb200&Prime; down=\u00a0\u00bb200&Prime;][\/vc_column][\/vc_row][vc_row css_animation=\u00a0\u00bb\u00a0\u00bb row_type=\u00a0\u00bbrow\u00a0\u00bb use_row_as_full_screen_section=\u00a0\u00bbyes\u00a0\u00bb type=\u00a0\u00bbgrid\u00a0\u00bb angled_section=\u00a0\u00bbno\u00a0\u00bb text_align=\u00a0\u00bbleft\u00a0\u00bb background_image_as_pattern=\u00a0\u00bbwithout_pattern\u00a0\u00bb css=\u00a0\u00bb.vc_custom_1498739643080{background-color: #ffffff !important;}\u00a0\u00bb el_class=\u00a0\u00bbpaddingOn\u00a0\u00bb][vc_column width=\u00a0\u00bb1\/3&Prime;][vc_separator type=\u00a0\u00bbnormal\u00a0\u00bb color=\u00a0\u00bb#ffffff\u00a0\u00bb][qode_circles columns=\u00a0\u00bbthree_columns\u00a0\u00bb circle_line=\u00a0\u00bbno_line\u00a0\u00bb][qode_circle type=\u00a0\u00bbimage_type\u00a0\u00bb image=\u00a0\u00bb23916&Prime;][\/qode_circles][\/vc_column][vc_column width=\u00a0\u00bb2\/3&Prime;][vc_column_text] Des ingr\u00e9dients de qualit\u00e9 pour un r\u00e9sultat qui d\u00e9passe les attentes. [\/vc_column_text][vc_separator&#8230;<\/p>\n","protected":false},"author":1,"featured_media":0,"parent":19691,"menu_order":0,"comment_status":"open","ping_status":"closed","template":"full_width.php","meta":{"footnotes":""},"class_list":["post-23950","page","type-page","status-publish","hentry"],"yoast_head":"<!-- This site is optimized with the Yoast SEO Premium plugin v22.3 (Yoast SEO v27.5) - https:\/\/yoast.com\/product\/yoast-seo-premium-wordpress\/ -->\n<title>Am\u00e9liorants de viennoiserie - Lesaffre Alg\u00e9rie<\/title>\n<meta name=\"description\" content=\"Gr\u00e2ce aux am\u00e9liorants de viennoiserie Lesaffre, vous garantissez \u00e0 vos clients des produits avec une qualit\u00e9 optimale, un meilleur feuilletage et une bonne tol\u00e9rance.\" \/>\n<meta name=\"robots\" content=\"index, follow, max-snippet:-1, max-image-preview:large, max-video-preview:-1\" \/>\n<link rel=\"canonical\" href=\"https:\/\/lesaffre-algerie.com\/fr\/nos-solutions\/ameliorants-de-viennoiserie\/\" \/>\n<meta property=\"og:locale\" content=\"fr_FR\" \/>\n<meta property=\"og:type\" content=\"article\" \/>\n<meta property=\"og:title\" content=\"Am\u00e9liorants de viennoiserie\" \/>\n<meta property=\"og:description\" content=\"Gr\u00e2ce aux am\u00e9liorants de viennoiserie Lesaffre, vous garantissez \u00e0 vos clients des produits avec une qualit\u00e9 optimale, un meilleur feuilletage et une bonne tol\u00e9rance.\" \/>\n<meta property=\"og:url\" content=\"https:\/\/lesaffre-algerie.com\/fr\/nos-solutions\/ameliorants-de-viennoiserie\/\" \/>\n<meta property=\"og:site_name\" content=\"LESAFFRE Alg\u00e9rie\" \/>\n<meta property=\"article:modified_time\" content=\"2022-04-11T08:12:37+00:00\" \/>\n<meta name=\"twitter:card\" content=\"summary_large_image\" \/>\n<meta name=\"twitter:label1\" content=\"Dur\u00e9e de lecture estim\u00e9e\" \/>\n\t<meta name=\"twitter:data1\" content=\"1 minute\" \/>\n<script type=\"application\/ld+json\" class=\"yoast-schema-graph\">{\"@context\":\"https:\\\/\\\/schema.org\",\"@graph\":[{\"@type\":\"WebPage\",\"@id\":\"https:\\\/\\\/lesaffre-algerie.com\\\/fr\\\/nos-solutions\\\/ameliorants-de-viennoiserie\\\/\",\"url\":\"https:\\\/\\\/lesaffre-algerie.com\\\/fr\\\/nos-solutions\\\/ameliorants-de-viennoiserie\\\/\",\"name\":\"Am\u00e9liorants de viennoiserie - Lesaffre Alg\u00e9rie\",\"isPartOf\":{\"@id\":\"https:\\\/\\\/lesaffre-algerie.com\\\/fr\\\/#website\"},\"datePublished\":\"2022-04-05T07:44:52+00:00\",\"dateModified\":\"2022-04-11T08:12:37+00:00\",\"description\":\"Gr\u00e2ce aux am\u00e9liorants de viennoiserie Lesaffre, vous garantissez \u00e0 vos clients des produits avec une qualit\u00e9 optimale, un meilleur feuilletage et une bonne tol\u00e9rance.\",\"breadcrumb\":{\"@id\":\"https:\\\/\\\/lesaffre-algerie.com\\\/fr\\\/nos-solutions\\\/ameliorants-de-viennoiserie\\\/#breadcrumb\"},\"inLanguage\":\"fr-FR\",\"potentialAction\":[{\"@type\":\"ReadAction\",\"target\":[\"https:\\\/\\\/lesaffre-algerie.com\\\/fr\\\/nos-solutions\\\/ameliorants-de-viennoiserie\\\/\"]}]},{\"@type\":\"BreadcrumbList\",\"@id\":\"https:\\\/\\\/lesaffre-algerie.com\\\/fr\\\/nos-solutions\\\/ameliorants-de-viennoiserie\\\/#breadcrumb\",\"itemListElement\":[{\"@type\":\"ListItem\",\"position\":1,\"name\":\"Accueil\",\"item\":\"https:\\\/\\\/lesaffre-algerie.com\\\/fr\\\/\"},{\"@type\":\"ListItem\",\"position\":2,\"name\":\"Nos solutions\",\"item\":\"https:\\\/\\\/lesaffre-algerie.com\\\/fr\\\/nos-solutions\\\/\"},{\"@type\":\"ListItem\",\"position\":3,\"name\":\"Am\u00e9liorants de viennoiserie\"}]},{\"@type\":\"WebSite\",\"@id\":\"https:\\\/\\\/lesaffre-algerie.com\\\/fr\\\/#website\",\"url\":\"https:\\\/\\\/lesaffre-algerie.com\\\/fr\\\/\",\"name\":\"LESAFFRE Alg\u00e9rie\",\"description\":\"Levures de cuisson, am\u00e9liorants pour le pain et sant\u00e9\",\"potentialAction\":[{\"@type\":\"SearchAction\",\"target\":{\"@type\":\"EntryPoint\",\"urlTemplate\":\"https:\\\/\\\/lesaffre-algerie.com\\\/fr\\\/?s={search_term_string}\"},\"query-input\":{\"@type\":\"PropertyValueSpecification\",\"valueRequired\":true,\"valueName\":\"search_term_string\"}}],\"inLanguage\":\"fr-FR\"}]}<\/script>\n<!-- \/ Yoast SEO Premium plugin. -->","yoast_head_json":{"title":"Am\u00e9liorants de viennoiserie - Lesaffre Alg\u00e9rie","description":"Gr\u00e2ce aux am\u00e9liorants de viennoiserie Lesaffre, vous garantissez \u00e0 vos clients des produits avec une qualit\u00e9 optimale, un meilleur feuilletage et une bonne tol\u00e9rance.","robots":{"index":"index","follow":"follow","max-snippet":"max-snippet:-1","max-image-preview":"max-image-preview:large","max-video-preview":"max-video-preview:-1"},"canonical":"https:\/\/lesaffre-algerie.com\/fr\/nos-solutions\/ameliorants-de-viennoiserie\/","og_locale":"fr_FR","og_type":"article","og_title":"Am\u00e9liorants de viennoiserie","og_description":"Gr\u00e2ce aux am\u00e9liorants de viennoiserie Lesaffre, vous garantissez \u00e0 vos clients des produits avec une qualit\u00e9 optimale, un meilleur feuilletage et une bonne tol\u00e9rance.","og_url":"https:\/\/lesaffre-algerie.com\/fr\/nos-solutions\/ameliorants-de-viennoiserie\/","og_site_name":"LESAFFRE Alg\u00e9rie","article_modified_time":"2022-04-11T08:12:37+00:00","twitter_card":"summary_large_image","twitter_misc":{"Dur\u00e9e de lecture estim\u00e9e":"1 minute"},"schema":{"@context":"https:\/\/schema.org","@graph":[{"@type":"WebPage","@id":"https:\/\/lesaffre-algerie.com\/fr\/nos-solutions\/ameliorants-de-viennoiserie\/","url":"https:\/\/lesaffre-algerie.com\/fr\/nos-solutions\/ameliorants-de-viennoiserie\/","name":"Am\u00e9liorants de viennoiserie - Lesaffre Alg\u00e9rie","isPartOf":{"@id":"https:\/\/lesaffre-algerie.com\/fr\/#website"},"datePublished":"2022-04-05T07:44:52+00:00","dateModified":"2022-04-11T08:12:37+00:00","description":"Gr\u00e2ce aux am\u00e9liorants de viennoiserie Lesaffre, vous garantissez \u00e0 vos clients des produits avec une qualit\u00e9 optimale, un meilleur feuilletage et une bonne tol\u00e9rance.","breadcrumb":{"@id":"https:\/\/lesaffre-algerie.com\/fr\/nos-solutions\/ameliorants-de-viennoiserie\/#breadcrumb"},"inLanguage":"fr-FR","potentialAction":[{"@type":"ReadAction","target":["https:\/\/lesaffre-algerie.com\/fr\/nos-solutions\/ameliorants-de-viennoiserie\/"]}]},{"@type":"BreadcrumbList","@id":"https:\/\/lesaffre-algerie.com\/fr\/nos-solutions\/ameliorants-de-viennoiserie\/#breadcrumb","itemListElement":[{"@type":"ListItem","position":1,"name":"Accueil","item":"https:\/\/lesaffre-algerie.com\/fr\/"},{"@type":"ListItem","position":2,"name":"Nos solutions","item":"https:\/\/lesaffre-algerie.com\/fr\/nos-solutions\/"},{"@type":"ListItem","position":3,"name":"Am\u00e9liorants de viennoiserie"}]},{"@type":"WebSite","@id":"https:\/\/lesaffre-algerie.com\/fr\/#website","url":"https:\/\/lesaffre-algerie.com\/fr\/","name":"LESAFFRE Alg\u00e9rie","description":"Levures de cuisson, am\u00e9liorants pour le pain et sant\u00e9","potentialAction":[{"@type":"SearchAction","target":{"@type":"EntryPoint","urlTemplate":"https:\/\/lesaffre-algerie.com\/fr\/?s={search_term_string}"},"query-input":{"@type":"PropertyValueSpecification","valueRequired":true,"valueName":"search_term_string"}}],"inLanguage":"fr-FR"}]}},"_links":{"self":[{"href":"https:\/\/lesaffre-algerie.com\/fr\/wp-json\/wp\/v2\/pages\/23950","targetHints":{"allow":["GET"]}}],"collection":[{"href":"https:\/\/lesaffre-algerie.com\/fr\/wp-json\/wp\/v2\/pages"}],"about":[{"href":"https:\/\/lesaffre-algerie.com\/fr\/wp-json\/wp\/v2\/types\/page"}],"author":[{"embeddable":true,"href":"https:\/\/lesaffre-algerie.com\/fr\/wp-json\/wp\/v2\/users\/1"}],"replies":[{"embeddable":true,"href":"https:\/\/lesaffre-algerie.com\/fr\/wp-json\/wp\/v2\/comments?post=23950"}],"version-history":[{"count":0,"href":"https:\/\/lesaffre-algerie.com\/fr\/wp-json\/wp\/v2\/pages\/23950\/revisions"}],"up":[{"embeddable":true,"href":"https:\/\/lesaffre-algerie.com\/fr\/wp-json\/wp\/v2\/pages\/19691"}],"wp:attachment":[{"href":"https:\/\/lesaffre-algerie.com\/fr\/wp-json\/wp\/v2\/media?parent=23950"}],"curies":[{"name":"wp","href":"https:\/\/api.w.org\/{rel}","templated":true}]}}